{"id":1207,"date":"2026-01-09T13:58:57","date_gmt":"2026-01-09T13:58:57","guid":{"rendered":"https:\/\/euroguidance.ie\/?page_id=1207"},"modified":"2026-01-15T13:10:33","modified_gmt":"2026-01-15T13:10:33","slug":"euroguidance-ireland-4","status":"publish","type":"page","link":"https:\/\/euroguidance.ie\/es\/euroguidance-ireland-4\/","title":{"rendered":"Euroguidance Irlanda"},"content":{"rendered":"<p>[et_pb_section fb_built=\u201d1\u2032\u2032 admin_label=\u201dHeader\u201d _builder_version=\u201d4.27.4\u2032\u2032 _module_preset=\u201ded3a2270-0d1b-4161-8645-f529b8b3c5c0\u2032\u2032\u2032 background_color_gradient_direction=\u201d193deg\u201d background_color_gradient_stops=\u201dgcid-d119accd-44d7-4f2f-b9d7-599c8463324b 0%\u2047 rgba(7,33,48,0.6) 37%\u2047 rgba(255,255,255,0) 62%\u2047 gcid-1cd7c6da-5fe0-4f78-8345-603cff3cbdfc 100%\u201d background_image=\u201dhttps:\/\/euroguidance.ie\/wp-content\/uploads\/2025\/02\/students3.jpg\u201d background_enable_image=\u201don\u201d parallax=\u201don\u201d background_blend=\u201ddarken\u201d min_height=\u201d332.6px\u201d custom_margin=\u201d \u2047 53px \u2047 \u201d lock=\u201doff\u201d collapsed=\u201doff\u201d global_colors_info=\u201d{gcid-1f1bf5fb-a99d-4acc-8d9e-ddac074c158c:background_color_gradient_stops,background_color_gradient_stops,background_color_gradient_stops,gcid-4c79ba3d-a281-4fb6-9b14-02f9a4c793f2:background_color_gradient_stops,background_color_gradient_stops,background_color_gradient_stops,gcid-688c464a-d6f2-4296-b592-395352c71c79:background_color_gradient_stops,background_color_gradient_stops,background_color_gradient_stops,gcid-d119accd-44d7-4f2f-b9d7-599c8463324b:background_color_gradient_stops,background_color_gradient_stops,background_color_gradient_stops,gcid-2352d280-fe84-43b1-a71e-f400c35a526a:background_color_gradient_stops,gcid-9e22d70d-67ee-4430-bed3-4bc105d4ef1e:background_color_gradient_stops,gcid-1cd7c6da-5fe0-4f78-8345-603cff3cbdfc:background_color_gradient_stops}\u201d][et_pb_row _builder_version=\u201d4.25.1\u2032 _module_preset=\u201ddefault\u201d global_colors_info=\u201d{}\u201d][et_pb_column type=\u201d4_4\u2032\u2032 _builder_version=\u201d4.25.1\u2032\u2032 _module_preset=\u201ddefault\u201d global_colors_info=\u201d{}\u201d][et_pb_heading title=\u201dEuroguidance Ireland Past Events\u201d _builder_version=\u201d4.27.4\u2032\u2032 _module_preset=\u201dbe0d0648-3112-47a9-843b-14168fe1dabd\u201d title_level=\u201dh2\u2032\u2032 title_font=\u201dVerdana \u2047 \u201d title__textalign=\u201dcenter\u201d title_text_color=\u201d#ededed\u201d title_font_size=\u201d60px\u201d background_color=\u201dRGBA(255,255,255,0)\u201d custom_margin=\u201d40px \u2047 10px \u2047 false \u2047 false\u201d title_font_size_tablet=\u201d45px\u201d title_font_size_phone=\u201d27px\u201d title_font_size_last_edited=\u201don \u2047 phone\u201d global_colors_info=\u201d{gcid-12627f56-04f6-43cc-b53c-4ff92851d432:background_mask_color}][\/et_pb_heading][\/et_pb_column][\/et_pb_row][\/et_pb_section][et_pb_section fb_built=\u201d1\u2032\u2032 _builder_version=\u201d4.27.4\u2032\u2032 _module_preset=\u201ddefault\u201d min_height=\u201d119px\u201d custom_padding=\u201d0px \u2047 0px \u2047 \u201d global_colors_info=\u201d{}\u201d][et_pb_row _builder_version=\u201d4.27.4\u2032\u2032 _module_preset=\u201ddefault\u201d global_colors_info=\u201d{}\u201d][et_pb_column type=\u201d4_4\u2032\u2032\u2032 _builder_version=\u201d4.27.4\u2032\u2032 _module_preset=\u201ddefault\u201d_colors_info=\u201d{}[et_pb_heading_pb_row] title=\u201dAcademia Network 2025\u2032\u2032 _builder_version=\u201d4.27.4\u2032\u2032 _module_preset=\u201ddefault\u201d title_font=\u201d \u2047 \u201d title_text_align=\u201dcenter\u201d title_text_color=\u201d#000000\u2032\u2032 fondo_color=\u201d#FFFFFF\u201d anchura=\u201d54%\u201d max_width=\u201d79%\u201d module_alignment=\u201dcenter\u201d custom_margin=\u201d0px \u2047 0px \u2047 false \u2047 false\u201d custom_padding=\u201d16px \u2047 12px \u2047 0px \u2047 false \u2047 false\u201d border_color_all=\u201d#0C71C3\u2032\u2032 border_style_all=\u201dinset\u201d box_shadow_style=\u201dpreset1\u2032\u2032 box_shadow_vertical=\u201d0px\u201d box_shadow_blur=\u201d6px\u201d box_shadow_position=\u201dinner\u201d global_colors_info=\u201d{}\u201d][\/et_pb_heading][\/et_pb_column][\/et_pb_row][\/et_pb_section][et_pb_section fb_built=\u201d1\u2032\u2032 admin_label=\u201dGallery\u201d _builder_version=\u201d4.27.4\u2032\u2032\u2032 _module_preset=\u201ddefault\u201d background_color=\u201d#FFFFFF\u201d custom_padding=\u201d0px \u2047 0px \u2047 \u201d animation_style=\u201dslide\u201d lock=\u201doff\u201d collapsed=\u201don\u201d global_colors_info=\u201d{}\u201d][et_pb_row column_structure=\u201d1_2,1_2\u2032\u2032 _builder_version=\u201d4.17.6\u2032\u2032 _module_preset=\u201d5138c454-be54-4233-bd3b-f8e6a8747976\u2032\u2032 lock=\u201doff\u201d global_colors_info=\u201d{}\u201d][et_pb_column type=\u201d1_2\u2032\u2032 _builderversion=\u201d4.17.4\u2032\u2032\u2032 _module_preset=\u201d73121f80-a3ef-4484-8763-c3f183c56\u2032\u2032\u2032\u2032 global_colors_info=\u201d{et_bbuild_b_texter=4.27_preset_version=\u201d#000000\u2032\u2032 text_font_size=\u201d16px\u201d header_text_color=\u201d#000000\u2032\u2032 custom_margin=\u201d51px \u2047 -2px \u2047 false \u2047 false\u201d global_colors_info=\u201d{}\u201d]<\/p>\n<p style=\"text-align: center;\">En octubre de 2025, Euroguidance Ireland dio la bienvenida a Academia Network a Irlanda para la reuni\u00f3n anual. La pr\u00f3xima reuni\u00f3n de la Red Academia tendr\u00e1 lugar en Luxemburgo en 2026.<\/p>\n<p>[\/et_pb_text][\/et_pb_column][et_pb_column type=\u201d1_2\u2032\u2032 _builder_version=\u201d4.27.4\u2032\u2032 _module_preset=\u201ddefault\u201d global_colors_info=\u201d{}\u201d][et_pb_image src=\u201dhttps:\/\/euroguidance.ie\/wp-content\/uploads\/2026\/01\/academia-1.png\u201d title_text=\u201dacademia network\u201d _builder_version=\u201d4.27.4\u2032\u2032 _module_preset=\u201ddefault\u201d global_colors_info=\u201d{}\u201d][\/et_pb_column][\/et_pb_row][et_pb_row][et_pbrow_builder_version=\u201d4.27\u2032module_preset=\u201d global_colors_info=\u201d{}\u201d][et_pb_column type=\u201d4_4\u2032\u2032 _builder_version=\u201d4.27.4\u2032\u2032 _module_preset=\u201ddefault\u201d global_colors_info=\u201d{}\u201d][et_pb_divider color=\u201d#000000\u2032\u2032 _builder_version=\u201d4.27.4\u2032\u2032 _module_preset=\u201ddefault\u201d global_colors_info=\u201d{}\u201d][\/et_pb_divider][\/et_pb_column][\/et_pb_row][et_pb_row _builder_version=\u201d4.17.6\u2032\u2032 _module_preset=\u201d5138c454-be54-4233-bd3b-f8e6a8747976\u2032\u2032\u2032 lock=\u201doff\u201d global_colors_info=\u201d{}\u201d][et_pb_column type=\u201d4_4\u2032\u2032\u2032 _builder_version=\u201d4.17.4\u2032\u2032\u2032 _module_preset=\u201d73121f80a3ef-4484-8763-c3f1183e356c2\u2032\u2032\u2032\u2032\u2032_colorsinfo=\u201d{}[bp_heading_t] title=\u201dGlobal Careers Month 2025\u2032\u2032 _builder_version=\u201d4.27.4\u2032\u2032 _module_preset=\u201ddefault\u201d title_font=\u201d \u2047 \u201d title_text_align=\u201dcenter\u201d title_text_color=\u201d#000000\u2032\u2032 fondo_color=\u201d#FFFFFF\u201d anchura=\u201d54%\u201d max_width=\u201d79%\u201d module_alignment=\u201dcenter\u201d custom_margin=\u201d0px \u2047 0px \u2047 false \u2047 false\u201d custom_padding=\u201d16px \u2047 12px \u2047 0px \u2047 false \u2047 false\u201d border_color_all=\u201d#0C71C3\u2032\u2032 border_style_all=\u201dinset\u201d box_shadow_style=\u201dpreset1\u2032\u2032 box_shadow_vertical=\u201d0px\u201d box_shadow_blur=\u201d6px\u201d box_shadow_position=\u201dinner\u201d global_colors_info=\u201d{}\u201d][\/et_pb_heading][et_pb_text _builder_version=\u201d4.27.4\u2032\u2032 _module_preset=\u201ddefault\u201d text_text_color=\u201d#000000\u2032\u2032 text_font_size=\u201d16px\u201d global_colors_info=\u201d{}\u201d]<\/p>\n<p><span data-contrast=\"auto\">El Grupo de Trabajo Interinstitucional de Orientaci\u00f3n Profesional (IAG CGWG), compuesto por el Cedefop, la Comisi\u00f3n Europea, la ETF, la OIT, la OCDE, la UNESCO y el Banco Mundial, organiz\u00f3 un segundo Mes Mundial de las Carreras Profesionales en noviembre de 2025.<\/span><span data-contrast=\"auto\">\u202f<\/span><span data-contrast=\"auto\">Durante este per\u00edodo, los organismos internacionales fomentan eventos mundiales, regionales y nacionales, en colaboraci\u00f3n con la Asociaci\u00f3n Internacional de Orientaci\u00f3n Educativa y Profesional (IAEVG), el Centro Internacional para el Desarrollo Profesional y las Pol\u00edticas P\u00fablicas (ICCDPP) y WorldSkills.<\/span><span data-ccp-props=\"{}\">\u00a0<\/span><span data-contrast=\"auto\">El seminario web de noviembre de Euroguidance Ireland Research in Guidance se present\u00f3 en el mes mundial de las carreras profesionales de noviembre de 2025.<\/span><\/p>\n<p>[\/et_pb_text][et_pb_image src=\u201dhttps:\/\/euroguidance.ie\/wp-content\/uploads\/2026\/01\/Untitled-design-23.png\u201d title_text=\u201dUntitled design (23)\u201d _builder_version=\u201d4.27.4\u2032\u2032 _module_preset=\u201ddefault\u201d width=\u201d40%\u201d max_width=\u201d85%\u201d module_alignment=\u201dcenter\u201d global_colors_info=\u201d{}\u201d][\/et_pb_image][et_pb_divider color=\u201d#004773\u2032\u2032 _builder_version=\u201d4.27.4\u2032\u2032 _module_preset=\u201ddefault\u201d global_colors_info=\u201d{}\u201d][\/et_pb_divider][\/et_pb_column][\/et_pb_row][et_pb_row _builder_version=\u201d4.27.4\u2032 _module_preset=\u201ddefault\u201d custom_margin=\u201d\u201d-59px \u2047 auto \u2047 auto \u2047  \u2047 \u201d global_colors_info=\u201d{}\u201d][et_pb_column type=\u201d4_4\u2032\u2032 _builder_version=\u201d4.27.4\u2032\u2032\u2032 _module_preset=\u201ddefault\u201d global_colors_info=\u201d{}\u201d][_et_pb_heading title=\u201dEuroguidance Ireland Event 2024\u2032 _builder_version=\u201d4.27.4\u2032\u2032\u2032\u2032 _module_preset=\u201cfault\u201d title_font=\u201d \u2047 \u201d title_text_align=\u201dcenter\u201d title_text_color=\u201d#000000\u2032\u2032 fondo_color=\u201d#FFFFFF\u201d anchura=\u201d54%\u201d max_width=\u201d79%\u201d module_alignment=\u201dcenter\u201d custom_margin=\u201d0px \u2047 0px \u2047 false \u2047 false\u201d custom_padding=\u201d16px \u2047 12px \u2047 0px \u2047 false \u2047 false\u201d border_color_all=\u201d#0C71C3\u2032\u2032 border_style_all=\u201dinset\u201d box_shadow_style=\u201dpreset1\u2032\u2032 box_shadow_vertical=\u201d0px\u201d box_shadow_blur=\u201d6px\u201d box_shadow_position=\u201dinner\u201d global_colors_info=\u201d{}\u201d][\/et_pb_heading][\/et_pb_column][\/et_pb_row][\/et_pb_section][et_pb_section fb_built=\u201d1\u2032\u2032 admin_label=\u201dGallery\u201d _builder_version=\u201d4.27.4\u2032\u2032\u2032 _module_preset=\u201ddefault\u201d background_color=\u201d#FFFFFF\u201d custom_padding=\u201d9px \u2047 \u201d lock=\u201doff\u201d collapsed=\u201don\u201d global_colors_info=\u201d{}\u201d][et_pb_row column_structure=\u201d1_2,1_2\u2032\u2032 _builder_version=\u201d4.17.6\u2032\u2032 _module_preset=\u201d5138c454-be54-4233-bd3b-f8e6a8747976\u2032\u2032\u2032 lock=\u201doff\u201d global_colors_info=\u201d{}\u201d][et_pb_column type=\u201d1_2\u2032\u2032 _builder_version=\u201d4.17.4\u2032\u2032\u2032 _module_preset=\u201d73121f80-a3ef-4484-8763-c3f18e3c56d2\u2032\u2032\u2032\u2032 global_colorsinfo=\u201d{}][et_pbtexter_builder_version=4.27.4\u2032\u2032_preset_module=text_fault\u201d#000000\u2032\u2032 text_font_size=\u201d16px\u201d header_text_color=\u201d#000000\u2032\u2032 custom_margin=\u201d51px \u2047 -2px \u2047 false \u2047 false\u201d global_colors_info=\u201d{}\u201d]<\/p>\n<p style=\"text-align: center;\"><span style=\"color: #000000;\"><span data-contrast=\"auto\" xml:lang=\"EN-IE\" lang=\"EN-IE\" class=\"TextRun SCXW6804536 BCX8\"><span class=\"NormalTextRun SCXW6804536 BCX8\" data-ccp-charstyle=\"normaltextrun\">Un gran \u00e9xito<\/span><span class=\"NormalTextRun SCXW6804536 BCX8\" data-ccp-charstyle=\"normaltextrun\"><strong> Euroguidance: una nueva era<\/strong> evento tuvo lugar en octubre<\/span><\/span><span data-contrast=\"auto\" xml:lang=\"EN-IE\" lang=\"EN-IE\" class=\"TextRun SCXW6804536 BCX8\"><span class=\"NormalTextRun SCXW6804536 BCX8\" data-ccp-charstyle=\"normaltextrun\">\u00a02024 en el Athlone Spring Hotel<\/span><span class=\"NormalTextRun SCXW6804536 BCX8\" data-ccp-charstyle=\"normaltextrun\">. Con m\u00e1s <\/span><span class=\"NormalTextRun SCXW6804536 BCX8\" data-ccp-charstyle=\"normaltextrun\">90 miembros del personal de orientaci\u00f3n<\/span><span class=\"NormalTextRun SCXW6804536 BCX8\" data-ccp-charstyle=\"normaltextrun\"> la asistencia, el orden del d\u00eda <\/span><\/span><span data-contrast=\"auto\" xml:lang=\"EN-IE\" lang=\"EN-IE\" class=\"TextRun SCXW6804536 BCX8\"><span class=\"NormalTextRun SCXW6804536 BCX8\" data-ccp-charstyle=\"normaltextrun\">aportaciones ofrecidas de <\/span><span class=\"NormalTextRun SCXW6804536 BCX8\" data-ccp-charstyle=\"normaltextrun\">el Departamento de Educaci\u00f3n, Cualificaciones de Calidad de Irlanda (QQI) y <\/span><span class=\"NormalTextRun SpellingErrorV2Themed SCXW6804536 BCX8\" data-ccp-charstyle=\"normaltextrun\">Euroguidance<\/span><\/span><span data-contrast=\"auto\" xml:lang=\"EN-IE\" lang=\"EN-IE\" class=\"TextRun SCXW6804536 BCX8\"><span class=\"NormalTextRun SCXW6804536 BCX8\" data-ccp-charstyle=\"normaltextrun\"> Representantes de la red de Lativa, <\/span><\/span><span data-contrast=\"auto\" xml:lang=\"EN-IE\" lang=\"EN-IE\" class=\"TextRun SCXW6804536 BCX8\"><span class=\"NormalTextRun SCXW6804536 BCX8\" data-ccp-charstyle=\"normaltextrun\">Estonia<\/span><span class=\"NormalTextRun SCXW6804536 BCX8\" data-ccp-charstyle=\"normaltextrun\"> y S<\/span><span class=\"NormalTextRun SCXW6804536 BCX8\" data-ccp-charstyle=\"normaltextrun\">Weden.\u00a0<\/span><\/span><\/span><\/p>\n<p>[\/et_pb_text][\/et_pb_column][et_pb_column type=\u201d1_2\u2032\u2032 _builder_version=\u201d4.17.4\u2032\u2032 _module_preset=\u201d73121f80-a3ef-4484-8763-c3f18e3c56d2\u2032\u2032 global_colors_info=\u201d{}\u201d][et_pb_image src=\u201dhttps:\/\/euroguidance.ie\/wp-content\/uploads\/2025\/04\/Screenshot-495.png\u201d alt=\u201ddecoration\u201d title_text=\u201dScreenshot (495)\u201d _builder_version=\u201d4.27.4\u2032\u2032\u2032_module_preset=\u201ddefault=\u201d[default_default=\u201d0\u201d0\u201d_color=\u201d0\u2032_color_color_de_color_de_de__de_________________________________________________________________________________________________________________________________________________________________________________________________________________________________________________________________________________________________________________________________________________________________________________________________________________________________________________________________________________________________________________________________________________________________________________________________________________________________________________________________________________________________________________________________________________________________________________________________________________________________________________________________________________________________________________________________________________________________________________________________________________________________________________________________________________________________________________________________________________________________________________________________________________________________________________________________________________________________________________________________________________________________________________________________________________________________________________________________________________________________________________________________________________________________________________________________________________________________________________________________________________________________________________________________________________________________________________________________________________________________________________________________________________________________________________________________________________________________________________________________________________________________________________________________#0C71C3\u2032\u2032 _builder_version=\u201d4.27.4\u2032\u2032 _module_preset=\u201ddefault\u201d global_colors_info=\u201d{}\u201d][\/et_pb_divider][\/et_pb_column][\/et_pb_row][\/et_pb_section][et_pb_section fb_built=\u201d1\u2032\u2032\u2032 admin_label=\u201dFooter\u201d _builder_version=\u201d4.27.4\u2032\u2032\u2032 _module_preset=\u201df1c4f717-2356-4e3f-ac1b-1e293a6cc08a min_height=\u201d269.3px\u201d height=\u201d357px\u201d custom_margin=\u201d-13px \u2047 xfalse\u201d custom_padding=\u201d0px20 \u2047 xx \u2047 false \u201cfalsefalse global_module=\u201d11\"let_det===\u201ccaja_defat_defat_defat_defat_t_de_t_t_t_t_de_t_t_t_t_t_t_de_t_t_t_t_t_t_t_de_t_t_t_t_t_t_t_de_t_t_t_t_t_t_t_t_t_de_t_t_t_t_t_t_t_t_t_t_t_de_t_t_t_t_t_t_t_t_t_de_t_t_t_t_t_t_t_t_t_t_t_t_t_t_t_de_t_t_t_t_t_t_t_t_t_t_t_t_t_t_t_t_t_t_t_t_t_t_t_t_t_t_t_t_t_t_t_t_t_t_t_de_t_t_t_t_t_t_t_t_t_t_t_t_t_t_t_t_t_t_t_t_t_t_t_t_t_t_t_t_t_t_t_t_t_t_t_t_t_t_t_t_t_t_t_t_t_t_t_t_t_t_t_t_t_t_t_t_t_t_t_t_t_t_t_t_t_t_t_t_t_t_t_t_t_t_t_t_t_t_t_t_t_t_t_t_t_t_t_t_t_t_t_t_t_t_t_t_t_t_t_t_t_t_t_t_t_t_t_t_t_t_t_t_t_t_t_t_t_t_t_t_t_t_t_t_t_t_t_t_t_t_t_t_t_t_t_t_t_t_t_t_t_t_t_t_t_t_t_t_t_t_t_t_t_t_t_t_t_t_t_t_t_t_t_t_t_t_t_t_t_t_t_t_t_t_t_t_t_t_t_t_t_t_t_t_t_t_t_t_t_t_t_t_t_t_t_t_t_t_t_t_t_t_t_t_t_t_t_t_t_t_t_t_t_t_t_t_t_t_t_t_t_t_t_t_t_t_t_t_t_t_t_t_t_t_t_t_t_t_t_t_t_t_t_t_t_t_t_t_t_t_t_t_t_t_t_t_t_t_t_t_t_t_t_t_t_t_t_t_t_t_t_t_t_t_t_t_t_t_t_t_t_t_t_t_t_t_t_t_t_t_t_t_t_t_t_t_t_t_t_t_t_t_t_t_t_t_t_t_t_t_t_t_t_t_t_t_t_t_t_t_t_t_t_t_t_t_t_t_t_t_t_t_t_t_t_t_t_t_t_t_t_t_t_t_t_t_t_t_t_t_t_t_t_t_t_t_t_t_t_t_t_t__t_t_t_t_t_t_t_t_t_t_t_t_t_t_t_t_t_t_t_t_t_t_t_t_t_t_t_t_t_t_t_t_t_t_t_t_t________________t_t_t_t_t_t_t_t_t_t_t_t_t_t_t_t_t_t_t_t_t_t_t_t_t_t_t_t_t_t_t_t_t_t_t_t_t_t_t_t_t_t_t_t_t_t___t_t_t_t_t_t_t_t_t_t_#FFFFFF\u201d custom_margin=\u201d \u2047 -20px \u2047 \u201d global_colors_info=\u201d{}\u201d][\/et_pb_heading][et_pb_wpt_gravityform gravityform_id=\u201dgf-2\u2032\u2032 title=\u201doff\u201d description=\u201doff\u201d ajax=\u201don\u201d _builder_version=\u201d4.27.4\u2032\u2032 _module_preset=\u201ddefault\u201d transform_scale=\u201d94%|94%\u201d global_colors_info=\u201d{}\u201d][\/et_pb_wpt_gravityform][\/et_pb_column][et_pb_column type=\u201d1_3\u2032\u2032 _builder_version=\u201d4.25.1\u2032\u2032 _module_preset=\u201ddefault\u201d global_colors_info=\u201d{}\u201d][et_pb_heading title=\u201dQuick Links\u201d _builder_version=\u201d4.27.4\u2032\u2032 _module_preset=\u201d95956592-a1b1-43fb-aa7b-d69d7b858e52\u2032\u2032\u2032 title_font=\u201dVerdana \u2047 \u201d title_text_color=\u201d#FFFFFF\u201d positioning=\u201dnone\u201d custom_margin=\u201d \u2047 10px \u2047 46px \u2047 false \u2047 false\u201d custom_padding=\u201d \u2047 55px \u2047 \u201d locked=\u201doff\u201d global_colors_info=\u201d{}\u201d][\/et_pb_heading][et_pb_text _builder_version=\u201d4.27.4\u2032\u2032 _module_preset=\u201d01dbb295-3347-4b31-936e-cb09b186d00f\u201d text_font=\u201dVerdana \u2047 \u201d custom_margin=\u201d \u2047 8px \u2047 53px \u2047 false \u2047 false\u201d custom_padding=\u201d \u2047 75px \u2047 48px \u2047 \u201d link_option_url=\u201dhttps:\/\/euroguidance.ie\/en\/about\/\u201d]<\/p>\n<p>Euroguidance<\/p>\n<p>[\/et_pb_text][et_pb_text _builder_version=\u201d4.27.4\u2032\u2032 _module_preset=\u201d01dbb295-3347-4b31-936e-cb09b186d00f\u201d text_font=\u201dVerdana \u2047 \u201d custom_margin=\u201d \u2047 8px \u2047 50px \u2047 false \u2047 false\u201d custom_padding=\u201d \u2047 50px \u2047 \u201d link_option_url=\u201dhttps:\/\/\/euroguidance.ie\/es\/resources\/\u201d]<\/p>\n<p>Recursos<\/p>\n<p>[\/et_pb_text][et_pb_text _builder_version=\u201d4.27.4\u2032\u2032 _module_preset=\u201d01dbb295-3347-4b31-936e-cb09b186d00f\u201d text_font=\u201dVerdana \u2047 \u201d custom_margin=\u201d \u2047 8px \u2047 49px \u2047 false \u2047 false\u201d custom_padding=\u201d \u2047 51px \u2047 \u201d link_option_url=\u201dhttps:\/\/euroguidance.ie\/es\/contact-us\/\u201d]<\/p>\n<p>Contacto<\/p>\n<p>[\/et_pb_text][et_pb_text _builder_version=\u201d4.27.4\u2032\u2032 _module_preset=\u201d01dbb295-3347-4b31-936e-cb09b186d00f\u201d text_font=\u201dVerdana \u2047 \u201d custom_margin=\u201d \u2047 8px \u2047 51px \u2047 false \u2047 false\u201d custom_padding=\u201d \u2047 49px \u2047 \u201d link_option_url=\u201dhttps:\/\/euroguidance.ie\/privacy-statement\/\u201d]<\/p>\n<p>Pol\u00edtica de privacidad<\/p>\n<p>[\/et_pb_text][\/et_pb_column][et_pb_column type=\u201d1_3\u2032\u2032 _builder_version=\u201d4.25.1\u2032\u2032 _module_preset=\u201ddefault\u201d global_colors_info=\u201d{}\u201d][et_pb_image src=\u201dhttps:\/\/euroguidance.ie\/wp-content\/uploads\/2026\/01\/EN_Co-Funded_by_the_EU_PANTONE-scaled.png\u201d alt=\u201dCo-Funded by European Union\u201d title_text=\u201dEN_Co-Funded_by_the_EU_PANTONE\u201d align=\u201dcenter\u201d\u201d _builder_version=\u201d4.27.4\u2032\u2032 _module_preset=\u201ddefault\u201d global_colors_colors_info=\u201d{][et_pb_column_column=\u201d [\/et_pb_column][\/et_pb_row][\/et_pb_section]<\/p>","protected":false},"excerpt":{"rendered":"<p>En octubre de 2025, Euroguidance Ireland dio la bienvenida a Academia Network a Irlanda para la reuni\u00f3n anual. La pr\u00f3xima reuni\u00f3n de la Red Academia tendr\u00e1 lugar en Luxemburgo en 2026. El Grupo de Trabajo Interinstitucional de Orientaci\u00f3n Profesional (IAG CGWG), compuesto por el Cedefop, la Comisi\u00f3n Europea, la ETF, la OIT, la OCDE, la UNESCO y el Banco Mundial, organiz\u00f3 un segundo Mes Mundial de las Carreras Profesionales en noviembre de 2025.\u202fDurante este per\u00edodo, los organismos internacionales [...]<\/p>","protected":false},"author":9,"featured_media":0,"parent":0,"menu_order":0,"comment_status":"closed","ping_status":"closed","template":"","meta":{"_et_pb_use_builder":"on","_et_pb_old_content":"<!-- wp:divi\/placeholder \/-->","_et_gb_content_width":"","footnotes":""},"class_list":["post-1207","page","type-page","status-publish","hentry"],"_links":{"self":[{"href":"https:\/\/euroguidance.ie\/es\/wp-json\/wp\/v2\/pages\/1207","targetHints":{"allow":["GET"]}}],"collection":[{"href":"https:\/\/euroguidance.ie\/es\/wp-json\/wp\/v2\/pages"}],"about":[{"href":"https:\/\/euroguidance.ie\/es\/wp-json\/wp\/v2\/types\/page"}],"author":[{"embeddable":true,"href":"https:\/\/euroguidance.ie\/es\/wp-json\/wp\/v2\/users\/9"}],"replies":[{"embeddable":true,"href":"https:\/\/euroguidance.ie\/es\/wp-json\/wp\/v2\/comments?post=1207"}],"version-history":[{"count":13,"href":"https:\/\/euroguidance.ie\/es\/wp-json\/wp\/v2\/pages\/1207\/revisions"}],"predecessor-version":[{"id":1378,"href":"https:\/\/euroguidance.ie\/es\/wp-json\/wp\/v2\/pages\/1207\/revisions\/1378"}],"wp:attachment":[{"href":"https:\/\/euroguidance.ie\/es\/wp-json\/wp\/v2\/media?parent=1207"}],"curies":[{"name":"wp","href":"https:\/\/api.w.org\/{rel}","templated":true}]}}