{"id":1098,"date":"2026-01-08T15:09:42","date_gmt":"2026-01-08T15:09:42","guid":{"rendered":"https:\/\/euroguidance.ie\/?page_id=1098"},"modified":"2026-01-15T12:39:34","modified_gmt":"2026-01-15T12:39:34","slug":"articles","status":"publish","type":"page","link":"https:\/\/euroguidance.ie\/es\/articles\/","title":{"rendered":"Art\u00edculos"},"content":{"rendered":"<p>[et_pb_section fb_built=\u201d1\u2032\u2032 admin_label=\u201dHeader\u201d _builder_version=\u201d4.27.4\u2032\u2032 _module_preset=\u201ded3a2270-0d1b-4161-8645-f529b8b3c5c0\u2032\u2032\u2032 background_color_gradient_direction=\u201d193deg\u201d background_color_gradient_stops=\u201dgcid-d119accd-44d7-4f2f-b9d7-599c8463324b 0%\u2047 rgba(7,33,48,0.6) 37%\u2047 rgba(255,255,255,0) 62%\u2047 gcid-1cd7c6da-5fe0-4f78-8345-603cff3cbdfc 100%\u201d background_image=\u201dhttps:\/\/euroguidance.ie\/wp-content\/uploads\/2025\/02\/students3.jpg\u201d background_enable_image=\u201don\u201d parallax=\u201don\u201d background_blend=\u201ddarken\u201d min_height=\u201d332.6px\u201d custom_margin=\u201d \u2047 53px \u2047 \u201d lock=\u201doff\u201d collapsed=\u201doff\u201d global_colors_info=\u201d{gcid-1f1bf5fb-a99d-4acc-8d9e-ddac074c158c:background_color_gradient_stops,background_color_gradient_stops,background_color_gradient_stops,gcid-4c79ba3d-a281-4fb6-9b14-02f9a4c793f2:background_color_gradient_stops,background_color_gradient_stops,background_color_gradient_stops,gcid-688c464a-d6f2-4296-b592-395352c71c79:background_color_gradient_stops,background_color_gradient_stops,background_color_gradient_stops,gcid-d119accd-44d7-4f2f-b9d7-599c8463324b:background_color_gradient_stops,background_color_gradient_stops,background_color_gradient_stops,gcid-2352d280-fe84-43b1-a71e-f400c35a526a:background_color_gradient_stops,gcid-9e22d70d-67ee-4430-bed3-4bc105d4ef1e:background_color_gradient_stops,gcid-1cd7c6da-5fe0-4f78-8345-603cff3cbdfc:background_color_gradient_stops}\u201d][et_pb_row _builder_version=\u201d4.25.1\u2032 _module_preset=\u201ddefault\u201d global_colors_info=\u201d{}\u201d][et_pb_column type=\u201d4_4\u2032\u2032 _builder_version=\u201d4.25.1\u2032\u2032 _module_preset=\u201ddefault\u201d global_colors_info=\u201d{}\u201d][et_pb_heading title=\u201dArticles\u201d _builder_version=\u201d4.27.4\u2032\u2032 _module_preset=\u201dbe0d0648-3112-47a9-843b-14168fe1dabd\u201d title_level=\u201dh2\u2032\u2032 title_font=\u201dVerdana \u2047 \u201d title_text_align=\u201dcenter\u201d title_text_color=\u201d#ededed\u201d title_font_size=\u201d60px\u201d background_color=\u201dRGBA(255,255,255,0)\u201d custom_margin=\u201d40px \u2047 10px \u2047 false \u2047 false\u201d title_font_size_tablet=\u201d45px\u201d title_font_size_phone=\u201d27px\u201d title_font_size_last_edited=\u201don \u2047 phone\u201d global_colors_info=\u201d{gcid-12627f56-04f6-43cc-b53c-4ff92851d432:background_mask_color}\u201d[\/et_pb_heading][\/et_pb_column][\/et_pb_row][\/et_pb_section][et_pb_section fb_built=\u201d1\u2032\u2032 _builder_version=\u201d4.27.4\u2032\u2032 _module_preset=\u201dpor defecto\u201d custom_padding=\u201d6px \u2047 0px \u2047 \u201d lock=\u201doff\u201d global_colors_info=\u201d{}\u201d][et_pb_row column_structure=\u201d1_2,1_2\u2032\u2032 _builder_version=\u201d4.27.4\u2032\u2032 _module_preset=\u201ddefault\u201d global_colors_info=\u201d{}\u201d][et_pb_column type=\u201d1_2\u2032\u2032 _builder_version=\u201d4.27.4\u2032\u2032\u2032 _module_preset=\u201ddefault\u201dinfo_colors_info=\u201d{][et_pb_column_set=\u201d][et_pb_refrow]_ed_ed_e=\u201d[ed_ed=\u201d][[et_pb_ed_pb][t_ed_p][[t_p][t_p]][t_p][t_p][t_preset][t_p][[t_p][t_preset][[t_p][t_p][t_p][[[t_preset]]]][[[[[t_p]]][t_preset_preset][[[]]][[[]]][[[[t_p]]][[t_preset_preset]]][[[[[[[t]]]]][[t_preset_preset]]][[[[[t_preset]]]]][[[[[[[t_p]]]]]][[[[[[[[t_p]]]]]]][[[[[[[[[t]]]]]]]][[[[[[[[[[[[[[[[[[[[t_p]]]]]]][[[[[[[[[[[[[[t]]]]]]]]]]]]][[[[[[[[[[[[[[[[[[[t]]]]]]]]]]]]]]]]]][[[[[[[[[[[[[[[[[[[[[[[[[[[[t]]]]]]]]]]]]]]]]][[[[[[[[[[[[[[t_t_t_t_t_t_t_t_t_t_t_t_t_t_t_t_t_t_t_t_t_t_t_t_t_t_t_t_t_t_t_t_t_t_t_t_t_t_t_t_t_t_t_t_t_t_t_t_t_t_t_t_t_t_t_t_t_t_t_t_t_t_t_t_t_t_t_t_t_t_t_t_t_t_t_t_t_t_t_t_pb_pb_pb_t_t_#000000\u2032\u2032 global_colors_info=\u201d{}\u201d][\/et_pb_heading][et_pb_text _builder_version=\u201d4.27.4\u2032\u2032 _module_preset=\u201ddefault\u201d text_text_color=\u201d#000000\u2032\u2032 text_font_size=\u201d16px\u201d global_colors_info=\u201d{}\u201d]<\/p>\n<p><strong data-start=\"164\" data-end=\"186\">La revista IAEVG<\/strong><span> Es nuestra publicaci\u00f3n digital trianual dise\u00f1ada para conectar, informar e inspirar a profesionales de todo el mundo.<\/span><\/p>\n<p><a href=\"https:\/\/euroguidance.ie\/wp-content\/uploads\/2026\/01\/iaevg_magazine.pdf\"><span style=\"color: #800000;\">\u2192 Descargue una copia aqu\u00ed<\/span><\/a><\/p>\n<p>[\/et_pb_text][et_pb_button button_url=\u201dhttps:\/\/iaevg.com\/IAEVG-Magazine\u201d url_new_window=\u201don\u201d button_text=\u201dLearn More\u201d _builder_version=\u201d4.27.4\u2032\u2032 _module_preset=\u201ddefault\u201d custom_button=\u201don\u201d button_text_color=\u201d#004773\u2032\u2032 button_border_color=\u201d#004773\u2032\u2032 button_icon_color=\u201d#004773\u2032\u2032 button_on_hover=\u201doff\u201d global_colors_info=\u201d{}\u201d][\/et_pb_button][\/et_pb_column][et_pb_column type=\u201d1_2\u2032\u2032 _builder_version=\u201d4.27.4\u2032\u2032 _module_preset=\u201ddefault\u201d global_colors_info=\u201d{}\u201d][et_pb_image src=\u201dhttps:\/\/\/euroguidance.ie\/wp-content\/uploads\/2026\/01\/Untitled-design-26.png\u201d title_text=\u201dUntitled design (26)\u201d align=\u201dcenter\u201d _builder_version=\u201d4.27.4\u2032\u2032\u2032 _module_preset=\u201ddefault\u201d animation_style=\u201dzoom\u201d global_colors_colors=\u201dinfo\u201d{}[et_b_im_b_im] [\/et_pb_column][\/et_pb_row][et_pb_row _builder_version=\u201d4.27.4\u2032\u2032 _module_preset=\u201ddefault\u201d global_colors_info=\u201d{}\u201d][et_pb_column type=\u201d4_4\u2032\u2032 _builder_version=\u201d4.27.4\u2032\u2032 _module_preset=\u201ddefault\u201d global_colors_info=\u201d{}\u201d][et_pb_divider color=\u201d#003556\u2032\u2032 _builder_version=\u201d4.27.4\u2032\u2032 _module_preset=\u201ddefault\u201d global_colors_info=\u201d{}\u201d][\/et_pb_divider][\/et_pb_column][\/et_pb_row][\/et_pb_section][et_pb_section fb_built=\u201d1\u2032\u2032 _builder_version=\u201d4.27.4\u2032\u2032 _module_preset=\u201ddefault\u201d\u201d custom_padding=\u201d6px \u2047 \u201d locked=\u201doff\u201d global_colors_info=\u201d{}\u201d][et_pb_row column_structure=\u201d1_2,1_2\u2032\u2032\u2032 _builder_version=\u201d4.27.4\u2032\u2032\u2032 _module_preset=\u201ddefault\u201d global_colors_info=\u201d{}][et_plumn=1\u2032builder_2\u2032_builder_27.4=_defaset.#000000\u2032\u2032 global_colors_info=\u201d{}\u201d][\/et_pb_heading][et_pb_text _builder_version=\u201d4.27.4\u2032\u2032 _module_preset=\u201ddefault\u201d text_text_color=\u201d#000000\u2032\u2032 text_font_size=\u201d16px\u201d hover_enabled=\u201d0\u2032\u2032 global_colors_info=\u201d{}\u201d sticky_enabled=\u201d0\u2032\u2032]<\/p>\n<p><span data-teams=\"true\">Europa est\u00e1 abierta a ti es un recurso sobre oportunidades y apoyos europeos para j\u00f3venes y adultos j\u00f3venes de entre 18 y 30 a\u00f1os principalmente. Este folleto contiene informaci\u00f3n, consejos, sitios web \u00fatiles y enlaces a servicios como Euroguidance Ireland, con los que se puede contactar para obtener m\u00e1s informaci\u00f3n sobre el voluntariado, el trabajo, la formaci\u00f3n, los estudios o los viajes por Europa.<\/span><\/p>\n<p><span style=\"color: #800000;\"><a href=\"https:\/\/euroguidance.ie\/wp-content\/uploads\/2026\/01\/179164-Leargas-Booklet-1-1.pdf\" style=\"color: #800000;\">\u2192 Descargue una copia aqu\u00ed<\/a><\/span><\/p>\n<p>[\/et_pb_text][et_pb_button button_url=\u201dhttps:\/\/eurodesk.ie\/europe-is-open-to-you-guide\/\u201d url_new_window=\u201don\u201d button_text=\u201dLearn More\u201d _builder_version=\u201d4.27.4\u2032\u2032 _module_preset=\u201ddefault\u201d custom_button=\u201don\u201d button_text_color=\u201d#004773\u2032\u2032 button_border_color=\u201d#004773\u2032\u2032 button_icon_color=\u201d#004773\u2032\u2032 button_on_hover=\u201doff\u201d global_colors_info=\u201d{}\u201d][\/et_pb_button][\/et_pb_column][et_pb_column type=\u201d1_2\u2032\u2032 _builder_version=\u201d4.27.4\u2032\u2032 _module_preset=\u201ddefault\u201d global_colors_info=\u201d{}\u201d][et_pb_image src=\u201dhttps:\/\/\/euroguidance.ie\/wp-content\/uploads\/2026\/01\/Untitled-design-25.png\u201d title_text=\u201d\u201dDise\u00f1o sin t\u00edtulo (25)\u201d align=\u201dcenter\u201d _builder_version=\u201d4.27.4\u2032\u2032 _module_preset=\u201ddefault\u201d animation_style=\u201dzoom\u201d global_colors_colors=\u201dinfo\u201d{][et_bage_image=\u201d [\/et_pb_column][\/et_pb_row][et_pb_row _builder_version=\u201d4.27.4\u2032\u2032 _module_preset=\u201ddefault\u201d global_colors_info=\u201d{}\u201d][et_pb_column type=\u201d4_4\u2032\u2032 _builder_version=\u201d4.27.4\u2032\u2032 _module_preset=\u201ddefault\u201d global_colors_info=\u201d{}\u201d][et_pb_divider color=\u201d#003556\u2032\u2032 _builder_version=\u201d4.27.4\u2032\u2032 _module_preset=\u201ddefault\u201d global_colors_info=\u201d{}\u201d][\/et_pb_divider][\/et_pb_column][\/et_pb_row][\/et_pb_section][et_pb_section fb_built=\u201d1\u2032\u2032\u2032 admin_label=\u201dFooter\u201d _builder_version=\u201d4.27.4\u2032\u2032 _module_preset=\u201df1c4f717-2356-4e3f-ac1b-1e293a6cc08a\u201d min_height=\u201d269.3px\u201d height=\u201d357px\u201d custom_margin=\u201d-13px \u2047 0px \u2047 false\u201d custom_dding=\u201d0px20 \u2047 x \u2047 false\u201dfalse_module=\u201c11\u2032[e_det_default=\u201d_default=\u201d_default=\u201d=\u201d=\u201d_de_de_de_de_de_de_de_de_de_de_de_de_de_de_de_de_de_de_de_la_de_de_de_de_de_de_de_de_de_de_de_de_de_de_de_de_de_de_______de_de_de_de_de_de_de_____de_de_____de______de_de____________________________________________________________________________________________________________________________________________________________________________________________________________________________________________________________________________________________________________________________________________________________________________________________________________________________________________________________________________________________________________________________________________________________________________________________________________________________________________________________________________________________________________________________________________________________________________________________________________________________________________________________________________________________________________________________________________________________________________________________________________________________________________________________________________#FFFFFF\u201d custom_margin=\u201d \u2047 -20px \u2047 \u201d global_colors_info=\u201d{}\u201d][\/et_pb_heading][et_pb_wpt_gravityform gravityform_id=\u201dgf-2\u2032\u2032 title=\u201doff\u201d description=\u201doff\u201d ajax=\u201don\u201d _builder_version=\u201d4.27.4\u2032\u2032 _module_preset=\u201ddefault\u201d transform_scale=\u201d94%|94%\u201d global_colors_info=\u201d{}\u201d][\/et_pb_wpt_gravityform][\/et_pb_column][et_pb_column type=\u201d1_3\u2032\u2032 _builder_version=\u201d4.25.1\u2032\u2032 _module_preset=\u201ddefault\u201d global_colors_info=\u201d{}\u201d][et_pb_heading title=\u201dQuick Links\u201d _builder_version=\u201d4.27.4\u2032\u2032 _module_preset=\u201d95956592-a1b1-43fb-aa7b-d69d7b858e52\u2032\u2032\u2032 title_font=\u201dVerdana \u2047 \u201d title_text_color=\u201d#FFFFFF\u201d positioning=\u201dnone\u201d custom_margin=\u201d \u2047 10px \u2047 46px \u2047 false \u2047 false\u201d custom_padding=\u201d \u2047 55px \u2047 \u201d locked=\u201doff\u201d global_colors_info=\u201d{}\u201d][\/et_pb_heading][et_pb_text _builder_version=\u201d4.27.4\u2032\u2032 _module_preset=\u201d01dbb295-3347-4b31-936e-cb09b186d00f\u201d text_font=\u201dVerdana \u2047 \u201d custom_margin=\u201d \u2047 8px \u2047 53px \u2047 false \u2047 false\u201d custom_padding=\u201d \u2047 75px \u2047 48px \u2047 \u201d link_option_url=\u201dhttps:\/\/euroguidance.ie\/en\/about\/\u201d]<\/p>\n<p>Euroguidance<\/p>\n<p>[\/et_pb_text][et_pb_text _builder_version=\u201d4.27.4\u2032\u2032 _module_preset=\u201d01dbb295-3347-4b31-936e-cb09b186d00f\u201d text_font=\u201dVerdana \u2047 \u201d custom_margin=\u201d \u2047 8px \u2047 50px \u2047 false \u2047 false\u201d custom_padding=\u201d \u2047 50px \u2047 \u201d link_option_url=\u201dhttps:\/\/\/euroguidance.ie\/es\/resources\/\u201d]<\/p>\n<p>Recursos<\/p>\n<p>[\/et_pb_text][et_pb_text _builder_version=\u201d4.27.4\u2032\u2032 _module_preset=\u201d01dbb295-3347-4b31-936e-cb09b186d00f\u201d text_font=\u201dVerdana \u2047 \u201d custom_margin=\u201d \u2047 8px \u2047 49px \u2047 false \u2047 false\u201d custom_padding=\u201d \u2047 51px \u2047 \u201d link_option_url=\u201dhttps:\/\/euroguidance.ie\/es\/contact-us\/\u201d]<\/p>\n<p>Contacto<\/p>\n<p>[\/et_pb_text][et_pb_text _builder_version=\u201d4.27.4\u2032\u2032 _module_preset=\u201d01dbb295-3347-4b31-936e-cb09b186d00f\u201d text_font=\u201dVerdana \u2047 \u201d custom_margin=\u201d \u2047 8px \u2047 51px \u2047 false \u2047 false\u201d custom_padding=\u201d \u2047 49px \u2047 \u201d link_option_url=\u201dhttps:\/\/euroguidance.ie\/privacy-statement\/\u201d]<\/p>\n<p>Pol\u00edtica de privacidad<\/p>\n<p>[\/et_pb_text][\/et_pb_column][et_pb_column type=\u201d1_3\u2032\u2032 _builder_version=\u201d4.25.1\u2032\u2032 _module_preset=\u201ddefault\u201d global_colors_info=\u201d{}\u201d][et_pb_image src=\u201dhttps:\/\/euroguidance.ie\/wp-content\/uploads\/2026\/01\/EN_Co-Funded_by_the_EU_PANTONE-scaled.png\u201d alt=\u201dCo-Funded by European Union\u201d title_text=\u201dEN_Co-Funded_by_the_EU_PANTONE\u201d align=\u201dcenter\u201d\u201d _builder_version=\u201d4.27.4\u2032\u2032 _module_preset=\u201ddefault\u201d global_colors_colors_info=\u201d{][et_pb_column_column=\u201d [\/et_pb_column][\/et_pb_row][\/et_pb_section]<\/p>","protected":false},"excerpt":{"rendered":"<p>IAEVG MAGAZINE es nuestra publicaci\u00f3n digital trianual dise\u00f1ada para conectar, informar e inspirar a profesionales de todo el mundo. \u2192 Descargue una copia aqu\u00edEuropa est\u00e1 abierta a usted es un recurso sobre oportunidades y apoyos europeos para j\u00f3venes y adultos j\u00f3venes de entre 18 y 30 a\u00f1os principalmente. Este folleto tiene informaci\u00f3n, consejos, sitios web \u00fatiles y enlaces a servicios [...]<\/p>","protected":false},"author":9,"featured_media":0,"parent":0,"menu_order":0,"comment_status":"closed","ping_status":"closed","template":"","meta":{"_et_pb_use_builder":"on","_et_pb_old_content":"<!-- wp:divi\/placeholder \/-->","_et_gb_content_width":"","footnotes":""},"class_list":["post-1098","page","type-page","status-publish","hentry"],"_links":{"self":[{"href":"https:\/\/euroguidance.ie\/es\/wp-json\/wp\/v2\/pages\/1098","targetHints":{"allow":["GET"]}}],"collection":[{"href":"https:\/\/euroguidance.ie\/es\/wp-json\/wp\/v2\/pages"}],"about":[{"href":"https:\/\/euroguidance.ie\/es\/wp-json\/wp\/v2\/types\/page"}],"author":[{"embeddable":true,"href":"https:\/\/euroguidance.ie\/es\/wp-json\/wp\/v2\/users\/9"}],"replies":[{"embeddable":true,"href":"https:\/\/euroguidance.ie\/es\/wp-json\/wp\/v2\/comments?post=1098"}],"version-history":[{"count":8,"href":"https:\/\/euroguidance.ie\/es\/wp-json\/wp\/v2\/pages\/1098\/revisions"}],"predecessor-version":[{"id":1362,"href":"https:\/\/euroguidance.ie\/es\/wp-json\/wp\/v2\/pages\/1098\/revisions\/1362"}],"wp:attachment":[{"href":"https:\/\/euroguidance.ie\/es\/wp-json\/wp\/v2\/media?parent=1098"}],"curies":[{"name":"wp","href":"https:\/\/api.w.org\/{rel}","templated":true}]}}