{"id":983,"date":"2025-12-15T12:11:50","date_gmt":"2025-12-15T12:11:50","guid":{"rendered":"https:\/\/euroguidance.ie\/?page_id=983"},"modified":"2026-01-14T15:10:13","modified_gmt":"2026-01-14T15:10:13","slug":"privacy-statement","status":"publish","type":"page","link":"https:\/\/euroguidance.ie\/de\/privacy-statement\/","title":{"rendered":"Datenschutzerkl\u00e4rung"},"content":{"rendered":"<p>[et_pb_section fb_built=\u201d1\u2032\u2032 theme_builder_area=\u201dpost_content\u201d _builder_version=\u201d4.27.4\u2032\u2032 _module_preset=\u201ddefault\u201d][et_pb_row _builder_version=\u201d4.27.4\u2032\u2032 _module_preset=\u201ddefault\u201d theme_builder_area=\u201dpost_content\u201d][et_pb_column _builder_version=\u201d4.27.4\u2032\u2032\u2032 _module_preset=\u201ddefault\u201d type=\u201d4_4\u2032\u2032\u2032\u2032 theme_builder_area=\u201dpost_content\u201d][et_pb_text_builder_version=\u201d4.27.4\u2032\u2032\u2032\u2032 _module_preset=\u201ddefault\u201d theme_builder_area=\u201d_post_content\u201d_contendable\u2019\u20190\u2032_stick_endable\u2019\u2019<\/p>\n<p><strong>Datenschutzerkl\u00e4rung f\u00fcr die von ETBI betriebene Euroguidance-Website<\/strong><\/p>\n<ol>\n<li><strong> <\/strong><strong>Was ist Education and Training Boards Ireland?<\/strong><\/li>\n<\/ol>\n<p>Das Hauptziel der irischen Aussch\u00fcsse f\u00fcr allgemeine und berufliche Bildung (ETBI) ist die F\u00f6rderung der allgemeinen und beruflichen Bildung, die gemeinsame Vertretung der Aussch\u00fcsse f\u00fcr allgemeine und berufliche Bildung und die F\u00f6rderung der Entwicklung der allgemeinen und beruflichen Bildung und der Jugendarbeit in Irland. Die Website von Euroguidance Ireland (im Folgenden \u201eWebsite\u201c) wird von ETBI betrieben, einem f\u00fcr die Verarbeitung Verantwortlichen im Sinne der Datenschutz-Grundverordnung (im Folgenden \u201eDSGVO\u201c) und der Datenschutzgesetze 1988-2018.<\/p>\n<p>&nbsp;<\/p>\n<ol start=\"2\">\n<li><strong> <\/strong><strong>Welchen Umfang hat diese Datenschutzerkl\u00e4rung?<\/strong><\/li>\n<\/ol>\n<p>Diese Datenschutzerkl\u00e4rung gilt f\u00fcr die Praktiken von ETBI im Zusammenhang mit der Website. ETBI ist nicht verantwortlich f\u00fcr den Inhalt oder die Datenschutzpraktiken anderer Websites. Externe Links zu anderen Websites sind als solche eindeutig identifizierbar.<\/p>\n<p>Diese Datenschutzerkl\u00e4rung gilt f\u00fcr alle Informationen, die wir sammeln \u00fcber: (i) Besucher unserer Websites und (ii) Nutzer, die sich registrieren und unsere Dienste nutzen.<\/p>\n<p>&nbsp;<\/p>\n<ol start=\"3\">\n<li><strong> <\/strong><strong>Warum verarbeitet ETBI Ihre personenbezogenen Daten?<\/strong><\/li>\n<\/ol>\n<p>ETBI verpflichtet sich, die Privatsph\u00e4re aller Besucher unserer Website zu wahren und respektiert Ihr Recht auf Privatsph\u00e4re.\u00a0 Wir erheben keine personenbezogenen Daten \u00fcber Sie, wenn Sie die Website besuchen, es sei denn, Sie geben diese Informationen \u00fcber das Formular \u201eKontakt\u201c an.\u00a0 Alle personenbezogenen Daten, die Sie uns w\u00e4hrend der Nutzung der Website zur Verf\u00fcgung stellen, werden im Einklang mit dem spezifischen Zweck verwendet, f\u00fcr den Sie sie bereitgestellt haben (<em>z.B.<\/em> um Sie zu kontaktieren und alle Fragen zu beantworten, die Sie im Formular \u201eKontakt\u201c gestellt haben, oder um andere R\u00fcckmeldungen zu beantworten, die Sie uns im Formular \u201eKontakt\u201c senden).<\/p>\n<p>Wir verwenden Ihre Daten, um auf Anfragen zu antworten, die Website zu betreiben und zu verbessern und unsere \u00f6ffentlichen Informations- und Orientierungsfunktionen auszuf\u00fchren.<\/p>\n<p>&nbsp;<\/p>\n<ol start=\"4\">\n<li><strong> <\/strong><strong>Welche personenbezogenen Daten erhebt ETBI \u00fcber Sie?<\/strong><\/li>\n<\/ol>\n<p>ETBI sammelt und speichert personenbezogene Daten, die Informationen enthalten, die erforderlich sind, um Sie zu identifizieren, Ihre Kontaktdaten und Informationen in Bezug auf die Kommunikation, die Sie mit ETBI haben k\u00f6nnen. Wir k\u00f6nnen auch personenbezogene Daten von Ihnen erheben, wenn Sie die Website nutzen oder wenn Sie uns kontaktieren. Wir k\u00f6nnen die folgenden Informationen sammeln, die personenbezogene Daten enthalten k\u00f6nnen:<\/p>\n<ul>\n<li>Name, Adresse, E-Mail-Adresse, Telefonnummer.<\/li>\n<li>Informationen \u00fcber Ihre Nutzung der Website.<\/li>\n<li>Kommunikation mit ETBI oder direkt an uns \u00fcber Briefe, E-Mails, Anrufe und soziale Medien.<\/li>\n<\/ul>\n<p>Personenbezogene Daten, die ETBI zur Verf\u00fcgung gestellt werden, werden von ETBI nur f\u00fcr die Zwecke verwendet, f\u00fcr die sie bereitgestellt wurden.<\/p>\n<p>&nbsp;<\/p>\n<ol start=\"5\">\n<li><strong> <\/strong><strong>Was ist die Rechtsgrundlage f\u00fcr die Verarbeitung Ihrer personenbezogenen Daten durch ETBI?<\/strong><\/li>\n<\/ol>\n<p>Durch die Nutzung der Website werden Sie aufgefordert, sich anzumelden (<em>d.h.<\/em> Ihre ausdr\u00fcckliche Zustimmung) zur Erhebung und Nutzung Ihrer Daten gem\u00e4\u00df den Bedingungen dieser Datenschutzerkl\u00e4rung, die mit der DSGVO, den Datenschutzgesetzen 1988-2018 und den Verordnungen der Europ\u00e4ischen Gemeinschaften (elektronische Kommunikationsnetze und -dienste) (Datenschutz und elektronische Kommunikation) 2011 in Einklang steht.<\/p>\n<p>&nbsp;<\/p>\n<ol start=\"6\">\n<li><strong> <\/strong><strong>Werden Ihre personenbezogenen Daten an andere Organisationen oder Einzelpersonen weitergegeben?<\/strong><\/li>\n<\/ol>\n<p>Wir respektieren Ihre Privatsph\u00e4re und verpflichten uns, Ihre personenbezogenen Daten zu sch\u00fctzen. Alle von Ihnen zur Verf\u00fcgung gestellten Informationen werden Dritten nicht zur Verf\u00fcgung gestellt, es sei denn, dies ist erforderlich, und werden von ETBI nur im Einklang mit dem Zweck verwendet, f\u00fcr den Sie sie bereitgestellt haben. Ihre personenbezogenen Daten k\u00f6nnen jedoch anonymisiert und aggregiert f\u00fcr statistische Zwecke verwendet werden.<\/p>\n<p>Wir geben Ihre Daten nur dann weiter, wenn dies erforderlich ist (zum Beispiel an vertrauensw\u00fcrdige Dienstleister, die Dienstleistungen f\u00fcr ETBI erbringen, einschlie\u00dflich IKT-Dienstleister und Sicherheitsanbieter) oder wenn dies gesetzlich vorgeschrieben ist. Wenn diese Dritten international t\u00e4tig sind, wird sich ETBI bem\u00fchen, sicherzustellen, dass jede \u00dcbermittlung personenbezogener Daten innerhalb oder au\u00dferhalb des EWR (Europ\u00e4ischer Wirtschaftsraum) in \u00dcbereinstimmung mit den geltenden internationalen Abkommen und Vertr\u00e4gen und den einschl\u00e4gigen Datenschutzgesetzen erfolgt.<\/p>\n<p>&nbsp;<\/p>\n<p>Wir k\u00f6nnen Daten mit Akteuren der allgemeinen und beruflichen Bildung verarbeiten oder teilen. <em>z.B.<\/em> Abteilung Bildung und Kompetenzen, SOLAS <em>etc<\/em>. f\u00fcr statistische, Forschungs- und\/oder zuk\u00fcnftige Planungszwecke, aber in solchen F\u00e4llen werden die Daten anonymisiert.<\/p>\n<p>Sofern dies nicht gesetzlich vorgeschrieben ist, werden wir die personenbezogenen Daten, die Sie uns zur Verf\u00fcgung stellen, ohne Ihre ausdr\u00fcckliche Zustimmung oder in \u00dcbereinstimmung mit der DSGVO und den Datenschutzgesetzen 1988-2018 nicht anderweitig weitergeben, verkaufen oder verteilen.<\/p>\n<p>&nbsp;<\/p>\n<ol start=\"7\">\n<li><strong> <\/strong><strong>Wie lange werden die personenbezogenen Daten gespeichert?<\/strong><\/li>\n<\/ol>\n<p>Wir speichern Ihre personenbezogenen Daten nicht l\u00e4nger, als es f\u00fcr uns erforderlich ist, um den Zweck zu erf\u00fcllen, f\u00fcr den Sie sie uns im Einklang mit der Datenaufbewahrungsrichtlinie von ETBI gegeben haben, die unter [Link einf\u00fcgen] zu finden ist.\u00a0 Alle personenbezogenen Daten, die Sie uns w\u00e4hrend der Nutzung der Website zur Verf\u00fcgung stellen, werden im Einklang mit dem spezifischen Zweck verwendet, f\u00fcr den Sie sie bereitgestellt haben (<em>z.B.<\/em>. um Sie zu kontaktieren und alle Fragen zu beantworten, die Sie im Formular \u201eKontakt\u201c gestellt haben, oder um andere R\u00fcckmeldungen zu beantworten, die Sie uns im Formular \u201eKontakt\u201c senden). Nach Abschluss dieses Zwecks werden Ihre Daten nicht mehr gespeichert und auf sichere Weise vernichtet oder gel\u00f6scht.<\/p>\n<p>&nbsp;<\/p>\n<ol start=\"8\">\n<li><strong> <\/strong><strong>Welche Rechte haben Sie im Rahmen der Datenschutzgesetzgebung?<\/strong><\/li>\n<\/ol>\n<p>Sie haben die folgenden datenschutzrechtlichen Rechte und wir besprechen diese jeweils:<\/p>\n<ul>\n<li>Zugang<\/li>\n<li>Berichtigung<\/li>\n<li>Ausl\u00f6schung<\/li>\n<li>Beschr\u00e4nkung<\/li>\n<li>Einspruch<\/li>\n<li>\u00dcbertragbarkeit<\/li>\n<li>Um der automatisierten Verarbeitung zu widersprechen<\/li>\n<\/ul>\n<p>&nbsp;<\/p>\n<ul>\n<li><strong> <\/strong><strong>Wie k\u00f6nnen Sie auf Ihre personenbezogenen Daten zugreifen?<\/strong><\/li>\n<\/ul>\n<p>Sie haben das Recht, die Informationen zu sehen, die wir \u00fcber Sie haben. Auf schriftlichen Antrag (<em>z.B. <\/em>Brief, E-Mail) und wenn Ihre personenbezogenen Daten verf\u00fcgbar sind, stellen wir eine Kopie Ihrer personenbezogenen Daten gem\u00e4\u00df der DSGVO und den Bestimmungen der Datenschutzgesetze 1988-2018 zur Verf\u00fcgung.<\/p>\n<p>Wenn Sie eine Kopie Ihrer personenbezogenen Daten erhalten m\u00f6chten, k\u00f6nnen Sie sich schriftlich an den Generalsekret\u00e4r von ETBI, Pipers Hill, Naas, Co. Kildare oder <a href=\"mailto:info@etbi.ie\">info@etbi.ie<\/a> der Ihnen ein Antragsformular f\u00fcr den Zugriff auf Betreff zur Verf\u00fcgung stellt. \u00a0Zu Ihrer Bequemlichkeit stellen wir Ihnen dieses Formular zur Verf\u00fcgung, um Ihnen zu helfen, Ihre personenbezogenen Daten so schnell wie m\u00f6glich zu erfassen.\u00a0 Ihre Anfrage wird so schnell wie m\u00f6glich bearbeitet und dauert nicht l\u00e4nger als 30 Tage, au\u00dfer in den au\u00dfergew\u00f6hnlichsten F\u00e4llen, in denen wir Sie schriftlich dar\u00fcber informieren und eine Begr\u00fcndung daf\u00fcr liefern.\u00a0 Die Bestimmungen der DSGVO werden bei der Beantwortung Ihrer Anfrage eingehalten.<\/p>\n<ul>\n<li><strong> <\/strong><strong>Wie k\u00f6nnen Sie falsche Informationen \u00fcber Sie \u00e4ndern lassen?<\/strong><\/li>\n<\/ul>\n<p>Wenn Sie feststellen, dass ETBI ungenaue Informationen \u00fcber Sie enth\u00e4lt, k\u00f6nnen Sie eine schriftliche Anfrage stellen, dass wir diese Informationen korrigieren, l\u00f6schen, berichtigen, an den Generalsekret\u00e4r von ETBI, Pipers Hill, Naas, Co. Kildare oder <a href=\"mailto:info@etbi.ie\">info@etbi.ie<\/a>.\u00a0 Auf schriftliche Anfrage werden wir Sie per Telefon \/ E-Mail \/ Brief kontaktieren, um die unrichtigen Informationen zu beheben.\u00a0 Wir werden auch sicherstellen, dass eine solche L\u00f6schung \/ Berichtigung, die von ETBI vorgenommen wird, einem relevanten Dritten mitgeteilt wird, an den wir Ihre Informationen gem\u00e4\u00df dieser Datenschutzerkl\u00e4rung weitergegeben haben. Bitte beachten Sie jedoch, dass einem L\u00f6schungsantrag nur stattgegeben wird, wenn die Daten f\u00fcr den Zweck, f\u00fcr den sie erhoben wurden, nicht mehr erforderlich sind und ETBI keine Rechtsgrundlage f\u00fcr ihre Aufbewahrung hat.<\/p>\n<ul>\n<li><strong> <\/strong><strong>Wie k\u00f6nnen Sie die Verarbeitung Ihrer personenbezogenen Daten durch ETBI einschr\u00e4nken oder widersprechen?<\/strong><\/li>\n<\/ul>\n<p>Wenn Sie beschlie\u00dfen, die Verarbeitung Ihrer personenbezogenen Daten durch ETBI einzuschr\u00e4nken oder zu widersprechen, k\u00f6nnen Sie einen solchen Antrag schriftlich an den Generalsekret\u00e4r von ETBI, Pipers Hill, Naas, Co. Kildare oder <a href=\"mailto:info@etbi.ie\">info@etbi.ie<\/a>.\u00a0 Auf schriftliche Anfrage werden wir Sie per Telefon \/ E-Mail \/ Brief kontaktieren, um die Verarbeitung Ihrer personenbezogenen Daten einzuschr\u00e4nken oder einzustellen.\u00a0 Wir werden auch sicherstellen, dass eine solche Einschr\u00e4nkung oder Einstellung durch ETBI einem relevanten Dritten mitgeteilt wird, an den wir Ihre Informationen gem\u00e4\u00df dieser Datenschutzerkl\u00e4rung weitergegeben haben.<\/p>\n<ul>\n<li><strong> <\/strong><strong>Wie funktioniert das Recht auf Daten\u00fcbertragbarkeit?<\/strong><\/li>\n<\/ul>\n<p>Sie haben das Recht, Ihre personenbezogenen Daten, die Sie ETBI (Datenverantwortlicher) zur Verf\u00fcgung gestellt haben, in einem strukturierten, g\u00e4ngigen und maschinenlesbaren Format zu erhalten, und Sie haben das Recht, diese personenbezogenen Daten ohne Behinderung durch ETBI an einen anderen Datenverantwortlichen zu senden.<\/p>\n<p>&nbsp;<\/p>\n<ol start=\"9\">\n<li><strong> <\/strong><strong>K\u00f6nnen Sie Ihre Einwilligung zur Verarbeitung Ihrer personenbezogenen Daten durch ETBI widerrufen?<\/strong><\/li>\n<\/ol>\n<p>Sie k\u00f6nnen Ihre Einwilligung zur Verarbeitung Ihrer personenbezogenen Daten durch ETBI jederzeit widerrufen. Wenn Sie beschlie\u00dfen, Ihre Einwilligung zur Verarbeitung Ihrer personenbezogenen Daten durch ETBI zu widerrufen, k\u00f6nnen Sie einen solchen Antrag schriftlich an den Generalsekret\u00e4r von ETBI, Pipers Hill, Naas, Co. Kildare oder <a href=\"mailto:info@etbi.ie\">info@etbi.ie<\/a>.\u00a0 Nach Erhalt der schriftlichen Anfrage werden wir Sie per Telefon \/ E-Mail \/ Brief kontaktieren, um die Verarbeitung Ihrer personenbezogenen Daten einzustellen.\u00a0 Wir werden auch sicherstellen, dass eine solche Einstellung durch ETBI einem relevanten Dritten mitgeteilt wird, an den wir Ihre Informationen gem\u00e4\u00df dieser Datenschutzerkl\u00e4rung weitergegeben haben.<\/p>\n<p>Weitere Informationen finden Sie in unserer Datenschutzerkl\u00e4rung unter\u00a0<a href=\"https:\/\/www.etbi.ie\/\">www.etbi.ie<\/a>\u00a0oder wenden Sie sich alternativ an den Generalsekret\u00e4r, ETBI.<\/p>\n<p>&nbsp;<\/p>\n<ol start=\"10\">\n<li><strong> <\/strong><strong>Sicherheit<\/strong><\/li>\n<\/ol>\n<p>ETBI setzt Sicherheitsma\u00dfnahmen ein, um Ihre personenbezogenen Daten vor dem Zugriff unberechtigter Personen zu sch\u00fctzen und vor unrechtm\u00e4\u00dfiger Verarbeitung, versehentlichem Verlust, Zerst\u00f6rung und Besch\u00e4digung zu sch\u00fctzen. Wir werden uns bem\u00fchen, sicherzustellen, dass alle gespeicherten Aufzeichnungen im Einklang mit unseren Verpflichtungen gem\u00e4\u00df der DSGVO und den Datenschutzgesetzen 1988-2018 sicher bleiben. Wir nehmen unsere Sicherheitsverantwortung ernst und setzen physische und technische Ma\u00dfnahmen ein, einschlie\u00dflich Schulung und Sensibilisierung der Mitarbeiter. Wir \u00fcberpr\u00fcfen unsere Sicherheitsverfahren regelm\u00e4\u00dfig.<\/p>\n<p>&nbsp;<\/p>\n<ol start=\"11\">\n<li><strong> <\/strong><strong>Sammelt ETBI nicht-personenbezogene\/technische Informationen?<\/strong><\/li>\n<\/ol>\n<p>Ja, bestimmte nicht personenbezogene Daten stehen uns \u00fcber unseren Internet-Service-Provider zur Verf\u00fcgung.\u00a0 Diese nicht-personenbezogenen Daten werden auf statistischer, aggregierter, nicht-individueller Basis erhoben.\u00a0 Diese Informationen k\u00f6nnen die IP-Adresse umfassen, von der aus Sie auf unsere Website zugreifen, die Art des Browsers, der f\u00fcr den Zugriff auf unsere Website verwendet wird (Internet Explorer, Firefox, <em>etc<\/em>.), die Art des Betriebssystems, das f\u00fcr den Zugriff auf unsere Website verwendet wird (Windows, Macintosh usw.), der verwendete Dom\u00e4nenname \u201eTop-Level\u201c (<em>d.h.<\/em> .com, .org, <em>etc<\/em>.), das Datum und die Uhrzeit Ihres Besuchs auf unserer Website und die Anzahl der Seiten, die Sie auf unserer Website besucht haben.<\/p>\n<ul>\n<li><strong><em> <\/em><\/strong><strong><em>Was ist ein Cookie?<\/em><\/strong><\/li>\n<\/ul>\n<p>Ein Cookie ist eine tempor\u00e4re kleine Datei, die von einem Webserver an Ihren Browser gesendet und auf der Festplatte Ihres Computers gespeichert wird, um Sie als Nutzer der Website zu identifizieren. Viele Internetseiten verwenden Cookies. In der Regel werden sie von der Website verwendet, um die Person nur w\u00e4hrend des Zugriffs auf die Website zu identifizieren, um die Nutzung der Website durch die Person und alle wiederholten Besuche dieser Person zu verfolgen.<\/p>\n<p>ETBI wird Sie bei der Nutzung der Website um Ihre Einwilligung bitten und Sie k\u00f6nnen Ihre Einwilligung jederzeit widerrufen. Wir speichern Ihre Daten nur so lange, wie es f\u00fcr uns erforderlich ist, um den Zweck zu erf\u00fcllen, f\u00fcr den Sie sie uns gegeben haben.<\/p>\n<p>Bitte beachten Sie, dass, wenn Sie Cookies ablehnen oder Ihre Einstellungen \u00e4ndern, einige Funktionen auf der Website m\u00f6glicherweise nicht ordnungsgem\u00e4\u00df funktionieren. Bitte beachten Sie, dass alle von Ihnen ausgew\u00e4hlten Einstellungen verloren gehen, wenn Sie Cookies l\u00f6schen.<\/p>\n<ul>\n<li><strong><em> <\/em><\/strong><strong><em>Warum verwendet die Website Cookies?<\/em><\/strong><\/li>\n<\/ul>\n<p>Cookies sind kleine Dateien, die von Websites, die Sie besuchen, auf Ihrem Computer abgelegt werden. Sie werden h\u00e4ufig verwendet, um Websites zum Funktionieren zu bringen oder effizienter zu arbeiten, sowie um den Eigent\u00fcmern der Website Informationen zur Verf\u00fcgung zu stellen. Unsere Cookies erm\u00f6glichen es uns, Ihnen personalisierte Inhalte zur Verf\u00fcgung zu stellen oder Ihnen Serviceinformationen zu pr\u00e4sentieren, die auf Ihrem vorherigen Verhalten auf der Website basieren.<\/p>\n<ul>\n<li><strong><em> <\/em><\/strong><strong><em>Wie verwendet ETBI Cookies?<\/em><\/strong><\/li>\n<\/ul>\n<p>Wenn jemand die Website besucht, sammeln wir Standard-Internetprotokollinformationen und Details zu Besucherverhaltensmustern. Wir tun dies, um Dinge wie die Anzahl der Besucher der verschiedenen Teile der Website herauszufinden.<\/p>\n<p>Wir sammeln diese Informationen in einer Weise, die niemanden identifiziert. Wir versuchen nicht, die Identit\u00e4t der Besucher der Website herauszufinden. Wir werden keine Daten, die von dieser Website gesammelt werden, mit pers\u00f6nlich identifizierenden Informationen aus irgendeiner Quelle in Verbindung bringen.\u00a0 Wenn wir pers\u00f6nlich identifizierbare Informationen \u00fcber unsere Website sammeln m\u00f6chten, werden wir deutlich machen, wann wir solche Informationen sammeln und erkl\u00e4ren, was wir damit zu tun beabsichtigen.<\/p>\n<p>Sie k\u00f6nnen Ihre Cookie-Einstellungen jederzeit verwalten.<\/p>\n<p>&nbsp;<\/p>\n<p>Weitere Informationen zu unseren Cookie-Richtlinien finden Sie unter <a href=\"https:\/\/www.etbi.ie\/cookies\"><\/a><\/p>\n<p>&nbsp;<\/p>\n<ol start=\"12\">\n<li><strong> <\/strong><strong>Kontaktieren Sie uns<\/strong><\/li>\n<\/ol>\n<p>Wenn Sie sich Sorgen dar\u00fcber machen, wie Ihre personenbezogenen Daten von unserer Website verarbeitet werden, z\u00f6gern Sie bitte nicht, uns diese Bedenken unter den folgenden Kontaktdaten mitzuteilen:\u00a0 Der Generalsekret\u00e4r, ETBI, Pipers Hill, Naas, Co. Kildare oder\u00a0<a href=\"mailto:info@etbi.ie\">info@etbi.ie<\/a>.<\/p>\n<p>&nbsp;<\/p>\n<ol start=\"13\">\n<li><strong> <\/strong><strong>Datenschutzkommission <\/strong><\/li>\n<\/ol>\n<p>Wenn Sie als betroffene Person Beschwerden \u00fcber die Verarbeitung Ihrer personenbezogenen Daten haben, haben Sie das Recht, eine Beschwerde bei der Datenschutzkommission einzureichen. Die Datenschutzkommission kann wie folgt kontaktiert werden:<\/p>\n<p>Datenschutzkommission<\/p>\n<p>6 Pembroke Row<\/p>\n<p>Dublin 2<\/p>\n<p>D02 X963<\/p>\n<p>Irland<\/p>\n<p>&nbsp;<\/p>\n<p>Tel.: (01) 765 01 00 \/ 1800 437 737<\/p>\n<p>Online: <a href=\"https:\/\/dataprotection.ie\/en\/contact\/how-contact-us\">https:\/\/dataprotection.ie\/en\/contact\/how-contact-us<\/a><\/p>\n<p>&nbsp;<\/p>\n<p>&nbsp;<\/p>\n<ol start=\"14\">\n<li><strong> <\/strong><strong>\u00c4nderungen dieser Datenschutzerkl\u00e4rung<\/strong><\/li>\n<\/ol>\n<p>Wir k\u00f6nnen diese Datenschutzerkl\u00e4rung von Zeit zu Zeit aktualisieren. Alle \u00c4nderungen werden auf dieser Seite ver\u00f6ffentlicht und das Datum \u201eLetzte Aktualisierung\u201c wird entsprechend \u00fcberarbeitet. Wir empfehlen Ihnen, diese Erkl\u00e4rung regelm\u00e4\u00dfig zu \u00fcberpr\u00fcfen.<\/p>\n<p>&nbsp;<\/p>\n<p>&nbsp;<\/p>\n<p>&nbsp;<\/p>\n<p>&nbsp;<\/p>\n<p>&nbsp;<\/p>\n<p>[\/et_pb_text][\/et_pb_column][\/et_pb_row][\/et_pb_section] - Wer hat geschrieben?<\/p>","protected":false},"excerpt":{"rendered":"<p>Datenschutzerkl\u00e4rung f\u00fcr die Euroguidance-Website, die von ETBI betrieben wird Was ist Education and Training Boards Ireland? Das Hauptziel der irischen Aussch\u00fcsse f\u00fcr allgemeine und berufliche Bildung (ETBI) ist die F\u00f6rderung der allgemeinen und beruflichen Bildung, die gemeinsame Vertretung der Aussch\u00fcsse f\u00fcr allgemeine und berufliche Bildung und die F\u00f6rderung der Entwicklung der allgemeinen und beruflichen Bildung und der Jugendarbeit in Irland. Die Euroguidance Ireland [...]<\/p>","protected":false},"author":9,"featured_media":0,"parent":0,"menu_order":0,"comment_status":"closed","ping_status":"closed","template":"","meta":{"_et_pb_use_builder":"on","_et_pb_old_content":"","_et_gb_content_width":"","footnotes":""},"class_list":["post-983","page","type-page","status-publish","hentry"],"_links":{"self":[{"href":"https:\/\/euroguidance.ie\/de\/wp-json\/wp\/v2\/pages\/983","targetHints":{"allow":["GET"]}}],"collection":[{"href":"https:\/\/euroguidance.ie\/de\/wp-json\/wp\/v2\/pages"}],"about":[{"href":"https:\/\/euroguidance.ie\/de\/wp-json\/wp\/v2\/types\/page"}],"author":[{"embeddable":true,"href":"https:\/\/euroguidance.ie\/de\/wp-json\/wp\/v2\/users\/9"}],"replies":[{"embeddable":true,"href":"https:\/\/euroguidance.ie\/de\/wp-json\/wp\/v2\/comments?post=983"}],"version-history":[{"count":3,"href":"https:\/\/euroguidance.ie\/de\/wp-json\/wp\/v2\/pages\/983\/revisions"}],"predecessor-version":[{"id":1322,"href":"https:\/\/euroguidance.ie\/de\/wp-json\/wp\/v2\/pages\/983\/revisions\/1322"}],"wp:attachment":[{"href":"https:\/\/euroguidance.ie\/de\/wp-json\/wp\/v2\/media?parent=983"}],"curies":[{"name":"wp","href":"https:\/\/api.w.org\/{rel}","templated":true}]}}