{"id":980,"date":"2025-12-15T12:04:39","date_gmt":"2025-12-15T12:04:39","guid":{"rendered":"https:\/\/euroguidance.ie\/?page_id=980"},"modified":"2026-03-27T09:25:23","modified_gmt":"2026-03-27T09:25:23","slug":"webinars","status":"publish","type":"page","link":"https:\/\/euroguidance.ie\/de\/webinars\/","title":{"rendered":"Webinare"},"content":{"rendered":"<p>[et_pb_section fb_built=\u201d1\u2033 admin_label=\u201dHeader\u201d _builder_version=\u201d4.27.4\u2033 _module_preset=\u201ded3a2270-0d1b-4161-8645-f529b8b3c5c0\u2033 background_color_gradient_direction=\u201d193deg\u201d background_color_gradient_stops=\u201dgcid-d119accd-44d7-4f2f-b9d7-599c8463324b 0%|rgba(7,33,48,0.6) 37%|rgba(255.255.255,0) 62%|gcid-1cd7c6da-5fe0-4f78-8345-603cff3cbdfc 100%_image=\u201ehttps:\/\/euroguidance.ie\/wp-content\/uploads\/2025\/02\/students3.jpg\u201c background_enable_image=\u201eon\u201c parallax=\u201eon\u201c background_blend=\u201edarken\u201c min_height=\u201e332.6px\u201c custom_margin=\u201e||53px|||\u201c locked=\u201eoff\u201c collapsed=\u201eoff\u201c global_colors_info=\u201c{gcid-1f1bf5fb-a99d-4acc-8d9e-ddac074c158c:hintergrund_color_gradient_stops,hintergrund_color_gradient_stops,hintergrund_color_gradient_stops,gcid-4c79ba3d-a281-4fb6-9b14-02f9a4c793f2:hintergrund_color_gradient_stops,hintergrund_color_gradient_stops,hintergrund_color_gradient_stops,gcid-688c464a-d6f2-4296-b592-395352c71c79:hintergrund_color_gradient_stops,hintergrund_color_gradient_stops,hintergrund_color_gradient_stops,gcid-d119accd-44d7-4f2f-b9d7-599c8463324b:hintergrund_color_gradient_stops,hintergrund_color_gradient_stops,hintergrund_color_gradient_stops,gcid-2352d280-fe84-43b1-a71e-f400c35a526a:hintergrund_color_gradient_stops,gcid-9e22d70d-67ee-4430-bed3-4bc105d4ef1e:hintergrund_color_gradient_stops,gcid-1cd7c6da-5fe0-4f78-8345-603cff3cbdfc:hintergrund_color_gradient_stops}][et_pb_row _builder_version=\u201d4.25.1\u2033 _module_preset=\u201ddefault\u201d global_colors_info=\u201d{}\u201d][et_pb_column type=\u201d4_4\u2033 _builder_version=\u201d4.25.1\u2033 _module_preset=\u201ddefault\u201d global_colors_info=\u201d{}\u201d][et_pb_heading title=\u201dUpcoming Webinars\u201d _builder_version=\u201d4.27.4\u2033 _module_preset=\u201dbe0d0648-3112-47a9-843b-14168fe1dabd\u201d title_level=\u201dh2\u2033 title_font=\u201dVerdana||||||||text_align=\u201dcenter\u201d title_text_color=\u201d#ededed\u201c title_font_size=\u201e60px\u201c background_color=\u201eRGBA(255,255,255,0)\u201c custom_margin=\u201e40px||10px||false|false\u201c title_font_size_tablet=\u201e45px\u201c title_font_size_phone=\u201e27px\u201c title_font_size_last_edited=\u201eon|phone\u201c global_colors_info=\u201c{gcid-12627f56-04f6-43cc-b53c-4ff92851d432:Hintergrund_mask_color%_pb_column][\/et_pb_section][\/et_pb_column][\/et_pb_row][\/et_pb_section][et_pb\u2033section fb_built=\u201d1_ admin_label=\u201dEvent Calendar\u201d \u2033 _builder_version=\u201d4.27.5_module||||preset=\u201ddefault\u201d custom|margin=\u201d-40px_false||||false\u201d custom|padding=\u201d0px_false_false\u201d border_style_all=\u201dnone\u201d locked=\u201doff\u201d collapsed=\u201don\u201d global_colors_info=\u201d{}\u201d][et_pb_row column_structure=\u201d1\u2033 _2,1_2\u2033 _builder_builder_version=\u201d4.27.5 _module _preset=default= _#000b63\u2033 hover_enabled=\u201d0\u2033 global_colors_info=\u201d{}\u201d sticky_enabled=\u201d0\u2033][\/et_pb_heading][et_pb_heading title=\u201dETBI Webinar\u201d _builder_version=\u201d4.27.5\u2033 _module_preset=\u201ddefault\u201d title_level=\u201dh2\u2033 title_text_color=\u201d#0C71C3\u2033 hover_enabled=\u201d0\u2033 global_colors_info=\u201d{}\u201d sticky_enabled=\u201d0\u2033][\/et_pb_heading][et_pb_text _builder_version=\u201d4.27.5\u2033 _module_preset=\u201edefault\u201c text_text_color=\u201d#000000\u2033 hover_enabled=\u201d0\u2033 global_colors_info=\u201d{}\u201d sticky_enabled=\u201d0\u2033]<\/p>\n<p><strong>Datum:<\/strong> Freitag, der 10. April <strong>Zeit:<\/strong> 11.00\u201312.00 Uhr GMT<\/p>\n<p>[\/et_pb_text][et_pb_text _builder_version=\u201c4.27.5\u2032\u2032 _module_preset=\u201edefault\u201c text_text_color=\u201c#000000\u2032\u2032 hover_enabled=\u201d0\u2032\u2032 global_colors_info=\u201d{}\u201d sticky_enabled=\u201d0\u2032\u2032]<\/p>\n<p>Dieser Vortrag stellt Universal Design for Guidance (UDG) vor, einen Ansatz, der von Dr. Mary Quirke entwickelt wurde und in ihrer Doktorarbeit und Praxis in der inklusiven Karriereentwicklung begr\u00fcndet ist. Auf der Grundlage von Berufsberatungstheorie, Psychologie, Design, P\u00e4dagogik und Behindertenmodellen konzipiert die UDG die Beratung als einf\u00fchlsamen, relationalen und erm\u00e4chtigenden Prozess.<\/p>\n<p>\u00a0Im Einklang mit den Zielen der Vereinten Nationen f\u00fcr nachhaltige Entwicklung und den Anforderungen einer sich ver\u00e4ndernden Welt f\u00f6rdert der Ansatz flexible, integrative Praktiken, die die Vielfalt aller Lernenden anerkennen. W\u00e4hrend es in der Arbeit mit Menschen mit Behinderungen verwurzelt ist, zeigt es, wie die Gestaltung f\u00fcr Inklusion die Orientierung f\u00fcr alle verbessert. Die Teilnehmer werden aufgefordert, traditionelle Beratungsmodelle zu \u00fcberdenken und zu untersuchen, wie leichter zug\u00e4ngliche, reaktionsf\u00e4higere und gerechtere Beratungsbeziehungen in verschiedene europ\u00e4ische Kontexte eingebettet werden k\u00f6nnen.<\/p>\n<p>[\/et_pb_text][\/et_pb_column][et_pb_column type=\u201d1_2\u2033 _builder_version=\u201d4.27.5\u2033 _module_preset=\u201ddefault\u201d global_colors_info=\u201d{}\u201d][et_pb_countdown_timer date_time=\u201d2026-04-10 11:00\u2033 _builder_version=\u201d4.27.5\u2033 _module_preset=\u201ddefault\u201d background_color=\u201d#1f187f\u201d hover_enabled=\u20190\u2033 global_colors_info=\u2019{}\u201d sticky_enabled=\u20190\u2033][\/et_pb_countdown_timer][et_pb_button button_url=\u2019https:\/\/events.teams.microsoft.com\/event\/629a69e5-23a6-433d-838d-00c966405238@f5366bb4-0485-4544-8baa-c80dddc368234\u2033 url_new_window=\u2019on\u2019butbutbut _text=\u2019Register here\u2018 button_alignment=\u2019left\u2018_builder_version=\u20194.27.5\u2033 _module_preset=\u2019default\u2019 custom_button=\u2019\u2019on\u2019_text_color=\u2019\u2018#1d08a5\u2033-Schaltfl\u00e4che_border_color=\u201c#000000\u2033-Taste_icon_color=\u201c#0d077f\u201d button_on_hover=\u201doff\u201d custom_margin=\u201d0px|0px|0px|151px|false|false\u201d hover_enabled=\u201d0\u2033 global_colors_info=\u201d{}\u201d sticky_enabled=\u201d0\u2033][\/et_pb_button][\/et_pb_column][\/et_pb_row _builder_version=\u201d4.27.5_module_preset=\u201ddefault\u201d global\u2033 _colors_info=\u201d{}\u201d][et_pb_column type=\u201d4_4_builder_version=\u201d4.27.5\u2033 _module_preset=\u2019default\u201d global\u2033 _colors_info=\u2019{}}\u201d#000000\u2033 _builder_version=\u201d4.27.5\u2033 _module_preset=\u201ddefault\u201d global_colors_info=\u201d{}\u201d][\/et_pb_divider][\/et_pb_column][\/et_pb_row][\/et_pb_section][et_pb_section fb_built=\u201d1\u2033 admin_label=\u201dFooter\u201d _builder_version=\u201d4.27.5\u2033 _module_preset=\u201df1c4f717-2356-4e3f-ac1b-1e293a6cc08a\u201d min_height=\u201d269.3px\u201d height=\u201d357px\u201d custom_margin=\u201d-13px||||false|false\u201d custom_padding=\u201d0px9px||fals||fals|preset=_.#FFFFFF\u201d custom_margin=\u201d||-20px|||\u201d global_colors_info=\u201d{}\u201d][\/et_pb_heading][et_pb_wpt_gravityform gravityform_id=\u201dgf-2\u2033 title=\u201doff\u201d description=\u2019off\u201d ajax=\u201don\u201d _builder_version=\u201d4.27.4\u2033 _module_preset=\u201ddefault\u201d transform_scale=\u201d94%|94%\u201d global_colors_info=\u201d{}\u201d][\/et_pb_wpt_gravityform][\/et_pb_column][et_pb_column type=\u201d1_3\u2033 _builder_version=\u201d4.25.1\u2033 _module_preset=\u2019default\u201d global_colors_info=\u201d{}\u201d][et_pb_heading title=\u2019Quick Links\u201d _builder_version=\u201d4.27.4\u2033 _module_preset=\u201d9595956592-a1b1-43fb-aaa7b-d69d7b858e52\u2033 title_font=\u201dVerdana||||||||text_color=\u201d#FFFFFF\u201c positioning=\u201enone\u201c custom_margin=\u201e||10px|46px|false |false\u201c custom_padding=\u201e|||55px||\u201c locked=\u201eoff\u201c global_colors_info=\u201e{}\u201c][\/et_pb_heading][et_pb_text _builder_version=\u201e4.27.4\u2033 _module_preset=\u201e01dbb295-3347-4b31-936e-cb09b186d00f\u201c text_font=\u201eVerdana||||||||\u201c custom_margin=\u201e||8px|53px|false|false\u201c custom_padding=\u201e|75px||48px||\u201c link_option_url=\u201ehttps:\/euroguidance.ie\/en\/about]\u201c<\/p>\n<p>Euroguidance<\/p>\n<p>[\/et_pb_text][et_pb_text _builder_version=\u201d4.27.4\u2032\u2032 _module_preset=\u201d01dbb295-3347-4b31-936e-cb09b186d00f\u201d text_font=\u201dVerdana \u2047 \u201d custom_margin=\u201d \u2047 8px \u2047 50px \u2047 false \u2047 false\u201d custom_padding=\u201d \u2047 50px \u2047 \u201d link_option_url=\u201dhttps:\/\/\/euroguidance.ie\/de\/resources\/\u201d]<\/p>\n<p>Ressourcen<\/p>\n<p>[\/et_pb_text][et_pb_text _builder_version=\u201d4.27.4\u2032\u2032 _module_preset=\u201d01dbb295-3347-4b31-936e-cb09b186d00f\u201d text_font=\u201dVerdana \u2047 \u201d custom_margin=\u201d \u2047 8px \u2047 49px \u2047 false \u2047 false\u201d custom_padding=\u201d \u2047 51px \u2047 \u201d link_option_url=\u201dhttps:\/\/\/euroguidance.ie\/de\/contact-us\/\u201d]<\/p>\n<p>Kontakt<\/p>\n<p>[\/et_pb_text][et_pb_text _builder_version=\u201d4.27.4\u2032\u2032 _module_preset=\u201d01dbb295-3347-4b31-936e-cb09b186d00f\u201d text_font=\u201dVerdana \u2047 \u201d custom_margin=\u201d \u2047 8px \u2047 51px \u2047 false \u2047 false\u201d custom_padding=\u201d \u2047 49px \u2047 \u201d link_option_url=\u201dhttps:\/\/euroguidance.ie\/privacy-statement\/\u201d]<\/p>\n<p>Datenschutzerkl\u00e4rung<\/p>\n<p>[\/et_pb_text][\/et_pb_column][et_pb_column type=\u201d1_3\u2032\u2032 _builder_version=\u201d4.25.1\u2032\u2032 _module_preset=\u201ddefault\u201d global_colors_info=\u201d{}\u201d][et_pb_image src=\u201dhttps:\/\/\/euroguidance.ie\/wp-content\/uploads\/2026\/01\/EN_Co-Funded_by_the_EU_PANTONE-scaled.png\u201d alt=\u201dCo-Funded by European Union\u201d title_text=\u201dEN_Co-Funded_by_the_EU_PANTONE\u201d align=\u201dcenter\u201d _builder_version=\u201d4.27.4.4\u2032\u2032\u2032 _module_preset=\u2019default\u2019 global_color_info=}} b_image][\/et_pb_column][\/et_pb_row][\/et_pb_section] - Wer hat geschrieben?<\/p>","protected":false},"excerpt":{"rendered":"<p>Datum: Freitag, 10. April Zeit: 11.00 - 12.00 Uhr GMTDieser Vortrag stellt Universal Design for Guidance (UDG) vor, einen Ansatz, der von Dr. Mary Quirke entwickelt wurde und in ihrer Doktorarbeit und Praxis in der integrativen Karriereentwicklung begr\u00fcndet ist. Auf der Grundlage von Berufsberatungstheorie, Psychologie, Design, P\u00e4dagogik und Behindertenmodellen konzipiert die UDG die Beratung als einf\u00fchlsam, relational und [\u2026]<\/p>","protected":false},"author":9,"featured_media":0,"parent":0,"menu_order":0,"comment_status":"closed","ping_status":"closed","template":"","meta":{"_et_pb_use_builder":"on","_et_pb_old_content":"<!-- wp:divi\/placeholder \/-->","_et_gb_content_width":"","footnotes":""},"class_list":["post-980","page","type-page","status-publish","hentry"],"_links":{"self":[{"href":"https:\/\/euroguidance.ie\/de\/wp-json\/wp\/v2\/pages\/980","targetHints":{"allow":["GET"]}}],"collection":[{"href":"https:\/\/euroguidance.ie\/de\/wp-json\/wp\/v2\/pages"}],"about":[{"href":"https:\/\/euroguidance.ie\/de\/wp-json\/wp\/v2\/types\/page"}],"author":[{"embeddable":true,"href":"https:\/\/euroguidance.ie\/de\/wp-json\/wp\/v2\/users\/9"}],"replies":[{"embeddable":true,"href":"https:\/\/euroguidance.ie\/de\/wp-json\/wp\/v2\/comments?post=980"}],"version-history":[{"count":20,"href":"https:\/\/euroguidance.ie\/de\/wp-json\/wp\/v2\/pages\/980\/revisions"}],"predecessor-version":[{"id":1433,"href":"https:\/\/euroguidance.ie\/de\/wp-json\/wp\/v2\/pages\/980\/revisions\/1433"}],"wp:attachment":[{"href":"https:\/\/euroguidance.ie\/de\/wp-json\/wp\/v2\/media?parent=980"}],"curies":[{"name":"wp","href":"https:\/\/api.w.org\/{rel}","templated":true}]}}