{"id":419,"date":"2025-04-08T16:07:14","date_gmt":"2025-04-08T15:07:14","guid":{"rendered":"https:\/\/euroguidance.ie\/?page_id=419"},"modified":"2026-01-14T10:49:32","modified_gmt":"2026-01-14T10:49:32","slug":"enic-naric-networks","status":"publish","type":"page","link":"https:\/\/euroguidance.ie\/de\/enic-naric-networks\/","title":{"rendered":"ENIC-NARIC-Netze"},"content":{"rendered":"<p>[et_pb_section fb_built=\u201d1\u2032\u2032 admin_label=\u201dHeader\u201d _builder_version=\u201d4.27.4\u2032\u2032 _module_preset=\u201ded3a2270-0d1b-4161-8645-f529b8b3c5c0\u2032\u2032 background_color_gradient_direction=\u201d193deg\u201d background_color_gradient_stops=\u201dgcid-d119accd-44d7-4f2f-b9d7-599c8463324b 0%\u2047 rgba(7,33,48,0.6) 37%\u2047 rgba(255.255.255,0) 62%\u2047 gcid-1cd7c6da-5fe0-4f78-8345-603cff3cbdfc 100%\u2019 background_image=\u2019https:\/\/euroguidance.ie\/wp-content\/uploads\/2025\/02\/students3.jpg\u2019 background_enable_image=\u2019on\u2018 parallax=\u2019on\u2018 background_blend=\u2019darken\u2018 min_height=\u2019332.6px\u2019 custom_margin=\u2019 \u2047 53px \u2047 \u2019 locked=\u2019off\u2018 collapsed=\u2019off\u2019 global_colors_info=\u2019{\u201c Hintergrundbild=\u201ehttps:\/\/\/euroguidance.ie\/wp-content\/uploads\/2025\/02\/students3.jpg\u2019 background_enable_image=\u2019on\u2018 parallax=\u2019on\u2019 background_blend=\u2019darken\u2018 min_height=\u2019\u2019332.6px\u2019 custom_margin=\u2019 \u2047 53px \u2047 \u2019 locked=\u2019off\u2019gcid-1f1bf5fb-a99d-4acc-8d9e-ddac074c158c:background_color_gradient_stops,background_color_gradient_stops,background_color_gradient_stops,gcid-4c79ba3d-a281-4fb6-9b14-02f9a4c793f2:background_color_gradient_stops,background_color_gradient_stops,background_color_gradient_stops,gcid-688c464a-d6f2-4296-b592-395352c71c79:background_color_gradient_stops,background_color_gradient_stops,background_color_gradient_stops,gcid-d119accd-44d7-4f2f-b9d7-599c8463324b:background_color_gradient_stops,background_color_gradient_stops,background_color_gradient_stops,gcid-2352d280-fe84-43b1-a71e-f400c35a526a:background_color_gradient_stops,gcid-9e22d70d-67ee-4430-bed3-4bc105d4ef1e:background_color_gradient_stops,gcid-1cd7c6da-5fe0-4f78-8345-603cff3cbdfc:background_color_gradient_stops}][et_pb_row _builder_version=\u201d4.25.1\u2032 _module_preset=\u201ddefault\u201d global_colors_info=\u201d{}\u201d][et_pb_column type=\u201d4_4\u2032\u2032 _builder_version=\u201d4.25.1\u2032\u2032 _module_preset=\u201ddefault\u201d global_colors_info=\u201d{}\u201d][et_pb_heading title=\u201dENIC \u2013 NARIC\u201d _builder_version=\u201d4.27.4\u2032\u2032\u2032\u2032 _module_preset=\u201dbe0d0648-3112-47a9-843b-14168fe1dabd\u201d title_level=\u201dh2\u2032 title_font=\u201dVerdana \u2047 \u201d title_textalign=\u201dcenter\u201d title_text_color=\u201d#ededed\u201d title_font_size=\u201d60px\u201d background_color=\u201dRGBA(255,255,255,0)\u201d custom_margin=\u201d40px \u2047 10px \u2047 false \u2047 false\u201d title_font_size_tablet=\u201d45px\u201d title_font_size_phone=\u201d27px\u201d title_font_size_last_edited=\u201don \u2047 phone\u201d global_colors_info=\u201d{gcid-12627f56-04f6-43cc-b53c-4ff92851d432:Hintergrund_Maske_Farbe}][\/et_pb_heading][\/et_pb_column][\/et_pb_row][\/et_pb_section][et_pb_section fb_built=\u201d1\u2032\u2032 _builder_version=\u201d4.27.4\u2032\u2032 _module_preset=\u201ddefault\u201d custom_padding=\u201d0px \u2047 \u201d global_colors_info=\u201d{}\u201d][et_pb_column type=\u201d4_4\u2032\u2032\u2032 _builder_version=\u201d4.27.4\u2032\u2032 _module_preset=\u201ddefault\u201d global_colors_info=\u201d}}][et_pb_column type=\u201d4_4\u2032\u2032\u2032 _builder_version=\u201d4.27.4\u2032\u2032\u2032 _module_preset=\u201ddefault\u201d global_colors_info=\u201d{}}][et_pb_text_builder_version=4. _module_preset=\u201edefault\u201c hover_enabled=\u201e0\u2032\u2032 global_colors_info=\u201c{}\u201c text_text_color=\u201c#000000\u2032\u2032 text_font_size=\u201e16px\u201c sticky_enabled=\u201e0\u2032\u2032]<\/p>\n<p style=\"text-align: center;\"><span style=\"color: #000000;\">Die ENIC-NARIC-Netze sind das Ergebnis einer laufenden Zusammenarbeit zwischen den nationalen Informationszentren f\u00fcr die akademische Anerkennung von Qualifikationen in insgesamt 56 L\u00e4ndern, die nach den Grunds\u00e4tzen des Lissabonner Anerkennungs\u00fcbereinkommens von 1997 t\u00e4tig sind.<\/span><\/p>\n<p>[\/et_pb_text][\/et_pb_column][\/et_pb_row][\/et_pb_section][et_pb_section fb_built=\u201d1\u2032\u2032 _builder_version=\u201d4.27.4\u2032\u2032 _module_preset=\u201ddefault\u201d min_height=\u201d1084.5px\u201d custom_margin=\u201d-57px \u2047 -282px \u2047 \u201d custom_padding=\u201d0px \u2047 \u201d global_colors_info=\u201d{}\u201d][et_pb_row column_structure=\u201d1_2,1_2\u2032\u2032\u2032 _builder_version=\u201d4.27.4\u2032\u2032 _module_preset=\u201ddefault\u201d global_colors_info=\u201d{}}]][et_pb_column type=\u201d1\u2032\u2032_builder_version=\u201d4.4.4.4\u2032\u2032_module_preset=_ico____conf__cons__def_______name_name_name_name_name_name_name_name_name_name_name_name_name_name_name_name_name_name_name_name_name_name_name_name_name_name_name_name_name_name_name_name_name_name_name_name_name_name_name_name_name_name_name_name_name_name_name_name_name_name_name_name_name_name_name_name_name_name_name_name_name_name_name_name_name_name_name_name_name_name_name_name_name_name_name_name_name_name_name_name_name_name_name_name_name_name_name_name_name_name_name_name_name_name_name_name_name_name_name_name_name_name_name_name_name_name_name_name_name_name_name_name_name_name_name_name_name_name_name_name_name_name_name_name_name_name_name_name_name_name_name_name_name_name_name_name_name_name_name_name_name_name_name_name_name_name_name_name_name_name_name_name_name_name_name_name_name_name_name_name_name_name_name_name_name_name_name_name_name_name_name_name_name_name_name_name_name_name_name_name_name_name_name_name_name_name_name_name_name_name_name_name_name_name_name_name_name_name_name_name_name_name_name_name_name_name_name_name_name_name_name_name_name_name_name_name_name_name_name_name_name_name_name_name_name_name_name_name_name_name_name_name_name_name_name_name_name_name_name_name_name_name_name_name_name_name_name_name_name_name_name_name_name_name_name_name_name_name_name_name_name_name_name_name_name_name_name_name_name_name_name_name_name_name_name_name_name_name_name_name_#7b2d72\u2032\u2032 _builder_version=\u201d4.27.4\u2032\u2032 _module_preset=\u201ddefault\u201d global_colors_info=\u201d{}\u201d][\/et_pb_icon][et_pb_button button_url=\u201dhttps:\/\/www.enic-naric.net\/page-lisbon-recognition-convention\u201d url_new_window=\u201don\u201d button_text=\u201dWeitere Informationen finden Sie hier \u201d button_alignment=\u201dcenter\u201d _builder_version=\u201d4.27.4\u2032\u2032 _module_preset=\u201ddefault\u201d custom_button=\u201don\u201d button_text_color=\u201d#000044\u2032\u2032 global_colors_info=\u201d{}\u201d][\/et_pb_button][\/et_pb_column][et_pb_column type=\u201d1_2\u2032\u2032 _builder_version=\u201d4.27.4\u2032\u2032 _module_preset=\u201ddefault\u201d global_colors_info=\u201d{}\u201d][et_pb_heading title=\u201dENIC-NARIC liefert Informationen an:\u201d _builder_version=\u201d4.27.4\u2032\u2032 _module_preset=\u201ddefault\u201d hover_enabled=\u201d0\u2032\u2032 global_colors_info=\u201d{}\u201d title_text_color=\u201d#000000\u2032\u2032 sticky_enabled=\u201d0\u2032\u2032][\/et_pb_heading][et_pb_text _builder_version=\u201d4.27.4\u2032\u2032 _module_preset=\u201ddefault\u201d hover_enabled=\u201d0\u2032\u2032 global_colors_info=\u201d{}\u201d text_text_color=\u201d#000000\u2032\u2032 text_font_size=\u201e16px\u201c sticky_enabled=\u201e0\u2032\u2032]<\/p>\n<ul>\n<li style=\"text-align: left;\"><span style=\"color: #000000;\">Personen, die arbeiten, um im Ausland zu studieren oder zu arbeiten<\/span><\/li>\n<li style=\"text-align: left;\"><span style=\"color: #000000;\">Bewerter von Berechtigungsnachweisen<\/span><\/li>\n<li style=\"text-align: left;\"><span style=\"color: #000000;\">Hochschuleinrichtungen<\/span><\/li>\n<li style=\"text-align: left;\"><span style=\"color: #000000;\">Arbeitgeber<\/span><\/li>\n<\/ul>\n<p>[\/et_pb_text][\/et_pb_column][\/et_pb_color_pb_row][et_pb_row _builder_version=\u20184.27.4\u2032\u2032 _module_preset=\u2018default\u2018 custom_margin=\u20181px \u2047 226px \u2047 false \u2047 false\u2018 global_colors_info=\u2018{}]][et_pb_column type=\u20184_4\u2032\u2032\u2032 _builder_version=\u20184.27.4\u2032\u2032\u2032 _module_preset=\u20192025\/04\/Enic-Countries.png=\u2018 alt\u2019][et_pb_image src=\u2018_text_builder=\u20194____________________________________________________________________________________________________________________________________________________________________________________________________________________________________________________________________________________________________________________________________________________________________________________________________________________________________________________________________________________________________________________________________________________________________________________________________________________________________________________________________________________________________________________________________________________________________________________________________________________________________________________________________________________________________________________________________________________________________________________________________________________________________________________________________________________________________________________________________________________________________________________________________________________________________________________________________________________________________________________________________________________________________________________________________________________________________________________________________________________________________________________________________________________________________________________________________________________________________________________________________________________________________________________________________________________________________________________________________________________________________________________________________________________________________________________________________________________________________________________________#FFFFFF\u201d custom_margin=\u201d \u2047 -20px \u2047 \u201d global_colors_info=\u201d{}\u201d][\/et_pb_heading][et_pb_wpt_gravityform gravityform_id=\u201dgf-2\u2032\u2032 title=\u2019off\u201d description=\u2019off\u201d ajax=\u2019on\u201d _builder_version=\u201d4.27.4\u2032\u2032 _module_preset=\u201ddefault\u201d transform_scale=\u201d94%|94%\u201d global_colors_info=\u201d{}\u201d][\/et_pb_wpt_gravityform][\/et_pb_column][et_pb_column type=\u201d1_2\u2032\u2032 _builder_version=\u201d4.25.1\u2032\u2032 _module_preset=\u201ddefault\u201d global_colors_info=\u201d{}\u201d][et_pb_heading title=\u201dQuick Links\u201d _builder_version=\u201d4.27.4\u2032\u2032\u2032 _module_preset=\u201d9595956592-a1b1-43fb-aaa7b-d69d7b858e52\u2032\u2032 title_font=\u201dVerdana \u2047 \u201d title_text_color=\u201d#FFFFFF\u201d custom_margin=\u201d \u2047 10px \u2047 false \u2047 false\u201d locked=\u201doff\u201d global_colors_info=\u201d{}\u201d][\/et_pb_heading][et_pb_text _builder_version=\u201d4.27.4\u2032\u2032 _module_preset=\u201d01dbb295-3347-4b31-936e-cb09b186d00f\u201d text_font=\u201dVerdana \u2047 \u201d custom_margin=\u201d \u2047 8px \u2047 false \u2047 false\u201d link_option_url=\u201dhttps:\/\/\/euroguidance.ie\/en\/about\/\u201d]<\/p>\n<p>Euroguidance<\/p>\n<p>[\/et_pb_text][et_pb_text _builder_version=\u201d4.27.4\u2032\u2032 _module_preset=\u201d01dbb295-3347-4b31-936e-cb09b186d00f\u201d text_font=\u201dVerdana \u2047 \u201d custom_margin=\u201d \u2047 8px \u2047 false \u2047 false\u201d link_option_url=\u201dhttps:\/\/euroguidance.ie\/de\/resources\/\u201d]<\/p>\n<p>Ressourcen<\/p>\n<p>[\/et_pb_text][et_pb_text _builder_version=\u201d4.27.4\u2032\u2032 _module_preset=\u201d01dbb295-3347-4b31-936e-cb09b186d00f\u201d text_font=\u201dVerdana \u2047 \u201d custom_margin=\u201d \u2047 8px \u2047 false \u2047 false\u201d link_option_url=\u201dhttps:\/\/euroguidance.ie\/de\/contact-us\/\u201d]<\/p>\n<p>Kontakt<\/p>\n<p>[\/et_pb_text][et_pb_text _builder_version=\u201d4.27.4\u2032\u2032 _module_preset=\u201d01dbb295-3347-4b31-936e-cb09b186d00f\u201d text_font=\u201dVerdana \u2047 \u201d custom_margin=\u201d \u2047 8px \u2047 false \u2047 false\u201d]<\/p>\n<p>Datenschutzerkl\u00e4rung<\/p>\n<p>[\/et_pb_text][\/et_pb_column][\/et_pb_row][\/et_pb_section] - Wer hat geschrieben?<\/p>","protected":false},"excerpt":{"rendered":"<p>Die ENIC-NARIC-Netze sind das Ergebnis einer laufenden Zusammenarbeit zwischen den nationalen Informationszentren f\u00fcr die akademische Anerkennung von Qualifikationen in insgesamt 56 L\u00e4ndern, die nach den Grunds\u00e4tzen des Lissabonner Anerkennungs\u00fcbereinkommens von 1997 t\u00e4tig sind. Personen, die im Ausland studieren oder arbeiten Credential evaluators Hochschuleinrichtungen Arbeitgeber EuroguidanceRessourcenKontaktDatenschutzerkl\u00e4rung<\/p>","protected":false},"author":9,"featured_media":0,"parent":0,"menu_order":0,"comment_status":"closed","ping_status":"closed","template":"","meta":{"_et_pb_use_builder":"on","_et_pb_old_content":"","_et_gb_content_width":"","footnotes":""},"class_list":["post-419","page","type-page","status-publish","hentry"],"_links":{"self":[{"href":"https:\/\/euroguidance.ie\/de\/wp-json\/wp\/v2\/pages\/419","targetHints":{"allow":["GET"]}}],"collection":[{"href":"https:\/\/euroguidance.ie\/de\/wp-json\/wp\/v2\/pages"}],"about":[{"href":"https:\/\/euroguidance.ie\/de\/wp-json\/wp\/v2\/types\/page"}],"author":[{"embeddable":true,"href":"https:\/\/euroguidance.ie\/de\/wp-json\/wp\/v2\/users\/9"}],"replies":[{"embeddable":true,"href":"https:\/\/euroguidance.ie\/de\/wp-json\/wp\/v2\/comments?post=419"}],"version-history":[{"count":14,"href":"https:\/\/euroguidance.ie\/de\/wp-json\/wp\/v2\/pages\/419\/revisions"}],"predecessor-version":[{"id":1297,"href":"https:\/\/euroguidance.ie\/de\/wp-json\/wp\/v2\/pages\/419\/revisions\/1297"}],"wp:attachment":[{"href":"https:\/\/euroguidance.ie\/de\/wp-json\/wp\/v2\/media?parent=419"}],"curies":[{"name":"wp","href":"https:\/\/api.w.org\/{rel}","templated":true}]}}