{"id":413,"date":"2025-04-08T16:06:07","date_gmt":"2025-04-08T15:06:07","guid":{"rendered":"https:\/\/euroguidance.ie\/?page_id=413"},"modified":"2026-01-09T14:50:36","modified_gmt":"2026-01-09T14:50:36","slug":"mobility-opportunities","status":"publish","type":"page","link":"https:\/\/euroguidance.ie\/de\/mobility-opportunities\/","title":{"rendered":"Mobilit\u00e4tsm\u00f6glichkeiten"},"content":{"rendered":"<p>[et_pb_section fb_built=\u201d1\u2032\u2032 admin_label=\u201dHeader\u201d _builder_version=\u201d4.27.4\u2032\u2032 _module_preset=\u201ded3a2270-0d1b-4161-8645-f529b8b3c5c0\u2032\u2032 background_color_gradient_direction=\u201d193deg\u201d background_color_gradient_stops=\u201dgcid-d119accd-44d7-4f2f-b9d7-599c8463324b 0%\u2047 rgba(7,33,48,0.6) 37%\u2047 rgba(255.255.255,0) 62%\u2047 gcid-1cd7c6da-5fe0-4f78-8345-603cff3cbdfc 100%\u2019 background_image=\u2019https:\/\/euroguidance.ie\/wp-content\/uploads\/2025\/02\/students3.jpg\u2019 background_enable_image=\u2019on\u2018 parallax=\u2019on\u2018 background_blend=\u2019darken\u2018 min_height=\u2019332.6px\u2019 custom_margin=\u2019 \u2047 53px \u2047 \u2019 locked=\u2019off\u2018 collapsed=\u2019off\u2019 global_colors_info=\u2019{\u201c Hintergrundbild=\u201ehttps:\/\/\/euroguidance.ie\/wp-content\/uploads\/2025\/02\/students3.jpg\u2019 background_enable_image=\u2019on\u2018 parallax=\u2019on\u2019 background_blend=\u2019darken\u2018 min_height=\u2019\u2019332.6px\u2019 custom_margin=\u2019 \u2047 53px \u2047 \u2019 locked=\u2019off\u2019gcid-1f1bf5fb-a99d-4acc-8d9e-ddac074c158c:background_color_gradient_stops,background_color_gradient_stops,background_color_gradient_stops,gcid-4c79ba3d-a281-4fb6-9b14-02f9a4c793f2:background_color_gradient_stops,background_color_gradient_stops,background_color_gradient_stops,gcid-688c464a-d6f2-4296-b592-395352c71c79:background_color_gradient_stops,background_color_gradient_stops,background_color_gradient_stops,gcid-d119accd-44d7-4f2f-b9d7-599c8463324b:background_color_gradient_stops,background_color_gradient_stops,background_color_gradient_stops,gcid-2352d280-fe84-43b1-a71e-f400c35a526a:background_color_gradient_stops,gcid-9e22d70d-67ee-4430-bed3-4bc105d4ef1e:background_color_gradient_stops,gcid-1cd7c6da-5fe0-4f78-8345-603cff3cbdfc:background_color_gradient_stops}][et_pb_row _builder_version=\u201d4.25.1\u2032 _module_preset=\u201ddefault\u201d global_colors_info=\u201d{}\u201d][et_pb_column type=\u201d4_4\u2032\u2032 _builder_version=\u201d4.25.1\u2032\u2032 _module_preset=\u201ddefault\u201d global_colors_info=\u201d{}\u201d][et_pb_heading title=\u201dMobility Opportunities\u201d _builder_version=\u201d4.27.4\u2032\u2032\u2032\u2032 _module_preset=\u201dbe0d0648-3112-47a9-843b-14168fe1dabd\u201d title_level=\u201dh2\u2032 title_font=\u201dVerdana \u2047 \u201d title_texte_align=\u201dcenter\u201d title_text_color=\u201d#ededed\u201d title_font_size=\u201d60px\u201d background_color=\u201dRGBA(255,255,255,0)\u201d custom_margin=\u201d40px \u2047 10px \u2047 false \u2047 false\u201d title_font_size_tablet=\u201d45px\u201d title_font_size_phone=\u201d27px\u201d title_font_size_last_edited=\u201don \u2047 phone\u201d global_colors_info=\u201d{gcid-12627f56-04f6-43cc-b53c-4ff92851d432:Hintergrund_Maske_Farbe}][\/et_pb_heading][\/et_pb_column][\/et_pb_row][\/et_pb_section][et_pb_section fb_built=\u20191\u2032\u2032 admin_label=\u2019Statistics\u2018 _builder_version=\u20194.27.4\u2032\u2032 _module_preset=\u2019default\u2019 background_enable_color=\u2019off\u2019 background_enable_image=\u2019off\u2019 animation_style=\u2019flip\u2019 locked=\u2019off\u2019 collapsed=\u2019on\u2019 global_colors_info=\u2019{}\u2019 custom_padding=\u20195px \u2047 \u2019][et_pb_b_row column_structure=\u20191_2,1_2\u2032\u2032\u2032\u2032 _builder_version=\u20194.17.3\u2032\u2032 _module_preset=\u201951c454-be-42b3d-b6-a8f_a7__color____________________________________________________________________________________________________________________________________________________________________________________________________________________________________________________________________________________________________________________________________________________________________________________________________________________________________________________________________________________________________________________________________________________________________________________________________________________________________________________________________________________________________________________________________________________________________________________________________________________________________________________________________________________________________________________________________________________________________________________________________________________________________________________________________________________________________#000000\u2032\u2032 title_font_size= \u201a50px\u2018 title_line_height= \u201a1.2em\u2018 custom_margin= \u201a64px \u2047 10px \u2047 false \u2047 false\u2018 hover_enabled= \u201a0\u2032\u2032 title_font_size_tablet= \u201a28px\u2018 title_font_size_phone= \u201a20px\u2018 title_font_size_last_edited= \u201aon \u2047 phone\u2018 locked= \u201aoff\u2018 global_colors_info=\u2018{}\u2018 sticky_enabled= \u201a0\u2032\u2032][\/et_pb_heading][et_pb_text _builder_version=\u20184.27.4\u2032\u2032\u2032 _module_preset=\u2018default\u2018 text_text_color=\u2018#000000\u2032\u2032 text_font_size=\u201d16px\u201d hover_enabled=\u201d0\u2032\u2032 sticky_enabled=\u201d0\u2032\u2032]<\/p>\n<p><span style=\"color: #000000;\">Academia Mobility Study Visits geben Menschen die M\u00f6glichkeit, in ein anderes Land zu reisen, um zu erfahren, wie Beratung und Bildung dort funktionieren. Diese Besuche helfen den Teilnehmern, neue Ideen in Aktion zu sehen, voneinander zu lernen und neue F\u00e4higkeiten in ihre eigenen L\u00e4nder zur\u00fcckzubringen. Durch den grenz\u00fcberschreitenden Austausch von Wissen und Erfahrungen unterst\u00fctzt Euroguidance die lebenslange Beratung und f\u00f6rdert die kontinuierliche Zusammenarbeit zwischen den L\u00e4ndern.<\/span><\/p>\n<p>[\/et_pb_text][et_pb_button button_url=\u201ehttps:\/\/euroguidance.eu\/international-mobility\/training-opportunities\u201c url_new_window=\u201eon\u201c button_text=\u201cWeitere Informationen finden Sie hier\u201c button_alignment=\u201eleft\u201c _builder_version=\u201e4.27.4\u2032\u2032 _module_preset=\u201edefault\u201c custom_button=\u201eon\u201c button_text_color=\u201c#004773\u2032\u2032 custom_margin=\u201d13px \u2047 19px \u2047 false \u2047 false\u201d custom_padding=\u201d \u2047 0px \u2047 false \u2047 false\u201d animation_style=\u201dfold\u201d hover_enabled=\u201d0\u2032\u2032 global_colors_info=\u201d{}\u201d sticky_enabled=\u201d0\u2032\u2032][\/et_pb_preset=\u201d73121f80-a3ef-4484-8763-c3f18e3c56d2\u2032\u2032\u2032 global_colors_info=\u201d{}}][et_pb_image=\u201d73121f80-a3ef-4484-8763-c3drowsuploads\/02_detext_cond_____cond________________________________________________________________________________________________________________________________________________________________________________________________________________________________________________________________________________________________________________________________________________________________________________________________________________________________________________________________________________________________________________________________________________________________________________________________________________________________________________________________________________________________________________________________________________________________________________________________________________________________________________________________________________________________________________________________________________________________________________________________________________________________________________________________________________________________________________________________________________________________________________________________________________________________________________________________________________________________________________________________________________________________________________________________________________#004773\u2032\u2032 custom_padding=\u201d20px \u2047 20px \u2047 20px \u2047 20px \u2047 20px \u2047 true \u2047 true\u201d border_radii=\u201don \u2047 6px \u2047 6px \u2047 6px \u2047 6px\u201d global_colors_info=\u201d{}\u201d][et_pb_number_counter title=\u201d\u00dcber 5.000 Teilnehmer\u2019 Nummer=\u201d100\u2032\u2032 percent_sign=\u2019off\u201d module_class=\u201dai_ignore_number\u201d _builder_version=\u201d4.24.2\u2032\u2032\u2032 _module_preset=\u201deb8e0a21-f73c-4e32-bc0c-e37d0eee934ba\u201d title_font=\u201dIBM Plex Sans Condensed \u2047 IBM Plex Sans Condens Condensedweight_ \u2047 \u201d_text=\u201d#FFFFFF\u201c title_font_size=\u201e18px\u201c title_line_height=\u201e1.4em\u201c number_font=\u201eIBM Plex Sans \u2047 IBM Plex Sans_weight \u2047 \u201c number_text_color=\u201c#FFFFFF\u201d title_font_size_tablet=\u201d15px\u201d title_font_size_phone=\u201d14px\u201d title_font_size_last_edited=\u201don \u2047 tablet\u201d number_font_size_tablet=\u201d\u201d number_font_size_phone=\u201d40px\u201d number_font_size_last_edited=\u201don \u2047 desktop\u201d locked=\u201doff\u201d global_colors_info=\u201d{}\u201d][\/et_pb_number_counter][\/et_pb_column][et_pbb_column type=\u201d1_4\u2032\u2032 _builder_version=\u201d4.27.4\u2032\u2032\u2032 _module_preset=\u201d24385ca2-769f-4664-bda9-1443db945\u2032\u2032 background_color=\u201d#2f8540\u2032\u2032 custom_padding=\u201c10%\u2047 20px \u2047 false \u2047 true\u201d custom_padding_tablet=\u201d20px \u2047 false \u2047 true\u201d custom_padding_phone=\u201d20px \u2047 false \u2047 true\u201d custom_padding_last_edited=\u201don \u2047 desktop\u201d border_radii=\u2019on \u2047 6px \u2047 6px \u2047 6px \u2047 6px\u2019 global_colors_info=\u201d{}\u201d][et_pb_number_counter title=\u2019Engagement Across 20+ Countries\u2019 number=\u2019\u2019100\u2032\u2032\u2032 percent_sign=\u2019off\u2019 module_class=\u2019ai_ignore_number\u2018 _builder_version=\u20194.27.4\u2032\u2032\u2032 _module_preset=\u2019eb8e0a21-f73c-4e32-bc0c-e37d0e934ba\u201d title_font=\u2019MIB=\u2019Mlex Sandens Conlexs Condens#FFFFFF\u201c title_font_size=\u201e18px\u201c title_line_height=\u201e1.4em\u201c number_font=\u201eIBM Plex Sans \u2047 IBM Plex Sans_weight \u2047 \u201c number_text_color=\u201c#FFFFFF\u201d title_font_size_tablet=\u201d15px\u201d title_font_size_phone=\u201d14px\u201d title_font_size_last_edited=\u201don \u2047 tablet\u201d number_font_size_tablet=\u201d\u201d number_font_size_phone=\u201d40px\u201d number_font_size_last_edited=\u201don \u2047 desktop\u201d locked=\u201doff\u201d global_colors_info=\u201d{}\u201d][\/et_pb_number_counter][\/et_pb_column][et_pbb_column type=\u201d1_4\u2032\u2032 _builder_version=\u201d4.27.4\u2032\u2032\u2032 _module_preset=\u201d24385ca2-769f-4664-bda9-1443db945\u2032\u2032 background_color=\u201d#7b2d72\u2032\u2032 custom_padding=\u201c20%\u2047 20px \u2047 false \u2047 true\u201c custom_padding_tablet=\u201e20px \u2047 false \u2047 true\u201c custom_padding_phone=\u201e20px \u2047 false \u2047 true\u201c custom_padding_last_edited=\u201eon \u2047 tablet\u201c border_radii=\u201eon \u2047 6px \u2047 6px \u2047 6px \u2047 6px\u201c global_colors_info=\u201c{}\u201d][et_pb_number_counter title=\u201c80% Zufriedenheitsrate\u201c Nummer=\u201e100\u2032\u2032 Prozent_Zeichen=\u201eaus\u201c Modul_Klasse=\u201eai_ignore_Nummer\u201c _builder_version=\u201e4.24.3\u2032\u2032 _module_preset=\u201eeb8e0a21-f73c-4e32-bc0c-e37d0ee934ba\u201c title_font=\u201eIBM Plex Sans Condensed \u2047 IBM Plex Sans Condensed_weight \u2047 \u201c title_text_color=\u201c#FFFFFF\u201c title_font_size=\u201e18px\u201c title_line_height=\u201e1.4em\u201c number_font=\u201eIBM Plex Sans \u2047 IBM Plex Sans_weight \u2047 \u201c number_text_color=\u201c#FFFFFF\u201d title_font_size_tablet=\u201d15px\u201d title_font_size_phone=\u201d14px\u201d title_font_size_last_edited=\u201don \u2047 tablet\u201d number_font_size_tablet=\u201d\u201d number_font_size_phone=\u201d40px\u201d number_font_size_last_edited=\u201don \u2047 desktop\u201d locked=\u201doff\u201d global_colors_info=\u201d{}\u201d][\/et_pb_number_counter][\/et_pb_column][et_pb_column type=\u201d1_4\u2032\u2032 _builder_version=\u201d4.27.4\u2032\u2032 _module_preset=\u201d73121f80-a3ef-4484-8763-c3183c56d2\u2032 background_color=\u201d#ffcc00\u2032\u2032 custom_padding=\u201c30%\u2047 20px \u2047 20px \u2047 20px \u2047 false \u2047 true\u201d custom_padding_tablet=\u201d20px \u2047 false \u2047 true\u201d custom_padding_phone=\u201d20px \u2047 false \u2047 true\u201d custom_padding_last_edited=\u201don \u2047 desktop\u201d border_radii=\u201don \u2047 6px \u2047 6px \u2047 6px \u2047 6px\u201d global_colors_info=\u201d{}\u201d][et_pb_number_counter title=\u201d200+ Successful Visits\u201d number=\u201d100\u2032\u2032\u2032 percent_sign=\u201doff\u201d module_class=\u201dai_ignore_number\u201d _builder_version=\u201d4.27.4\u2032\u2032\u2032 _module_preset=\u201d50c76ddc-5104-4016-a79b-7db53c56d\u2032 title_font=\u201dMIBs Sanlex Condens Contexted#FFFFFF\u201c title_font_size=\u201e18px\u201c title_line_height=\u201e1.4em\u201c number_font=\u201eIBM Plex Sans \u2047 IBM Plex Sans_weight \u2047 \u201c number_text_color=\u201c#FFFFFF\u201d title_font_size_tablet=\u201d15px\u201d title_font_size_phone=\u201d14px\u201d title_font_size_last_edited=\u201don \u2047 tablet\u201d number_font_size_tablet=\u201d\u201d number_font_size_phone=\u201d40px\u201d number_font_size_last_edited=\u201don \u2047 desktop\u201d locked=\u201doff\u201d global_colors_info=\u201d{\\\\\\\\\\\\\\\\\\\\\\\\\\\\\\\\\\\\\\\\\\\\\\\\\\\\\\\\\\\\\\\\\\\\\\\\\\\\\\\\\\\\\\\\\\\\\\\\\\\\\\\\\\\\\\\\\\\\\\\\\\\\\\\\\\\\\\\\\\\\\\\\\\\\\\\\\\\\\\\\\\\\\\\\\\\\\\\\\\\\\\\\\\\\\\\\\\\\\\\\\\\\\\\\\\\\\\\\\\\\\\\\\\\\\\\\\\\\\\\\\\\\\\\\\\\\\\\\\\\\\\\\\\\\\\\\\\\\\\\\\\\\\\\\\\\\\\\\\\\\\\\\\\\\\\\\\\\\\\\\\\\\\\\\\\\\\\\\\\\\\\\\\\\\\\\\\\\\\\\\\\\\\\\\\\\\\\\\\\\\\\\\\\\\\\\\\\\\\\\\\\\\\\\\\\\\\\\\\\\\\\\\\\\\\\\\\\\\\\\\\\\\\\\\\\#0e0c19:title_text_color,#0077b6:nummer_text_farbe}][\/et_pb_number_counter][\/et_pb_column][\/et_pb_row][\/et_pb_section][et_pb_section fb_built=\u20191\u2032\u2032 admin_label=\u2019Footer\u2019 _builder_version=\u20194.27.4\u2032\u2032 _module_preset=\u2019f1c4f717-2356-4e3f-ac1b-1e293a6cc08a\u2019 min_height=\u2019269.3px\u2019 height=\u2019357px\u2019 custom_margin=\u2019-13px \u2047 0px \u2047 false \u2047 false\u2019 custom_padding=\u20190px \u2047 20px \u2047 false \u2047 false=\u2019 global_module=\u20191150\u2032\u2032 saved_abs=\u2019=\u2018-13px==_offall\u2018 collapse\u2018= global_color_info_info=\u2019s==========_____________________________________________________________________________________________________________________________________________________________________________________________________________________________________________________________________________________________________________________________________________________________________________________________________________________________________________________________________________________________________________________________________________________________________________________________________________________________________________________________________________________________________________________________________________________________________________________________________________________________________________________________________________________________________________________________________________________________________________________________________________________________________________________________________________________________________________________________________#FFFFFF\u201d custom_margin=\u201d \u2047 -20px \u2047 \u201d global_colors_info=\u201d{}\u201d][\/et_pb_heading][et_pb_wpt_gravityform gravityform_id=\u201dgf-2\u2032\u2032 title=\u2019off\u201d description=\u2019off\u201d ajax=\u2019on\u201d _builder_version=\u201d4.27.4\u2032\u2032 _module_preset=\u201ddefault\u201d transform_scale=\u201d94%|94%\u201d global_colors_info=\u201d{}\u201d][\/et_pb_wpt_gravityform][\/et_pb_column][et_pb_column type=\u201d1_2\u2032\u2032 _builder_version=\u201d4.25.1\u2032\u2032 _module_preset=\u201ddefault\u201d global_colors_info=\u201d{}\u201d][et_pb_heading title=\u201dQuick Links\u201d _builder_version=\u201d4.27.4\u2032\u2032\u2032 _module_preset=\u201d9595956592-a1b1-43fb-aaa7b-d69d7b858e52\u2032\u2032 title_font=\u201dVerdana \u2047 \u201d title_text_color=\u201d#FFFFFF\u201d custom_margin=\u201d \u2047 10px \u2047 false \u2047 false\u201d locked=\u201doff\u201d global_colors_info=\u201d{}\u201d][\/et_pb_heading][et_pb_text _builder_version=\u201d4.27.4\u2032\u2032 _module_preset=\u201d01dbb295-3347-4b31-936e-cb09b186d00f\u201d text_font=\u201dVerdana \u2047 \u201d custom_margin=\u201d \u2047 8px \u2047 false \u2047 false\u201d link_option_url=\u201dhttps:\/\/euroguidance.ie\/en\/about\/\u201d global_colors_info=\u201d{}]<\/p>\n<p>Euroguidance<\/p>\n<p>[\/et_pb_text][et_pb_text _builder_version=\u201d4.27.4\u2032\u2032 _module_preset=\u201d01dbb295-3347-4b31-936e-cb09b186d00f\u201d text_font=\u201dVerdana \u2047 \u201d custom_margin=\u201d \u2047 8px \u2047 false \u2047 false\u201d link_option_url=\u201dhttps:\/\/euroguidance.ie\/en\/resources\/\u201d global_colors_info=\u201d{}]<\/p>\n<p>Ressourcen<\/p>\n<p>[\/et_pb_text][et_pb_text _builder_version=\u201d4.27.4\u2032\u2032 _module_preset=\u201d01dbb295-3347-4b31-936e-cb09b186d00f\u201d text_font=\u201dVerdana \u2047 \u201d custom_margin=\u201d \u2047 8px \u2047 false \u2047 false\u201d link_option_url=\u201dhttps:\/\/euroguidance.ie\/de\/contact-us\/\u201d global_colors_info=\u201d{}]<\/p>\n<p>Kontakt<\/p>\n<p>[\/et_pb_text][et_pb_text _builder_version=\u201d4.27.4\u2032\u2032 _module_preset=\u201d01dbb295-3347-4b31-936e-cb09b186d00f\u201d text_font=\u201dVerdana \u2047 \u201d custom_margin=\u201d \u2047 8px \u2047 false \u2047 false\u201d global_colors_info=\u201d{}\u201d]<\/p>\n<p>Datenschutzerkl\u00e4rung<\/p>\n<p>[\/et_pb_text][\/et_pb_column][\/et_pb_row][\/et_pb_section] - Wer hat geschrieben?<\/p>","protected":false},"excerpt":{"rendered":"<p>Academia Mobility Study Visits geben Menschen die M\u00f6glichkeit, in ein anderes Land zu reisen, um zu erfahren, wie Beratung und Bildung dort funktionieren. Diese Besuche helfen den Teilnehmern, neue Ideen in Aktion zu sehen, voneinander zu lernen und neue F\u00e4higkeiten in ihre eigenen L\u00e4nder zur\u00fcckzubringen. Durch den grenz\u00fcberschreitenden Austausch von Wissen und Erfahrungen unterst\u00fctzt Euroguidance lebenslange Beratung und [...]<\/p>","protected":false},"author":9,"featured_media":0,"parent":0,"menu_order":0,"comment_status":"closed","ping_status":"closed","template":"","meta":{"_et_pb_use_builder":"on","_et_pb_old_content":"<!-- wp:divi\/placeholder \/-->","_et_gb_content_width":"","footnotes":""},"class_list":["post-413","page","type-page","status-publish","hentry"],"_links":{"self":[{"href":"https:\/\/euroguidance.ie\/de\/wp-json\/wp\/v2\/pages\/413","targetHints":{"allow":["GET"]}}],"collection":[{"href":"https:\/\/euroguidance.ie\/de\/wp-json\/wp\/v2\/pages"}],"about":[{"href":"https:\/\/euroguidance.ie\/de\/wp-json\/wp\/v2\/types\/page"}],"author":[{"embeddable":true,"href":"https:\/\/euroguidance.ie\/de\/wp-json\/wp\/v2\/users\/9"}],"replies":[{"embeddable":true,"href":"https:\/\/euroguidance.ie\/de\/wp-json\/wp\/v2\/comments?post=413"}],"version-history":[{"count":14,"href":"https:\/\/euroguidance.ie\/de\/wp-json\/wp\/v2\/pages\/413\/revisions"}],"predecessor-version":[{"id":1222,"href":"https:\/\/euroguidance.ie\/de\/wp-json\/wp\/v2\/pages\/413\/revisions\/1222"}],"wp:attachment":[{"href":"https:\/\/euroguidance.ie\/de\/wp-json\/wp\/v2\/media?parent=413"}],"curies":[{"name":"wp","href":"https:\/\/api.w.org\/{rel}","templated":true}]}}