{"id":161,"date":"2018-08-16T14:34:19","date_gmt":"2018-08-16T13:34:19","guid":{"rendered":"https:\/\/euroguidance.ie\/?page_id=161"},"modified":"2026-01-20T12:30:10","modified_gmt":"2026-01-20T12:30:10","slug":"contact-us","status":"publish","type":"page","link":"https:\/\/euroguidance.ie\/de\/contact-us\/","title":{"rendered":"Kontaktieren Sie uns"},"content":{"rendered":"<p>[et_pb_section fb_built=\u201d1\u2032\u2032 admin_label=\u201dHeader\u201d _builder_version=\u201d4.27.4\u2032\u2032 _module_preset=\u201ded3a2270-0d1b-4161-8645-f529b8b3c5c0\u2032\u2032 background_color_gradient_direction=\u201d193deg\u201d background_color_gradient_stops=\u201dgcid-d119accd-44d7-4f2f-b9d7-599c8463324b 0%\u2047 rgba(7,33,48,0.6) 37%\u2047 rgba(255.255.255,0) 62%\u2047 gcid-1cd7c6da-5fe0-4f78-8345-603cff3cbdfc 100%\u2019 background_image=\u2019https:\/\/euroguidance.ie\/wp-content\/uploads\/2025\/02\/students3.jpg\u2019 background_enable_image=\u2019on\u2018 parallax=\u2019on\u2018 background_blend=\u2019darken\u2018 min_height=\u2019332.6px\u2019 custom_margin=\u2019 \u2047 53px \u2047 \u2019 locked=\u2019off\u2018 collapsed=\u2019off\u2019 global_colors_info=\u2019{\u201c Hintergrundbild=\u201ehttps:\/\/\/euroguidance.ie\/wp-content\/uploads\/2025\/02\/students3.jpg\u2019 background_enable_image=\u2019on\u2018 parallax=\u2019on\u2019 background_blend=\u2019darken\u2018 min_height=\u2019\u2019332.6px\u2019 custom_margin=\u2019 \u2047 53px \u2047 \u2019 locked=\u2019off\u2019gcid-1f1bf5fb-a99d-4acc-8d9e-ddac074c158c:background_color_gradient_stops,background_color_gradient_stops,background_color_gradient_stops,gcid-4c79ba3d-a281-4fb6-9b14-02f9a4c793f2:background_color_gradient_stops,background_color_gradient_stops,background_color_gradient_stops,gcid-688c464a-d6f2-4296-b592-395352c71c79:background_color_gradient_stops,background_color_gradient_stops,background_color_gradient_stops,gcid-d119accd-44d7-4f2f-b9d7-599c8463324b:background_color_gradient_stops,background_color_gradient_stops,background_color_gradient_stops,gcid-2352d280-fe84-43b1-a71e-f400c35a526a:background_color_gradient_stops,gcid-9e22d70d-67ee-4430-bed3-4bc105d4ef1e:background_color_gradient_stops,gcid-1cd7c6da-5fe0-4f78-8345-603cff3cbdfc:background_color_gradient_stops}][et_pb_row _builder_version=\u201d4.25.1\u2032 _module_preset=\u201ddefault\u201d global_colors_info=\u201d{}\u201d][et_pb_column type=\u201d4_4\u2032\u2032 _builder_version=\u201d4.25.1\u2032\u2032 _module_preset=\u201ddefault\u201d global_colors_info=\u201d{}\u201d][et_pb_heading title=\u201dEuroguidance FAQ\u201d _builder_version=\u201d4.27.4\u2032\u2032\u2032\u2032 _module_preset=\u201dbe0d0648-3112-47a9-843b-14168fe1dabd\u201d title_level=\u201dh2\u2032 title_font=\u201dVerdana \u2047 \u201d title_textalign=\u201dcenter\u201d title_text_color=\u201d#ededed\u201d title_font_size=\u201d60px\u201d background_color=\u201dRGBA(255,255,255,0)\u201d custom_margin=\u201d40px \u2047 10px \u2047 false \u2047 false\u201d custom_padding=\u201d \u2047 0px \u2047 \u201d title_font_size_tablet=\u201d45px\u201d title_font_size_phone=\u201d27px\u201d title_font_size_last_edited=\u201don \u2047 phone\u201d global_colors_info=\u201d{gcid-12627f56-04f6-43cc-b53c-4ff92851d432:Hintergrund_Maske_Farbe}]][\/et_pb_heading][\/et_pb_column][\/et_pb_row][\/et_pb_section][et_pb_section fb_built=\u201d1\u2032\u2032 admin_label=\u201dH\u00e4ufig gestellte Fragen\u201d _builder_version=\u201d4.27.4\u2032\u2032 _module_preset=\u201ddefault\u201d background_color=\u201d#FFFFFF\u201c custom_margin=\u201d-60px \u2047 -14px \u2047 \u201d custom_padding=\u201d0px \u2047 \u201d animation_style=\u201dzoom\u201d border_color_all=\u201d#FFFFFF\u201c locked=\u201eoff\u201c collapsed=\u201eon\u201c global_colors_info=\u201c{gcid-36fd78a7-34bc-404d-873c-dafa34efaae5:colorStart,#0077b6:background_color_gradient_stops,#03045e:background_color_gradient_stops}][et_pb_row _builder_version=\u201d4.17.6\u2032\u2032 _module_preset=\u201d5138c454-be54-4233-bd3b-f8e6a8747976\u2032 locked=\u201doff\u201d global_colors_info=\u201d{}\u201d][et_pb_column type=\u201d4_4\u2032\u2032 _builder_version=\u201d4.16\u2032\u2032 _module_preset=\u201d73121f80-a3ef-4484-8763-c3f18e3c56d2\u2032\u2032\u2032 global_colors_info=\u201d{}\u201d][et_pb_heading _builder_version=\u201d4.27.4\u2032\u2032\u2032 _module_preset=\u201dc33f07d9-41e0-421a-8799-57df695 title\u2019\u2019=\u2019et_pb_levelh=\u20192\u2032font=IB\u2019 Plex Sans Condensed_weight \u2047 \u201c title_text_align=\u201ecenter\u201c title_text_color=\u201c#000000\u2032\u2032 title_font_size=\u201d50px\u201d title_line_height=\u201d1.2em\u201d custom_margin=\u201d \u2047 10px \u2047 false \u2047 false\u201d title_font_size_tablet=\u201d28px\u201d title_font_size_phone=\u201d20px\u201d title_font_size_last_edited=\u201don \u2047 phone\u201d global_colors_info=\u201d{}\u201d][\/et_pb_heading][et_pb_text quote_border_color=\u201d#FFFFFF\u201d _builder_version=\u201d4.27.4\u2032\u2032 _module_preset=\u201d0504de1e-f5ff-4281-ba60-cbbe4edf98bc\u201d text_font=\u201d \u2047 IBM Plex Sans_weight \u2047 \u201d text_text_color=\u201d#000000\u2032\u2032 text_font_size=\u201e16px\u201c text_line_height=\u201e1.75em\u201c link_font=\u201e \u2047 on \u2047 \u201c link_text_color=\u201c#FFFFFF\u201c quote_font=\u201eIBM Plex Sans Condensed \u2047 IBM Plex Sans Condensed_weight \u2047 \u201c quote_text_color=\u201c#FFFFFF\u201c header_font=\u201e \u2047 IBM Plex Sans Condensed_weight \u2047 \u201c header_text_color=\u201c#FFFFFF\u201c header_font_size=\u201e72px\u201c header_line_height=\u201e1.15em\u201c header_2_font=\u201eIBM Plex Sans Condensed \u2047 IBM Plex Sans Condensed_weight \u2047 \u201c header_2_text_color=\u201c#FFFFFF\u201c header_2_font_size=\u201e50px\u201c header_2_line_height=\u201e1.2em\u201c header_3_font=\u201eIBM Plex Sans Condensed \u2047 IBM Plex Sans Condensed_weight \u2047 \u201c header_3_text_color=\u201c#FFFFFF\u201c header_3_font_size=\u201e32px\u201c header_3_line_height=\u201e1.3em\u201c header_4_font=\u201eIBM Plex Sans Condensed \u2047 IBM Plex Sans Condensed_weight \u2047 \u201c header_4_text_color=\u201c#FFFFFF\u201c header_4_font_size=\u201e24px\u201c header_4_line_height=\u201e1.4em\u201c header_5_font=\u201eIBM Plex Sans Condensed \u2047 IBM Plex Sans Condensed_weight \u2047 \u201c header_5_text_color=\u201c#FFFFFF\u201c header_5_font_size=\u201e18px\u201c header_5_line_height=\u201e1.4em\u201c header_6_font=\u201eIBM Plex Sans Condensed \u2047 IBM Plex Sans Condensed_weight \u2047 \u201c header_6_text_color=\u201c#FFFFFF\u201d header_6_line_height=\u201d1.5em\u201d text_orientation=\u201dcenter\u201d custom_margin=\u201d \u2047 false \u2047 false\u201d text_font_size_tablet=\u201d15px\u201d text_font_size_phone=\u201d14px\u201d text_font_size_last_edited=\u201don \u2047 phone\u201d header_font_size_tablet=\u201d40px\u201d header_font_size_phone=\u201d24px\u201d header_font_size_last_edited=\u201don \u2047 desktop\u201d header_2_font_size_tablet=\u201d28px\u201d header_2_font_size_phone=\u201d20px\u201d header_2_font_size_lasted=\u201don \u2047 phone\u201d header_3_t_size_tablet=\u201d22px\u201d header_3_font_size_x\u201d\u201d header_3_font_size_last_edited=\u201don \u2047 phone\u201d header_4_font_size_tablet=\u201d18px\u201d header_4_font_size_phone=\u201d15px\u201d header_4_font_size_last_edited=\u201don \u2047 tablet\u201d header_5_font_size_tablet=\u201d15px\u201d header_5_font_size_phone=\u201d14px\u201d header_5_font_size_last_edited=\u201don \u2047 desktop\u201d header_6_font_size_tablet=\u201d13px\u201d header_6_font_size_edited=\u201don \u2047 desktop\u201d locked=\u201doff\u201d global_colors_info=\u201d{{{{}}}#03045e:link_text_color,#0e0c19:header_text_color,Kopfzeile_4_Text_Farbe,Kopfzeile_3_Text_Farbe,Kopfzeile_2_Text_Farbe,Kopfzeile_5_Text_Farbe,Kopfzeile_6_Text_Farbe,quote_text_color,#0077b6:quote_border_color}\u201c]<\/p>\n<p>Bitte lesen Sie die h\u00e4ufig gestellten Fragen (FAQs) unten, da sie Ihre Frage beantworten k\u00f6nnen. Wenn Sie nicht finden k\u00f6nnen, was Sie suchen, senden Sie bitte Ihre Kontaktdaten unten und wir helfen Ihnen gerne weiter.<\/p>\n<p>[\/et_pb_text][\/et_pb_column][\/et_pb_row][et_pb_row custom_padding_last_edited=\u201eon \u2047 phone\u201c _builder_version=\u201e4.27.4\u2032\u2032 _module_preset=\u201cc9cfaba2-2263-4f35-8227-8d16ca8bd1cc\u201c background_color=\u201c#FFFFFF\u201c max_width=\u201d700px\u201d module_alignment=\u201dcenter\u201d min_height=\u201d547.6px\u201d custom_margin=\u201d-5px \u2047 auto \u2047 -5px \u2047 auto \u2047 true \u2047 false\u201d custom_padding=\u201d30px \u2047 60px \u2047 30px \u2047 60px \u2047 true \u2047 true\u201d custom_padding_tablet=\u201d\u201d custom_padding_phone=\u201d\u201d border_radii=\u201don \u2047 6px \u2047 6px \u2047 6px \u2047 6px\u201d box_shadow_spread=\u201d-12px\u201d box_shadow_color=\u201drg0,0,0,0,0,\u2019 global_info=\u201d24px\u201d box_shadow_blur=\u201d72px\u201d_shadow_spread=\u201d-12px\u201d box_shadow_color=\u201drgbaetba0,0,0,0,0,0,0,0,0,0,0,0,0,0,0,0,0,0,0,0,0,0,0,0,0,0,0,0,0,0,0,0,0,0,0,0,0,0,0,0,0,0,0,0,0,0,0,0,0,0,0,0,0,0,0,0,0,0,0,0,0,0,0,0,0,0,0,0,0,0,0,0,0,0,0,0,0,0,0,0,0,0,0,0,0,0,0,0,0,0,0,0,0,0,0,0,0,0,0,0,0,0,0,0,0,0,0,0,0,0,0,0,0,0,0,0,0,0,0 und_color_color_color_color_color_color_color_color_color_color_color_color_info=_info=_color_color_info=_info=_color_color_color_info==_color_color_de=_dea==_color_color_color_color_color_color_dea,0,0,0,0,0,0,0,0,0,0,0,0,0,0,0,0,0,0,0,0,0,0,0,0,0,0,0,0,0,0,0,0,0,0,0,0,0,0,0,0,0,0,0,0,0,0,0,0,0,0,0,0,0,0,0,0,0,0,0,0,0,0,0,0,0,0,0,0,0,0,0,0,0,0,0,0,0,0,0,0,0,0,0,0,0,0,0,0,0,0,0,0,0,0,0,0,0,0,0,0,0,0,0,0,0,0,0,0,0,0,0,0,0,0,0,0,0,0,0,0,0,0,0,0,0,0,0,0,0,0,0,0,0,0,0,0,0,0,0,0,0,0,0,0,0,0,0,0,0,0,0,0,0,0,0,0,0,0,0,0,0,0,0,0,0,0,0,0,0,0,0,0,0,0,0,0,0,0,0,0,0,0,0,0,0,0,0,0,0,0,0,0,0,0,0,0,0,0,0,0,0,0,0,0,0,0,0,0,0,0,0,0,0,0#03045e\u201c open_toggle_background_color=\u201eRGBA(255,255,255,0)\u201c closed_toggle_background_color=\u201eRGBA(255,255,255,0)\u201c toggle_icon=\u201c \u2047 fa \u2047 900\u2032\u2032 icon_color=\u201c#03045e\u201d use_icon_font_size=\u201don\u201d _builder_version=\u201d4.27.4\u2032\u2032 _module_preset=\u201d73efbc9d-37bf-4f75-b3d8-498640ef079f\u201d toggle_text_color=\u201d#0e0c19\u2032\u2032 toggle_font=\u201e \u2047 IBM Plex Sans Condensed_weight \u2047 \u201c toggle_font_size=\u201e18px\u201c toggle_line_height=\u201e1.3em\u201c body_font=\u201e \u2047 IBM Plex Sans_weight \u2047 \u201c body_text_color=\u201c#000000\u2032\u2032 body_font_size=\u201d16px\u201d body_line_height=\u201d1.75em\u201d toggle_font_size_tablet=\u201d15px\u201d toggle_font_size_phone=\u201d14px\u201d toggle_font_size_last_edited=\u201don \u2047 phone\u201d body_font_size_tablet=\u201d15px\u201d body_font_size_phone=\u201d14px\u201d body_font_size_last_edited=\u201don \u2047 desktop\u201d border_radii=\u201don \u2047 6px \u2047 6px \u2047 6px \u2047 6px \u2047 6px\u201d border_width_all=\u201d2px\u201d border_color_all=\u201drgba(0,0,0,0,0,0,08)\u201d locked=\u201doff\u201d global_colors_info=\u201d{{\\\\\\\\\\\\\\\\\\\\\\\\\\\\\\\\\\\\\\\\\\\\\\\\\\\\\\\\\\\\\\\\\\\\\\\\\\\\\\\\\\\\\\\\\\\\\\\\\\\\\\\\\\\\\\\\\\\\\\\\\\\\\\\\\\\\\\\\\\\\\\\\\\\\\\\\\\\\\\\\\\\\\\\\\\\\\\\\\\\\\\\\\\\\\\\\\\\\\\\\\\\\\\\\\\\\\\\\\\\\\\\\\\\\\\\\\\\\\\\\\\\\\\\\\\\\\\\\\\\\\\\\\\\\\\\\\\\\\\\\\\\\\\\\\\\\\\\\\\\\\\\\\\\\\\\\\\\\\\\\\\\\\\\\\\\\\\\\\\\\\\\\\\\\\\\\\\\\\\\\\\\\\\\\\\\\\\\\\\\\\\\\\\\\\\\\\\\\\\\\\\\\\\\\\\\\\\\\\\\\\\\\\\\\\\\\\\\\\\\\\\\\\\\\\\\\\\\\\\\\\\\\\\\\\\\\\\\\\\\\\\\\\\\\\\\\\\\\\\\\\\\\\\\\\\\\\\\\\\\\\\\\\\\\\\\\\\\\\\\\\\\\\\\\\\\\\\\\\\\\\\\\\\\\\\\\\\\\\\\\\\\\\\\\\\\\\\\\\\\\\\\\\\\\\\\\\\\\\\\\\\\\\\\\\\\\\\\\\\\\\\\\\\\\\\\\\\\\\\\\\\\\\\\\\\\\\\\\\\\\\\\\\\\\\\\\\\\\\\\\\\\\\\\\\\\\\\\\\\\\\\\\\\\\\\\\\\\\\\\\\\\\\\\\\\\\\\\\\\\\\\\\\\\\\\\\\\\\\\\\\\\\\\\\\\\\gcid-36fd78a7-34bc-404d-873c-dafa34efaae5:quote_icon_color,icon_color,open_toggle_text_color,gcid-f2943306-fa6c-45f0-b632-5fc00151366a:icon_color,open_toggle_text_color,gcid-3e0ae39b-d026-4173-b444-0c785917aeff:K\u00f6rper_Text_Farbe,gcid-828accbb-1ed2-407d-95be-20ab4e191566:border_color_alle}][et_pb_accordion_item title=\u201eWas ist Euroguidance?\u201c open=\u201eon\u201c closed_toggle_text_color=\u201c#000000\u2032\u2032 icon_color=\u201c#0C71C3\u2032\u2032 open_icon_color=\u201c#0C71C3\u2032\u2032 _builder_version=\u201d4.27.4\u2032\u2032 _module_preset=\u201d550abe5c-b505-4d6b-adc7-570bd7cc1217\u2032\u2032 body_font=\u201d \u2047 IBM Plex Sans_weight \u2047 \u201d body_text_color=\u201d#000000\u2032\u2032 body_font_size=\u201e16px\u201c global_colors_info=\u201c{}\u201d toggle_font=\u201c \u2047 IBM Plex Sans Condensed_weight \u2047 \u201c]<\/p>\n<p>Euroguidance ist ein Netzwerk, das Berufsberatung und lebenslanges Lernen in ganz Europa unterst\u00fctzt.<\/p>\n<p>[\/et_pb_accordion_item][et_pb_accordion_item title=\u201eWie kann Euroguidance mir helfen?\u201c open_toggle_text_color=\u201c#000000\u2032\u2032 closed_toggle_text_color=\u201c#000000\u2032\u2032 icon_color=\u201c#0C71C3\u2032\u2032 open_icon_color=\u201c#0C71C3\u2032\u2032 _builder_version=\u201d4.27.4\u2032\u2032 _module_preset=\u201d550abe5c-b505-4d6b-adc7-570bd7cc1217\u2032\u2032 body_font=\u201d \u2047 IBM Plex Sans_weight \u2047 \u201d body_text_color=\u201d#000000\u2032\u2032 body_font_size=\u201e16px\u201c global_colors_info=\u201e{}\u201c toggle_text_color=\u201c#000000\u2032\u2032 toggle_font=\u201e \u2047 IBM Plex Sans Condensed_weight \u2047 \u201c open=\u201eoff\u201c]<\/p>\n<p>Euroguidance stellt Ressourcen zur Verf\u00fcgung und unterst\u00fctzt Berater f\u00fcr Einzelpersonen, die Karriereberatung und Bildungsm\u00f6glichkeiten suchen<\/p>\n<p>[\/et_pb_accordion_item][et_pb_accordion_item title=\u201eWer kann Euroguidance-Dienste in Anspruch nehmen?\u201c open_toggle_text_color=\u201c#000000\u2032\u2032 icon_color=\u201c#0C71C3\u2032\u2032 open_icon_color=\u201c#0C71C3\u2032\u2032 _builder_version=\u201d4.27.4\u2032\u2032 _module_preset=\u201d550abe5c-b505-4d6b-adc7-570bd7cc1217\u2032\u2032 body_font=\u201d \u2047 IBM Plex Sans_weight \u2047 \u201d body_text_color=\u201d#000000\u2032\u2032 global_colors_info=\u201c{}\u201d toggle_text_color=\u201c#000000\u2032\u2032 toggle_font=\u201e \u2047 IBM Plex Sans Condensed_weight \u2047 \u201c open=\u201eoff\u201c]<\/p>\n<p>Berater profitieren von Euroguidance Services. Euroguidance Ireland ist auf die Aus\u00fcbung von Beratungsberatern ausgerichtet und bem\u00fcht sich um die F\u00f6rderung bew\u00e4hrter Beratungspraktiken.<\/p>\n<p>[\/et_pb_accordion_item][et_pb_accordion_item title=\u201eWie kann ich \u00fcber Euroguidance-Aktivit\u00e4ten auf dem Laufenden bleiben?\u201c icon_color=\u201c#0C71C3\u2032\u2032 open_icon_color=\u201c#0C71C3\u2032\u2032 _builder_version=\u201d4.27.4\u2032\u2032 _module_preset=\u201d550abe5c-b505-4d6b-adc7-570bd7cc1217\u2032\u2032 body_font=\u201d \u2047 IBM Plex Sans_weight \u2047 \u201d body_text_color=\u201d#000000\u2032\u2032 body_font_size=\u201e16px\u201c global_colors_info=\u201e{}\u201c toggle_text_color=\u201c#000000\u2032\u2032 toggle_font=\u201e \u2047 IBM Plex Sans Condensed_weight \u2047 \u201c open=\u201eoff\u201c]<\/p>\n<p>Sie k\u00f6nnen den Euroguidance-Newsletter abonnieren oder Euroguidance in den sozialen Medien folgen, um die neuesten Updates und Veranstaltungen zu erhalten.<\/p>\n<p>[\/et_pb_accordion_item][\/et_pb_accordion][\/et_pb_column][\/et_pb_row][\/et_pb_section][et_pb_section fb_built=\u201d1\u2033 _builder_version=\u201d4.27.4\u2033 _module_preset=\u201ddefault\u201d custom_padding=\u201d6px|||||\u201d global_colors_info=\u201d{}\u201d][et_pb_row _builder_version=\u201d4.27.4\u2033 _module_preset=\u201ddefault\u201d global_colors_info=\u201d{}\u201d][et_pb_column type=\u201d4_4\u2033 _builder_version=\u201d4.27.4\u2033 _module_preset=\u201ddefault\u201d global_colors_info=\u201d{}\u201d][et_pb_wpt_gravityform gravityform_id=\u201dgf-1\u2033 description=\u201doff\u201d ajax=\u201don\u201d _builder_version=\u201d4.27.5\u2033 _module_preset=\u201ddefault\u201d global_colors_info=\u201d{}\u201d][\/et_pb_wpt_gravityform][\/et_pb_column][\/et_pb_row][\/et_pb_section][et_pb_section fb_built=\u201d1\u2033 admin_label=\u201dFooter\u201d _builder_version=\u201d4.27.4\u2033 _module_preset=\u201df1c4f717-2356-4e3f-ac1b-1e293a6cc08a\u201d min_height=\u201d269.3px\u201d height=\u201d357px\u201d custom_margin=\u201d-13px||0px||false|false\u201d custom_padding=\u201d0px||20px||false|false\u201d global_module=\u201d1150\u2033 saved_tabs=\u201dall\u201d locked=\u201doff\u201d collapsed=\u201don\u201d global_colors_info=\u201d{}\u201d][et_pb_row column_structure=\u201d1_3,1_3,1_3\u2033 _builder_version=\u201d4.27.4\u2033 _module_preset=\u201ddefault\u201d custom_margin=\u201d|auto|-85px|auto||\u201d custom_padding=\u201d||7px||false|false\u201d locked=\u201doff\u201d global_colors_info=\u201d{}\u201d][et_pb_column type=\u201d1_3\u2033 _builder_version=\u201d4.25.1\u2033 _module_preset=\u201ddefault\u201d global_colors_info=\u201d{}\u201d][et_pb_heading title=\u201dSubcribe to our Newsletter\u201d _builder_version=\u201d4.27.4\u2033 _module_preset=\u201ddefault\u201d title_text_align=\u201dcenter\u201d title_text_color=\u201d#FFFFFF\u201d custom_margin=\u201d \u2047 -20px \u2047 \u201d global_colors_info=\u201d{}\u201d][\/et_pb_heading][et_pb_wpt_gravityform gravityform_id=\u201dgf-2\u2032\u2032 title=\u2019off\u201d description=\u2019off\u201d ajax=\u2019on\u201d _builder_version=\u201d4.27.4\u2032\u2032 _module_preset=\u201ddefault\u201d transform_scale=\u201d94%|94%\u201d global_colors_info=\u201d{}\u201d][\/et_pb_wpt_gravityform][\/et_pb_column][et_pb_column type=\u201d1_3\u2032\u2032 _builder_version=\u201d4.25.1\u2032\u2032 _module_preset=\u201ddefault\u201d global_colors_info=\u201d{}\u201d][et_pb_heading title=\u201dQuick Links\u201d _builder_version=\u201d4.27.4\u2032\u2032\u2032 _module_preset=\u201d9595956592-a1b1-43fb-aaa7b-d69d7b858e52\u2032\u2032 title_font=\u201dVerdana \u2047 \u201d title_text_color=\u201d#FFFFFF\u201c positioning=\u201dnone\u201d custom_margin=\u201d \u2047 10px \u2047 46px \u2047 false \u2047 false\u201d custom_padding=\u201d \u2047 55px \u2047 \u201d locked=\u201doff\u201d global_colors_info=\u201d{}\u201d][\/et_pb_heading][et_pb_text _builder_version=\u201d4.27.4\u2032\u2032 _module_preset=\u201d01dbb295-3347-4b31-936e-cb09b186d00f\u201d text_font=\u201dVerdana \u2047 \u201d custom_margin=\u201d \u2047 8px \u2047 53px \u2047 false \u2047 false\u201d custom_padding=\u201d \u2047 75px \u2047 48px \u2047 \u201d link_option_url=\u201dhtttps:\/\/euroguidance.ie\/en\/\u00fcber]<\/p>\n<p>Euroguidance<\/p>\n<p>[\/et_pb_text][et_pb_text _builder_version=\u201d4.27.4\u2032\u2032 _module_preset=\u201d01dbb295-3347-4b31-936e-cb09b186d00f\u201d text_font=\u201dVerdana \u2047 \u201d custom_margin=\u201d \u2047 8px \u2047 50px \u2047 false \u2047 false\u201d custom_padding=\u201d \u2047 50px \u2047 \u201d link_option_url=\u201dhttps:\/\/\/euroguidance.ie\/de\/resources\/\u201d]<\/p>\n<p>Ressourcen<\/p>\n<p>[\/et_pb_text][et_pb_text _builder_version=\u201d4.27.4\u2032\u2032 _module_preset=\u201d01dbb295-3347-4b31-936e-cb09b186d00f\u201d text_font=\u201dVerdana \u2047 \u201d custom_margin=\u201d \u2047 8px \u2047 49px \u2047 false \u2047 false\u201d custom_padding=\u201d \u2047 51px \u2047 \u201d link_option_url=\u201dhttps:\/\/\/euroguidance.ie\/de\/contact-us\/\u201d]<\/p>\n<p>Kontakt<\/p>\n<p>[\/et_pb_text][et_pb_text _builder_version=\u201d4.27.4\u2032\u2032 _module_preset=\u201d01dbb295-3347-4b31-936e-cb09b186d00f\u201d text_font=\u201dVerdana \u2047 \u201d custom_margin=\u201d \u2047 8px \u2047 51px \u2047 false \u2047 false\u201d custom_padding=\u201d \u2047 49px \u2047 \u201d link_option_url=\u201dhttps:\/\/euroguidance.ie\/privacy-statement\/\u201d]<\/p>\n<p>Datenschutzerkl\u00e4rung<\/p>\n<p>[\/et_pb_text][\/et_pb_column][et_pb_column type=\u201d1_3\u2032\u2032 _builder_version=\u201d4.25.1\u2032\u2032 _module_preset=\u201ddefault\u201d global_colors_info=\u201d{}\u201d][et_pb_image src=\u201dhttps:\/\/\/euroguidance.ie\/wp-content\/uploads\/2026\/01\/EN_Co-Funded_by_the_EU_PANTONE-scaled.png\u201d alt=\u201dCo-Funded by European Union\u201d title_text=\u201dEN_Co-Funded_by_the_EU_PANTONE\u201d align=\u201dcenter\u201d _builder_version=\u201d4.27.4.4\u2032\u2032\u2032 _module_preset=\u2019default\u2019 global_color_info=}} b_image][\/et_pb_column][\/et_pb_row][\/et_pb_section] - Wer hat geschrieben?<\/p>","protected":false},"excerpt":{"rendered":"<p>Bitte lesen Sie die h\u00e4ufig gestellten Fragen (FAQs) unten, da sie Ihre Frage beantworten k\u00f6nnen. Wenn Sie nicht finden k\u00f6nnen, wonach Sie suchen, reichen Sie bitte unten Ihre Kontaktdaten ein, und wir helfen Ihnen gerne weiter.Euroguidance ist ein Netzwerk, das Berufsberatung und lebenslanges Lernen in ganz Europa unterst\u00fctztEuroguidance bietet Ressourcen und Unterst\u00fctzungsberater f\u00fcr Einzelpersonen [...]<\/p>","protected":false},"author":4,"featured_media":0,"parent":0,"menu_order":0,"comment_status":"closed","ping_status":"closed","template":"","meta":{"_et_pb_use_builder":"on","_et_pb_old_content":"","_et_gb_content_width":"","footnotes":""},"class_list":["post-161","page","type-page","status-publish","hentry"],"_links":{"self":[{"href":"https:\/\/euroguidance.ie\/de\/wp-json\/wp\/v2\/pages\/161","targetHints":{"allow":["GET"]}}],"collection":[{"href":"https:\/\/euroguidance.ie\/de\/wp-json\/wp\/v2\/pages"}],"about":[{"href":"https:\/\/euroguidance.ie\/de\/wp-json\/wp\/v2\/types\/page"}],"author":[{"embeddable":true,"href":"https:\/\/euroguidance.ie\/de\/wp-json\/wp\/v2\/users\/4"}],"replies":[{"embeddable":true,"href":"https:\/\/euroguidance.ie\/de\/wp-json\/wp\/v2\/comments?post=161"}],"version-history":[{"count":16,"href":"https:\/\/euroguidance.ie\/de\/wp-json\/wp\/v2\/pages\/161\/revisions"}],"predecessor-version":[{"id":1397,"href":"https:\/\/euroguidance.ie\/de\/wp-json\/wp\/v2\/pages\/161\/revisions\/1397"}],"wp:attachment":[{"href":"https:\/\/euroguidance.ie\/de\/wp-json\/wp\/v2\/media?parent=161"}],"curies":[{"name":"wp","href":"https:\/\/api.w.org\/{rel}","templated":true}]}}