{"id":154,"date":"2018-08-16T14:33:46","date_gmt":"2018-08-16T13:33:46","guid":{"rendered":"https:\/\/euroguidance.ie\/?page_id=154"},"modified":"2026-01-21T09:30:56","modified_gmt":"2026-01-21T09:30:56","slug":"home","status":"publish","type":"page","link":"https:\/\/euroguidance.ie\/de\/","title":{"rendered":"Startseite"},"content":{"rendered":"<p>[et_pb_section fb_built=\u201d1\u2032\u2032 admin_label=\u201dHeader\u201d _builder_version=\u201d4.27.4\u2032\u2032 _module_preset=\u201ded3a2270-0d1b-4161-8645-f529b8b3c5c0\u2032\u2032 background_color_gradient_direction=\u201d193deg\u201d background_color_gradient_stops=\u201dgcid-d119accd-44d7-4f2f-b9d7-599c8463324b 0%\u2047 rgba(7,33,48,0.6) 37%\u2047 rgba(255.255.255,0) 62%\u2047 gcid-1cd7c6da-5fe0-4f78-8345-603cff3cbdfc 100%\u2019 background_image=\u2019https:\/\/euroguidance.ie\/wp-content\/uploads\/2025\/02\/students3.jpg\u2019 background_enable_image=\u2019on\u2019 parallax=\u2019on\u2019 background_blend=\u2019darken\u2018 collapsed=\u2019off\u2019 global_colors_info=\u2019{\u201c Hintergrundbild=\u201ehttps:\/\/\/euroguidance.ie\/wp-content\/uploads\/2025\/02\/students3.jpg\u201c Hintergrundbild_enable_image=\u2019on\u2019 parallax=\u2019on\u2019 background_blend=\u2019darken\u2018 collapsed=\u2019\u2019off\u2019 global_colors_info=\u2019{\u201cgcid-1f1bf5fb-a99d-4acc-8d9e-ddac074c158c:background_color_gradient_stops,background_color_gradient_stops,background_color_gradient_stops,gcid-4c79ba3d-a281-4fb6-9b14-02f9a4c793f2:background_color_gradient_stops,background_color_gradient_stops,background_color_gradient_stops,gcid-688c464a-d6f2-4296-b592-395352c71c79:background_color_gradient_stops,background_color_gradient_stops,background_color_gradient_stops,gcid-d119accd-44d7-4f2f-b9d7-599c8463324b:background_color_gradient_stops,background_color_gradient_stops,background_color_gradient_stops,gcid-2352d280-fe84-43b1-a71e-f400c35a526a:background_color_gradient_stops,gcid-9e22d70d-67ee-4430-bed3-4bc105d4ef1e:background_color_gradient_stops,gcid-1cd7c6da-5fe0-4f78-8345-603cff3cbdfc:background_color_gradient_stops}][et_pb_row _builder_version=\u201d4.25.1\u2032 _module_preset=\u201ddefault\u201d global_colors_info=\u201d{}\u201d][et_pb_column type=\u201d4_4\u2032\u2032 _builder_version=\u201d4.25.1\u2032\u2032 _module_preset=\u201ddefault\u201d global_colors_info=\u201d{}\u201d][et_pb_heading title=\u201dEuroguidance Ireland\u201d _builder_version=\u201d4.27.4\u2032\u2032\u2032\u2032 _module_preset=\u201dbe0d0648-3112-47a9-843b-14168fe1dabd\u201d title_level=\u201dh2\u2032 title_font=\u201dVerdana \u2047 \u201d title_textalign=\u201dcenter\u201d title_text_color=\u201d#ededed\u201d title_font_size=\u201d60px\u201d background_color=\u201dRGBA(255,255,255,0)\u201d custom_margin=\u201d \u2047 10px \u2047 false \u2047 false\u201d title_font_size_tablet=\u201d45px\u201d title_font_size_phone=\u201d27px\u201d title_font_size_last_edited=\u201don \u2047 phone\u201d global_colors_info=\u201d{gcid-12627f56-04f6-43cc-b53c-4ff92851d432:Hintergrund_Maske_Farbe}\u201d][\/et_pb_heading][et_pb_text _builder_version=\u201d4.27.5\u2032\u2032 _module_preset=\u201d7620dd4e-e1ca-4165-8cd6-4f8210a1bc1b\u201d text_font=\u201dVerdana \u2047 \u201d text_text_color=\u201d#f7f7f7\u2032\u2032 header_font=\u201eVerdana \u2047 \u201c background_color=\u201eRGBA(255,255,255,0)\u201c text_orientation=\u201ecenter\u201c custom_padding=\u201e \u2047 70px \u2047 70px \u2047 false \u2047 true\u201c custom_padding_tablet=\u201e \u2047 70px \u2047 70px \u2047 false \u2047 true\u201c custom_padding_phone=\u201e \u2047 0px \u2047 0px \u2047 false \u2047 true\u201c custom_padding_last_edited=\u201eon \u2047 phone\u201c global_colors_info=\u201e{}\u201c]<\/p>\n<p>Euroguidance ist ein europ\u00e4isches Netz nationaler Informations- und Ressourcenzentren.<\/p>\n<p>[\/et_pb_text][\/et_pb_column][\/et_pb_row][et_pb_row column_structure=\u201d1_4,1_4,1_4,1_4\u2032\u2032 use_custom_gutter=\u201don\u201d gutter_width=\u201d2\u2032\u2032 _builder_version=\u201d4.27.4\u2032\u2032 _module_preset=\u201ddefault\u201d width=\u201d90%\u201d max_width=\u201d1275px\u201d global_colors_info=\u201d{}\u201d][et_pb_column type=\u201d1_4\u2032\u2032 _builder_version=\u201d4.27.4\u2032\u2032 _module_preset=\u201df9288338-930c-488b-8d98-cc7cb5d29f2e\u201d background_color=\u201d#add2ca\u201c link_option_url=\u201ehttps:\/\/euroguidance.ie\/de\/euroguidance\/\u201c global_colors_info=\u201c{}\u201d][et_pb_icon font_icon=\u201c \u2047 fa \u2047 400\u2032\u2032 icon_color=\u201c#FFFFFF\u201d icon_width=\u201d50px\u201d url=\u201dhttps:\/\/euroguidance.ie\/en\/about\/\u201d align=\u201dleft\u201d _builder_version=\u201d4.27.4\u2032\u2032 _module_preset=\u201ddefault\u201d global_colors_info=\u201d{}\u201d][\/et_pb_icon][et_pb_heading title=\u201dAbout\u201d url=\u201dhttps:\/\/\/euroguidance.ie\/en\/about\/\u201d _builder_version=\u201d4.27.4\u2032\u2032\u2032 _module_preset=\u201d238eef0d-0926-44eee-9018-60c9f1e12f1e\u201d title_font=\u201dVerdana \u2047 \u201d title_text_color=\u201d#FFFFFF\u201c background_enable_image=\u201doff\u201d custom_margin=\u201d \u2047 10px \u2047 false \u2047 false\u201d global_colors_info=\u201d{}\u201d][\/et_pb_heading][et_pb_icon font_icon=\u201c$\u2047 divi \u2047 400\u2032\u2032 icon_color=\u201c#FFFFFF\u201c icon_width=\u201d40px\u201d url=\u201dhttps:\/\/euroguidance.ie\/en\/about\/\u201d align=\u201dleft\u201d _builder_version=\u201d4.27.4\u2032\u2032 _module_preset=\u201ddefault\u201d global_colors_info=\u201d{}\u201d][\/et_pb_icon][\/et_pb_column][et_pb_column type=\u201d1_4\u2032\u2032\u2032\u2032 _builder_version=\u201d4.27.4\u2032\u2032\u2032 _module_preset=\u201d29b78c64-6b59-467e-9968-13a0f68eee676\u2032\u2032 background_color=\u201dgcid-ca53c0be-2af9-42d0-b8e-741512f696\u2032 link_option_option=\u201dhttps:\/euroguidance\/infosirtud=\u201dgcid-ca53c0be-2af9-42d0-b8e0-74151f2f69c6:Hintergrundfarbe}\u201d][et_pb_icon font_icon=\u201eb \u2047 divi \u2047 400\u2032\u2032 icon_color=\u201c#FFFFFF\u201d icon_width=\u201d50px\u201d url=\u201dhttps:\/\/euroguidance.ie\/de\/study-in-ireland\/\u201d align=\u201dleft\u201d _builder_version=\u201d4.27.4\u2032\u2032 _module_preset=\u201ddefault\u201d global_colors_info=\u201d{}\u201d][\/et_pb_icon][et_pb_heading title=\u201dIreland\u201d url=\u201dhttps:\/\/\/euroguidance.ie\/en\/study-in-ireland\/\u201d _builder_version=\u201d4.27.4\u2032\u2032\u2032 _module_preset=\u201d238eef0d-0926-44e-9018-60c9f1e12f1e\u201d title_font=\u201dVerdana title_ \u2047 \u201d#FFFFFF\u201c custom_margin=\u201d \u2047 10px \u2047 false \u2047 false\u201d global_colors_info=\u201d{}\u201d][\/et_pb_heading][et_pb_icon font_icon=\u201c$\u2047 divi \u2047 400\u2032\u2032 icon_color=\u201c#FFFFFF\u201c icon_width=\u201d40px\u201d url=\u201dhttps:\/\/euroguidance.ie\/de\/study-in-ireland\/\u201d align=\u201dleft\u201d _builder_version=\u201d4.27.4\u2032\u2032 _module_preset=\u201ddefault\u201d global_colors_info=\u201d{}\u201d][\/et_pb_icon][\/et_pb_column][et_pb_column type=\u201d1_4\u2032\u2032\u2032\u2032 _builder_version=\u201d4.27.4\u2032\u2032 _module_preset=\u201d29b78c64-6b59-467e-9968-13a0f68eeee676\u2032\u2032\u2032 background_color=\u201dgcid-557cc30-55c4-404783b9-f9c4554a global_color_infos=\u201d{{{{{}}{}}}gcid-5e57cc30-55c4-4047-83b9-fb915c4554aa:Hintergrundfarbe}\u201d][et_pb_icon font_icon=\u201ei \u2047 divi \u2047 400\u2032\u2032 icon_color=\u201c#FFFFFF\u201d icon_width=\u201d50px\u201d url=\u201dhttps:\/\/euroguidance.ie\/en\/mobility-opportunities\/\u201d align=\u201dleft\u201d _builder_version=\u201d4.27.4\u2032\u2032 _module_preset=\u201ddefault\u201d global_colors_info=\u201d{}\u201d][\/et_pb_icon][et_pb_heading title=\u201dMobility\u201d url=\u201dhttps:\/\/\/euroguidance.ie\/en\/mobility-opportunities\/\u201d _builder_version=\u201d4.27.4\u2032\u2032 _module_preset=\u201d238eef0d-0926-44e-9018-60c9f1e12f1e\u201d title_font=\u201dVerdana \u2047 \u201d#FFFFFF\u201c custom_margin=\u201d \u2047 10px \u2047 false \u2047 false\u201d global_colors_info=\u201d{}\u201d][\/et_pb_heading][et_pb_icon font_icon=\u201c$\u2047 divi \u2047 400\u2032\u2032 icon_color=\u201c#FFFFFF\u201c icon_width=\u201d40px\u201d url=\u201dhttps:\/\/euroguidance.ie\/en\/mobility-opportunities\/\u201d align=\u201dleft\u201d _builder_version=\u201d4.27.4\u2032\u2032 _module_preset=\u201ddefault\u201d global_colors_info=\u201d{}\u201d][\/et_pb_icon][\/et_pb_column][et_pb_column type=\u201d1_4\u2032\u2032\u2032\u2032 _builder_version=\u201d4.27.4\u2032\u2032\u2032 _module_preset=\u201d29b78c64-6b59-467e-9968-13a0f68eee676\u2032\u2032\u2032 background_color_=\u201dgcid-22c0a80a-a61a-4aaa1-84b8-6e5ecb0e75\u2032 link_option_ur_url=https\/eurodance\/guidances.\u201dgcid-22c0a80a-a61a-4aa1-84b8-6eec5cb0f475:Hintergrundfarbe}\u201d][et_pb_icon font_icon=\u201en \u2047 divi \u2047 400\u2032\u2032 icon_color=\u201c#FFFFFF\u201d icon_width=\u201d50px\u201d url=\u201dhttps:\/\/euroguidance.ie\/en\/resources\/\u201d align=\u201dleft\u201d _builder_version=\u201d4.27.4\u2032\u2032 _module_preset=\u201ddefault\u201d global_colors_info=\u201d{}\u201d][\/et_pb_icon][et_pb_heading title=\u201dResources\u201d url=\u201dhttps:\/\/\/euroguidance.ie\/en\/resources\/\u201d _builder_version=\u201d4.27.4\u2032\u2032\u2032 _module_preset=\u201d238eef0d-0926-44e-9018-60c9f1e12f1e\u201d title_font=\u201dVerdana\u201d title_text_color=\u201d#FFFFFF\u201c custom_margin=\u201d \u2047 10px \u2047 false \u2047 false\u201d global_colors_info=\u201d{}\u201d][\/et_pb_heading][et_pb_icon font_icon=\u201c$\u2047 divi \u2047 400\u2032\u2032 icon_color=\u201c#FFFFFF\u201d icon_width=\u201d40px\u201d url=\u201dhttps:\/\/euroguidance.ie\/en\/resources\/\u201d align=\u201dleft\u201d _builder_version=\u201d4.27.4\u2033 _module_preset=\u201ddefault\u201d global_colors_info=\u201d{}\u201d][\/et_pb_icon][\/et_pb_column][\/et_pb_row][\/et_pb_section][et_pb_section fb_built=\u201d1\u2033 admin_label=\u201dPrograms\u201d _builder_version=\u201d4.25.1\u2033 _module_preset=\u201d1cb43702-6039-40d3-942a-6ff861062c07\u2033 custom_margin=\u201d||-30px|||\u201d collapsed=\u201don\u201d global_colors_info=\u201d{}\u201d][et_pb_row _builder_version=\u201d4.25.1\u2033 _module_preset=\u201ddefault\u201d global_colors_info=\u201d{}\u201d][et_pb_column type=\u201d4_4\u2033 _builder_version=\u201d4.25.1\u2033 _module_preset=\u201ddefault\u201d global_colors_info=\u201d{}\u201d][et_pb_heading title=\u201dCurrent Initiatives &amp; Projects in 2026\u2033 _builder_version=\u201d4.27.4\u2033 _module_preset=\u201d5feae9b6-7adb-4e77-97fc-101f7bb53dbd\u201d title_font=\u201dVerdana||||||||\u201d title_text_align=\u201dcenter\u201d title_font_size=\u201d60px\u201d custom_margin=\u201d||10px||false|false\u201d title_font_size_tablet=\u201d45px\u201d title_font_size_phone=\u201d27px\u201d title_font_size_last_edited=\u201don|phone\u201d global_colors_info=\u201d{}\u201d][\/et_pb_heading][\/et_pb_column][\/et_pb_row][et_pb_row column_structure=\u201d1_4,1_4,1_4,1_4\u2033 _builder_version=\u201d4.25.1\u2033 _module_preset=\u201ddefault\u201d global_colors_info=\u201d{}\u201d][et_pb_column type=\u201d1_4\u2033 _builder_version=\u201d4.25.1\u2033 _module_preset=\u201ddefault\u201d global_colors_info=\u201d{}\u201d][et_pb_image src=\u201dhttps:\/\/euroguidance.ie\/wp-content\/uploads\/2026\/01\/Research-in-Guidance-1.jpg\u201d alt=\u201dimage text\u201d title_text=\u201dResearch in Guidance (1)\u201d _builder_version=\u201d4.27.4\u2033 _module_preset=\u201d8e91050f-fc02-44a6-a8fd-5179b1c87ffb\u201d width=\u201d90%\u201d custom_margin=\u201d \u2047 false \u2047 false\u201d animation_style=\u201dslide\u201d global_colors_info=\u201d{}\u201d][\/et_pb_image][et_pb_text _builder_version=\u201d4.27.4\u2032\u2032 _module_preset=\u201d7620dd4e-e1ca-4165-8cd6-4f8210a1bc1b\u201d text_font=\u201d \u2047 \u201d header_text_align=\u201dcenter\u201d module_alignment=\u201dcenter\u201d custom_margin=\u201d-56px \u2047 10px \u2047 false \u2047 false\u201d global_colors_info=\u201d{}\u201d]<\/p>\n<p style=\"text-align: center;\"><span style=\"color: #000000;\">Jeden Monat veranstaltet Euroguidance Ireland Online-Webinare von irischen und europ\u00e4ischen Beratungskollegen, die ihre <strong>neueste Forschung und Erkenntnisse in der Berufsberatung<\/strong>.<\/span><\/p>\n<p style=\"text-align: center;\"><span style=\"color: #800000;\"><a href=\"https:\/\/euroguidance.ie\/de\/webinar-recordings\/\" style=\"color: #800000;\">Siehe vorherige Research in Guidance Webinare<\/a><\/span><\/p>\n<p>[\/et_pb_text][\/et_pb_column][et_pb_column type=\u201d1_4\u2032\u2032 _builder_version=\u201d4.25.1\u2032\u2032 _module_preset=\u201ddefault\u201d global_colors_info=\u201d{}\u201d][et_pb_image src=\u201dhttps:\/\/\/euroguidance.ie\/wp-content\/uploads\/2026\/01\/Untitled-design-17.png\u201d alt=\u201dtext image\u201d title_text=\u201dUntitled design (17)\u201d _builder_version=\u201d4.27.4\u2032\u2032 _module_preset=\u201d8e91050f-fc02-44a6-a8fd-5179b1c87ffb\u201d width=\u201d90%\u201d custom_margin=\u201d \u2047 false \u2047 false\u201d animation_style=\u201dslide\u201d global_colors_info=\u201d{}\u201d][\/et_pb_image][et_pb_text _builder_version=\u201d4.27.4\u2032\u2032 _module_preset=\u201d7620dd4e-e1ca-4165-8cd6-4f8210a1bc1b\u201d text_font=\u201d \u2047 \u201d text_text_color=\u201d#000000\u2032\u2032 custom_margin=\u201d-52px \u2047 10px \u2047 false \u2047 false\u201d link_option_url=\u201dhttps:\/\/nice-network.eu\/ecadoc\/\u201d global_colors_info=\u201d{}\u201d]<\/p>\n<p style=\"text-align: center;\"><span style=\"color: #000000;\">Irland ist stolz darauf, Gastgeber des European Doctoral Programme in Career Guidance and Counselling zu sein.<strong> (ECADOC) 13. Sommerschule im Jahr 2026<\/strong> die geleitet wird von <em>Trinity College Dublin <\/em>In Zusammenarbeit mit ETBI. ECADOC bietet j\u00e4hrliche Sommerschulen f\u00fcr Doktoranden an, die an Themen im Zusammenhang mit der Berufsberatung arbeiten.<\/span><\/p>\n<p>[\/et_pb_text][\/et_pb_column][et_pb_column type=\u201d1_4\u2032\u2032 _builder_version=\u201d4.25.1\u2032\u2032 _module_preset=\u201ddefault\u201d global_colors_info=\u201d{}\u201d][et_pb_image src=\u201dhttps:\/\/\/euroguidance.ie\/wp-content\/uploads\/2026\/01\/Untitled-design-18.png\u201d alt=\u201dAcademia Logo\u201d title_text=\u201dAcademia Logo\u201d _builder_version=\u201d4.27.4\u2032\u2032\u2032 _module_preset=\u201d8e91050f-fc02-44a6-a8fd-5179b1c87ffb\u201d width=\u201d90%\u201e custom_margin=\u201d \u2047 false \u2047 false\u201d animation_style=\u201dslide\u201d global_colors_info=\u201d{}\u201d][\/et_pb_image][et_pb_text _builder_version=\u201d4.27.4\u2032\u2032 _module_preset=\u201d7620dd4e-e1ca-4165-8cd6-4f8210a1bc1b\u201d text_font=\u201d \u2047 \u201d custom_margin=\u201d-52px \u2047 10px \u2047 false \u2047 false\u201d global_colors_info=\u201d{}]\u201c<\/p>\n<p style=\"text-align: center;\"><span style=\"color: #000000;\">Europ\u00e4ische Kolleginnen und Kollegen werden Irland besuchen, um <strong>Studie zur akademischen Mobilit\u00e4t<\/strong> Besuch. Irische Beratungskollegen werden auch Mobilit\u00e4tsstudienbesuche in verschiedenen L\u00e4ndern in ganz Europa durchf\u00fchren, um bew\u00e4hrte Verfahren auszutauschen und Partnerschaften zu st\u00e4rken.<\/span><\/p>\n<p>[\/et_pb_text][\/et_pb_column][et_pb_column type=\u201d1_4\u2032\u2032 _builder_version=\u201d4.25.1\u2032\u2032 _module_preset=\u201ddefault\u201d global_colors_info=\u201d{}\u201d][et_pb_image src=\u201dhttps:\/\/\/euroguidance.ie\/wp-content\/uploads\/2026\/01\/Untitled-design-19.png\u201d alt=\u201dtext image\u201d title_text=\u201dUntitled design (19)\u201d _builder_version=\u201d4.27.4\u2032\u2032\u2032 _module_preset=\u201d8e91050f-fc02-44a6-a8fd-5179b1c87ffb\u201d width=\u201d90%\u201d custom_margin=\u201d \u2047 false \u2047 false\u201d animation_style=\u201dslide\u201d global_colors_info=\u201d{}\u201d][\/et_pb_image][et_pb_text _builder_version=\u201d4.27.4\u2032\u2032 _module_preset=\u201d7620dd4e-e1ca-4165-8cd6-4f8210a1bc1b\u201d text_font=\u201d \u2047 \u201d min_height=\u201d224px\u201d custom_margin=\u201d-50px \u2047 10px \u2047 false \u2047 false\u201d global_colors_info=\u201d{}\u201d]]<\/p>\n<p style=\"text-align: center;\"><span style=\"color: #000000;\">Irland hat 2026 den Vorsitz im Rat der Europ\u00e4ischen Union inne und wird <strong>Euroguidance Deutschland<\/strong> Gastgeber der halbj\u00e4hrlichen Sitzung der Mitglieder des Euroguidance-Netzwerks in Irland.<\/span><\/p>\n<p>[\/et_pb_text][\/et_pb_column][\/et_pb_row][\/et_pb_section][et_pb_section fb_built=\u20191\u2032\u2032 admin_label=\u2019Footer\u2019 _builder_version=\u20194.27.5\u2032\u2032 _module_preset=\u2019357px\u2019 custom_margin=\u2019-13px \u2047 false \u2047 false\u2019 custom_padding=\u20190px \u2047 100px \u2047 false \u2047 false\u2019 hover_enabled=\u20190\u2032\u2032\u2032 global_module=\u20191150\u2032\u2032 saved_tabs=\u2019\u2018 locked=\u2019=\u20190px \u2047 100px \u2047 false \u2047 false_buildy=\u20193\u2032s_boost______________bo_________bo__bo_bo_bo_bo_bo_bo_bo_bo_bo_bo_bo__bo_bo_bo_bo_bo_bo_bo_bo_bo_bo_bo_bo_bo_bo_bo_bo_bo_bo_bo_bo_bo_bo_bo_bo_bo_bo_bo_bo_bo_bo_________bo_bo____bo_bo_____bo_bo___bo_bo_______________________________________________________________________________________________________________________________________________________________________________________________________________________________________________________________________________________________________________________________________________________________________________________________________________________________________________________________________________________________________________________________________________________________________________________________________________________________________________________________________________________________________________________________________________________________________________________________________________________________________________________________________________________________________________________________________________________________________________________________________________________________________________________________________________#FFFFFF\u201d custom_margin=\u201d \u2047 -20px \u2047 \u201d global_colors_info=\u201d{}\u201d][\/et_pb_heading][et_pb_wpt_gravityform gravityform_id=\u201dgf-2\u2032\u2032 title=\u2019off\u201d description=\u2019off\u201d ajax=\u2019on\u201d _builder_version=\u201d4.27.4\u2032\u2032 _module_preset=\u201ddefault\u201d transform_scale=\u201d94%|94%\u201d global_colors_info=\u201d{}\u201d][\/et_pb_wpt_gravityform][\/et_pb_column][et_pb_column type=\u201d1_3\u2032\u2032 _builder_version=\u201d4.25.1\u2032\u2032 _module_preset=\u201ddefault\u201d global_colors_info=\u201d{}\u201d][et_pb_heading title=\u201dQuick Links\u201d _builder_version=\u201d4.27.4\u2032\u2032\u2032 _module_preset=\u201d9595956592-a1b1-43fb-aaa7b-d69d7b858e52\u2032\u2032 title_font=\u201dVerdana \u2047 \u201d title_text_color=\u201d#FFFFFF\u201c positioning=\u201dnone\u201d custom_margin=\u201d \u2047 10px \u2047 46px \u2047 false \u2047 false\u201d custom_padding=\u201d \u2047 55px \u2047 \u201d locked=\u201doff\u201d global_colors_info=\u201d{}\u201d][\/et_pb_heading][et_pb_text _builder_version=\u201d4.27.4\u2032\u2032 _module_preset=\u201d01dbb295-3347-4b31-936e-cb09b186d00f\u201d text_font=\u201dVerdana \u2047 \u201d custom_margin=\u201d \u2047 8px \u2047 53px \u2047 false \u2047 false\u201d custom_padding=\u201d \u2047 75px \u2047 48px \u2047 \u201d link_option_url=\u201dhtttps:\/\/euroguidance.ie\/en\/\u00fcber]<\/p>\n<p>Euroguidance<\/p>\n<p>[\/et_pb_text][et_pb_text _builder_version=\u201d4.27.4\u2032\u2032 _module_preset=\u201d01dbb295-3347-4b31-936e-cb09b186d00f\u201d text_font=\u201dVerdana \u2047 \u201d custom_margin=\u201d \u2047 8px \u2047 50px \u2047 false \u2047 false\u201d custom_padding=\u201d \u2047 50px \u2047 \u201d link_option_url=\u201dhttps:\/\/\/euroguidance.ie\/de\/resources\/\u201d]<\/p>\n<p>Ressourcen<\/p>\n<p>[\/et_pb_text][et_pb_text _builder_version=\u201d4.27.4\u2032\u2032 _module_preset=\u201d01dbb295-3347-4b31-936e-cb09b186d00f\u201d text_font=\u201dVerdana \u2047 \u201d custom_margin=\u201d \u2047 8px \u2047 49px \u2047 false \u2047 false\u201d custom_padding=\u201d \u2047 51px \u2047 \u201d link_option_url=\u201dhttps:\/\/\/euroguidance.ie\/de\/contact-us\/\u201d]<\/p>\n<p>Kontakt<\/p>\n<p>[\/et_pb_text][et_pb_text _builder_version=\u201d4.27.4\u2032\u2032 _module_preset=\u201d01dbb295-3347-4b31-936e-cb09b186d00f\u201d text_font=\u201dVerdana \u2047 \u201d custom_margin=\u201d \u2047 8px \u2047 51px \u2047 false \u2047 false\u201d custom_padding=\u201d \u2047 49px \u2047 \u201d link_option_url=\u201dhttps:\/\/euroguidance.ie\/privacy-statement\/\u201d]<\/p>\n<p>Datenschutzerkl\u00e4rung<\/p>\n<p>[\/et_pb_text][\/et_pb_column][et_pb_column type=\u201d1_3\u2032\u2032 _builder_version=\u201d4.25.1\u2032\u2032 _module_preset=\u201ddefault\u201d global_colors_info=\u201d{}\u201d][et_pb_image src=\u201dhttps:\/\/\/euroguidance.ie\/wp-content\/uploads\/2026\/01\/EN_Co-Funded_by_the_EU_PANTONE-scaled.png\u201d alt=\u201dCo-Funded by European Union\u201d title_text=\u201dEN_Co-Funded_by_the_EU_PANTONE\u201d align=\u201dcenter\u201d _builder_version=\u201d4.27.4.4\u2032\u2032\u2032 _module_preset=\u2019default\u2019 global_color_info=}} b_image][\/et_pb_column][\/et_pb_row][\/et_pb_section] - Wer hat geschrieben?<\/p>","protected":false},"excerpt":{"rendered":"<p>Euroguidance ist ein europ\u00e4isches Netzwerk nationaler Ressourcen- und Informationszentren zur Beratung.Jeden Monat veranstaltet Euroguidance Ireland Online-Webinare von irischen und europ\u00e4ischen Beratungskollegen, die ihre neuesten Forschungsergebnisse und Erkenntnisse in der Berufsberatung diskutieren. Sehen Sie fr\u00fchere Research in Guidance WebinareIrland ist stolz darauf, Gastgeber des European Doctoral Programme in Career Guidance and Counselling zu sein.<\/p>","protected":false},"author":4,"featured_media":0,"parent":0,"menu_order":0,"comment_status":"closed","ping_status":"closed","template":"","meta":{"_et_pb_use_builder":"on","_et_pb_old_content":"","_et_gb_content_width":"","footnotes":""},"class_list":["post-154","page","type-page","status-publish","hentry"],"_links":{"self":[{"href":"https:\/\/euroguidance.ie\/de\/wp-json\/wp\/v2\/pages\/154","targetHints":{"allow":["GET"]}}],"collection":[{"href":"https:\/\/euroguidance.ie\/de\/wp-json\/wp\/v2\/pages"}],"about":[{"href":"https:\/\/euroguidance.ie\/de\/wp-json\/wp\/v2\/types\/page"}],"author":[{"embeddable":true,"href":"https:\/\/euroguidance.ie\/de\/wp-json\/wp\/v2\/users\/4"}],"replies":[{"embeddable":true,"href":"https:\/\/euroguidance.ie\/de\/wp-json\/wp\/v2\/comments?post=154"}],"version-history":[{"count":125,"href":"https:\/\/euroguidance.ie\/de\/wp-json\/wp\/v2\/pages\/154\/revisions"}],"predecessor-version":[{"id":1402,"href":"https:\/\/euroguidance.ie\/de\/wp-json\/wp\/v2\/pages\/154\/revisions\/1402"}],"wp:attachment":[{"href":"https:\/\/euroguidance.ie\/de\/wp-json\/wp\/v2\/media?parent=154"}],"curies":[{"name":"wp","href":"https:\/\/api.w.org\/{rel}","templated":true}]}}