{"id":1315,"date":"2026-01-14T15:01:22","date_gmt":"2026-01-14T15:01:22","guid":{"rendered":"https:\/\/euroguidance.ie\/?page_id=1315"},"modified":"2026-01-14T15:46:30","modified_gmt":"2026-01-14T15:46:30","slug":"academia","status":"publish","type":"page","link":"https:\/\/euroguidance.ie\/de\/academia\/","title":{"rendered":"Hochschulen"},"content":{"rendered":"<p>[et_pb_section fb_built=\u201d1\u2032\u2032 admin_label=\u201dHeader\u201d _builder_version=\u201d4.27.4\u2032\u2032 _module_preset=\u201ded3a2270-0d1b-4161-8645-f529b8b3c5c0\u2032\u2032 background_color_gradient_direction=\u201d193deg\u201d background_color_gradient_stops=\u201dgcid-d119accd-44d7-4f2f-b9d7-599c8463324b 0%\u2047 rgba(7,33,48,0.6) 37%\u2047 rgba(255.255.255,0) 62%\u2047 gcid-1cd7c6da-5fe0-4f78-8345-603cff3cbdfc 100%\u2019 background_image=\u2019https:\/\/euroguidance.ie\/wp-content\/uploads\/2025\/02\/students3.jpg\u2019 background_enable_image=\u2019on\u2018 parallax=\u2019on\u2018 background_blend=\u2019darken\u2018 min_height=\u2019332.6px\u2019 custom_margin=\u2019 \u2047 53px \u2047 \u2019 locked=\u2019off\u2018 collapsed=\u2019off\u2019 global_colors_info=\u2019{\u201c Hintergrundbild=\u201ehttps:\/\/\/euroguidance.ie\/wp-content\/uploads\/2025\/02\/students3.jpg\u2019 background_enable_image=\u2019on\u2018 parallax=\u2019on\u2019 background_blend=\u2019darken\u2018 min_height=\u2019\u2019332.6px\u2019 custom_margin=\u2019 \u2047 53px \u2047 \u2019 locked=\u2019off\u2019gcid-1f1bf5fb-a99d-4acc-8d9e-ddac074c158c:background_color_gradient_stops,background_color_gradient_stops,background_color_gradient_stops,gcid-4c79ba3d-a281-4fb6-9b14-02f9a4c793f2:background_color_gradient_stops,background_color_gradient_stops,background_color_gradient_stops,gcid-688c464a-d6f2-4296-b592-395352c71c79:background_color_gradient_stops,background_color_gradient_stops,background_color_gradient_stops,gcid-d119accd-44d7-4f2f-b9d7-599c8463324b:background_color_gradient_stops,background_color_gradient_stops,background_color_gradient_stops,gcid-2352d280-fe84-43b1-a71e-f400c35a526a:background_color_gradient_stops,gcid-9e22d70d-67ee-4430-bed3-4bc105d4ef1e:background_color_gradient_stops,gcid-1cd7c6da-5fe0-4f78-8345-603cff3cbdfc:background_color_gradient_stops}][et_pb_row _builder_version=\u201d4.25.1\u2032 _module_preset=\u201ddefault\u201d global_colors_info=\u201d{}\u201d][et_pb_column type=\u201d4_4\u2032\u2032 _builder_version=\u201d4.25.1\u2032\u2032 _module_preset=\u201ddefault\u201d global_colors_info=\u201d{}\u201d][et_pb_heading title=\u201dAcademia\u201d _builder_version=\u201d4.27.4\u2032\u2032\u2032\u2032 _module_preset=\u201dbe0d0648-3112-47a9-843b-14168fe1dabd\u201d title_level=\u201dh2\u2032 title_font=\u201dVerdana\u201d title_text_align=\u201dcenter\u201d title_text_color=\u201d#ededed\u201d title_font_size=\u201d60px\u201d background_color=\u201dRGBA(255,255,255,0)\u201d custom_margin=\u201d40px \u2047 10px \u2047 false \u2047 false\u201d title_font_size_tablet=\u201d45px\u201d title_font_size_phone=\u201d27px\u201d title_font_size_last_edited=\u201don \u2047 phone\u201d global_colors_info=\u201d{gcid-12627f56-04f6-43cc-b53c-4ff92851d432:Hintergrund_Maske_Farbe}][\/et_pb_heading][\/et_pb_column][\/et_pb_row][\/et_pb_section][et_pb_section fb_built=\u201d1\u2032\u2032 _builder_version=\u201d4.27.4\u2032\u2032 _module_preset=\u201ddefault\u201d custom_padding=\u201d0px \u2047 \u201d global_colors_info=\u201d{}\u201d][et_pb_row _builder_version=\u201d4.17.6\u2032\u2032\u2032 _module_preset=\u201d5138c454-be54-4233-bd3b-f8e6a87479\u2032\u2032\u2032 lock=\u201doff\u201d global_colors_info=\u201d{}\u201d][et_pb_column type=\u201d4_4\u2032 _builder_version=\u201d4.17.4\u2032\u2032 _module_preset=\u20191-733803f-443873f\u2032 global_colors_info=\u201d{}\u201d][et_pb_heading title=\u201dMobilit\u00e4tsstudienbesuch in Irland 2025\u2032\u2032 _builder_version=\u201d4.27.4\u2032\u2032 _module_preset=\u201ddefault\u201d title_font=\u201d \u2047 \u201d title_text_align=\u201dcenter\u201d title_text_color=\u201d#000000\u2032\u2032 background_color=\u201c#FFFFFF\u201c Breite=\u201c54%\u201emax_width=\u201c79%\u201emodul_alignment=\u201dcenter\u201d custom_margin=\u201d0px \u2047 0px \u2047 false \u2047 false\u201d custom_padding=\u201d16px \u2047 12px \u2047 0px \u2047 false \u2047 false\u201d border_color_all=\u201c#0C71C3\u2032\u2032 border_style_all=\u201dinset\u201d box_shadow_style=\u201dpreset1\u2032\u2032 box_shadow_vertical=\u201d0px\u201d box_shadow_blur=\u201d6px\u201d box_shadow_position=\u201dinner\u201d global_colors_info=\u201d{}\u201d][\/et_pb_heading][et_pb_text _builder_version=\u201d4.27.4\u2032\u2032 _module_preset=\u201ddefault\u201d text_font_size=\u201d16px\u201d global_colors_info=\u201d{}]<\/p>\n<p style=\"text-align: center;\"><span style=\"color: #000000;\">Im Mai 2025 begr\u00fc\u00dften wir f\u00fcnfzehn europ\u00e4ische Beratungskollegen aus zehn europ\u00e4ischen L\u00e4ndern (\u00d6sterreich, Schweiz, Deutschland, D\u00e4nemark, Estland, Frankreich, Norwegen, Slowenien, Spanien und Schweden) nach Irland. Das Thema der Fachexkursion lautete:<strong>Inklusive Anleitung<\/strong>\u201c.<\/span><\/p>\n<p>&nbsp;<\/p>\n<ul>\n<li style=\"text-align: left;\"><span style=\"color: #000000;\">Die Fachexkursion fand im Liberties College, City of Dublin Education and Training Board (ETB) statt.<\/span><\/li>\n<li style=\"text-align: left;\"><span style=\"color: #000000;\">Dr. Mary Quirke erm\u00f6glichte einen Universal Design Workshop, in dem er untersuchte, wie F\u00fchrungsexperten die Ans\u00e4tze Universal Design (UD) und Universal Design for Learning (UDL) in ihrer Praxis anwenden und eine Universal Design in Guidance-Mentalit\u00e4t \u00fcbernehmen k\u00f6nnen.<\/span><\/li>\n<li style=\"text-align: left;\"><span style=\"color: #000000;\">Des Acton vom Trinity Centre for People with Intellectual Disabilities (TCPID) moderierte eine Sitzung zum Thema \u201eAccess and Inclusion in Guidance\u201c<\/span><\/li>\n<li style=\"text-align: left;\"><span style=\"color: #000000;\">Julieanne Duffy Gillen von der Technological University (TU) Dublin erm\u00f6glichte eine Sitzung \u00fcber die Beratung in der Geh\u00f6rlosengemeinschaft<\/span><\/li>\n<\/ul>\n<p>[\/et_pb_text][et_pb_gallery gallery_ids=\u201d825,829,821,826\u2032\u2032 show_title_and_caption=\u201doff\u201d _builder_version=\u201d4.27.4\u2032\u2032 _module_preset=\u201ddefault\u201d animation_style=\u201dzoom\u201d hover_enabled=\u201d0\u2032\u2032 dbdb_version=\u201d4.12.2\u2032\u2032 dbdb_enable_grid_slide_in=\u201doff\u201d global_colors_info=\u201d{}\u201d dbdb_show_in_lightbox=\u201doff\u201d show_pagination=\u201doff\u201d sticky_enabled=\u201d0\u2032\u2032][\/et_pb_gallery][et_pb_divider color=\u201d#004773\u2032\u2032 _builder_version=\u201d4.27.4\u2032\u2032 _module_preset=\u201ddefault\u201d global_colors_info=\u201d{}\u201d][\/et_pb_divider][et_pb_heading title=\u201dMobilit\u00e4tsstudienbesuch in Irland 2024\u2032\u2032 _builder_version=\u201d4.27.4\u2032\u2032 _module_preset=\u201ddefault\u201d title_font=\u201d \u2047 \u201d title_text_align=\u201dcenter\u201d title_text_color=\u201d#000000\u2032\u2032 background_color=\u201c#FFFFFF\u201c Breite=\u201c54%\u201emax_width=\u201c79%\u201emodul_alignment=\u201dcenter\u201d custom_margin=\u201d0px \u2047 0px \u2047 false \u2047 false\u201d custom_padding=\u201d16px \u2047 12px \u2047 0px \u2047 false \u2047 false\u201d border_color_all=\u201c#0C71C3\u2032\u2032 border_style_all=\u201dinset\u201d box_shadow_style=\u201dpreset1\u2032\u2032 box_shadow_vertical=\u201d0px\u201d box_shadow_blur=\u201d6px\u201d box_shadow_position=\u201dinner\u201d global_colors_info=\u201d{}\u201d][\/et_pb_heading][et_pb_text _builder_version=\u201d4.27.4\u2032\u2032 _module_preset=\u201ddefault\u201d text_text_color=\u201d#000000\u2032\u2032 text_font_size=\u201d16px\u201d global_colors_info=\u201d{}\u201d]<\/p>\n<p style=\"text-align: center;\"><span style=\"color: #000000;\">Dreizehn Kollegen aus sechs europ\u00e4ischen L\u00e4ndern, darunter die Niederlande, Estland, Frankreich, Spanien, Norwegen, Deutschland und D\u00e4nemark, besuchten Dublin im Mai 2025. Das Thema der Fachexkursion lautete: <strong>\u201eLebenslange Berufsberatung \u2013 Eine Zukunftsvision\u201c.<\/strong><\/span><\/p>\n<p>&nbsp;<\/p>\n<ul>\n<li style=\"text-align: left;\"><span style=\"color: #000000;\">Die Fachexkursion fand im Liberties College, City of Dublin Education and Training Board (ETB) statt.<\/span><\/li>\n<li style=\"text-align: left;\"><span style=\"color: #000000;\">Beratungsstellenkollegien des Rates f\u00fcr allgemeine und berufliche Bildung der Stadt Dublin (ETB) boten eine Informationsveranstaltung \u00fcber Beratungsdienste in der beruflichen Weiterbildung (FET) an.<\/span><\/li>\n<li style=\"text-align: left;\"><span style=\"color: #000000;\">Dr. Mary Quirke, Dr. Patricia McCarthy, Des Acton und Conor McGuirk pr\u00e4sentierten Access, Inclusion and Universal Design in Guidance im Trinity Centre for People with Intellectual Disabilities (TCPID)<\/span><\/li>\n<li style=\"text-align: left;\"><span style=\"color: #000000;\">Aisling Murray Fleming von der Dublin City University (DCU) gab einen \u00dcberblick \u00fcber das Guidance Counselling Programme der DCU und digitale Tools in Guidance, einschlie\u00dflich einer F\u00fchrung durch das Virtual Reality Lab der DCU.<\/span><\/li>\n<li style=\"text-align: left;\"><span style=\"color: #000000;\">Aktivit\u00e4ten in der N\u00e4he von Dublin Dun Laoghaire Education Training Board (DDLETB)<\/span><\/li>\n<li style=\"text-align: left;\"><span data-contrast=\"auto\" style=\"color: #000000;\">Dr. Carol Guildea hielt eine Sitzung \u00fcber den Strategischen Rahmen f\u00fcr lebenslange Beratung<\/span><\/li>\n<li style=\"text-align: left;\"><span data-contrast=\"auto\" style=\"color: #000000;\">Stephen O\u2019Neill, leitender Psychologe im psychologischen Dienst des Bildungsausschusses der Stadt Dublin, hielt eine Sitzung zum Thema \u201eSelf-Care for You \u2013 Minding Your Mind\u201c ab.<\/span><\/li>\n<\/ul>\n<p>[\/et_pb_text][et_pb_gallery gallery_ids=\u201d840,839,835,836\u2032\u2032 show_title_and_caption=\u201doff\u201d _builder_version=\u201d4.27.4\u2032\u2032 _module_preset=\u201ddefault\u201d dbdb_version=\u201d4.12.2\u2032\u2032 dbdb_show_lightbox_title=\u201doff\u201d global_colors_info=\u201d{}\u201d][\/et_pb_gallery][\/et_pb_column][\/et_pb_row][\/et_pb_section]<\/p>","protected":false},"excerpt":{"rendered":"<p>Im Mai 2025 begr\u00fc\u00dften wir f\u00fcnfzehn europ\u00e4ische Beratungskollegen aus zehn europ\u00e4ischen L\u00e4ndern (\u00d6sterreich, Schweiz, Deutschland, D\u00e4nemark, Estland, Frankreich, Norwegen, Slowenien, Spanien und Schweden) nach Irland. Das Thema der Fachexkursion lautete \u201eInklusive Beratung\u201c. \u00a0 Die Fachexkursion fand im Liberties College, City of Dublin Education and Training Board (ETB) statt.<\/p>","protected":false},"author":9,"featured_media":0,"parent":0,"menu_order":0,"comment_status":"closed","ping_status":"closed","template":"","meta":{"_et_pb_use_builder":"on","_et_pb_old_content":"","_et_gb_content_width":"","footnotes":""},"class_list":["post-1315","page","type-page","status-publish","hentry"],"_links":{"self":[{"href":"https:\/\/euroguidance.ie\/de\/wp-json\/wp\/v2\/pages\/1315","targetHints":{"allow":["GET"]}}],"collection":[{"href":"https:\/\/euroguidance.ie\/de\/wp-json\/wp\/v2\/pages"}],"about":[{"href":"https:\/\/euroguidance.ie\/de\/wp-json\/wp\/v2\/types\/page"}],"author":[{"embeddable":true,"href":"https:\/\/euroguidance.ie\/de\/wp-json\/wp\/v2\/users\/9"}],"replies":[{"embeddable":true,"href":"https:\/\/euroguidance.ie\/de\/wp-json\/wp\/v2\/comments?post=1315"}],"version-history":[{"count":6,"href":"https:\/\/euroguidance.ie\/de\/wp-json\/wp\/v2\/pages\/1315\/revisions"}],"predecessor-version":[{"id":1350,"href":"https:\/\/euroguidance.ie\/de\/wp-json\/wp\/v2\/pages\/1315\/revisions\/1350"}],"wp:attachment":[{"href":"https:\/\/euroguidance.ie\/de\/wp-json\/wp\/v2\/media?parent=1315"}],"curies":[{"name":"wp","href":"https:\/\/api.w.org\/{rel}","templated":true}]}}