{"id":1205,"date":"2026-01-09T13:58:34","date_gmt":"2026-01-09T13:58:34","guid":{"rendered":"https:\/\/euroguidance.ie\/?page_id=1205"},"modified":"2026-01-15T13:00:34","modified_gmt":"2026-01-15T13:00:34","slug":"euroguidance-network","status":"publish","type":"page","link":"https:\/\/euroguidance.ie\/de\/euroguidance-network\/","title":{"rendered":"Euroguidance-Netzwerk"},"content":{"rendered":"<p>[et_pb_section fb_built=\u201d1\u2032\u2032 admin_label=\u201dHeader\u201d _builder_version=\u201d4.27.4\u2032\u2032 _module_preset=\u201ded3a2270-0d1b-4161-8645-f529b8b3c5c0\u2032\u2032 background_color_gradient_direction=\u201d193deg\u201d background_color_gradient_stops=\u201dgcid-d119accd-44d7-4f2f-b9d7-599c8463324b 0%\u2047 rgba(7,33,48,0.6) 37%\u2047 rgba(255.255.255,0) 62%\u2047 gcid-1cd7c6da-5fe0-4f78-8345-603cff3cbdfc 100%\u2019 background_image=\u2019https:\/\/euroguidance.ie\/wp-content\/uploads\/2025\/02\/students3.jpg\u2019 background_enable_image=\u2019on\u2018 parallax=\u2019on\u2018 background_blend=\u2019darken\u2018 min_height=\u2019332.6px\u2019 custom_margin=\u2019 \u2047 53px \u2047 \u2019 locked=\u2019off\u2018 collapsed=\u2019off\u2019 global_colors_info=\u2019{\u201c Hintergrundbild=\u201ehttps:\/\/\/euroguidance.ie\/wp-content\/uploads\/2025\/02\/students3.jpg\u2019 background_enable_image=\u2019on\u2018 parallax=\u2019on\u2019 background_blend=\u2019darken\u2018 min_height=\u2019\u2019332.6px\u2019 custom_margin=\u2019 \u2047 53px \u2047 \u2019 locked=\u2019off\u2019gcid-1f1bf5fb-a99d-4acc-8d9e-ddac074c158c:background_color_gradient_stops,background_color_gradient_stops,background_color_gradient_stops,gcid-4c79ba3d-a281-4fb6-9b14-02f9a4c793f2:background_color_gradient_stops,background_color_gradient_stops,background_color_gradient_stops,gcid-688c464a-d6f2-4296-b592-395352c71c79:background_color_gradient_stops,background_color_gradient_stops,background_color_gradient_stops,gcid-d119accd-44d7-4f2f-b9d7-599c8463324b:background_color_gradient_stops,background_color_gradient_stops,background_color_gradient_stops,gcid-2352d280-fe84-43b1-a71e-f400c35a526a:background_color_gradient_stops,gcid-9e22d70d-67ee-4430-bed3-4bc105d4ef1e:background_color_gradient_stops,gcid-1cd7c6da-5fe0-4f78-8345-603cff3cbdfc:background_color_gradient_stops}][et_pb_row _builder_version=\u201d4.25.1\u2032 _module_preset=\u201ddefault\u201d global_colors_info=\u201d{}\u201d][et_pb_column type=\u201d4_4\u2032\u2032 _builder_version=\u201d4.25.1\u2032\u2032 _module_preset=\u201ddefault\u201d global_colors_info=\u201d{}\u201d][et_pb_heading title=\u201dEuroguidance Network\u201d _builder_version=\u201d4.27.4\u2032\u2032\u2032\u2032 _module_preset=\u201dbe0d0648-3112-47a9-843b-14168fe1dabd\u201d title_level=\u201dh2\u2032 title_font=\u201dVerdana \u2047 \u201d title_textalign=\u201dcenter\u201d title_text_color=\u201d#ededed\u201d title_font_size=\u201d60px\u201d background_color=\u201dRGBA(255,255,255,0)\u201d custom_margin=\u201d40px \u2047 10px \u2047 false \u2047 false\u201d title_font_size_tablet=\u201d45px\u201d title_font_size_phone=\u201d27px\u201d title_font_size_last_edited=\u201don \u2047 phone\u201d global_colors_info=\u201d{gcid-12627f56-04f6-43cc-b53c-4ff92851d432:Hintergrund_Maske_Farbe}]][\/et_pb_heading][\/et_pb_column][\/et_pb_row][\/et_pb_section][et_pb_section fb_built=\u201e1\u2032\u2032 admin_label=\u201eGallery\u201c _builder_version=\u201e4.27.4\u2032\u2032\u2032 _module_preset=\u201edefault\u201c background_color=\u201c#FFFFFF\u2019 custom_padding=\u20190px \u2047 0px \u2047 \u2019 animation_style=\u2019slide\u2018 locked=\u2019off\u2018 collapsed=\u2019on\u2018 global_colors_info=\u2019{}\u2018][et_pb_row _builder_version=\u20194.17.6\u2032\u2032 _module_preset=\u20195138c454-be54-4233-bd3b-f8e6a8747976\u2032\u2032 locked=\u2019off\u2018 global_colors_info=\u2019{}\u2018\u2018][et_pb_column type=\u20194_4\u2032\u2032\u2032 _builder_version=\u20194.17.4\u2032\u2032 _module_preset=\u201973121f80-a3ef-4484-8763-cf318e3c56d2\u2032\u2032 global_colors_info=\u2019}}} _builder_version=\u201d4.27.4\u2032\u2032 _module_preset=\u201ddefault\u201d title_font=\u201d \u2047 \u201d title_text_align=\u201dcenter\u201d title_text_color=\u201d#000000\u2032\u2032 background_color=\u201c#FFFFFF\u201c Breite=\u201c54%\u201emax_width=\u201c79%\u201emodul_alignment=\u201dcenter\u201d custom_margin=\u201d0px \u2047 0px \u2047 false \u2047 false\u201d custom_padding=\u201d16px \u2047 12px \u2047 0px \u2047 false \u2047 false\u201d border_color_all=\u201c#0C71C3\u2032\u2032 border_style_all=\u201dinset\u201d box_shadow_style=\u201dpreset1\u2032\u2032 box_shadow_vertical=\u201d0px\u201d box_shadow_blur=\u201d6px\u201d box_shadow_position=\u201dinner\u201d global_colors_info=\u201d{}\u201d][\/et_pb_heading][et_pb_text _builder_version=\u201d4.27.4\u2032\u2032 _module_preset=\u201ddefault\u201d text_text_color=\u201d#000000\u2032\u2032 text_font_size=\u201d16px\u201d global_colors_info=\u201d{}\u201d]<\/p>\n<p><span>Treffen des Euroguidance-Netzwerks bringen Kolleginnen und Kollegen aus verschiedenen europ\u00e4ischen L\u00e4ndern zusammen. Die Treffen geben den Menschen die M\u00f6glichkeit, Ideen, Erfahrungen und bew\u00e4hrte Verfahren in den Bereichen Beratung, Bildung und Karriereentwicklung auszutauschen. Die Treffen helfen den L\u00e4ndern, voneinander zu lernen und gemeinsam an gemeinsamen Herausforderungen wie der Unterst\u00fctzung der Lernenden, der Verbesserung der Beratungsdienste und der F\u00f6rderung der Mobilit\u00e4t in ganz Europa zu arbeiten. <\/span><span>Auf diesen Sitzungen werden die Mitglieder auch \u00fcber europ\u00e4ische Strategien und Projekte im Zusammenhang mit allgemeiner und beruflicher Bildung und lebenslanger Beratung auf dem Laufenden gehalten.<\/span><\/p>\n<ul><\/ul>\n<p>[\/et_pb_text][et_pb_gallery gallery_ids=\u201d1238,1239,1240,1241\u2032\u2032 _builder_version=\u201d4.27.4\u2032\u2032 _module_preset=\u201ddefault\u201d caption_text_color=\u201d#000000\u2032\u2032 pagination_text_color=\u201c#000000\u2032\u2032 dbdb_image_count_text_color=\u201c#000000\u2032\u2032 animation_style=\u201dzoom\u201d dbdb_version=\u201d4.12.2\u2032\u2032 dbdb_show_lightbox_title=\u201doff\u201d dbdb_show_lightbox_image_count=\u201doff\u201d dbdb_lightbox_background_color=\u201d#FFFFFF\u201c global_colors_info=\u201d{}\u201d][\/et_pb_gallery][et_pb_divider color=\u201c#004773\u2032\u2032 _builder_version=\u201d4.27.4\u2032\u2032 _module_preset=\u201ddefault\u201d global_colors_info=\u201d{}\u201d][\/et_pb_divider][\/et_pb_column][\/et_pb_row][et_pb_row _builder_version=\u201d4.27.4\u2032\u2032 _module_preset=\u201ddefault\u201d custom_margin=\u201d-59px \u2047 auto \u2047 auto \u2047 \u201d global_colors_info=\u201d{}\u201d][et_pb_column type=\u201d4_4\u2032\u2032\u2032 _builder_version=\u201d4.27.4\u2032\u2032 _module_preset=\u201ddefault\u201d global_colors_info=\u201d{}}\u201d][et_pb_heading title=\u201dEuroguidance Events\u201d _builder_version=\u201d4.27.4\u2032\u2032 _module_preset=\u201edefault\u201c title_font=\u201e \u2047 \u201c title_text_align=\u201ecenter\u201c title_text_color=\u201c#000000\u2032\u2032 background_color=\u201c#FFFFFF\u201c Breite=\u201c54%\u201emax_width=\u201c79%\u201emodul_alignment=\u201dcenter\u201d custom_margin=\u201d0px \u2047 0px \u2047 false \u2047 false\u201d custom_padding=\u201d16px \u2047 12px \u2047 0px \u2047 false \u2047 false\u201d border_color_all=\u201c#0C71C3\u2032\u2032 border_style_all=\u201dinset\u201d box_shadow_style=\u201dpreset1\u2032\u2032 box_shadow_vertical=\u201d0px\u201d box_shadow_blur=\u201d6px\u201d box_shadow_position=\u201dinner\u201d global_colors_info=\u201d{}\u201d][\/et_pb_heading][\/et_pb_column][\/et_pb_row][\/et_pb_section][et_pb_section fb_built=\u201d1\u2032\u2032\u2032 _builder_version=\u201d4.27.4\u2032\u2032\u2032\u2032 _module_preset=\u2019default\u201d custom_padding=\u20196px \u2047 \u2019 locked=\u2019off\u201d global_colorsinfo=\u201d{}}][et_pbrow_structure=\u201d12,_2\u2032builder_version=\u20194.info.detext_build_set=____________de___de_____________de___________________________________________________________________________________________________________________________________________________________________________________________________________________________________________________________________________________________________________________________________________________________________________________________________________________________________________________________________________________________________________________________________________________________________________________________________________________________________________________________________________________________________________________________________________________________________________________________________________________________________#000000\u2032\u2032 global_colors_info=\u201d{}\u201d][\/et_pb_heading][et_pb_text _builder_version=\u201d4.27.4\u2032\u2032 _module_preset=\u201ddefault\u201d text_text_color=\u201d#000000\u2032\u2032 text_font_size=\u201d16px\u201d global_colors_info=\u201d{}\u201d]<\/p>\n<p><span data-contrast=\"auto\">NICE organisiert j\u00e4hrlich Akademien. NICE Academies sind strukturierte Lern- und Networking-Veranstaltungen f\u00fcr Profis und akademische Trainer im Bereich der Berufsberatung und -beratung.\u00a0<\/span><span data-ccp-props=\"{}\">\u00a0<\/span><span data-ccp-props=\"{}\"><\/span><span data-contrast=\"auto\">Die NICE Academy 2025 fand im September 2025 in Valetta, Malta, statt. Sie trug den Titel Career Guidance for Sustainable Futures - Communities, Boundaries and Transitions.\u00a0<\/span><span data-ccp-props=\"{}\">\u00a0<\/span><span data-contrast=\"auto\">Ein Programm der Veranstaltung finden Sie hier\u00a0<\/span><a href=\"https:\/\/nice-network.eu\/.cm4all\/uproc.php\/0\/Malta2025\/Programme%20with%20abstracts%20V3-%20NICE%20Academy%202025_09_04.pdf?cdp=a&amp;_=19913ec7e50\"><span data-contrast=\"none\">hier<\/span><\/a><span data-contrast=\"auto\">\u00a0<\/span><span data-ccp-props=\"{}\">\u00a0<\/span><\/p>\n<p>[\/et_pb_text][\/et_pb_column][et_pb_column type=\u201d1_2\u2032\u2032 _builder_version=\u201d4.27.4\u2032\u2032 _module_preset=\u201ddefault\u201d global_colors_info=\u201d{}\u201d][et_pb_image src=\u201dhttps:\/\/\/euroguidance.ie\/wp-content\/uploads\/2026\/01\/Untitled-design-20-1.png\u201d title_text=\u2019Untitled design (20)\u2019 align=\u2019center\u201d _builder_version=\u201d4.27.4\u2032\u2032 _module_preset=\u2019default\u2018 width=\u201956%\u201d animation_style=\u201dzoom\u201d global_colors_info=\u201d{}\u201d][\/et_pb_image][\/et_pb_column][\/et_pb_row][et_pb_row _builder_version=\u201d4.27.4\u2032\u2032 _module_preset=\u201ddefault\u201d global_colors_info=\u201d{}\u201d][et_pb_column type=\u201d4_4\u2032\u2032 _builder_version=\u201d4.27.4\u2032\u2032\u2032 _module_preset=\u201ddefault\u201d global_colors_info=\u201d{}\u201d][et_pb_divider color=\u201d#000000\u2032\u2032 _builder_version=\u201d4.27.4\u2032\u2032 _module_preset=\u201ddefault\u201d global_colors_info=\u201d{}\u201d][\/et_pb_divider][\/et_pb_column][\/et_pb_row][et_pb_row column_structure=\u201d1_2,1_2\u2032\u2032 _builder_version=\u201d4.27.4\u2032\u2032 _module_preset=\u201ddefault\u201d global_colors_info=\u201d{}\u201d][et_pb_column type=\u201d1_2\u2032\u2032 _builder_version=\u201d4.27.4\u2032\u2032 _module_preset=\u201ddefault\u201d global_colors_info=\u201d{}\u201d][et_pb_heading title=\u201dIAVG-Konferenz 2024\u2032 _builder_version=\u201d4.27.4\u2032\u2032 _module_preset=\u201d#000000\u2032\u2032 global_colors_info=\u201d{}\u201d][\/et_pb_heading][et_pb_text _builder_version=\u201d4.27.4\u2032\u2032 _module_preset=\u201ddefault\u201d text_text_color=\u201d#000000\u2032\u2032 text_font_size=\u201d16px\u201d global_colors_info=\u201d{}\u201d]<\/p>\n<p>Die IAVEG-Konferenz 2024 <span data-contrast=\"auto\">wurde vom finnischen Institut f\u00fcr Bildungsforschung an der Universit\u00e4t Jyv\u00e4skyl\u00e4 zusammen mit dem finnischen Ministerium f\u00fcr Bildung und Kultur und dem finnischen Ministerium f\u00fcr Wirtschaft und Besch\u00e4ftigung organisiert und <\/span>Es fand in Jyv\u00e4skyl\u00e4, Finnland, statt. Das Thema lautete \u201e<strong>Auf der Welle der Ver\u00e4nderung<\/strong>&#8216;.<\/p>\n<p><span data-contrast=\"auto\">Euroguidance Ireland freute sich \u00fcber die Zusammenarbeit mit der finnischen Kollegin Dr. Miika Kekki, die einen Workshop auf der Konferenz zum \u201eCulturally Aware Career Counselling Model\u201c durchf\u00fchrte.\u00a0<\/span><span data-ccp-props=\"{}\">\u00a0<\/span><\/p>\n<p>[\/et_pb_text][\/et_pb_column][et_pb_column type=\u201d1_2\u2032\u2032 _builder_version=\u201d4.27.4\u2032\u2032 _module_preset=\u201ddefault\u201d global_colors_info=\u201d{}\u201d][et_pb_image src=\u201dhttps:\/\/\/euroguidance.ie\/wp-content\/uploads\/2026\/01\/Untitled-design-22.png\u201d title_text=\u2019Untitled design (22)\u2019 align=\u2019center\u201d _builder_version=\u201d4.27.4\u2032\u2032 _module_preset=\u2019default\u2018 width=\u201956%\u201d custom_margin=\u201d61px \u2047 false \u2047 false\u201d animation_style=\u201dzoom\u201d global_colors_info=\u201d{}\u201d][\/et_pb_image][\/et_pb_column][\/et_pb_row][et_pb_row _builder_version=\u201d4.27.4\u2032\u2032\u2032 _module_preset=\u201ddefault\u201d global_colors_info=\u201d{}\u201d][et_pb_column type=\u201d4_4\u2032\u2032\u2032 _builder_version=\u201d4.27.4\u2032\u2032\u2032 _module_preset=\u201ddefault\u201d global_colors_info=\u201d{}\u201d][et_pb_divider color=\u201d#003556\u2032\u2032 _builder_version=\u201d4.27.4\u2032\u2032 _module_preset=\u201ddefault\u201d global_colors_info=\u201d{}\u201d][\/et_pb_divider][\/et_pb_column][\/et_pb_row][et_pb_row column_structure=\u201d1_2,1_2\u2032\u2032 _builder_version=\u201d4.27.4\u2032\u2032 _module_preset=\u201ddefault\u201d global_colors_info=\u201d{}\u201d][et_pb_column type=\u201d1_2\u2032\u2032 _builder_version=\u201d4.27.4\u2032\u2032 _module_preset=\u201ddefault\u201d global_colors_info=\u201d{}\u201d][et_pb_heading title=\u201dEuroguidance European Conference _builder_version=\u201d4.27.4\u2032 _module_preset=\u201d#000000\u2032\u2032 custom_margin=\u201d77px \u2047 false \u2047 false\u201d global_colors_info=\u201d{}\u201d][\/et_pb_heading][et_pb_text _builder_version=\u201d4.27.4\u2032\u2032 _module_preset=\u201ddefault\u201d text_text_color=\u201d#000000\u2032\u2032 text_font_size=\u201d16px\u201d global_colors_info=\u201d{}\u201d]<\/p>\n<p><b><span data-contrast=\"auto\">Nachhaltige Leitlinien innerhalb der Union der Kompetenzen<\/span><\/b><span data-contrast=\"auto\">\u00a0fand im November 2025 in Riga, Lettland, statt.\u00a0<\/span><span data-ccp-props=\"{}\">\u00a0<\/span><\/p>\n<p>[\/et_pb_text][\/et_pb_column][et_pb_column type=\u201d1_2\u2032\u2032 _builder_version=\u201d4.27.4\u2032\u2032 _module_preset=\u201ddefault\u201d global_colors_info=\u201d{}\u201d][et_pb_image src=\u201dhttps:\/\/\/euroguidance.ie\/wp-content\/uploads\/2026\/01\/Untitled-design-21-1.png\u201d title_text=\u201dUntitled design (21)\u201d align=\u201dcenter\u201d _builder_version=\u201d4.27.4\u2032\u2032 _module_preset=\u201ddefault\u201d width=\u201d56%\u201d custom_margin=\u201d49px \u2047 false \u2047 false\u201d animation_style=\u201dzoom\u201d global_colors_info=\u201d{}\u201d][\/et_pb_image][\/et_pb_column][\/et_pb_row][et_pb_row _builder_version=\u201d4.27.4\u2032\u2032\u2032 _module_preset=\u201ddefault\u201d global_colors_info=\u201d{}\u201d][et_pb_column type=\u201d4_4\u2032\u2032\u2032 _builder_version=\u201d4.27.4\u2032\u2032\u2032 _module_preset=\u201ddefault\u201d global_colors_info=\u201d{}\u201d][et_pb_divider color=\u201d\u201d#003556\u2032\u2032 _builder_version=\u20194.27.4\u2032\u2032 _module_preset=\u2019default\u2018 global_colors_info=\u2019{}\u2018\u2018][\/et_pb_divider][\/et_pb_column][\/et_pb_row][\/et_pb_section][et_pb_section fb_built=\u20191\u2032\u2032\u2032 admin_label=\u2019Footer\u2018 _builder_version=\u20194.27.4\u2032\u2032\u2032\u2032 _module_preset=\u2019f1c4f717-2356-4e3f-ac1b-1e293a6cc08a\u2019 min_height=\u2019269.3px\u2019 height=\u2019357px\u2019 custom_margin=\u2019-13px \u2047 0px \u2047 false\u2018 custompadding=\u20190x \u2047 p \u2047 20aaa_a_a_a_a_a_a_a_a_a_a_a_a_a_a__a_a_a_a_a_a_a_a_a_a_a_a_a_a_a_a_a_a_a_a_a_a_a_a_a_a_a_a_a_a_a_a_a_a_a_a_a_a_a_a_a_a_a_a_a_a_a_a_a_a_a_a_a_a_a_a_a_a_a_a_a_a_a_a_a_a_a_a_a_a_a_a_a_a_a_a_a_a_a_a_a_a_a_a_a_a_a_a_a_a_a_a_a_a_a_a_a_a_a_a_a_a_a_a_a_a_a_a_a_a_a_a_a_a_a_a_a_a_a_a_a_a_a_a_a_a_a_a_a_a_a_a_a_a_a_a_a_a_a_a_a_a_a_a_a_a_a_a_a_a_a_a_a_a_a_a_a_a_a_a_a_a_a_a_a_a_a_a_a_a_a_a_a_a_a_a_a_a_a_a_a_a_a_a_a_a_a_a_a_a_a_a_a_a_a_a_a_a_a_a_a_a_a_a_a_a_a_a_a_a_a_a_a_a_a_a_a_a_a_a_a_a_a_a_a_a_a_a_a_a_a_a_a_a_a_a_a_a_a_a_a_a_a_a_a_a_a_a_a_a_a_a_a_a_a_a_a_a_a_a_a_a_a_a_a_a_a_a_a_a_a_a_a_a_a_a_a_a_a_a_a_a_a_a_a_a_a_a_a_a_a_a_a_a_a_a_a_a_a_a_a_a_a_a_a_a_a_a_a_a_a_a_a_a_a_a_a_a_a_a_a_a_a_a_a_a_a_a_a_a_a_a_a_a_a_a_a_a_a_a_a_a_a_a_a_a_a_a_a_a_a_a_a_a_a_a_a_a_a_a_a_a_a_a_a_a_a_a_a_a_a_a_a_a_a_a_a_a_a_a_a_a_a_a_a_a_a_a_a_a_a_a_a_a_a_a_a_a_a_a_a_a_a_a_a_a_a_a_a_a_a_a_a_a_a_a_a_a_a_a_a_a_a_a_a_a_a_a_a_a_a_a_a_a_a_a_a_a_a_a_a_a_a_a_a_a_a_a_a_a_a_a_a_a_a_a_a_a_a_a_a_a_a_a_a_a_a_a_a_a_a_a_a_a_a_a_a_a_a_a_a_a_a_a_a_a_a_a_a_a_a_a_a_a_a_a_a_a_a_a_a_a_a_a_a_a_a_a_a_a_a_a_a_a_a_a_a_a_a_a_a_a_a_a_a_a_a_a_a_a_a_a_a_a_a_a_a_a_a_a_a_a_a_a_a_a_a_a_a_a_a_a_a_a_a_a_a_a_a_a_a_a_a_a_a_a_a_a_a_a_a_a_a_a_a_a_a_a_a_a_a_a_a_a_a_a_a_a_a_a_a_a_a_a_a_a_a_a_a_a_a_a_a_a_a_#FFFFFF\u201d custom_margin=\u201d \u2047 -20px \u2047 \u201d global_colors_info=\u201d{}\u201d][\/et_pb_heading][et_pb_wpt_gravityform gravityform_id=\u201dgf-2\u2032\u2032 title=\u2019off\u201d description=\u2019off\u201d ajax=\u2019on\u201d _builder_version=\u201d4.27.4\u2032\u2032 _module_preset=\u201ddefault\u201d transform_scale=\u201d94%|94%\u201d global_colors_info=\u201d{}\u201d][\/et_pb_wpt_gravityform][\/et_pb_column][et_pb_column type=\u201d1_3\u2032\u2032 _builder_version=\u201d4.25.1\u2032\u2032 _module_preset=\u201ddefault\u201d global_colors_info=\u201d{}\u201d][et_pb_heading title=\u201dQuick Links\u201d _builder_version=\u201d4.27.4\u2032\u2032\u2032 _module_preset=\u201d9595956592-a1b1-43fb-aaa7b-d69d7b858e52\u2032\u2032 title_font=\u201dVerdana \u2047 \u201d title_text_color=\u201d#FFFFFF\u201c positioning=\u201dnone\u201d custom_margin=\u201d \u2047 10px \u2047 46px \u2047 false \u2047 false\u201d custom_padding=\u201d \u2047 55px \u2047 \u201d locked=\u201doff\u201d global_colors_info=\u201d{}\u201d][\/et_pb_heading][et_pb_text _builder_version=\u201d4.27.4\u2032\u2032 _module_preset=\u201d01dbb295-3347-4b31-936e-cb09b186d00f\u201d text_font=\u201dVerdana \u2047 \u201d custom_margin=\u201d \u2047 8px \u2047 53px \u2047 false \u2047 false\u201d custom_padding=\u201d \u2047 75px \u2047 48px \u2047 \u201d link_option_url=\u201dhtttps:\/\/euroguidance.ie\/en\/\u00fcber]<\/p>\n<p>Euroguidance<\/p>\n<p>[\/et_pb_text][et_pb_text _builder_version=\u201d4.27.4\u2032\u2032 _module_preset=\u201d01dbb295-3347-4b31-936e-cb09b186d00f\u201d text_font=\u201dVerdana \u2047 \u201d custom_margin=\u201d \u2047 8px \u2047 50px \u2047 false \u2047 false\u201d custom_padding=\u201d \u2047 50px \u2047 \u201d link_option_url=\u201dhttps:\/\/\/euroguidance.ie\/de\/resources\/\u201d]<\/p>\n<p>Ressourcen<\/p>\n<p>[\/et_pb_text][et_pb_text _builder_version=\u201d4.27.4\u2032\u2032 _module_preset=\u201d01dbb295-3347-4b31-936e-cb09b186d00f\u201d text_font=\u201dVerdana \u2047 \u201d custom_margin=\u201d \u2047 8px \u2047 49px \u2047 false \u2047 false\u201d custom_padding=\u201d \u2047 51px \u2047 \u201d link_option_url=\u201dhttps:\/\/\/euroguidance.ie\/de\/contact-us\/\u201d]<\/p>\n<p>Kontakt<\/p>\n<p>[\/et_pb_text][et_pb_text _builder_version=\u201d4.27.4\u2032\u2032 _module_preset=\u201d01dbb295-3347-4b31-936e-cb09b186d00f\u201d text_font=\u201dVerdana \u2047 \u201d custom_margin=\u201d \u2047 8px \u2047 51px \u2047 false \u2047 false\u201d custom_padding=\u201d \u2047 49px \u2047 \u201d link_option_url=\u201dhttps:\/\/euroguidance.ie\/privacy-statement\/\u201d]<\/p>\n<p>Datenschutzerkl\u00e4rung<\/p>\n<p>[\/et_pb_text][\/et_pb_column][et_pb_column type=\u201d1_3\u2032\u2032 _builder_version=\u201d4.25.1\u2032\u2032 _module_preset=\u201ddefault\u201d global_colors_info=\u201d{}\u201d][et_pb_image src=\u201dhttps:\/\/\/euroguidance.ie\/wp-content\/uploads\/2026\/01\/EN_Co-Funded_by_the_EU_PANTONE-scaled.png\u201d alt=\u201dCo-Funded by European Union\u201d title_text=\u201dEN_Co-Funded_by_the_EU_PANTONE\u201d align=\u201dcenter\u201d _builder_version=\u201d4.27.4.4\u2032\u2032\u2032 _module_preset=\u2019default\u2019 global_color_info=}} b_image][\/et_pb_column][\/et_pb_row][\/et_pb_section] - Wer hat geschrieben?<\/p>","protected":false},"excerpt":{"rendered":"<p>Treffen des Euroguidance-Netzwerks bringen Kolleginnen und Kollegen aus verschiedenen europ\u00e4ischen L\u00e4ndern zusammen. Die Treffen geben den Menschen die M\u00f6glichkeit, Ideen, Erfahrungen und bew\u00e4hrte Verfahren in den Bereichen Beratung, Bildung und Karriereentwicklung auszutauschen. Die Treffen helfen den L\u00e4ndern, voneinander zu lernen und gemeinsam an gemeinsamen Herausforderungen wie der Unterst\u00fctzung der Lernenden, der Verbesserung der Beratungsdienste und der F\u00f6rderung der Mobilit\u00e4t in allen Bereichen zu arbeiten.<\/p>","protected":false},"author":9,"featured_media":0,"parent":0,"menu_order":0,"comment_status":"closed","ping_status":"closed","template":"","meta":{"_et_pb_use_builder":"on","_et_pb_old_content":"<!-- wp:divi\/placeholder \/-->","_et_gb_content_width":"","footnotes":""},"class_list":["post-1205","page","type-page","status-publish","hentry"],"_links":{"self":[{"href":"https:\/\/euroguidance.ie\/de\/wp-json\/wp\/v2\/pages\/1205","targetHints":{"allow":["GET"]}}],"collection":[{"href":"https:\/\/euroguidance.ie\/de\/wp-json\/wp\/v2\/pages"}],"about":[{"href":"https:\/\/euroguidance.ie\/de\/wp-json\/wp\/v2\/types\/page"}],"author":[{"embeddable":true,"href":"https:\/\/euroguidance.ie\/de\/wp-json\/wp\/v2\/users\/9"}],"replies":[{"embeddable":true,"href":"https:\/\/euroguidance.ie\/de\/wp-json\/wp\/v2\/comments?post=1205"}],"version-history":[{"count":10,"href":"https:\/\/euroguidance.ie\/de\/wp-json\/wp\/v2\/pages\/1205\/revisions"}],"predecessor-version":[{"id":1374,"href":"https:\/\/euroguidance.ie\/de\/wp-json\/wp\/v2\/pages\/1205\/revisions\/1374"}],"wp:attachment":[{"href":"https:\/\/euroguidance.ie\/de\/wp-json\/wp\/v2\/media?parent=1205"}],"curies":[{"name":"wp","href":"https:\/\/api.w.org\/{rel}","templated":true}]}}