{"id":983,"date":"2025-12-15T12:11:50","date_gmt":"2025-12-15T12:11:50","guid":{"rendered":"https:\/\/euroguidance.ie\/?page_id=983"},"modified":"2026-01-14T15:10:13","modified_gmt":"2026-01-14T15:10:13","slug":"privacy-statement","status":"publish","type":"page","link":"https:\/\/euroguidance.ie\/da\/privacy-statement\/","title":{"rendered":"Erkl\u00e6ring om beskyttelse af personlige oplysninger"},"content":{"rendered":"<p>[et_pb_section fb_built=\"1\u2032\u2032 theme_builder_area=\"post_content\" _builder_version=\"4.27.4\u2032\u2032 _module_preset=\"default\"][et_pb_row _builder_version=\"4.27.4\u2032\u2032 _module_preset=\"default\" theme_builder_area=\"post_content\"][et_pb_column _builder_version=\"4.27.4\u2032\u2032 _module_preset=\"default\" type=\"4_4\u2032\u2032 theme_builder_area=\"post_content\"][et_pb_text _builder_version=\"4.27.4\u2032\u2032 _module_preset=\"default\" theme_builder_area=\"post_content\" hover_enabled=\"0\u2032 sticky_enable=\"0\u2032]<\/p>\n<p><strong>Databeskyttelseserkl\u00e6ring for Euroguidance-webstedet, der drives af ETBI<\/strong><\/p>\n<ol>\n<li><strong> <\/strong><strong>Hvad er Education and Training Boards Ireland?<\/strong><\/li>\n<\/ol>\n<p>Education and Training Boards Ireland's (ETBI) hovedform\u00e5l er at fremme uddannelse og erhvervsuddannelse, kollektivt at repr\u00e6sentere uddannelsesn\u00e6vn og fremme udviklingen af uddannelse og ungdomsarbejde i Irland. Webstedet Euroguidance Ireland (herefter \u00bbwebstedet\u00ab) drives af ETBI, som er dataansvarlig i henhold til den generelle forordning om databeskyttelse (\u00bbGDPR\u00ab) og databeskyttelseslovene 1988-2018.<\/p>\n<p>&nbsp;<\/p>\n<ol start=\"2\">\n<li><strong> <\/strong><strong>Hvad er omfanget af denne databeskyttelseserkl\u00e6ring?<\/strong><\/li>\n<\/ol>\n<p>Denne databeskyttelseserkl\u00e6ring g\u00e6lder for ETBI's praksis i forbindelse med webstedet. ETBI er ikke ansvarlig for indholdet eller privatlivspraksis p\u00e5 andre websteder. Eventuelle eksterne links til andre hjemmesider er tydeligt identificerbare som s\u00e5dan.<\/p>\n<p>Denne databeskyttelseserkl\u00e6ring g\u00e6lder for alle oplysninger, vi indsamler om: (i) bes\u00f8gende p\u00e5 vores websteder og (ii) brugere, der registrerer og bruger vores tjenester.<\/p>\n<p>&nbsp;<\/p>\n<ol start=\"3\">\n<li><strong> <\/strong><strong>Hvorfor behandler ETBI dine personoplysninger?<\/strong><\/li>\n<\/ol>\n<p>ETBI er forpligtet til at beskytte privatlivets fred for alle bes\u00f8gende p\u00e5 vores hjemmeside og respekterer din ret til privatlivets fred.\u00a0 Vi indsamler ikke personlige oplysninger\/data om dig, n\u00e5r du bes\u00f8ger webstedet, medmindre du v\u00e6lger at give disse oplysninger ved hj\u00e6lp af formularen \"Kontakt os\".\u00a0 Alle personlige data, som du giver os, mens du bruger hjemmesiden, vil blive brugt i overensstemmelse med det specifikke form\u00e5l, som du har givet det (<em>f.eks.<\/em> at kontakte dig og besvare eventuelle sp\u00f8rgsm\u00e5l, som du har rejst i formularen \"Kontakt os\", eller at besvare eventuelle andre tilbagemeldinger, som du sender os i formularen \"Kontakt os\").<\/p>\n<p>Vi bruger dine data til at besvare foresp\u00f8rgsler, drive og forbedre hjemmesiden og udf\u00f8re vores offentlige informations- og vejledningsfunktioner.<\/p>\n<p>&nbsp;<\/p>\n<ol start=\"4\">\n<li><strong> <\/strong><strong>Hvilke personoplysninger indsamler ETBI om dig?<\/strong><\/li>\n<\/ol>\n<p>ETBI indsamler og opbevarer personoplysninger, der omfatter oplysninger, der er n\u00f8dvendige for at identificere dig, dine kontaktoplysninger og oplysninger vedr\u00f8rende kommunikation, du m\u00e5tte have med ETBI. Vi kan ogs\u00e5 indsamle personoplysninger fra dig, n\u00e5r du bruger hjemmesiden, eller n\u00e5r du kontakter os. Vi kan indsamle f\u00f8lgende oplysninger, som kan indeholde personoplysninger:<\/p>\n<ul>\n<li>Navn, adresse, e-mailadresse, telefonnummer.<\/li>\n<li>Oplysninger om din brug af hjemmesiden.<\/li>\n<li>Kommunikation med ETBI eller direkte til os via breve, e-mails, opkald og sociale medier.<\/li>\n<\/ul>\n<p>Personoplysninger, der leveres til ETBI, vil kun blive brugt af ETBI til det eller de form\u00e5l, hvortil de blev leveret.<\/p>\n<p>&nbsp;<\/p>\n<ol start=\"5\">\n<li><strong> <\/strong><strong>Hvad er retsgrundlaget for ETBI's behandling af dine personoplysninger?<\/strong><\/li>\n<\/ol>\n<p>Ved at bruge hjemmesiden, vil du blive bedt om at tilmelde dig (<em>Dvs.<\/em> give dit udtrykkelige samtykke) til indsamling og brug af dine oplysninger i henhold til betingelserne i denne databeskyttelseserkl\u00e6ring, som er i overensstemmelse med GDPR, databeskyttelseslovene 1988-2018 og De Europ\u00e6iske F\u00e6llesskaber (Elektroniske kommunikationsnet og -tjenester) (Privacy and Electronic Communications) Regulations 2011.<\/p>\n<p>&nbsp;<\/p>\n<ol start=\"6\">\n<li><strong> <\/strong><strong>Vil dine personoplysninger blive overf\u00f8rt til andre organisationer eller enkeltpersoner?<\/strong><\/li>\n<\/ol>\n<p>Vi respekterer dit privatliv og er forpligtet til at beskytte dine personlige data. Alle oplysninger, du giver, stilles ikke til r\u00e5dighed for tredjeparter, undtagen hvor det er n\u00f8dvendigt, og bruges kun af ETBI i overensstemmelse med det form\u00e5l, som du har givet dem til. Dine personoplysninger kan dog anonymiseres og anvendes samlet til statistiske form\u00e5l.<\/p>\n<p>Vi deler kun dine data, hvor det er n\u00f8dvendigt (f.eks. med betroede tjenesteudbydere, der udf\u00f8rer tjenester for ETBI, herunder IKT-tjenesteudbydere og sikkerhedsudbydere), eller hvor det kr\u00e6ves ved lov. Hvis s\u00e5danne tredjeparter opererer internationalt, vil ETBI bestr\u00e6be sig p\u00e5 at sikre, at enhver overf\u00f8rsel af personoplysninger inden for eller uden for E\u00d8S (Det Europ\u00e6iske \u00d8konomiske Samarbejdsomr\u00e5de) udf\u00f8res i overensstemmelse med g\u00e6ldende internationale aftaler og traktater og relevant databeskyttelseslovgivning.<\/p>\n<p>&nbsp;<\/p>\n<p>Vi kan behandle eller dele data med uddannelsesinteressenter <em>f.eks.<\/em> Institut for Uddannelse og F\u00e6rdigheder, SOLAS <em>etc<\/em>. til statistiske, forskningsm\u00e6ssige og\/eller fremtidige planl\u00e6gningsform\u00e5l, men i s\u00e5danne tilf\u00e6lde vil dataene blive anonymiseret.<\/p>\n<p>Medmindre det kr\u00e6ves ved lov, vil vi ikke p\u00e5 anden m\u00e5de dele, s\u00e6lge eller distribuere nogen af de personoplysninger, du giver os uden dit udtrykkelige samtykke eller i overensstemmelse med GDPR og databeskyttelseslovene 1988-2018.<\/p>\n<p>&nbsp;<\/p>\n<ol start=\"7\">\n<li><strong> <\/strong><strong>Hvor l\u00e6nge opbevares personoplysningerne?<\/strong><\/li>\n<\/ol>\n<p>Vi opbevarer ikke dine personoplysninger l\u00e6ngere, end det er n\u00f8dvendigt for, at vi kan opfylde det form\u00e5l, som du gav os dem til, i overensstemmelse med ETBI's dataopbevaringspolitik, som findes p\u00e5 [inds\u00e6t link].\u00a0 Alle personlige data, som du giver os, mens du bruger hjemmesiden, vil blive brugt i overensstemmelse med det specifikke form\u00e5l, som du har givet det (<em>f.eks.<\/em>. at kontakte dig og besvare eventuelle sp\u00f8rgsm\u00e5l, som du har rejst i formularen \"Kontakt os\", eller at besvare eventuelle andre tilbagemeldinger, som du sender os i formularen \"Kontakt os\"). Efter dette form\u00e5l er afsluttet, vil dine data ikke l\u00e6ngere blive opbevaret og vil blive destrueret eller slettet p\u00e5 en sikker m\u00e5de.<\/p>\n<p>&nbsp;<\/p>\n<ol start=\"8\">\n<li><strong> <\/strong><strong>Hvilke rettigheder har du i henhold til databeskyttelseslovgivningen?<\/strong><\/li>\n<\/ol>\n<p>Du har f\u00f8lgende rettigheder i henhold til databeskyttelseslovgivningen, og vi vil diskutere hver:<\/p>\n<ul>\n<li>Adgang<\/li>\n<li>Rettelse<\/li>\n<li>Sletning<\/li>\n<li>Begr\u00e6nsning<\/li>\n<li>Indsigelse<\/li>\n<li>Overf\u00f8rbarhed<\/li>\n<li>At g\u00f8re indsigelse mod automatisk behandling<\/li>\n<\/ul>\n<p>&nbsp;<\/p>\n<ul>\n<li><strong> <\/strong><strong>Hvordan f\u00e5r du adgang til dine personoplysninger?<\/strong><\/li>\n<\/ul>\n<p>Du har ret til at se de oplysninger, vi har om dig. P\u00e5 skriftlig anmodning (<em>f.eks. <\/em>brev, e-mail), og hvor dine personoplysninger er tilg\u00e6ngelige, leverer vi en kopi af dine personoplysninger i overensstemmelse med GDPR og bestemmelserne i databeskyttelseslovene 1988-2018.<\/p>\n<p>Hvis du \u00f8nsker at f\u00e5 en kopi af dine personoplysninger, kan du skrive til generalsekret\u00e6ren hos ETBI, Pipers Hill, Naas, Co. Kildare eller <a href=\"mailto:info@etbi.ie\">info@etbi.ie<\/a> hvem der vil give dig en formular til anmodning om emneadgang. \u00a0For nemheds skyld vil vi give dig den n\u00e6vnte formular for at hj\u00e6lpe med at begr\u00e6nse dine personlige data s\u00e5 hurtigt som muligt.\u00a0 Din anmodning vil blive behandlet s\u00e5 hurtigt som muligt og vil ikke tage mere end 30 dage at behandle undtagen i de mest ekstraordin\u00e6re tilf\u00e6lde, hvor vi vil r\u00e5dgive dig skriftligt om dette og give en begrundelse for det samme.\u00a0 Bestemmelserne i GDPR vil blive overholdt, n\u00e5r du besvarer din anmodning.<\/p>\n<ul>\n<li><strong> <\/strong><strong>Hvordan kan du f\u00e5 ukorrekte oplysninger om dig \u00e6ndret?<\/strong><\/li>\n<\/ul>\n<p>Hvis du opdager, at ETBI har un\u00f8jagtige oplysninger om dig, kan du skriftligt anmode om, at vi retter, sletter, berigtiger disse oplysninger til generalsekret\u00e6ren hos ETBI, Pipers Hill, Naas, Co. Kildare eller <a href=\"mailto:info@etbi.ie\">info@etbi.ie<\/a>.\u00a0 Efter skriftlig anmodning vil vi kontakte dig via telefon \/ e-mail \/ brev for at fors\u00f8ge at afhj\u00e6lpe de un\u00f8jagtige oplysninger, der opbevares.\u00a0 Vi vil ogs\u00e5 sikre, at enhver s\u00e5dan sletning\/rettelse, der foretages af ETBI, meddeles en relevant tredjepart, som vi har delt dine oplysninger med i henhold til denne databeskyttelseserkl\u00e6ring. Bem\u00e6rk dog, at en anmodning om sletning kun vil blive im\u00f8dekommet, hvis oplysningerne ikke l\u00e6ngere er n\u00f8dvendige til det form\u00e5l, hvortil de blev indsamlet, og hvis ETBI ikke har et retsgrundlag for at opbevare dem.<\/p>\n<ul>\n<li><strong> <\/strong><strong>Hvordan kan du begr\u00e6nse eller g\u00f8re indsigelse mod ETBI's behandling af dine personoplysninger?<\/strong><\/li>\n<\/ul>\n<p>Hvis du beslutter at begr\u00e6nse eller g\u00f8re indsigelse mod ETBI's behandling af dine personoplysninger, kan du frems\u00e6tte en s\u00e5dan anmodning skriftligt til generalsekret\u00e6ren for ETBI, Pipers Hill, Naas, Co. Kildare eller <a href=\"mailto:info@etbi.ie\">info@etbi.ie<\/a>.\u00a0 Efter skriftlig anmodning vil vi kontakte dig pr. telefon\/e-mail\/brev for at fors\u00f8ge at begr\u00e6nse eller oph\u00f8re med behandlingen af dine personoplysninger.\u00a0 Vi vil ogs\u00e5 sikre, at enhver s\u00e5dan begr\u00e6nsning eller oph\u00f8r, der foretages af ETBI, meddeles en relevant tredjepart, som vi har delt dine oplysninger med i henhold til denne databeskyttelseserkl\u00e6ring.<\/p>\n<ul>\n<li><strong> <\/strong><strong>Hvordan fungerer retten til dataportabilitet?<\/strong><\/li>\n<\/ul>\n<p>Du har ret til at modtage dine personoplysninger, som du har givet til ETBI (dataansvarlig) i et struktureret, almindeligt anvendt og maskinl\u00e6sbart format, og du har ret til at sende dine personoplysninger til en anden dataansvarlig uden hindring fra ETBI.<\/p>\n<p>&nbsp;<\/p>\n<ol start=\"9\">\n<li><strong> <\/strong><strong>Kan du tr\u00e6kke dit samtykke til ETBI's behandling af dine personoplysninger tilbage?<\/strong><\/li>\n<\/ol>\n<p>Du kan til enhver tid tr\u00e6kke dit samtykke til ETBI's behandling af dine personoplysninger tilbage. Hvis du beslutter at tr\u00e6kke dit samtykke til ETBI's behandling af dine personoplysninger tilbage, kan du frems\u00e6tte en s\u00e5dan anmodning skriftligt til generalsekret\u00e6ren hos ETBI, Pipers Hill, Naas, Co. Kildare eller <a href=\"mailto:info@etbi.ie\">info@etbi.ie<\/a>.\u00a0 N\u00e5r vi har modtaget den skriftlige anmodning, kontakter vi dig pr. telefon\/e-mail\/brev for at oph\u00f8re med at behandle dine personoplysninger.\u00a0 Vi vil ogs\u00e5 sikre, at et s\u00e5dant oph\u00f8r, der foretages af ETBI, meddeles en relevant tredjepart, som vi har delt dine oplysninger med i henhold til denne databeskyttelseserkl\u00e6ring.<\/p>\n<p>For yderligere oplysninger, se venligst vores databeskyttelsespolitik, der er tilg\u00e6ngelig p\u00e5\u00a0<a href=\"https:\/\/www.etbi.ie\/\">www.etbi.ie<\/a>\u00a0eller alternativt kontakte generalsekret\u00e6ren for ETBI.<\/p>\n<p>&nbsp;<\/p>\n<ol start=\"10\">\n<li><strong> <\/strong><strong>Sikkerhed<\/strong><\/li>\n<\/ol>\n<p>ETBI anvender sikkerhedsforanstaltninger for at beskytte dine personlige oplysninger mod uautoriserede personers adgang og beskytte mod ulovlig behandling, utilsigtet tab, \u00f8del\u00e6ggelse og skade. Vi vil bestr\u00e6be os p\u00e5 at sikre, at alle opbevarede optegnelser forbliver sikre i overensstemmelse med vores forpligtelser i henhold til GDPR og databeskyttelseslovene 1988-2018. Vi tager vores sikkerhedsansvar alvorligt og anvender fysiske og tekniske foranstaltninger, herunder uddannelse af personale og bevidstg\u00f8relse. Vi gennemg\u00e5r vores sikkerhedsprocedurer regelm\u00e6ssigt.<\/p>\n<p>&nbsp;<\/p>\n<ol start=\"11\">\n<li><strong> <\/strong><strong>Indsamler ETBI ikke-personlige\/tekniske oplysninger?<\/strong><\/li>\n<\/ol>\n<p>Ja, visse ikke-personlige data er tilg\u00e6ngelige for os via vores internetudbyder.\u00a0 Disse ikke-personlige data indsamles p\u00e5 et statistisk, aggregeret, ikke-individuelt grundlag.\u00a0 Disse oplysninger kan omfatte den IP-adresse, hvorfra du f\u00e5r adgang til vores hjemmeside, den type browser, der bruges til at f\u00e5 adgang til vores hjemmeside (Internet Explorer, Firefox, <em>etc<\/em>.), den type operativsystem, der anvendes til at f\u00e5 adgang til vores websted (Windows, Macintosh osv.), det anvendte dom\u00e6nenavn p\u00e5 \"topniveau\" (<em>Dvs.<\/em> .com, .org, <em>etc<\/em>.), dato og klokkesl\u00e6t for dit bes\u00f8g p\u00e5 vores hjemmeside og antallet af sider, du har bes\u00f8gt p\u00e5 vores hjemmeside.<\/p>\n<ul>\n<li><strong><em> <\/em><\/strong><strong><em>Hvad er en cookie?<\/em><\/strong><\/li>\n<\/ul>\n<p>En cookie er en midlertidig lille fil, der sendes til din browser fra en webserver og lagres p\u00e5 din computers harddisk for at identificere dig som bruger af webstedet. Mange hjemmesider bruger cookies. De anvendes typisk kun af webstedet til at identificere personen, n\u00e5r der gives adgang til webstedet for at spore personens brug af webstedet og eventuelle gentagne bes\u00f8g foretaget af den p\u00e5g\u00e6ldende person.<\/p>\n<p>ETBI vil anmode om dit samtykke, n\u00e5r du bruger hjemmesiden, og du vil til enhver tid kunne tr\u00e6kke dit samtykke tilbage. Vi opbevarer kun dine data, s\u00e5 l\u00e6nge det er n\u00f8dvendigt for, at vi kan opfylde det form\u00e5l, som du har givet os dem til.<\/p>\n<p>Bem\u00e6rk, at hvis du afviser cookies eller \u00e6ndrer dine indstillinger, fungerer nogle funktioner p\u00e5 hjemmesiden muligvis ikke korrekt. V\u00e6r opm\u00e6rksom p\u00e5, at de pr\u00e6ferencer, du v\u00e6lger, g\u00e5r tabt, hvis du sletter cookies.<\/p>\n<ul>\n<li><strong><em> <\/em><\/strong><strong><em>Hvorfor bruger hjemmesiden cookies?<\/em><\/strong><\/li>\n<\/ul>\n<p>Cookies er sm\u00e5 filer, der placeres p\u00e5 din computer af websteder, du bes\u00f8ger. De bruges i vid udstr\u00e6kning til at f\u00e5 websteder til at fungere eller arbejde mere effektivt samt til at give oplysninger til ejerne af webstedet. Vores cookies giver os mulighed for at give dig personligt indhold eller give dig serviceoplysninger baseret p\u00e5 din tidligere adf\u00e6rd p\u00e5 webstedet.<\/p>\n<ul>\n<li><strong><em> <\/em><\/strong><strong><em>Hvordan bruger ETBI cookies?<\/em><\/strong><\/li>\n<\/ul>\n<p>N\u00e5r nogen bes\u00f8ger hjemmesiden, indsamler vi standard internetlogoplysninger og detaljer om bes\u00f8gendes adf\u00e6rdsm\u00f8nstre. Vi g\u00f8r dette for at finde ud af ting som antallet af bes\u00f8gende p\u00e5 de forskellige dele af hjemmesiden.<\/p>\n<p>Vi indsamler disse oplysninger p\u00e5 en m\u00e5de, der ikke identificerer nogen. Vi g\u00f8r ikke noget fors\u00f8g p\u00e5 at finde ud af identiteten af dem, der bes\u00f8ger hjemmesiden. Vi vil ikke knytte nogen data indsamlet fra dette websted med nogen personligt identificerbare oplysninger fra nogen kilde.\u00a0 Hvis vi \u00f8nsker at indsamle personligt identificerbare oplysninger via vores hjemmeside, vil vi g\u00f8re det klart, n\u00e5r vi indsamler s\u00e5danne oplysninger og vil forklare, hvad vi har til hensigt at g\u00f8re med det.<\/p>\n<p>Du kan til enhver tid administrere dine cookie-pr\u00e6ferencer.<\/p>\n<p>&nbsp;<\/p>\n<p>Yderligere oplysninger om vores cookiepolitik findes p\u00e5: <a href=\"https:\/\/www.etbi.ie\/cookies\"><\/a><\/p>\n<p>&nbsp;<\/p>\n<ol start=\"12\">\n<li><strong> <\/strong><strong>Kontakt os<\/strong><\/li>\n<\/ol>\n<p>Hvis du er bekymret for, hvordan dine personoplysninger behandles af vores hjemmeside, er du velkommen til at g\u00f8re os opm\u00e6rksom p\u00e5 disse bekymringer ved hj\u00e6lp af f\u00f8lgende kontaktoplysninger:\u00a0 Generalsekret\u00e6ren, ETBI, Pipers Hill, Naas, Co. Kildare eller\u00a0<a href=\"mailto:info@etbi.ie\">info@etbi.ie<\/a>.<\/p>\n<p>&nbsp;<\/p>\n<ol start=\"13\">\n<li><strong> <\/strong><strong>Databeskyttelseskommissionen <\/strong><\/li>\n<\/ol>\n<p>Hvis du som registreret har klager over behandlingen af dine personoplysninger, har du ret til at indgive en klage til databeskyttelseskommissionen. Databeskyttelseskommissionen kan kontaktes p\u00e5 f\u00f8lgende m\u00e5de:<\/p>\n<p>Databeskyttelseskommissionen<\/p>\n<p>6 Pembroke r\u00e6kke<\/p>\n<p>Dublin 2<\/p>\n<p>D02 X963<\/p>\n<p>Irland<\/p>\n<p>&nbsp;<\/p>\n<p>Telefon: (01) 765 01 00 \/ 1800 437 737<\/p>\n<p>Online: <a href=\"https:\/\/dataprotection.ie\/en\/contact\/how-contact-us\">https:\/\/dataprotection.ie\/en\/contact\/how-contact-us<\/a><\/p>\n<p>&nbsp;<\/p>\n<p>&nbsp;<\/p>\n<ol start=\"14\">\n<li><strong> <\/strong><strong>\u00c6ndringer af denne databeskyttelseserkl\u00e6ring<\/strong><\/li>\n<\/ol>\n<p>Vi kan opdatere denne databeskyttelseserkl\u00e6ring fra tid til anden. Eventuelle \u00e6ndringer vil blive offentliggjort p\u00e5 denne side, og datoen for \"Senest opdateret\" vil blive revideret i overensstemmelse hermed. Vi opfordrer dig til at genneml\u00e6se denne erkl\u00e6ring med j\u00e6vne mellemrum.<\/p>\n<p>&nbsp;<\/p>\n<p>&nbsp;<\/p>\n<p>&nbsp;<\/p>\n<p>&nbsp;<\/p>\n<p>&nbsp;<\/p>\n<p>[\/et_pb_text][\/et_pb_column][\/et_pb_row][\/et_pb_section]<\/p>","protected":false},"excerpt":{"rendered":"<p>Databeskyttelseserkl\u00e6ring for Euroguidance-webstedet, der drives af ETBI Hvad er Education and Training Boards Ireland? Education and Training Boards Ireland's (ETBI) hovedform\u00e5l er at fremme uddannelse og erhvervsuddannelse, kollektivt at repr\u00e6sentere uddannelsesn\u00e6vn og fremme udviklingen af uddannelse og ungdomsarbejde i Irland. Euroguidance Irland [...]<\/p>","protected":false},"author":9,"featured_media":0,"parent":0,"menu_order":0,"comment_status":"closed","ping_status":"closed","template":"","meta":{"_et_pb_use_builder":"on","_et_pb_old_content":"","_et_gb_content_width":"","footnotes":""},"class_list":["post-983","page","type-page","status-publish","hentry"],"_links":{"self":[{"href":"https:\/\/euroguidance.ie\/da\/wp-json\/wp\/v2\/pages\/983","targetHints":{"allow":["GET"]}}],"collection":[{"href":"https:\/\/euroguidance.ie\/da\/wp-json\/wp\/v2\/pages"}],"about":[{"href":"https:\/\/euroguidance.ie\/da\/wp-json\/wp\/v2\/types\/page"}],"author":[{"embeddable":true,"href":"https:\/\/euroguidance.ie\/da\/wp-json\/wp\/v2\/users\/9"}],"replies":[{"embeddable":true,"href":"https:\/\/euroguidance.ie\/da\/wp-json\/wp\/v2\/comments?post=983"}],"version-history":[{"count":3,"href":"https:\/\/euroguidance.ie\/da\/wp-json\/wp\/v2\/pages\/983\/revisions"}],"predecessor-version":[{"id":1322,"href":"https:\/\/euroguidance.ie\/da\/wp-json\/wp\/v2\/pages\/983\/revisions\/1322"}],"wp:attachment":[{"href":"https:\/\/euroguidance.ie\/da\/wp-json\/wp\/v2\/media?parent=983"}],"curies":[{"name":"wp","href":"https:\/\/api.w.org\/{rel}","templated":true}]}}