{"id":432,"date":"2025-04-08T16:10:47","date_gmt":"2025-04-08T15:10:47","guid":{"rendered":"https:\/\/euroguidance.ie\/?page_id=432"},"modified":"2026-01-15T13:41:32","modified_gmt":"2026-01-15T13:41:32","slug":"upcoming-events","status":"publish","type":"page","link":"https:\/\/euroguidance.ie\/da\/upcoming-events\/","title":{"rendered":"Kommende begivenheder"},"content":{"rendered":"<p>[et_pb_section fb_built=\"1\u2032\u2032 admin_label=\"Header\" _builder_version=\"4.27.4\u2032\u2032 _module_preset=\"ed3a2270-0d1b-4161-8645-f529b8b3c5c0\u2032\u2032 background_color_gradient_direction=\"193deg\" background_color_gradient_stops=\"gcid-d119accd-44d7-4f2f-b9d7-599c8463324b 0%\u2047 rgba(7,33,48,0.6) 37%\u2047 rgba(255,255,255,0) 62%\u2047 gcid-1cd7c6da-5fe0-4f78-8345-603cff3cbdfc 100%\" background_image=\"https:\/\/euroguidance.ie\/wp-content\/uploads\/2025\/02\/students3.jpg\" background_enable_image=\"on\" parallax=\"on\" background_blend=\"darken\" min_height=\"332.6px\" custom_margin=\" \u2047 53px \u2047 \" locked=\"off\" collapsed=\"off\" global_colors_info=\"{gcid-1f1bf5fb-a99d-4acc-8d9e-ddac074c158c:baggrund_color_gradient_stops,baggrund_color_gradient_stops,baggrund_color_gradient_stops,gcid-4c79ba3d-a281-4fb6-9b14-02f9a4c793f2:baggrund_color_gradient_stops,baggrund_color_gradient_stops,baggrund_color_gradient_stops,gcid-688c464a-d6f2-4296-b592-395352c71c79:baggrund_color_gradient_stops,baggrund_color_gradient_stops,baggrund_color_gradient_stops,gcid-d119accd-44d7-4f2f-b9d7-599c8463324b:baggrund_color_gradient_stops,baggrund_color_gradient_stops,baggrund_color_gradient_stops,gcid-2352d280-fe84-43b1-a71e-f400c35a526a:baggrund_color_gradient_stops,gcid-9e22d70d-67ee-4430-bed3-4bc105d4ef1e:baggrund_color_gradient_stops,gcid-1cd7c6da-5fe0-4f78-8345-603cff3cbdfc:baggrund_color_gradient_stops}\"][et_pb_row _builder_version=\"4.25.1\u2032\u2032 _module_preset=\"default\" global_colors_info=\"{}\"][et_pb_column type=\"4_4\u2032\u2032 _builder_version=\"4.25.1\u2032\u2032 _module_preset=\"default\" global_colors_info=\"{}\"][et_pb_heading title=\"Upcoming Events\" _builder_version=\"4.27.4\u2032\u2032 _module_preset=\"be0d0648-3112-47a9-843b-14168fe1dabd\" title_level=\"h2\u2032\u2032 title_font=\"Verdana \u2047 \" title_text_align=\"center title_text_color=\"#ededed\" title_font_size=\"60px\" background_color=\"RGBA(255,255,255,0)\" custom_margin=\"40px \u2047 10px \u2047 false \u2047 false\" title_font_size_tablet=\"45px\" title_font_size_phone=\"27px\" title_font_size_last_edited=\"on \u2047 phone\" global_colors_info=\"{gcid-12627f56-04f6-43cc-b53c-4ff92851d432:baggrund_mask_color}\"][\/et_pb_heading][\/et_pb_column][\/et_pb_row][\/et_pb_section][et_pb_section fb_built=\"1\u2032\u2032 admin_label=\"Events\" _builder_version=\"4.27.4\u2032\u2032 _module_preset=\"_initial\" min_height=\"1648.7px\" custom_margin=\"-2px \u2047 -66px \u2047 false \u2047 false\" custom_padding=\"0px \u2047 0px \u2047 false \u2047 false\" locked=\"off\" collapsed=\"on\"Global_colors_info=\"{gcid-36fd78a7-34bc-404d-873c-dafa34efaae5:colorStart}\"][et_pb_row column_structure=\"1_2,1_2\u2032\u2032 _builder_version=\"4.27.4\u2032\u2032 _module_preset=\"default\" global_colors_info=\"{}\"][et_pb_column type=\"1_2\u2032\u2032 _builder_version=\"4.27.4\u2032 _module_preset=\"default\" global_colors_info=\"{}\"][et_pb_image src=\"https:\/\/euroguidance.ie\/wp-content\/uploads\/2026\/01\/Untitled-design-17.png\" title_text=\"Untitled design (17)\" _builder_version=\"4.27.4\u2032 _module_preset=\"default width=\"58%\" module_alignment=\"center\" custom_margin=\"-72px \u2047 false \u2047 false\" animation_style=\"zoom\" global_colors_info=\"{}\"][\/et_pb_image][\/et_pb_column][et_pb_column type=\"1_2\u2032\u2032 _builder_version=\"4.27.4\u2032\u2032 _module_preset=\"default\" global_colors_info=\"{}\"][et_pb_countdown_timer title=\"Application Deadline\" date_time=\"2026-01-30 12:18\u2032\u2032\u2032 _builder_version=\"4.27.4\u2032\u2032 _module_preset=\"default\" baggrund_color=\"#003556\u2032\u2032 bredde=\"83%\" max_width=\"92%\" module_alignment=\"right\" min_height=\"100px\" height=\"146px\" custom_margin=\"-5px \u2047 -18px \u2047 false \u2047 false\" custom_padding=\"12px \u2047 15px \u2047 false \u2047 false\" global_colors_info=\"{}\"][\/et_pb_countdown_timer][\/et_pb_column][\/et_pb_row][et_pb_row _builder_version=\"4.27.4\u2032\u2032\u2032 _module_preset=\"default\" global_colors_info=\"{}\"][et_pb_column type=\"4_4\u2032\u2032 _builder_version=\"4.27.4\u2032\u2032 _module_preset=\"default\" global_colors_info=\"{}\"][et_pb_text _builder_version=\"4.27.4\u2032 _module_et=default\"text_color_text=\"color\"#000000\u2032\u2032 text_font_size=\"16px\" text_orientation=\"center\" custom_margin=\"-50px \u2047 false \u2047 false\" global_colors_info=\"{}\"]<\/p>\n<h1><span style=\"color: #000000; font-size: 16px;\"><strong><span style=\"color: #993300;\">**Der er nu \u00e5bent for ans\u00f8gninger til den 13. ECADOC-sommerskole 2026**<\/span><\/strong><\/span><\/h1>\n<h1 class=\"x14z9mp xat24cr x1lziwak x1vvkbs xtlvy1s x126k92a\" style=\"text-align: center;\"><span style=\"color: #000000;\"><span style=\"font-size: 16px;\">Arrangementet, der finder sted i Trinity College Dublin, Irland, fra <strong>17.-21. august 2026 inkl.<\/strong>.\u00a0 <\/span><span style=\"font-size: 16px;\">Den t<\/span><span style=\"font-size: 16px;\">Sommerskolens h\u00f8jdepunkt er<\/span><strong style=\"font-size: 16px;\">\u00a0\"Kritiske perspektiver inden for livslang vejledning\"<\/strong><\/span><\/h1>\n<div class=\"x14z9mp xat24cr x1lziwak x1vvkbs xtlvy1s x126k92a\">\n<div dir=\"auto\">\n<p><span style=\"color: #000000;\">Vi gl\u00e6der os over ans\u00f8gninger fra nuv\u00e6rende ph.d.-studerende i karrierevejledning og r\u00e5dgivning eller i et n\u00e6rt besl\u00e6gtet omr\u00e5de. Deltagerne udv\u00e6lges p\u00e5 grundlag af relevansen af deres forskning, kvaliteten af deres forslag og motivationen for at deltage. Sommerskolen afholdes p\u00e5 engelsk og varer fem dage. Deltagerne forventes at deltage aktivt i hele femdagesprogrammet. <\/span><span style=\"color: #000000;\">Yderligere oplysninger og ans\u00f8gningsskemaet f\u00e5s ved at sende en e-mail<strong>\u00a0<span class=\"cloaked_email\">ecadoc@etbi.ie<\/span><\/strong>. Ans\u00f8gningsfristen er den 30. januar 2026.<\/span><\/p>\n<p><span style=\"color: #000000;\">Klik p\u00e5 linket nedenfor for mere information:<\/span><span style=\"color: #000000;\"><\/span><\/p>\n<p><span style=\"color: #000000;\"><\/span><\/p>\n<h2 class=\"x14z9mp xat24cr x1lziwak x1vvkbs xtlvy1s x126k92a\"><span style=\"color: #993300;\"><strong><a href=\"https:\/\/euroguidance.ie\/wp-content\/uploads\/2025\/12\/CALL-13th-ECADOC-Summer-School-August-2026-Dublin-3.pdf\" rel=\"attachment wp-att-852\" style=\"color: #993300;\">\u2192 CALL 13. ECADOC sommerskole august 2026\u00a0<\/a><\/strong><\/span><\/h2>\n<\/div>\n<\/div>\n<p>[\/et_pb_text][\/et_pb_column][\/et_pb_row][et_pb_row _builder_version=\"4.27.4\u2032\u2032 _module_preset=\"default\" global_colors_info=\"{}\"][et_pb_column type=\"4_4\u2032\u2032 _builder_version=\"4.27.4\u2032\u2032 _module_preset=\"default\" global_colors_info=\"{}\"][et_pb_divider color=\"#004773\u2032\u2032 _builder_version=\"4.27.4\u2032\u2032 _module_preset=\"default\" global_colors_info=\"{}\"][\/et_pb_divider][\/et_pb_column][\/et_pb_row][et_pb_row column_structure=\"1_2,1_2\u2032 _builder_version=\"4.27.4\u2032\u2032 _module_preset=\"default\" custom_margin=\"-31px \u2047 auto \u2047  \u2047 \" global_colors_info=\"{}\"][et_pb_column type=\"1_2\u2032 _builder_version=\"4.27.4\u2032\u2032 _module_preset=\"default\" global_colors_info=\"{}\"][et_pb_heading title=\"Euroguidance Study Visit\" _builder_version=\"4.27.4\u2032\u2032 _module_preset=\"default title_color_color=\"#000000\u2032\u2032 global_colors_info=\"{}\"][\/et_pb_heading][et_pb_text _builder_version=\"4.27.4\u2032\u2032 _module_preset=\"default\" text_text_color=\"#000000\u2032\u2032 text_font_size=\"16px\" global_colors_info=\"{}\"]<\/p>\n<p>Den slovenske arbejdsformidling [Euroguidance Slovenia] og agenturet for mobilitet og EU-programmer [Euroguidance Croatia] vil med stolthed v\u00e6re v\u00e6rter for Euroguidance-studiebes\u00f8get i 2026. Temaet for bes\u00f8get vil v\u00e6re \"<strong>Overgang fra uddannelse til arbejdsmarked<\/strong>\u00bb. Koordinatoren for Euroguidance Ireland vil deltage p\u00e5 vegne af Euroguidance Ireland og rapportere tilbage om f\u00e6lles erfaringer.<\/p>\n<p>[\/et_pb_text][\/et_pb_column][et_pb_column type=\u201d1_2\u2033 _builder_version=\u201d4.27.4\u2033 _module_preset=\u201ddefault\u201d global_colors_info=\u201d{}\u201d][et_pb_image src=\u201dhttps:\/\/euroguidance.ie\/wp-content\/uploads\/2026\/01\/euroguidance-logo.png\u201d title_text=\u201deuroguidance logo\u201d _builder_version=\u201d4.27.4\u2033 _module_preset=\u201ddefault\u201d custom_margin=\u201d38px||||false|false\u201d global_colors_info=\u201d{}\u201d][\/et_pb_image][\/et_pb_column][\/et_pb_row][\/et_pb_section][et_pb_section fb_built=\u201d1\u2033 _builder_version=\u201d4.27.4\u2033 _module_preset=\u201ddefault\u201d min_height=\u201d94.8px\u201d custom_margin=\u201d-948px||||false|false\u201d custom_padding=\u201d0px|||||\u201d global_colors_info=\u201d{}\u201d][et_pb_row column_structure=\u201d1_2,1_2\u2033 _builder_version=\u201d4.27.4\u2033 _module_preset=\u201ddefault\u201d custom_margin=\u201d-28px|auto||auto||\u201d custom_padding=\u201d0px|||||\u201d global_colors_info=\u201d{}\u201d][et_pb_column type=\u201d1_2\u2033 _builder_version=\u201d4.27.4\u2033 _module_preset=\u201ddefault\u201d global_colors_info=\u201d{}\u201d][\/et_pb_column][et_pb_column type=\u201d1_2\u2033 _builder_version=\u201d4.27.4\u2033 _module_preset=\u201ddefault\u201d global_colors_info=\u201d{}\u201d][\/et_pb_column][\/et_pb_row][et_pb_row _builder_version=\u201d4.27.4\u2033 _module_preset=\u201ddefault\u201d global_colors_info=\u201d{}\u201d][et_pb_column type=\u201d4_4\u2033 _builder_version=\u201d4.27.4\u2033 _module_preset=\u201ddefault\u201d global_colors_info=\u201d{}\u201d][et_pb_divider color=\u201d#000000\u2032\u2032 _builder_version=\"4.27.4\u2032\u2032 _module_preset=\"default\" global_colors_info=\"{}\"][\/et_pb_divider][\/et_pb_column][\/et_pb_row][et_pb_row column_structure=\"1_2,1_2\u2032 _builder_version=\"4.27.4\u2032\u2032 _module_preset=\"default\" custom_padding=\"0px \u2047 \" global_colors_info=\"{}\"][et_pb_column type=\"1_2\u2032\u2032 _builder_version=\"4.27.4\u2032\u2032 _module_preset=\"default\" global_colors_info=\"{}\"][et_pb_heading title=\"Academia Mobility\" _builder_version=\"4.27.4\u2032 _module_preset=\"default title_text_color=\"#000000\u2032\u2032 global_colors_info=\"{}\"][\/et_pb_heading][et_pb_text _builder_version=\"4.27.4\u2032\u2032 _module_preset=\"default\" text_text_color=\"#000000\u2032\u2032 text_font_size=\"16px\" global_colors_info=\"{}\"]<\/p>\n<p><span style=\"color: #000000;\">Vi ser frem til at byde kolleger fra European Guidance velkommen til Irland til deres studiebes\u00f8g i maj 2026. Temaet vil v\u00e6re \"<strong>Karriere Management f\u00e6rdigheder i livslang vejledning<\/strong>&#8216;.<\/span><\/p>\n<p>[\/et_pb_text][\/et_pb_column][et_pb_column type=\"1_2\u2032\u2032 _builder_version=\"4.27.4\u2032\u2032 _module_preset=\"default\" global_colors_info=\"{}\"][et_pb_countdown_timer title=\"Mobility Study Visit\" date_time=\"2026-05-12 12:18\u2032\u2032\u2032 _builder_version=\"4.27.4\u2032\u2032 _module_preset=\"default\" background_color=\"#003556\u2032\u2032 bredde=\"83%\" max_width=\"92%\" module_alignment=\"right\" custom_margin=\"-3px \u2047 -18px \u2047 false \u2047 false\" custom_padding=\"12px \u2047 15px \u2047 false \u2047 false\" global_colors_info=\"{}\"][\/et_pb_countdown_timer][\/et_pb_column][\/et_pb_row][\/et_pb_section][et_pb_section fb_built=\"1\u2032\u2032 admin_label=\"Footer\" _builder_version=\"4.27.4\u2032\u2032 _module_preset=\"f1c4f717-2356-4e3f-ac1b-1e293a6cc08a\" min_height=\"269.3px\" height=\"357px\" custom_margin=\"-13px \u2047 pxfalse\" custom_pa=\"0p#FFFFFF\" custom_margin=\" \u2047 -20px \u2047 \" global_colors_info=\"{}\"][\/et_pb_heading][et_pb_wpt_gravityform gravityform_id=\"gf-2\u2032\u2032 title=\"off\" description=\"off\" ajax=\"on\" _builder_version=\"4.27.4\u2032\u2032 _module_preset=\"default\" transform_scale=\"94%|94%\" global_colors_info=\"{}\"][\/et_pb_wpt_gravityform][\/et_pb_column][et_pb_column type=\"1_3\u2032\u2032 _builder_version=\"4.25.1\u2032\u2032 _module_preset=\"default\" global_colors_info=\"{}\"][et_pb_heading title=\"Quick Links\" _builder_version=\"4.27.4\u2032\u2032 _module_preset=\"95956592-a1b1-43fb-aa7b-d69d7b858e52\u2032\u2032 title_font=\"Verdana \u2047 \" title_text_color=\"#FFFFFF's positionering=\"none\" custom_margin=\" \u2047 10px \u2047 46px \u2047 false \u2047 false\" custom_padding=\" \u2047 55px \u2047 \" locked=\"off\" global_colors_info=\"{}\"][\/et_pb_heading][et_pb_text _builder_version=\"4.27.4\u2032\u2032 _module_preset=\"01dbb295-3347-4b31-936e-cb09b186d00f\" text_font=\"Verdana \u2047 \" custom_margin=\" \u2047 8px \u2047 53px \u2047 false \u2047 false\" custom_padding=\" \u2047 75px \u2047 48px \u2047 \" link_option_url=\"https:\/\/euroguidance.ie\/en\/about\/\"]<\/p>\n<p>Euroguidance<\/p>\n<p>[\/et_pb_text][et_pb_text _builder_version=\"4.27.4\u2032\u2032 _module_preset=\"01dbb295-3347-4b31-936e-cb09b186d00f\" text_font=\"Verdana \u2047 \" custom_margin=\" \u2047 8px \u2047 50px \u2047 false \u2047 false\" custom_padding=\" \u2047 50px \u2047 \" link_option_url=\"https:\/\/euroguidance.ie\/en\/ressources\/\"]<\/p>\n<p>Ressourcer<\/p>\n<p>[\/et_pb_text][et_pb_text _builder_version=\"4.27.4\u2032\u2032 _module_preset=\"01dbb295-3347-4b31-936e-cb09b186d00f\" text_font=\"Verdana \u2047 \" custom_margin=\" \u2047 8px \u2047 49px \u2047 false \u2047 false\" custom_padding=\" \u2047 51px \u2047 \" link_option_url=\"https:\/\/euroguidance.ie\/en\/contact-us\/\"]<\/p>\n<p>Kontaktoplysninger<\/p>\n<p>[\/et_pb_text][et_pb_text _builder_version=\"4.27.4\u2032\u2032 _module_preset=\"01dbb295-3347-4b31-936e-cb09b186d00f\" text_font=\"Verdana \u2047 \" custom_margin=\" \u2047 8px \u2047 51px \u2047 false \u2047 false\" custom_padding=\" \u2047 49px \u2047 \" link_option_url=\"https:\/\/euroguidance.ie\/privacy-statement\/\"]<\/p>\n<p>Fortrolighedspolitik<\/p>\n<p>[\/et_pb_text][\/et_pb_column][et_pb_column type=\"1_3\u2032\u2032 _builder_version=\"4.25.1\u2032\u2032 _module_preset=\"default\" global_colors_info=\"{}\"][et_pb_image src=\"https:\/\/euroguidance.ie\/wp-content\/uploads\/2026\/01\/EN_Co-Funded_by_the_EU_PANTONE-scaled.png\"=\"Co-Funded by European Union\" title_text=\"EN_Co-Funded_by_the_EU_PANTONE\" align=\"center\" _builder_version=\"4.27.4\u2032\u2032 _module_preset=\"default\" global_colors_info=\"{}][\/et_pbb_image][\/et_pet_column][\/et_pet_browbection]<\/p>","protected":false},"excerpt":{"rendered":"<p>**Ans\u00f8gninger er nu \u00e5bne for den 13. ECADOC Summer School 2026** Arrangementet, der finder sted i Trinity College Dublin, Irland, fra 17. til 21. august 2026 inklusive.\u00a0 Temaet for sommerskolen er \"Kritiske perspektiver inden for livslang vejledning\". Vi gl\u00e6der os over ans\u00f8gninger fra nuv\u00e6rende ph.d.-studerende i karrierevejledning og r\u00e5dgivning eller i en [...]<\/p>","protected":false},"author":9,"featured_media":0,"parent":0,"menu_order":0,"comment_status":"closed","ping_status":"closed","template":"","meta":{"_et_pb_use_builder":"on","_et_pb_old_content":"<!-- wp:divi\/placeholder \/-->","_et_gb_content_width":"","footnotes":""},"class_list":["post-432","page","type-page","status-publish","hentry"],"_links":{"self":[{"href":"https:\/\/euroguidance.ie\/da\/wp-json\/wp\/v2\/pages\/432","targetHints":{"allow":["GET"]}}],"collection":[{"href":"https:\/\/euroguidance.ie\/da\/wp-json\/wp\/v2\/pages"}],"about":[{"href":"https:\/\/euroguidance.ie\/da\/wp-json\/wp\/v2\/types\/page"}],"author":[{"embeddable":true,"href":"https:\/\/euroguidance.ie\/da\/wp-json\/wp\/v2\/users\/9"}],"replies":[{"embeddable":true,"href":"https:\/\/euroguidance.ie\/da\/wp-json\/wp\/v2\/comments?post=432"}],"version-history":[{"count":31,"href":"https:\/\/euroguidance.ie\/da\/wp-json\/wp\/v2\/pages\/432\/revisions"}],"predecessor-version":[{"id":1389,"href":"https:\/\/euroguidance.ie\/da\/wp-json\/wp\/v2\/pages\/432\/revisions\/1389"}],"wp:attachment":[{"href":"https:\/\/euroguidance.ie\/da\/wp-json\/wp\/v2\/media?parent=432"}],"curies":[{"name":"wp","href":"https:\/\/api.w.org\/{rel}","templated":true}]}}