{"id":413,"date":"2025-04-08T16:06:07","date_gmt":"2025-04-08T15:06:07","guid":{"rendered":"https:\/\/euroguidance.ie\/?page_id=413"},"modified":"2026-01-09T14:50:36","modified_gmt":"2026-01-09T14:50:36","slug":"mobility-opportunities","status":"publish","type":"page","link":"https:\/\/euroguidance.ie\/da\/mobility-opportunities\/","title":{"rendered":"Mobilitetsmuligheder"},"content":{"rendered":"<p>[et_pb_section fb_built=\"1\u2032\u2032 admin_label=\"Header\" _builder_version=\"4.27.4\u2032\u2032 _module_preset=\"ed3a2270-0d1b-4161-8645-f529b8b3c5c0\u2032\u2032 background_color_gradient_direction=\"193deg\" background_color_gradient_stops=\"gcid-d119accd-44d7-4f2f-b9d7-599c8463324b 0%\u2047 rgba(7,33,48,0.6) 37%\u2047 rgba(255,255,255,0) 62%\u2047 gcid-1cd7c6da-5fe0-4f78-8345-603cff3cbdfc 100%\" background_image=\"https:\/\/euroguidance.ie\/wp-content\/uploads\/2025\/02\/students3.jpg\" background_enable_image=\"on\" parallax=\"on\" background_blend=\"darken\" min_height=\"332.6px\" custom_margin=\" \u2047 53px \u2047 \" locked=\"off\" collapsed=\"off\" global_colors_info=\"{gcid-1f1bf5fb-a99d-4acc-8d9e-ddac074c158c:baggrund_color_gradient_stops,baggrund_color_gradient_stops,baggrund_color_gradient_stops,gcid-4c79ba3d-a281-4fb6-9b14-02f9a4c793f2:baggrund_color_gradient_stops,baggrund_color_gradient_stops,baggrund_color_gradient_stops,gcid-688c464a-d6f2-4296-b592-395352c71c79:baggrund_color_gradient_stops,baggrund_color_gradient_stops,baggrund_color_gradient_stops,gcid-d119accd-44d7-4f2f-b9d7-599c8463324b:baggrund_color_gradient_stops,baggrund_color_gradient_stops,baggrund_color_gradient_stops,gcid-2352d280-fe84-43b1-a71e-f400c35a526a:baggrund_color_gradient_stops,gcid-9e22d70d-67ee-4430-bed3-4bc105d4ef1e:baggrund_color_gradient_stops,gcid-1cd7c6da-5fe0-4f78-8345-603cff3cbdfc:baggrund_color_gradient_stops}\"][et_pb_row _builder_version=\"4.25.1\u2032\u2032 _module_preset=\"default\" global_colors_info=\"{}\"][et_pb_column type=\"4_4\u2032\u2032 _builder_version=\"4.25.1\u2032\u2032 _module_preset=\"default\" global_colors_info=\"{}\"][et_pb_heading title=\"Mobility Opportunities\" _builder_version=\"4.27.4\u2032\u2032 _module_preset=\"be0d0648-3112-47a9-843b-14168fe1dabd\" title_level=\"h2\u2032\u2032 title_font=\"Verdana \u2047 \" title_text_align=\"center\" title_text_color=\"#ededed\" title_font_size=\"60px\" background_color=\"RGBA(255,255,255,0)\" custom_margin=\"40px \u2047 10px \u2047 false \u2047 false\" title_font_size_tablet=\"45px\" title_font_size_phone=\"27px\" title_font_size_last_edited=\"on \u2047 phone\" global_colors_info=\"{gcid-12627f56-04f6-43cc-b53c-4ff92851d432:baggrund_mask_color}\u201d][\/et_pb_heading][\/et_pb_column][\/et_pb_row][\/et_pb_section][et_pb_section fb_built=\u201d1\u2033 admin_label=\u201dStatistics\u201d _builder_version=\u201d4.27.4\u2033 _module_preset=\u201ddefault\u201d background_enable_color=\u201doff\u201d background_enable_image=\u201doff\u201d animation_style=\u201dflip\u201d locked=\u201doff\u201d collapsed=\u201don\u201d global_colors_info=\u201d{}\u201d custom_padding=\u201d5px|||||\u201d][et_pb_row column_structure=\u201d1_2,1_2\u2033 _builder_version=\u201d4.17.3\u2033 _module_preset=\u201d5138c454-be54-4233-bd3b-f8e6a8747976\u2033 global_colors_info=\u201d{}\u201d][et_pb_column type=\u201d1_2\u2033 _builder_version=\u201d4.17.3\u2033 _module_preset=\u201d73121f80-a3ef-4484-8763-c3f18e3c56d2\u2033 global_colors_info=\u201d{}\u201d][et_pb_heading title=\u201dMobility Study Insights\u201d _builder_version=\u201d4.27.4\u2033 _module_preset=\u201dc33f07d9-41e0-421a-8799-5799df695cce\u201d title_level=\u201dh2\u2033 title_font=\u201dIBM Plex Sans Condensed|IBM Plex Sans Condensed_weight|||||||\u201d title_text_color=\u201d#000000\u2032\u2032 title_font_size=\"50px\" title_line_height=\"1.2em\" custom_margin=\"64px \u2047 10px \u2047 false \u2047 false\" hover_enabled=\"0\u2032\u2032 title_font_size_tablet=\"28px\" title_font_size_phone=\"20px\" title_font_size_last_edited=\"on \u2047 phone\" locked=\"off\" global_colors_info=\"{}\" sticky_enabled=\"0\u2032\u2032][\/et_pb_heading][et_pb_text _builder_version=\"4.27.4\u2032\u2032 _module_preset=\"default\" text_text_color=\"#000000\u2032\u2032 text_font_size=\"16px\" hover_enabled=\"0\u2032\u2032 sticky_enabled=\"0\u2032\u2032]<\/p>\n<p><span style=\"color: #000000;\">Studiebes\u00f8g i den akademiske verden giver folk mulighed for at rejse til et andet land for at l\u00e6re, hvordan vejledning og uddannelse fungerer der. Disse bes\u00f8g hj\u00e6lper deltagerne med at se nye id\u00e9er i aktion, l\u00e6re af hinanden og bringe nye f\u00e6rdigheder tilbage til deres egne lande. Ved at dele viden og erfaringer p\u00e5 tv\u00e6rs af gr\u00e6nserne st\u00f8tter Euroguidance livslang vejledning og tilskynder til l\u00f8bende samarbejde mellem landene.<\/span><\/p>\n<p>[\/et_pb_text][et_pb_button button_url=\"https:\/\/euroguidance.eu\/international-mobility\/training-opportunities\" url_new_window=\"on\" button_text=\"Mere information kan findes her\" button_alignment=\"left\" _builder_version=\"4.27.4\u2032\u2032 _module_preset=\"default\" custom_button=\"on\" button_text_color=\"#004773\u2032\u2032 custom_margin=\"13px \u2047 19px \u2047 false \u2047 false\" custom_padding=\" \u2047 0px \u2047 false \u2047 false\" animation_style=\"fold\" hover_enabled=\"0\u2032\u2032 global_colors_info=\"{}\" sticky_enabled=\"0\u2032\u2032][\/et_pb_button][\/et_pb_column][et_pb_column type=\"1_2\u2032\u2032 _builder_version=\"4.17.3\u2032\u2032 _module_preset=\"73121f80-a3ef-4484-8763-c3f18e3c56d2\u2032 global_colors_info=\"{}\"][et_pb_image src=\"https:\/\/euroguidance.ie\/wp-content\/uploads\/2026\/01\/Untitled-design.-18png\"builder_=7.4\u2032modul#004773\u2032\u2032 custom_padding=\"20px \u2047 20px \u2047 20px \u2047 20px \u2047 true \u2047 true\" border_radii=\"on \u2047 6px \u2047 6px \u2047 6px\" global_colors_info=\"{}\"][et_pb_number_counter title=\"Over 5.000 deltagere\" number=\"100\u2032\u2032 percent_sign=\"off\" module_class=\"ai_ignore_number\" _builder_version=\"4.24.24.2\u2032\u2032\u2032 _module_preset=\"eb8e0a21-f73c-4e32-bc0c-e37d0ee934ba\" title_font=\"IBM Plex Sans Condensed \u2047 IBM Plex Sans Condensed_weight \u2047 \" title_text_color=\"#FFFFFF\" title_font_size=\"18px\" title_line_height=\"1.4em\" number_font=\"IBM Plex Sans \u2047 IBM Plex Sans_weight \u2047 \" number_text_color=\"#FFFF\" title_font_size_tablet=\"15px\" title_font_size_phone=\"14px\" title_font_size_last_edited=\"on \u2047 tablet\" number_font_size_tablet=\" number_font_size_phone=\"40px\" number_font_size_last_edited=\"on \u2047 desktop\" locked=\"off\" global_colors_info=\"{}\"][\/et_pb_number_counter][\/et_pb_column][et_pb_column type=\"1_4\u2032 _builder_version=\"4.27.4\u2032 _module_preset=\"24385ca2-769f-4664-bda9-1443db945d08\u2032 baggrund_color\"=\"#2f8540\u2032\u2032 custom_padding=\"10%\u2047 20px \u2047 false \u2047 true\" custom_padding_tablet=\"20px \u2047 false \u2047 true\" custom_padding_phone=\"20px \u2047 false \u2047 true\" custom_padding_last_edited=\"on \u2047 desktop\" border_radii=\"on \u2047 6px \u2047 6px \u2047 6px\" global_colors_info=\"{}\"][et_pb_number_counter title=\"Engagement Across 20+ Countries\" number=\"100\u2032\u2032 percent_sign=\"off\"modul_class=\"ai_ignore_number\" _builder_version=\"4.27.4\u2032\u2032 _module_preset=\"eb8e0a21-f73c-4e32-bc0c-e37d0ee934ba\" title_font=\"IBM Plex Sans Condensed \u2047 IBM Plex Sans Condensed_weight title \u2047 _color=\"#FFFFFF\" title_font_size=\"18px\" title_line_height=\"1.4em\" number_font=\"IBM Plex Sans \u2047 IBM Plex Sans_weight \u2047 \" number_text_color=\"#FFFF\" title_font_size_tablet=\"15px\" title_font_size_phone=\"14px\" title_font_size_last_edited=\"on \u2047 tablet\" number_font_size_tablet=\" number_font_size_phone=\"40px\" number_font_size_last_edited=\"on \u2047 desktop\" locked=\"off\" global_colors_info=\"{}\"][\/et_pb_number_counter][\/et_pb_column][et_pb_column type=\"1_4\u2032 _builder_version=\"4.27.4\u2032 _module_preset=\"24385ca2-769f-4664-bda9-1443db945d08\u2032 baggrund_color\"=\"#7b2d72\u2032\u2032 custom_padding=\"20%\u2047 20px \u2047 false \u2047 true\" custom_padding_tablet=\"20px \u2047 false \u2047 true\" custom_padding_phone=\"20px \u2047 false \u2047 true\" custom_padding_last_edited=\"on \u2047 tablet\" border_radii=\"on \u2047 6px \u2047 6px \u2047 6px\" global_colors_info=\"{}\"][et_pb_number_counter title=\"80% Tilfredshedsgrad\" number=\"100\u2032\u2032 procent_sign=\"off\" module_class=\"ai_ignore_number\" _builder_version=\"4.24.3\u2032\u2032 _module_preset=\"eb8e0a21-f73c-4e32-bc0c-e37d0ee934ba\" title_font=\"IBM Plex Sans Condensed \u2047 IBM Plex Sans Condensed_weight \u2047 \" title_text_color=\"#FFFFFF\" title_font_size=\"18px\" title_line_height=\"1.4em\" number_font=\"IBM Plex Sans \u2047 IBM Plex Sans_weight \u2047 \" number_text_color=\"#FFFF\" title_font_size_tablet=\"15px\" title_font_size_phone=\"14px\" title_font_size_last_edited=\"on \u2047 tablet\" number_font_size_tablet=\" number_font_size_phone=\"40px\" number_font_size_last_edited=\"on \u2047 desktop\" locked=\"off\" global_colors_info=\"{}\"][\/et_pb_number_counter][\/et_pb_column][et_pb_column type=\"1_4\u2032\u2032 _builder_version=\"4.27.4\u2032\u2032 _module_preset=\"73121f80-a3ef-4484-8763-c3f18e3c56d2\u2032\u2032 baggrund_color=\"#ffcc00\u2032\u2032 custom_padding=\"30%\u2047 20px \u2047 20px \u2047 20px \u2047 false \u2047 true\" custom_padding_tablet=\"20px \u2047 false \u2047 true\" custom_padding_phone=\"20px \u2047 false \u2047 true\" custom_padding_last_edited=\"on \u2047 desktop\" border_radii=\"on \u2047 6px \u2047 6px \u2047 6px \u2047 6px\" global_colors_info=\"{}\"][et_pb_number_counter title=\"200+ Succesfulde bes\u00f8g\" number=\"100\u2032\u2032\u2032 percent_sign=\"off\"modul_class=\"ai_ignore_number\" _builder_version=\"4.27.4\u2032\u2032 _module_preset=\"50c76ddc-5104-4016-a79b-7d6fb53c56d5\u2032\u2032\u2032 title_font=\"IBM Plex Sandensed \u2047 IBM Sanlexs Condensed_weight \u2047 title_color=\"#FFFFFF\" title_font_size=\"18px\" title_line_height=\"1.4em\" number_font=\"IBM Plex Sans \u2047 IBM Plex Sans_weight \u2047 \" number_text_color=\"#FFFF\" title_font_size_tablet=\"15px\" title_font_size_phone=\"14px\" title_font_size_last_edited=\"on \u2047 tablet\" number_font_size_tablet=\" number_font_size_phone=\"40px\" number_font_size_last_edited=\"on \u2047 desktop\" locked=\"off\" global_colors_info=\"{#0e0c19:title_text_color,#0077b6:nummer_tekst_farve}\u201d][\/et_pb_number_counter][\/et_pb_column][\/et_pb_row][\/et_pb_section][et_pb_section fb_built=\u201d1\u2033 admin_label=\u201dFooter\u201d _builder_version=\u201d4.27.4\u2033 _module_preset=\u201df1c4f717-2356-4e3f-ac1b-1e293a6cc08a\u201d min_height=\u201d269.3px\u201d height=\u201d357px\u201d custom_margin=\u201d-13px||0px||false|false\u201d custom_padding=\u201d0px||20px||false|false\u201d global_module=\u201d1150\u2033 saved_tabs=\u201dall\u201d locked=\u201doff\u201d collapsed=\u201don\u201d global_colors_info=\u201d{}\u201d][et_pb_row column_structure=\u201d1_2,1_2\u2033 _builder_version=\u201d4.27.4\u2033 _module_preset=\u201ddefault\u201d custom_margin=\u201d|auto|-85px|auto||\u201d custom_padding=\u201d||7px||false|false\u201d locked=\u201doff\u201d global_colors_info=\u201d{}\u201d][et_pb_column type=\u201d1_2\u2033 _builder_version=\u201d4.25.1\u2033 _module_preset=\u201ddefault\u201d global_colors_info=\u201d{}\u201d][et_pb_heading title=\u201dSubcribe to our Newsletter\u201d _builder_version=\u201d4.27.4\u2033 _module_preset=\u201ddefault\u201d title_text_align=\u201dcenter\u201d title_text_color=\u201d#FFFFFF\" custom_margin=\" \u2047 -20px \u2047 \" global_colors_info=\"{}\"][\/et_pb_heading][et_pb_wpt_gravityform gravityform_id=\"gf-2\u2032\u2032 title=\"off\" description=\"off\" ajax=\"on\" _builder_version=\"4.27.4\u2032\u2032 _module_preset=\"default\" transform_scale=\"94%|94%\" global_colors_info=\"{}\"][\/et_pb_wpt_gravityform][\/et_pb_column][et_pb_column type=\"1_2\u2032\u2032 _builder_version=\"4.25.1\u2032\u2032 _module_preset=\"default\" global_colors_info=\"{}\"][et_pb_heading title=\"Quick Links\" _builder_version=\"4.27.4\u2032\u2032 _module_preset=\"95956592-a1b1-43fb-aa7b-d69d7b858e52\u2032\u2032 title_font=\"Verdana \u2047 \" title_text_color=\"#FFFFFF\" custom_margin=\" \u2047 10px \u2047 false \u2047 false\" locked=\"off\" global_colors_info=\"{}\"][\/et_pb_heading][et_pb_text _builder_version=\"4.27.4\u2032\u2032 _module_preset=\"01dbb295-3347-4b31-936e-cb09b186d00f\" text_font=\"Verdana \u2047 \" custom_margin=\" \u2047 8px \u2047 false \u2047 false\" link_option_url=\"https:\/\/euroguidance.ie\/en\/about\/\" global_colors_info=\"{}\"]<\/p>\n<p>Euroguidance<\/p>\n<p>[\/et_pb_text][et_pb_text _builder_version=\"4.27.4\u2032\u2032 _module_preset=\"01dbb295-3347-4b31-936e-cb09b186d00f\" text_font=\"Verdana \u2047 \" custom_margin=\" \u2047 8px \u2047 false \u2047 false\" link_option_url=\"https:\/\/euroguidance.ie\/en\/resources\/\" global_colors_info=\"{}\"]<\/p>\n<p>Ressourcer<\/p>\n<p>[\/et_pb_text][et_pb_text _builder_version=\"4.27.4\u2032\u2032 _module_preset=\"01dbb295-3347-4b31-936e-cb09b186d00f\" text_font=\"Verdana \u2047 \" custom_margin=\" \u2047 8px \u2047 false \u2047 false\" link_option_url=\"https:\/\/euroguidance.ie\/en\/contact-us\/\" global_colors_info=\"{}\"]<\/p>\n<p>Kontaktoplysninger<\/p>\n<p>[\/et_pb_text][et_pb_text _builder_version=\"4.27.4\u2032\u2032 _module_preset=\"01dbb295-3347-4b31-936e-cb09b186d00f\" text_font=\"Verdana \u2047 \" custom_margin=\" \u2047 8px \u2047 false \u2047 false\" global_colors_info=\"{}\"]<\/p>\n<p>Fortrolighedspolitik<\/p>\n<p>[\/et_pb_text][\/et_pb_column][\/et_pb_row][\/et_pb_section]<\/p>","protected":false},"excerpt":{"rendered":"<p>Studiebes\u00f8g i den akademiske verden giver folk mulighed for at rejse til et andet land for at l\u00e6re, hvordan vejledning og uddannelse fungerer der. Disse bes\u00f8g hj\u00e6lper deltagerne med at se nye id\u00e9er i aktion, l\u00e6re af hinanden og bringe nye f\u00e6rdigheder tilbage til deres egne lande. Ved at dele viden og erfaringer p\u00e5 tv\u00e6rs af gr\u00e6nserne st\u00f8tter Euroguidance livslang vejledning og [...]<\/p>","protected":false},"author":9,"featured_media":0,"parent":0,"menu_order":0,"comment_status":"closed","ping_status":"closed","template":"","meta":{"_et_pb_use_builder":"on","_et_pb_old_content":"<!-- wp:divi\/placeholder \/-->","_et_gb_content_width":"","footnotes":""},"class_list":["post-413","page","type-page","status-publish","hentry"],"_links":{"self":[{"href":"https:\/\/euroguidance.ie\/da\/wp-json\/wp\/v2\/pages\/413","targetHints":{"allow":["GET"]}}],"collection":[{"href":"https:\/\/euroguidance.ie\/da\/wp-json\/wp\/v2\/pages"}],"about":[{"href":"https:\/\/euroguidance.ie\/da\/wp-json\/wp\/v2\/types\/page"}],"author":[{"embeddable":true,"href":"https:\/\/euroguidance.ie\/da\/wp-json\/wp\/v2\/users\/9"}],"replies":[{"embeddable":true,"href":"https:\/\/euroguidance.ie\/da\/wp-json\/wp\/v2\/comments?post=413"}],"version-history":[{"count":14,"href":"https:\/\/euroguidance.ie\/da\/wp-json\/wp\/v2\/pages\/413\/revisions"}],"predecessor-version":[{"id":1222,"href":"https:\/\/euroguidance.ie\/da\/wp-json\/wp\/v2\/pages\/413\/revisions\/1222"}],"wp:attachment":[{"href":"https:\/\/euroguidance.ie\/da\/wp-json\/wp\/v2\/media?parent=413"}],"curies":[{"name":"wp","href":"https:\/\/api.w.org\/{rel}","templated":true}]}}