{"id":161,"date":"2018-08-16T14:34:19","date_gmt":"2018-08-16T13:34:19","guid":{"rendered":"https:\/\/euroguidance.ie\/?page_id=161"},"modified":"2026-01-20T12:30:10","modified_gmt":"2026-01-20T12:30:10","slug":"contact-us","status":"publish","type":"page","link":"https:\/\/euroguidance.ie\/da\/contact-us\/","title":{"rendered":"Kontakt os"},"content":{"rendered":"<p>[et_pb_section fb_built=\"1\u2032\u2032 admin_label=\"Header\" _builder_version=\"4.27.4\u2032\u2032 _module_preset=\"ed3a2270-0d1b-4161-8645-f529b8b3c5c0\u2032\u2032 background_color_gradient_direction=\"193deg\" background_color_gradient_stops=\"gcid-d119accd-44d7-4f2f-b9d7-599c8463324b 0%\u2047 rgba(7,33,48,0.6) 37%\u2047 rgba(255,255,255,0) 62%\u2047 gcid-1cd7c6da-5fe0-4f78-8345-603cff3cbdfc 100%\" background_image=\"https:\/\/euroguidance.ie\/wp-content\/uploads\/2025\/02\/students3.jpg\" background_enable_image=\"on\" parallax=\"on\" background_blend=\"darken\" min_height=\"332.6px\" custom_margin=\" \u2047 53px \u2047 \" locked=\"off\" collapsed=\"off\" global_colors_info=\"{gcid-1f1bf5fb-a99d-4acc-8d9e-ddac074c158c:baggrund_color_gradient_stops,baggrund_color_gradient_stops,baggrund_color_gradient_stops,gcid-4c79ba3d-a281-4fb6-9b14-02f9a4c793f2:baggrund_color_gradient_stops,baggrund_color_gradient_stops,baggrund_color_gradient_stops,gcid-688c464a-d6f2-4296-b592-395352c71c79:baggrund_color_gradient_stops,baggrund_color_gradient_stops,baggrund_color_gradient_stops,gcid-d119accd-44d7-4f2f-b9d7-599c8463324b:baggrund_color_gradient_stops,baggrund_color_gradient_stops,baggrund_color_gradient_stops,gcid-2352d280-fe84-43b1-a71e-f400c35a526a:baggrund_color_gradient_stops,gcid-9e22d70d-67ee-4430-bed3-4bc105d4ef1e:baggrund_color_gradient_stops,gcid-1cd7c6da-5fe0-4f78-8345-603cff3cbdfc:baggrund_color_gradient_stops}\"][et_pb_row _builder_version=\"4.25.1\u2032\u2032 _module_preset=\"default\" global_colors_info=\"{}\"][et_pb_column type=\"4_4\u2032\u2032 _builder_version=\"4.25.1\u2032\u2032 _module_preset=\"default\" global_colors_info=\"{}\"][et_pb_heading title=\"Euroguidance FAQ\" _builder_version=\"4.27.4\u2032\u2032 _module_preset=\"be0d0648-3112-47a9-843b-14168fe1dabd\" title_level=\"h2\u2032\u2032\u2032 title_font=\"Verdana \u2047 \" title_text_align=\"center title_text_color=\"#ededed\" title_font_size=\"60px\" background_color=\"RGBA(255,255,255,0)\" custom_margin=\"40px \u2047 10px \u2047 false \u2047 false\" custom_padding=\" \u2047 0px \u2047 \" title_font_size_tablet=\"45px\" title_font_size_phone=\"27px\" title_font_size_last_edited=\"on \u2047 phone\" global_colors_info=\"{gcid-12627f56-04f6-43cc-b53c-4ff92851d432:baggrund_mask_color}\"][\/et_pb_heading][\/et_pb_column][\/et_pb_row][\/et_pb_section][et_pb_section fb_built=\"1\u2032\u2032 admin_label=\"Ofte stillede sp\u00f8rgsm\u00e5l\" _builder_version=\"4.27.4\u2032\u2032 _module_preset=\"default\" background_color=\"#FFFFFF\" custom_margin=\"-60px \u2047 -14px \u2047 \" custom_padding=\"0px \u2047 \" animation_style=\"zoom\" border_color_all=\"#FFFFFF\" locked=\"off\" collapsed=\"on\" global_colors_info=\"{gcid-36fd78a7-34bc-404d-873c-dafa34efaae5:colorStart,#0077b6:baggrund_color_gradient_stops,#03045e:baggrund_color_gradient_stops}\"][et_pb_row _builder_version=\"4.17.6\u2032\u2032 _module_preset=\"5138c454-be54-4233-bd3b-f8e6a8747976\u2032\u2032 locked=\"off\" global_colors_info=\"{}\"][et_pb_column type=\"4_4\u2032\u2032 _builder_version=\"4.16\u2032\u2032 _module_preset=\"73121f80-a3ef-4484-8763-c3f18e3c56d2\u2032\u2032 global_colors_info=\"{}\"][et_pb_heading _builder_version=\"4.27.4\u2032\u2032 _module_preset=\"c33f07d9-41e0-421a-8799-5799df695cce\" title_level=\"h2\u2032 title_font=\"BMIBM Plex Sans Condensed_weight \u2047 \" title_text_align=\"center\" title_text_color=\"#000000\u2032\u2032 title_font_size=\"50px\" title_line_height=\"1.2em\" custom_margin=\" \u2047 10px \u2047 false \u2047 false\" title_font_size_tablet=\"28px\" title_font_size_phone=\"20px\" title_font_size_last_edited=\"on \u2047 phone\" global_colors_info=\"{}\"][\/et_pb_heading][et_pb_text quote_border_color=\"#FFFFFF\" _builder_version=\"4.27.4\u2032\u2032 _module_preset=\"0504de1e-f5ff-4281-ba60-cbbe4edf98bc\" text_font=\" \u2047 IBM Plex Sans_weight \u2047 \" text_text_color=\"#000000\u2032\u2032 text_font_size=\"16px\" text_line_height=\"1.75em\" link_font=\" \u2047 on \u2047 \" link_text_color=\"#FFFFFF\" quote_font=\"IBM Plex Sans Condensed \u2047 IBM Plex Sans Condensed_weight \u2047 \" quote_text_color=\"#FFFFFF\" header_font=\" \u2047 IBM Plex Sans Condensed_weight \u2047 \" header_text_color=\"#FFFFFF\" header_font_size=\"72px\" header_line_height=\"1.15em\" header_2_font=\"IBM Plex Sans Condensed \u2047 IBM Plex Sans Condensed_weight \u2047 \" header_2_text_color=\"#FFFFFF\" header_2_font_size=\"50px\" header_2_line_height=\"1.2em\" header_3_font=\"IBM Plex Sans Condensed \u2047 IBM Plex Sans Condensed_weight \u2047 \" header_3_text_color=\"#FFFFFF\" header_3_font_size=\"32px\" header_3_line_height=\"1.3em\" header_4_font=\"IBM Plex Sans Condensed \u2047 IBM Plex Sans Condensed_weight \u2047 \" header_4_text_color=\"#FFFFFF\" header_4_font_size=\"24px\" header_4_line_height=\"1.4em\" header_5_font=\"IBM Plex Sans Condensed \u2047 IBM Plex Sans Condensed_weight \u2047 \" header_5_text_color=\"#FFFFFF\" header_5_font_size=\"18px\" header_5_line_height=\"1.4em\" header_6_font=\"IBM Plex Sans Condensed \u2047 IBM Plex Sans Condensed_weight \u2047 \" header_6_text_color=\"#FFFF\" header_6_line_height=\"1.5em\" text_orientation=\"center\" custom_margin=\" \u2047 false \u2047 false\" text_font_size_tablet=\"15px\" text_font_size_phone=\"14px\" text_font_size_last_edited=\"on \u2047 phone\" header_font_size_tablet=\"40px\" header_font_size_phone=\"24px\" header_font_size_lastedited=\"on \u2047 desktop\" header_2_font_size_tablet=\"28px\" header_2_font_size_phone=\"20px\" header_2_font_size_last_edited=\"on \u2047 phone\" header_3_fontsizesize_tablet=\"22px\" header_3_font_size_phone=\"17px\" header_3_font_size_last_edited=\"on \u2047 phone\" header_4_font_size_tablet=\"18px\" header_4_font_size_phone=\"15px\" header_4_font_size_last_edited=\"on \u2047 tablet\" header_5_font_size_tablet=\"15px\" header_5_font_size_phone=\"14px\" header_5_font_size_last_edited=\"on \u2047 desktop\" header_6_font_size_tablet=\"13px\" header_6_font_size_phone=\"13px\" header_6_font_size_last_edited=\"on \u2047 desk\"lock\"=off\"Global_colors_info=\"#03045e:link_text_color,#0e0c19:header_text_color,header_4_text_color,header_3_text_color,header_2_text_color,header_5_text_color,header_6_text_color,quote_text_color,#0077b6:quote_border_color}\"]<\/p>\n<p>L\u00e6s venligst de ofte stillede sp\u00f8rgsm\u00e5l (FAQ) nedenfor, da de kan besvare dit sp\u00f8rgsm\u00e5l. Hvis du ikke kan finde det, du leder efter, bedes du indsende dine kontaktoplysninger nedenfor, og vi vil v\u00e6re glade for at hj\u00e6lpe.<\/p>\n<p>[\/et_pb_text][\/et_pb_column][\/et_pb_row][et_pb_row custom_padding_last_edited=\"on \u2047 phone\" _builder_version=\"4.27.4\u2032\u2032 _module_preset=\"c9cfaba2-2263-4f35-8227-8d16ca8bd1cc\" baggrund_color=\"#FFFFFF\" max_width=\"700px\" module_alignment=\"center\" min_height=\"547.6px\" custom_margin=\"-5px \u2047 auto \u2047 -5px \u2047 auto \u2047 true \u2047 false\" custom_padding=\"30px \u2047 60px \u2047 60px \u2047 true \u2047 true\" custom_padding_tablet=\" custom_padding_phone=\" border_radii=\"on \u2047 6px \u2047 6px \u2047 6px\" box_shadow_style=\"preset3\u2032 box_shadow_vertical=\"24px\" box_shadow_blur=\"72px\" box_shadow_spread=\"-12px\" box_shadow_color=\"rgba(0,0,0,0,0.12)\" global_colors_info=\"{}\"][et_pb_column type=\"4_ild\u2032_buer=\"84\u2032er_6\u2032modul#03045e\" open_toggle_background_color=\"RGBA(255,255,255,0)\" closed_toggle_background_color=\"RGBA(255,255,255,0)\" toggle_icon=\" \u2047 fa \u2047 900\u2032\u2032 icon_color=\"#03045e\" use_icon_font_size=\"on\" _builder_version=\"4.27.4\u2032\u2032 _module_preset=\"73efbc9d-37bf-4f75-b3d8-498640ef079f\" toggle_text_color=\"#0e0c19\u2032\u2032 toggle_font=\" \u2047 IBM Plex Sans Condensed_weight \u2047 \" toggle_font_size=\"18px\" toggle_line_height=\"1.3em\" body_font=\" \u2047 IBM Plex Sans_weight \u2047 \" body_text_color=\"#000000\u2032\u2032 body_font_size=\"16px\" body_line_height=\"1.75em\" toggle_font_size_tablet=\"15px\" toggle_font_size_phone=\"14px\" toggle_font_size_last_edited=\"on \u2047 phone\" body_font_size_tablet=\"15px\" body_font_size_phone=\"14px\" body_font_size_last_edited=\"on \u2047 desktop\" border_radii=\"on \u2047 6px \u2047 6px \u2047 6px \u2047 6px\" border_width_all=\"2px\" border_color_all=\"rgba(0,0,0,0.08)\" l\u00e5st=\"off\"Global_colors_info=\"{gcid-36fd78a7-34bc-404d-873c-dafa34efaae5:quote_ikon_farve,icon_color,open_toggle_text_color,gcid-f2943306-fa6c-45f0-b632-5fc00151366a:icon_color,open_toggle_text_color,gcid-3e0ae39b-d026-4173-b444-0c785917aeff:krop_tekst_farve,gcid-828accbb-1ed2-407d-95be-20ab4e191566:border_color_all}\"][et_pb_accordion_item title=\"Hvad er Euroguidance?\" open=\"on\" closed_toggle_text_color=\"#000000\u2032\u2032 icon_color=\"#0C71C3\u2032\u2032 open_icon_color=\"#0C71C3\u2032\u2032 _builder_version=\"4.27.4\u2032\u2032 _module_preset=\"550abe5c-b505-4d6b-adc7-570bd7cc1217\u2032\u2032 body_font=\" \u2047 IBM Plex Sans_weight \u2047 \" body_text_color=\"#000000\u2032\u2032 body_font_size=\"16px\" global_colors_info=\"{}\" toggle_font=\" \u2047 IBM Plex Sans Condensed_weight \u2047 \"]<\/p>\n<p>Euroguidance er et netv\u00e6rk, der st\u00f8tter karrierevejledning og livslang l\u00e6ring i hele Europa<\/p>\n<p>[\/et_pb_accordion_item][et_pb_accordion_item title=\"Hvordan kan Euroguidance hj\u00e6lpe mig?\" open_toggle_text_color=\"#000000\u2032\u2032 closed_toggle_text_color=\"#000000\u2032\u2032 icon_color=\"#0C71C3\u2032\u2032 open_icon_color=\"#0C71C3\u2032\u2032 _builder_version=\"4.27.4\u2032\u2032 _module_preset=\"550abe5c-b505-4d6b-adc7-570bd7cc1217\u2032\u2032 body_font=\" \u2047 IBM Plex Sans_weight \u2047 \" body_text_color=\"#000000\u2032\u2032 body_font_size=\"16px\" global_colors_info=\"{}\" toggle_text_color=\"#000000\u2032\u2032 toggle_font=\" \u2047 IBM Plex Sans Condensed_weight \u2047 \" open=\"off\"]<\/p>\n<p>Euroguidance stiller ressourcer og st\u00f8tte til r\u00e5dighed for vejledere for personer, der s\u00f8ger karrierer\u00e5dgivning og uddannelsesmuligheder<\/p>\n<p>[\/et_pb_accordion_item][et_pb_accordion_item title=\"Hvem kan drage fordel af Euroguidance-tjenester?\" open_toggle_text_color=\"#000000\u2032\u2032 icon_color=\"#0C71C3\u2032\u2032 open_icon_color=\"#0C71C3\u2032\u2032 _builder_version=\"4.27.4\u2032\u2032 _module_preset=\"550abe5c-b505-4d6b-adc7-570bd7cc1217\u2032\u2032 body_font=\" \u2047 IBM Plex Sans_weight \u2047 \" body_text_color=\"#000000\u2032\u2032 global_colors_info=\"{}\" toggle_text_color=\"#000000\u2032\u2032 toggle_font=\" \u2047 IBM Plex Sans Condensed_weight \u2047 \" open=\"off\"]<\/p>\n<p>Vejledningsr\u00e5dgivere nyder godt af Euroguidance Services. Euroguidance Ireland har til form\u00e5l at praktisere vejledningsr\u00e5dgivere og s\u00f8ger at fremme bedste praksis inden for vejledning.<\/p>\n<p>[\/et_pb_accordion_item][et_pb_accordion_item title=\"Hvordan holder jeg mig opdateret om Euroguidance-aktiviteter?\" icon_color=\"#0C71C3\u2032\u2032 open_icon_color=\"#0C71C3\u2032\u2032 _builder_version=\"4.27.4\u2032\u2032 _module_preset=\"550abe5c-b505-4d6b-adc7-570bd7cc1217\u2032\u2032 body_font=\" \u2047 IBM Plex Sans_weight \u2047 \" body_text_color=\"#000000\u2032\u2032 body_font_size=\"16px\" global_colors_info=\"{}\" toggle_text_color=\"#000000\u2032\u2032 toggle_font=\" \u2047 IBM Plex Sans Condensed_weight \u2047 \" open=\"off\"]<\/p>\n<p>Du kan abonnere p\u00e5 Euroguidances nyhedsbrev eller f\u00f8lge Euroguidance p\u00e5 de sociale medier for at f\u00e5 de seneste opdateringer og arrangementer<\/p>\n<p>[\/et_pb_accordion_item][\/et_pb_accordion][\/et_pb_column][\/et_pb_row][\/et_pb_section][et_pb_section fb_built=\"1\u2032\u2032 _builder_version=\"4.27.4\u2032\u2032 _module_preset=\"default\" global_colors_info=\"6px \u2047 \" global_colors_info=\"4_4\u2032][et_pbb_row _builder_version=\"4.27.4\u2032\u2032\u2032 _module_preset=\"default\" global_colors_info=\"{}][et_ppbgravity gravityform_id\"4\u2032 _builder_version=\"4.27.4\u2032\u2032 _module_preset=\"default\"#FFFFFF\" custom_margin=\" \u2047 -20px \u2047 \" global_colors_info=\"{}\"][\/et_pb_heading][et_pb_wpt_gravityform gravityform_id=\"gf-2\u2032\u2032 title=\"off\" description=\"off\" ajax=\"on\" _builder_version=\"4.27.4\u2032\u2032 _module_preset=\"default\" transform_scale=\"94%|94%\" global_colors_info=\"{}\"][\/et_pb_wpt_gravityform][\/et_pb_column][et_pb_column type=\"1_3\u2032\u2032 _builder_version=\"4.25.1\u2032\u2032 _module_preset=\"default\" global_colors_info=\"{}\"][et_pb_heading title=\"Quick Links\" _builder_version=\"4.27.4\u2032\u2032 _module_preset=\"95956592-a1b1-43fb-aa7b-d69d7b858e52\u2032\u2032 title_font=\"Verdana \u2047 \" title_text_color=\"#FFFFFF's positionering=\"none\" custom_margin=\" \u2047 10px \u2047 46px \u2047 false \u2047 false\" custom_padding=\" \u2047 55px \u2047 \" locked=\"off\" global_colors_info=\"{}\"][\/et_pb_heading][et_pb_text _builder_version=\"4.27.4\u2032\u2032 _module_preset=\"01dbb295-3347-4b31-936e-cb09b186d00f\" text_font=\"Verdana \u2047 \" custom_margin=\" \u2047 8px \u2047 53px \u2047 false \u2047 false\" custom_padding=\" \u2047 75px \u2047 48px \u2047 \" link_option_url=\"https:\/\/euroguidance.ie\/en\/about\/\"]<\/p>\n<p>Euroguidance<\/p>\n<p>[\/et_pb_text][et_pb_text _builder_version=\"4.27.4\u2032\u2032 _module_preset=\"01dbb295-3347-4b31-936e-cb09b186d00f\" text_font=\"Verdana \u2047 \" custom_margin=\" \u2047 8px \u2047 50px \u2047 false \u2047 false\" custom_padding=\" \u2047 50px \u2047 \" link_option_url=\"https:\/\/euroguidance.ie\/en\/ressources\/\"]<\/p>\n<p>Ressourcer<\/p>\n<p>[\/et_pb_text][et_pb_text _builder_version=\"4.27.4\u2032\u2032 _module_preset=\"01dbb295-3347-4b31-936e-cb09b186d00f\" text_font=\"Verdana \u2047 \" custom_margin=\" \u2047 8px \u2047 49px \u2047 false \u2047 false\" custom_padding=\" \u2047 51px \u2047 \" link_option_url=\"https:\/\/euroguidance.ie\/en\/contact-us\/\"]<\/p>\n<p>Kontaktoplysninger<\/p>\n<p>[\/et_pb_text][et_pb_text _builder_version=\"4.27.4\u2032\u2032 _module_preset=\"01dbb295-3347-4b31-936e-cb09b186d00f\" text_font=\"Verdana \u2047 \" custom_margin=\" \u2047 8px \u2047 51px \u2047 false \u2047 false\" custom_padding=\" \u2047 49px \u2047 \" link_option_url=\"https:\/\/euroguidance.ie\/privacy-statement\/\"]<\/p>\n<p>Fortrolighedspolitik<\/p>\n<p>[\/et_pb_text][\/et_pb_column][et_pb_column type=\"1_3\u2032\u2032 _builder_version=\"4.25.1\u2032\u2032 _module_preset=\"default\" global_colors_info=\"{}\"][et_pb_image src=\"https:\/\/euroguidance.ie\/wp-content\/uploads\/2026\/01\/EN_Co-Funded_by_the_EU_PANTONE-scaled.png\"=\"Co-Funded by European Union\" title_text=\"EN_Co-Funded_by_the_EU_PANTONE\" align=\"center\" _builder_version=\"4.27.4\u2032\u2032 _module_preset=\"default\" global_colors_info=\"{}][\/et_pbb_image][\/et_pet_column][\/et_pet_browbection]<\/p>","protected":false},"excerpt":{"rendered":"<p>L\u00e6s venligst de ofte stillede sp\u00f8rgsm\u00e5l (FAQ) nedenfor, da de kan besvare dit sp\u00f8rgsm\u00e5l. Hvis du ikke kan finde det, du leder efter, kan du indsende dine kontaktoplysninger nedenfor, og vi vil v\u00e6re glade for at hj\u00e6lpe.Euroguidance er et netv\u00e6rk, der st\u00f8tter karrierevejledning og livslang l\u00e6ring i hele EuropaEuroguidance giver ressourcer og st\u00f8tte vejledningsr\u00e5dgivere for enkeltpersoner [...]<\/p>","protected":false},"author":4,"featured_media":0,"parent":0,"menu_order":0,"comment_status":"closed","ping_status":"closed","template":"","meta":{"_et_pb_use_builder":"on","_et_pb_old_content":"","_et_gb_content_width":"","footnotes":""},"class_list":["post-161","page","type-page","status-publish","hentry"],"_links":{"self":[{"href":"https:\/\/euroguidance.ie\/da\/wp-json\/wp\/v2\/pages\/161","targetHints":{"allow":["GET"]}}],"collection":[{"href":"https:\/\/euroguidance.ie\/da\/wp-json\/wp\/v2\/pages"}],"about":[{"href":"https:\/\/euroguidance.ie\/da\/wp-json\/wp\/v2\/types\/page"}],"author":[{"embeddable":true,"href":"https:\/\/euroguidance.ie\/da\/wp-json\/wp\/v2\/users\/4"}],"replies":[{"embeddable":true,"href":"https:\/\/euroguidance.ie\/da\/wp-json\/wp\/v2\/comments?post=161"}],"version-history":[{"count":16,"href":"https:\/\/euroguidance.ie\/da\/wp-json\/wp\/v2\/pages\/161\/revisions"}],"predecessor-version":[{"id":1397,"href":"https:\/\/euroguidance.ie\/da\/wp-json\/wp\/v2\/pages\/161\/revisions\/1397"}],"wp:attachment":[{"href":"https:\/\/euroguidance.ie\/da\/wp-json\/wp\/v2\/media?parent=161"}],"curies":[{"name":"wp","href":"https:\/\/api.w.org\/{rel}","templated":true}]}}