{"id":156,"date":"2018-08-16T14:33:54","date_gmt":"2018-08-16T13:33:54","guid":{"rendered":"https:\/\/euroguidance.ie\/?page_id=156"},"modified":"2026-01-16T12:39:25","modified_gmt":"2026-01-16T12:39:25","slug":"about","status":"publish","type":"page","link":"https:\/\/euroguidance.ie\/da\/about\/","title":{"rendered":"Om"},"content":{"rendered":"<p>[et_pb_section fb_built=\"1\u2032\u2032 admin_label=\"Header\" _builder_version=\"4.27.4\u2032\u2032 _module_preset=\"ed3a2270-0d1b-4161-8645-f529b8b3c5c0\u2032\u2032 background_color_gradient_direction=\"193deg\" background_color_gradient_stops=\"gcid-d119accd-44d7-4f2f-b9d7-599c8463324b 0%\u2047 rgba(7,33,48,0.6) 37%\u2047 rgba(255,255,255,0) 62%\u2047 gcid-1cd7c6da-5fe0-4f78-8345-603cff3cbdfc 100%\" background_image=\"https:\/\/euroguidance.ie\/wp-content\/uploads\/2025\/02\/students3.jpg\" background_enable_image=\"on\" parallax=\"on\" background_blend=\"darken\" min_height=\"332.6px\" custom_margin=\" \u2047 53px \u2047 \" locked=\"off\" collapsed=\"off\" global_colors_info=\"{gcid-1f1bf5fb-a99d-4acc-8d9e-ddac074c158c:baggrund_color_gradient_stops,baggrund_color_gradient_stops,baggrund_color_gradient_stops,gcid-4c79ba3d-a281-4fb6-9b14-02f9a4c793f2:baggrund_color_gradient_stops,baggrund_color_gradient_stops,baggrund_color_gradient_stops,gcid-688c464a-d6f2-4296-b592-395352c71c79:baggrund_color_gradient_stops,baggrund_color_gradient_stops,baggrund_color_gradient_stops,gcid-d119accd-44d7-4f2f-b9d7-599c8463324b:baggrund_color_gradient_stops,baggrund_color_gradient_stops,baggrund_color_gradient_stops,gcid-2352d280-fe84-43b1-a71e-f400c35a526a:baggrund_color_gradient_stops,gcid-9e22d70d-67ee-4430-bed3-4bc105d4ef1e:baggrund_color_gradient_stops,gcid-1cd7c6da-5fe0-4f78-8345-603cff3cbdfc:baggrund_color_gradient_stops}\"][et_pb_row _builder_version=\"4.25.1\u2032\u2032 _module_preset=\"default\" global_colors_info=\"{}\"][et_pb_column type=\"4_4\u2032\u2032 _builder_version=\"4.25.1\u2032\u2032 _module_preset=\"default\" global_colors_info=\"{}\"][et_pb_heading title=\"Om Euroguidance\" _builder_version=\"4.27.4\u2032\u2032 _module_preset=\"be0d0648-3112-47a9-843b-14168fe1dabd\" title_level=\"h2\u2032\u2032\u2032 title_font=\"Verdana \u2047 \" title_text_align=\"center title_text_color=\"#ededed\" title_font_size=\"60px\" background_color=\"RGBA(255,255,255,0)\" custom_margin=\"40px \u2047 10px \u2047 false \u2047 false\" title_font_size_tablet=\"45px\" title_font_size_phone=\"27px\" title_font_size_last_edited=\"on \u2047 phone\" global_colors_info=\"{gcid-12627f56-04f6-43cc-b53c-4ff92851d432:baggrund_mask_color}\"][\/et_pb_heading][\/et_pb_column][\/et_pb_row][\/et_pb_section][et_pb_section fb_built=\"1\u2032\u2032 admin_label=\"Header &amp; Video\" _builder_version=\"4.27.4\u2032\u2032 _module_preset=\"c5be3703-3805-4818-8c09-ae7df35839e7\u2032\u2032 baggrund_color=\"#FFFFFF\" custom_margin=\" \u2047 false \u2047 false\" custom_padding=\"64px \u2047 0px \u2047 \" locked=\"off\" collapsed=\"on\" global_colors_info=\"{gcid-1f1bf5fb-a99d-4acc-8d9e-ddac074c158c:baggrund_color_gradient_stops,baggrund_color_gradient_stops,baggrund_color_gradient_stops,baggrund_color_gradient_stops,gcid-a78660e1-cfc7-4771-a566-6834d6a7f06a:baggrund_color_gradient_stops,baggrund_color_gradient_stops,baggrund_color_gradient_stops,baggrund_color_gradient_stops,gcid-24b0db87-dafa-47d9-995f-b90181e18c52:baggrund_color_gradient_stops,baggrund_color_gradient_stops,baggrund_color_gradient_stops,baggrund_color_gradient_stops}\"][et_pb_row column_structure=\"3_5,2_5\u2032\u2032 _builder_version=\"4.27.4\u2032\u2032 _module_preset=\"default\" min_height=\"286.3px\" custom_margin=\" \u2047 auto \u2047 -16px \u2047 auto \u2047 \" custom_padding=\" \u2047 0px \u2047 \" global_colors_info=\"{}\"][et_pb_column type=\"3_5\u2032\u2032 _builder_version=\"4.25.1\u2032\u2032\u2032 _module_preset=\"default\" global_colors_info=\"{}\"][et_pb_text _builder_version=\"4.27.5\u2032\u2032 _module_preset=\"dc5d4783-d2f9-4916-ad71-a1d795feca\u2032\u2032 text_font=\" \u2047 \"custom_padding=\"0x \u2047 \" hoverable=0\"color\u2032_info=\"y_{}\"<\/p>\n<p><span style=\"color: #000000;\">Euroguidance Ireland er hostet af Education and Training Boards Ireland og er medlem af Euroguidance Network. Euroguidance-netv\u00e6rket er et netv\u00e6rk af nationale ressource- og informationscentre for erhvervsvejledere. <\/span><\/p>\n<p><span style=\"color: #000000;\">Euroguidance-netv\u00e6rket i alle europ\u00e6iske lande forbinder karrierevejledningssystemerne i Europa. Den vigtigste m\u00e5lgruppe for Euroguidance er vejledere og politiske beslutningstagere fra b\u00e5de uddannelses- og besk\u00e6ftigelsessektorerne i EU- og E\u00d8S-medlemsstaterne og i<\/span><span style=\"color: #000000;\">n kandidatlande.<\/span><\/p>\n<p>[\/et_pb_text][\/et_pb_column][et_pb_column type=\"2_5\u2032\u2032 _builder_version=\"4.25.1\u2032\u2032 _module_preset=\"default\" global_colors_info=\"{}\"][et_pb_image src=\"https:\/\/euroguidance.ie\/wp-content\/uploads\/2026\/01\/Untitled-design-19.png\" alt=\"Folk, der arbejder ved skrivebordet\" title_text=\"Untitled design (19)\" _builder_version=\"4.27.4\u2032\u2032 _module_preset=\"default\" custom_margin=\"-58px \u2047 false \u2047 false\" animation_style=\"fold\" border_radii=\"on \u2047 2px \u2047 2px2px\" border_width_all=\"p3x\" border_color_all=\"#FFFF\" global_colors_info=\"{}\"][\/et_pb_image][\/et_pb_column][\/et_pb_row][et_pb_row _builder_version=\"4.27.4\u2032\u2032 _module_preset=\"default\" custom_margin=\"-4px \u2047 auto \u2047 \" custom_padding=\"0px \u2047 \" global_colors_info=\"{}\"][et_pb_column type=\"4_4\u2032\u2032 _builder_version=\"4.27.4\u2032\u2032 _module_preset=\"default\" global_colors_info=\"{}\"][et_pb_text _builder_version=\"4.27.4\u2032 _module_preset=\"default\" text_text_color=\"#000000\u2032\u2032 text_font_size=\"16px\" text_line_height=\"1em\" width=\"100%\" max_width=\"100%\" module_alignment=\"center\" custom_margin=\"0px \u2047 false \u2047 false\" custom_padding=\"0px \u2047 \" global_colors_info=\"{}\"]<\/p>\n<p style=\"text-align: left;\"><span style=\"color: #800080;\"><strong>Euroguidance-centrene har tre f\u00e6lles m\u00e5l:<\/strong><\/span><span style=\"color: #000000;\"><strong><\/strong><\/span><\/p>\n<p><span style=\"color: #000000;\">1. At st\u00f8tte udviklingen af den europ\u00e6iske dimension af livslang vejledning<\/span><\/p>\n<p><span style=\"color: #000000;\">2. At st\u00f8tte vejledningspersonalets kompetenceudvikling og \u00f8ge deres bevidsthed om v\u00e6rdien af international mobilitet<\/span><\/p>\n<p><span style=\"color: #000000;\">3. Information og kommunikation om vejledningens europ\u00e6iske dimension<\/span><\/p>\n<p>[\/et_pb_text][et_pb_button button_url=\"https:\/\/euroguidance.eu\/about-us\" url_new_window=\"on\" button_text=\"Find ud af mere om Euroguidance-centre her\" button_alignment=\"left\" _builder_version=\"4.27.4\u2032\u2032 _module_preset=\"default\" custom_button=\"on\" button_text_size=\"18px\" button_text_color=\"#004773\u2032\u2032 button_border_color=\"#004773\u2032\u2032 button_icon_color=\"#004773\u2032\u2032 button_on_hover=\"off\" global_colors_info=\"{}\"][\/et_pb_button][\/et_pb_column][\/et_pb_row][et_pb_row _builder_version=\"4.27.4\u2032\u2032 _module_preset=\"default\" global_colors_info=\"{}\"][et_pb_column type=\"4_4\u2032\u2032 _builder_version=\"4.27.4\u2032\u2032 _module_preset=\"default\" global_colors_info=\"{}\"][et_pb_divider color=\"#004773\u2033 _builder_version=\u201d4.27.4\u2033 _module_preset=\u201ddefault\u201d global_colors_info=\u201d{}\u201d][\/et_pb_divider][\/et_pb_column][\/et_pb_row][\/et_pb_section][et_pb_section fb_built=\u201d1\u2033 admin_label=\u201dServices\u201d _builder_version=\u201d4.17.6\u2033 _module_preset=\u201ddefault\u201d custom_padding=\u201d5px|||||\u201d locked=\u201doff\u201d collapsed=\u201don\u201d global_colors_info=\u201d{}\u201d][et_pb_row column_structure=\u201d1_2,1_2\u2033 _builder_version=\u201d4.17.6\u2033 _module_preset=\u201d5138c454-be54-4233-bd3b-f8e6a8747976\u2033 global_colors_info=\u201d{}\u201d][et_pb_column type=\u201d1_2\u2033 _builder_version=\u201d4.17.3\u2033 _module_preset=\u201d73121f80-a3ef-4484-8763-c3f18e3c56d2\u2033 global_colors_info=\u201d{}\u201d][et_pb_image src=\u201dhttps:\/\/images.unsplash.com\/photo-1557424120-32c81c3d50e3?ixid=M3w1ODkyNzF8MHwxfHNlYXJjaHw2fHxwcm9mZXNzaW9uYWwlMjB0ZWFtd29ya3xlbnwwfDF8fHwxNzQ0MjE2MDA1fDA&amp;ixlib=rb-4.0.3&amp;fm=webp&amp;fit=crop&amp;crop=entropy&amp;w=800&amp;h=1080&amp;q=20&amp;dpr=2\u2033 title_text=\u201d800\u00d71080\u2033 _builder_version=\u201d4.25.2\u2033 _module_preset=\u201d1cc6152f-565c-4c4d-b0c9-cf8c9576c341\u2033 border_radii=\u201don|6px|6px|6px|6px\u201d box_shadow_style=\u201dpreset3\u2033 box_shadow_vertical=\u201d40px\u201d box_shadow_blur=\u201d112px\u201d box_shadow_spread=\u201d-24px\u201d box_shadow_color=\u201drgba(0,0,0,0.12)\u201d locked=\u201doff\u201d global_colors_info=\u201d{}\u201d][\/et_pb_image][\/et_pb_column][et_pb_column type=\u201d1_2\u2033 _builder_version=\u201d4.17.3\u2033 _module_preset=\u201d73121f80-a3ef-4484-8763-c3f18e3c56d2\u2033 global_colors_info=\u201d{}\u201d][et_pb_heading title=\u201dEuroguidance Services\u201d _builder_version=\u201d4.27.4\u2033 _module_preset=\u201dc33f07d9-41e0-421a-8799-5799df695cce\u201d title_level=\u201dh2\u2033 title_font=\u201d|600|||||||\u201d title_text_align=\u201dcenter\u201d title_text_color=\u201d#0e0c19\u2032\u2032 title_font_size=\"26px\" title_line_height=\"1.2em\" custom_margin=\" \u2047 10px \u2047 false \u2047 false\" title_font_size_tablet=\"28px\" title_font_size_phone=\"20px\" title_font_size_last_edited=\"on \u2047 phone\" locked=\"off\" global_colors_info=\"{}\"][\/et_pb_heading][et_pb_text quote_border_color=\"#0077b6\u2032\u2032 _builder_version=\"4.27.4\u2032\u2032 _module_preset=\"2c55a9c4-feed-423b-9edb-ae0b5b365cac\" text_font=\"IBM Plex Sans \u2047 IBM Plex Sans_weight \u2047 \" text_text_color=\"#3c3a47\u2032\u2032 text_font_size=\"16px\" text_line_height=\"1.75em\" link_font=\" \u2047 IBM Plex Sans_weight \u2047 \" link_text_color=\"#03045e\" quote_font=\"IBM Plex Sans Condensed \u2047 IBM Plex Sans Condensed_weight \u2047 \" quote_text_color=\"#0e0c19\u2032\u2032 header_font=\"IBM Plex Sans Condensed \u2047 IBM Plex Sans Condensed_weight \u2047 \" header_text_color=\"#0e0c19\u2032\u2032 header_font_size=\"72px\" header_line_height=\"1.15em\" header_2_font=\"IBM Plex Sans Condensed \u2047 IBM Plex Sans Condensed_weight \u2047 \" header_2_text_color=\"#0e0c19\u2032\u2032 header_2_font_size=\"50px\" header_2_line_height=\"1.2em\" header_3_font=\"IBM Plex Sans Condensed \u2047 IBM Plex Sans Condensed_weight \u2047 \" header_3_text_color=\"#0e0c19\u2032\u2032 header_3_font_size=\"32px\" header_3_line_height=\"1.3em\" header_4_font=\"IBM Plex Sans Condensed \u2047 IBM Plex Sans Condensed_weight \u2047 \" header_4_text_color=\"#0e0c19\u2032\u2032 header_4_font_size=\"24px\" header_4_line_height=\"1.4em\" header_5_font=\"IBM Plex Sans Condensed \u2047 IBM Plex Sans Condensed_weight \u2047 \" header_5_text_color=\"#0e0c19\u2032\u2032 header_5_font_size=\"18px\" header_5_line_height=\"1.4em\" header_6_font=\"IBM Plex Sans Condensed \u2047 IBM Plex Sans Condensed_weight \u2047 \" header_6_text_color=\"#0e0c19\u2032\u2032 header_6_line_height=\"1.5em\" custom_margin=\" \u2047 false \u2047 false\" text_font_size_tablet=\"15px\" text_font_size_phone=\"14px\" text_font_size_last_edited=\"on \u2047 phone\" header_font_size_tablet=\"40px\" header_font_size_phone=\"24px\" header_font_size_last_edited=\"on \u2047 desktop\" header_2_font_size_tablet=\"28px\" header_2_font_size_phone=\"20px\" header_2_font_size_last_edited=\"on \u2047 phone\" header_3_fontsize_tablet=\"22px\" header_font_size_phone=\"17x\" header_3_font_size_last_edited=\"on \u2047 phone\" header_4_font_size_tablet=\"18px\" header_4_font_size_phone=\"15px\" header_4_font_size_last_edited=\"on \u2047 tablet\" header_5_font_size_tablet=\"15px\" header_5_font_size_phone=\"14px\" header_5_font_size_last_edited=\"on \u2047 desktop\" header_6_font_size_tablet=\"13px\" header_6_font_size_phone=\"13px\" header_6_font_size_last_edited=\"on \u2047 desktop\"lock=\"off\"Global_colors_info=\"{}]<\/p>\n<p style=\"text-align: center;\"><span style=\"color: #000000;\">Udforsk r\u00e6kken af tjenester designet til at st\u00f8tte vejledning fagfolk og enkeltpersoner, der s\u00f8ger karriereudvikling.<\/span><\/p>\n<p>[\/et_pb_text][et_pb_accordion open_toggle_text_color=\"#03045e\" open_toggle_background_color=\"RGBA(255,255,255,0)\" closed_toggle_background_color=\"RGBA(255,255,255,0)\" toggle_icon=\" \u2047 fa \u2047 900\u2032\u2032 icon_color=\"#03045e\" use_icon_font_size=\"on\" _builder_version=\"4.27.4\u2032\u2032 _module_preset=\"73efbc9d-37bf-4f75-b3d8-498640ef079f\" toggle_text_color=\"#0e0c19\u2032\u2032 toggle_font=\"IBM Plex Sans Condensed \u2047 IBM Plex Sans Condensed_weight \u2047 \" toggle_font_size=\"18px\" toggle_line_height=\"1.3em\" body_font=\"IBM Plex Sans \u2047 IBM Plex Sans_weight \u2047 \" body_text_color=\"#3c3a47\u2032\u2032 body_font_size=\"16px\" body_line_height=\"1.75em\" toggle_font_size_tablet=\"15px\" toggle_font_size_phone=\"14px\" toggle_font_size_last_edited=\"on \u2047 phone\" body_font_size_tablet=\"15px\" body_font_size_phone=\"14px\" body_font_size_last_edited=\"on \u2047 desktop\" border_radii=\"on \u2047 6px \u2047 6px \u2047 6px\" border_width_all=\"2px\" border_color_all=\"rgba(0,0,0,0.08)\" global_colors_info=\"{gcid-36fd78a7-34bc-404d-873c-dafa34efaae5:quote_ikon_farve,gcid-3e0ae39b-d026-4173-b444-0c785917aeff:krop_tekst_farve}\"][et_pb_accordion_item title=\"Professional Development Workshops\" open=\"on\" closed_toggle_text_color=\"#000000\u2032\u2032 icon_color=\"#0C71C3\u2032\u2032 open_icon_color=\"#0C71C3\u2032\u2032 _builder_version=\"4.27.4\u2032\u2032 _module_preset=\"550abe5c-b505-4d6b-adc7-570bd7cc1217\u2032\u2032 body_font=\" \u2047 IBM Plex Sans_weight \u2047 \" body_text_color=\"#000000\u2032\u2032 global_colors_info=\"{}\" toggle_font=\" \u2047 IBM Plex Sans Condensed_weight \u2047 \"]<\/p>\n<p>Tilbyde workshops, der udstyrer vejledere med de nyeste v\u00e6rkt\u00f8jer og metoder til at forbedre deres praksis<\/p>\n<p>[\/et_pb_accordion_item][et_pb_accordion_item title=\"Ressourcebibliotek\" closed_toggle_text_color=\"#000000\u2032\u2032 icon_color=\"#0C71C3\u2032\u2032 open_icon_color=\"#0C71C3\u2032\u2032 _builder_version=\"4.27.4\u2032\u2032 _module_preset=\"550abe5c-b505-4d6b-adc7-570bd7cc1217\u2032\u2032 body_font=\" \u2047 IBM Plex Sans_weight \u2047 \" body_text_color=\"#000000\u2032\u2032 global_colors_info=\"{}\" toggle_font=\" \u2047 IBM Plex Sans Condensed_weight \u2047 \" open=\"off\"]<\/p>\n<p>F\u00e5 adgang til en samling af materialer og publikationer, der giver indsigt i vejledningspraksis og -politikker i hele Europa<\/p>\n<p>[\/et_pb_accordion_item][et_pb_accordion_item title=\"Networking Opportunities\" closed_toggle_text_color=\"#000000\u2032\u2032 icon_color=\"#0C71C3\u2032\u2032 open_icon_color=\"#0C71C3\u2032\u2032 _builder_version=\"4.27.4\u2032\u2032 _module_preset=\"550abe5c-b505-4d6b-adc7-570bd7cc1217\u2032\u2032 body_font=\" \u2047 IBM Plex Sans_weight \u2047 \" body_text_color=\"#000000\u2032\u2032 global_colors_info=\"{}\" toggle_font=\" \u2047 IBM Plex Sans Condensed_weight \u2047 \" open=\"off\"]<\/p>\n<p>Europ\u00e6iske arrangementer med henblik p\u00e5 kontakt til vejledere for at udveksle erfaringer og viden inden for vejledning<\/p>\n<p>[\/et_pb_accordion_item][et_pb_accordion_item title=\"International mobilitetsst\u00f8tte\" closed_toggle_text_color=\"#000000\u2032\u2032 icon_color=\"#0C71C3\u2032\u2032 open_icon_color=\"#0C71C3\u2032\u2032 _builder_version=\"4.27.4\u2032\u2032 _module_preset=\"550abe5c-b505-4d6b-adc7-570bd7cc1217\u2032\u2032 body_font=\" \u2047 IBM Plex Sans_weight \u2047 \" body_text_color=\"#000000\u2032\u2032 global_colors_info=\"{}\" toggle_font=\" \u2047 IBM Plex Sans Condensed_weight \u2047 \" open=\"off\"]<\/p>\n<p>F\u00e5 hj\u00e6lp og information om mulighederne for at studere eller arbejde i udlandet<\/p>\n<p>[\/et_pb_accordion_item][\/et_pb_accordion][\/et_pb_column][\/et_pb_row][\/et_pb_section][et_pb_section fb_built=\u201d1\u2033 admin_label=\u201dFooter\u201d _builder_version=\u201d4.27.4\u2033 _module_preset=\u201df1c4f717-2356-4e3f-ac1b-1e293a6cc08a\u201d min_height=\u201d269.3px\u201d height=\u201d357px\u201d custom_margin=\u201d-13px||0px||false|false\u201d custom_padding=\u201d0px||20px||false|false\u201d global_module=\u201d1150\u2033 saved_tabs=\u201dall\u201d locked=\u201doff\u201d collapsed=\u201don\u201d global_colors_info=\u201d{}\u201d][et_pb_row column_structure=\u201d1_3,1_3,1_3\u2033 _builder_version=\u201d4.27.4\u2033 _module_preset=\u201ddefault\u201d custom_margin=\u201d|auto|-85px|auto||\u201d custom_padding=\u201d||7px||false|false\u201d locked=\u201doff\u201d global_colors_info=\u201d{}\u201d][et_pb_column type=\u201d1_3\u2033 _builder_version=\u201d4.25.1\u2033 _module_preset=\u201ddefault\u201d global_colors_info=\u201d{}\u201d][et_pb_heading title=\u201dSubcribe to our Newsletter\u201d _builder_version=\u201d4.27.4\u2033 _module_preset=\u201ddefault\u201d title_text_align=\u201dcenter\u201d title_text_color=\u201d#FFFFFF\" custom_margin=\" \u2047 -20px \u2047 \" global_colors_info=\"{}\"][\/et_pb_heading][et_pb_wpt_gravityform gravityform_id=\"gf-2\u2032\u2032 title=\"off\" description=\"off\" ajax=\"on\" _builder_version=\"4.27.4\u2032\u2032 _module_preset=\"default\" transform_scale=\"94%|94%\" global_colors_info=\"{}\"][\/et_pb_wpt_gravityform][\/et_pb_column][et_pb_column type=\"1_3\u2032\u2032 _builder_version=\"4.25.1\u2032\u2032 _module_preset=\"default\" global_colors_info=\"{}\"][et_pb_heading title=\"Quick Links\" _builder_version=\"4.27.4\u2032\u2032 _module_preset=\"95956592-a1b1-43fb-aa7b-d69d7b858e52\u2032\u2032 title_font=\"Verdana \u2047 \" title_text_color=\"#FFFFFF's positionering=\"none\" custom_margin=\" \u2047 10px \u2047 46px \u2047 false \u2047 false\" custom_padding=\" \u2047 55px \u2047 \" locked=\"off\" global_colors_info=\"{}\"][\/et_pb_heading][et_pb_text _builder_version=\"4.27.4\u2032\u2032 _module_preset=\"01dbb295-3347-4b31-936e-cb09b186d00f\" text_font=\"Verdana \u2047 \" custom_margin=\" \u2047 8px \u2047 53px \u2047 false \u2047 false\" custom_padding=\" \u2047 75px \u2047 48px \u2047 \" link_option_url=\"https:\/\/euroguidance.ie\/en\/about\/\"]<\/p>\n<p>Euroguidance<\/p>\n<p>[\/et_pb_text][et_pb_text _builder_version=\"4.27.4\u2032\u2032 _module_preset=\"01dbb295-3347-4b31-936e-cb09b186d00f\" text_font=\"Verdana \u2047 \" custom_margin=\" \u2047 8px \u2047 50px \u2047 false \u2047 false\" custom_padding=\" \u2047 50px \u2047 \" link_option_url=\"https:\/\/euroguidance.ie\/en\/ressources\/\"]<\/p>\n<p>Ressourcer<\/p>\n<p>[\/et_pb_text][et_pb_text _builder_version=\"4.27.4\u2032\u2032 _module_preset=\"01dbb295-3347-4b31-936e-cb09b186d00f\" text_font=\"Verdana \u2047 \" custom_margin=\" \u2047 8px \u2047 49px \u2047 false \u2047 false\" custom_padding=\" \u2047 51px \u2047 \" link_option_url=\"https:\/\/euroguidance.ie\/en\/contact-us\/\"]<\/p>\n<p>Kontaktoplysninger<\/p>\n<p>[\/et_pb_text][et_pb_text _builder_version=\"4.27.4\u2032\u2032 _module_preset=\"01dbb295-3347-4b31-936e-cb09b186d00f\" text_font=\"Verdana \u2047 \" custom_margin=\" \u2047 8px \u2047 51px \u2047 false \u2047 false\" custom_padding=\" \u2047 49px \u2047 \" link_option_url=\"https:\/\/euroguidance.ie\/privacy-statement\/\"]<\/p>\n<p>Fortrolighedspolitik<\/p>\n<p>[\/et_pb_text][\/et_pb_column][et_pb_column type=\"1_3\u2032\u2032 _builder_version=\"4.25.1\u2032\u2032 _module_preset=\"default\" global_colors_info=\"{}\"][et_pb_image src=\"https:\/\/euroguidance.ie\/wp-content\/uploads\/2026\/01\/EN_Co-Funded_by_the_EU_PANTONE-scaled.png\"=\"Co-Funded by European Union\" title_text=\"EN_Co-Funded_by_the_EU_PANTONE\" align=\"center\" _builder_version=\"4.27.4\u2032\u2032 _module_preset=\"default\" global_colors_info=\"{}][\/et_pbb_image][\/et_pet_column][\/et_pet_browbection]<\/p>","protected":false},"excerpt":{"rendered":"<p>Euroguidance Ireland er hostet af Education and Training Boards Ireland og er medlem af Euroguidance Network. Euroguidance-netv\u00e6rket er et netv\u00e6rk af nationale ressource- og informationscentre for erhvervsvejledere. Euroguidance-netv\u00e6rket i alle europ\u00e6iske lande forbinder karrierevejledningssystemerne i Europa. Den vigtigste m\u00e5lgruppe for Euroguidance er [...]<\/p>","protected":false},"author":4,"featured_media":0,"parent":0,"menu_order":0,"comment_status":"closed","ping_status":"closed","template":"","meta":{"_et_pb_use_builder":"on","_et_pb_old_content":"","_et_gb_content_width":"","footnotes":""},"class_list":["post-156","page","type-page","status-publish","hentry"],"_links":{"self":[{"href":"https:\/\/euroguidance.ie\/da\/wp-json\/wp\/v2\/pages\/156","targetHints":{"allow":["GET"]}}],"collection":[{"href":"https:\/\/euroguidance.ie\/da\/wp-json\/wp\/v2\/pages"}],"about":[{"href":"https:\/\/euroguidance.ie\/da\/wp-json\/wp\/v2\/types\/page"}],"author":[{"embeddable":true,"href":"https:\/\/euroguidance.ie\/da\/wp-json\/wp\/v2\/users\/4"}],"replies":[{"embeddable":true,"href":"https:\/\/euroguidance.ie\/da\/wp-json\/wp\/v2\/comments?post=156"}],"version-history":[{"count":28,"href":"https:\/\/euroguidance.ie\/da\/wp-json\/wp\/v2\/pages\/156\/revisions"}],"predecessor-version":[{"id":1394,"href":"https:\/\/euroguidance.ie\/da\/wp-json\/wp\/v2\/pages\/156\/revisions\/1394"}],"wp:attachment":[{"href":"https:\/\/euroguidance.ie\/da\/wp-json\/wp\/v2\/media?parent=156"}],"curies":[{"name":"wp","href":"https:\/\/api.w.org\/{rel}","templated":true}]}}