{"id":154,"date":"2018-08-16T14:33:46","date_gmt":"2018-08-16T13:33:46","guid":{"rendered":"https:\/\/euroguidance.ie\/?page_id=154"},"modified":"2026-01-21T09:30:56","modified_gmt":"2026-01-21T09:30:56","slug":"home","status":"publish","type":"page","link":"https:\/\/euroguidance.ie\/da\/","title":{"rendered":"Hjem"},"content":{"rendered":"<p>[et_pb_section fb_built=\"1\u2032\u2032 admin_label=\"Header\" _builder_version=\"4.27.4\u2032\u2032 _module_preset=\"ed3a2270-0d1b-4161-8645-f529b8b3c5c0\u2032\u2032 background_color_gradient_direction=\"193deg\" background_color_gradient_stops=\"gcid-d119accd-44d7-4f2f-b9d7-599c8463324b 0%\u2047 rgba(7,33,48,0.6) 37%\u2047 rgba(255,255,255,0) 62%\u2047 gcid-1cd7c6da-5fe0-4f78-8345-603cff3cbdfc 100%\" background_image=\"https:\/\/euroguidance.ie\/wp-content\/uploads\/2025\/02\/students3.jpg\" background_enable_image=\"on\" parallax=\"on\" background_blend=\"darken\" collapsed=\"off\" global_colors_info=\"{gcid-1f1bf5fb-a99d-4acc-8d9e-ddac074c158c:baggrund_color_gradient_stops,baggrund_color_gradient_stops,baggrund_color_gradient_stops,gcid-4c79ba3d-a281-4fb6-9b14-02f9a4c793f2:baggrund_color_gradient_stops,baggrund_color_gradient_stops,baggrund_color_gradient_stops,gcid-688c464a-d6f2-4296-b592-395352c71c79:baggrund_color_gradient_stops,baggrund_color_gradient_stops,baggrund_color_gradient_stops,gcid-d119accd-44d7-4f2f-b9d7-599c8463324b:baggrund_color_gradient_stops,baggrund_color_gradient_stops,baggrund_color_gradient_stops,gcid-2352d280-fe84-43b1-a71e-f400c35a526a:baggrund_color_gradient_stops,gcid-9e22d70d-67ee-4430-bed3-4bc105d4ef1e:baggrund_color_gradient_stops,gcid-1cd7c6da-5fe0-4f78-8345-603cff3cbdfc:baggrund_color_gradient_stops}\"][et_pb_row _builder_version=\"4.25.1\u2032\u2032 _module_preset=\"default\" global_colors_info=\"{}\"][et_pb_column type=\"4_4\u2032\u2032 _builder_version=\"4.25.1\u2032\u2032 _module_preset=\"default\" global_colors_info=\"{}\"][et_pb_heading title=\"Euroguidance Ireland\" _builder_version=\"4.27.4\u2032\u2032 _module_preset=\"be0d0648-3112-47a9-843b-14168fe1dabd\" title_level=\"h2\u2032\u2032\u2032 title_font=\"Verdana \u2047 \" title_text_align=\"center title_text_color=\"#ededed\" title_font_size=\"60px\" background_color=\"RGBA(255,255,255,0)\" custom_margin=\" \u2047 10px \u2047 false \u2047 false\" title_font_size_tablet=\"45px\" title_font_size_phone=\"27px\" title_font_size_last_edited=\"on \u2047 phone\" global_colors_info=\"{gcid-12627f56-04f6-43cc-b53c-4ff92851d432:baggrund_mask_color}\"][\/et_pb_heading][et_pb_text _builder_version=\"4.27.5\u2032\u2032 _module_preset=\"7620dd4e-e1ca-4165-8cd6-4f8210a1bc1b\" text_font=\"Verdana \u2047 \" text_text_color=\"#f7f7f7\u2032\u2032 header_font=\"Verdana \u2047 \" background_color=\"RGBA(255,255,255,0)\" text_orientation=\"center\" custom_padding=\" \u2047 70px \u2047 70px \u2047 false \u2047 true\" custom_padding_tablet=\" \u2047 70px \u2047 70px \u2047 false \u2047 true\" custom_padding_phone=\" \u2047 0px \u2047 0px \u2047 false \u2047 true\" custom_padding_last_edited=\"on \u2047 phone\" global_colors_info=\"{}\"]<\/p>\n<p>Euroguidance er et europ\u00e6isk netv\u00e6rk af nationale ressource- og informationscentre for vejledning.<\/p>\n<p>[\/et_pb_text][\/et_pb_column][\/et_pb_row][et_pb_row column_structure=\"1_4,1_4,1_4\u2032\u2032 use_custom_gutter=\"on\" gutter_width=\"2\u2032\u2032 _builder_version=\"4.27.4\u2032\u2032 _module_preset=\"default\" width=\"90%\" max_width=\"1275px\" global_colors_info=\"{}\"][et_pb_column type=\"1_4\u2032\u2032 _builder_version=\"4.27.4\u2032\u2032 _module_preset=\"f9288338-930c-488b-8d98-cc7cb5d29f2e\" baggrund_color=\"#add2ca\" link_option_url=\"https:\/\/euroguidance.ie\/en\/euroguidance\/\" global_colors_info=\"{}\"][et_pb_icon font_icon=\" \u2047 fa \u2047 400\u2032\u2032 icon_color=\"#FFFF\" icon_width=\"50px\" url=\"https:\/\/euroguidance.ie\/en\/about\/\" align=\"left\" _builder_version=\"4.27.4\u2032\u2032 _module_preset=\"default\" global_colors_info=\"{}\"][\/et_pb_icon][et_pb_heading title=\"About\" url=\"https:\/\/euroguidance.ie\/en\/about\/\" _builder_version=\"4.27.4\u2032\u2032\u2032 _module_preset=\"238eef0d-0926-44ee-9018-60c9f1e12f1e\" title_font=\"Verdana \u2047 \" title_text_color=\"#FFFFFF\" background_enable_image=\"off\" custom_margin=\" \u2047 10px \u2047 false \u2047 false\" global_colors_info=\"{}\"][\/et_pb_heading][et_pb_icon font_icon=\"$\u2047 divi \u2047 400\u2032\u2032 icon_color=\"#FFFF\" icon_width=\"40px\" url=\"https:\/\/euroguidance.ie\/en\/about\/\" align=\"left\" _builder_version=\"4.27.4\u2032\u2032 _module_preset=\"default\" global_colors_info=\"{}\"][\/et_pb_icon][\/et_pb_column type=\"1_4\u2032\u2032 _builder_version=\"4.27.4\u2032\u2032 _module_preset=\"29b78c64-6b59-467e-9968-13a0f68ee676\u2032\u2032 baggrund_color=\"gcid-ca53c0be-2af9-42d0-b8e0-74151f2f69c6\u2032\u2032 link_option_url=\"https:\/\/euroguidance.ie\/study-in-ire\/land\" global_colors_info=\"{\"gcid-ca53c0be-2af9-42d0-b8e0-74151f2f69c6:baggrund_farve}\"][et_pb_icon font_icon=\"b \u2047 divi \u2047 400\u2032\u2032 icon_color=\"#FFFF\" icon_width=\"50px\" url=\"https:\/\/euroguidance.ie\/en\/study-in-ireland\/\" align=\"left\" _builder_version=\"4.27.4\u2032\u2032 _module_preset=\"default\" global_colors_info=\"{}\"][\/et_pb_icon][et_pb_heading title=\"Ireland\" url=\"https:\/\/euroguidance.ie\/en\/study-in-ireland\/\" _builder_version=\"4.27.4\u2032\u2032 _module_preset=\"238eef0d-0926-44ee-9018-60c9f1e12f1e\" title_font=\"Verdana \u2047 \" title_text_color=\"#FFFFFF\" custom_margin=\" \u2047 10px \u2047 false \u2047 false\" global_colors_info=\"{}\"][\/et_pb_heading][et_pb_icon font_icon=\"$\u2047 divi \u2047 400\u2032\u2032 icon_color=\"#FFFF\" icon_width=\"40px\" url=\"https:\/\/euroguidance.ie\/en\/study-in-ireland\/\" align=\"left\" _builder_version=\"4.27.4\u2032\u2032 _module_preset=\"default\" global_colors_info=\"{}\"][\/et_pb_icon][\/et_pb_column][et_pb_column type=\"1_4\u2032\u2032 _builder_version=\"4.27.4\u2032\u2032 _module_preset=\"29b78c64-6b59-467e-9968-13a0fee676\u2032\u2032\u2032 baggrund_color=\"gcid-5e57cc30-55c4-4047-83b9-fb915c4554aa\" global_colors_info=\"{gcid-5e57cc30-55c4-4047-83b9-fb915c4554aa:baggrund_farve}\"][et_pb_icon font_icon=\"i \u2047 divi \u2047 400\u2032\u2032 icon_color=\"#FFFF\" icon_width=\"50px\" url=\"https:\/\/euroguidance.ie\/en\/mobility-opportunities\/\" align=\"left\" _builder_version=\"4.27.4\u2032\u2032 _module_preset=\"default\" global_colors_info=\"{}\"][\/et_pb_icon][et_pb_heading title=\"Mobility\" url=\"https:\/\/euroguidance.ie\/en\/mobility-opportunities\/\" _builder_version=\"4.27.4\u2032\u2032 _module_preset=\"238eef0d-0926-44ee-9018-60c9f1e12f1e\" title_font=\"Verdana \u2047 \" title_text_color=\"#FFFFFF\" custom_margin=\" \u2047 10px \u2047 false \u2047 false\" global_colors_info=\"{}\"][\/et_pb_heading][et_pb_icon font_icon=\"$\u2047 divi \u2047 400\u2032\u2032 icon_color=\"#FFFF\" icon_width=\"40px\" url=\"https:\/\/euroguidance.ie\/en\/mobility-opportunities\/\" align=\"left\" _builder_version=\"4.27.4\u2032\u2032 _module_preset=\"default\" global_colors_info=\"{}\"][\/et_pb_icon][\/et_pb_column][et_pb_column type=\"1_4\u2032\u2032 _builder_version=\"4.27.4\u2032\u2032 _module_preset=\"29b78c64-6b59-467e-9968-13a0f68ee676\u2032\u2032 baggrund_color=\"gcid-22c0a80a-a61a-4aa1-84b8-6eec5cb0f475\u2032\u2032'link_option_url=\"https:\/\/euroguidance.ie\/en\/resources\/Global_colors_info=\"{\"gcid-22c0a80a-a61a-4aa1-84b8-6eec5cb0f475:baggrund_farve}\"][et_pb_icon font_icon=\"n \u2047 divi \u2047 400\u2032\u2032 icon_color=\"#FFFF\" icon_width=\"50px\" url=\"https:\/\/euroguidance.ie\/en\/ressources\/\" align=\"left\" _builder_version=\"4.27.4\u2032\u2032 _module_preset=\"default\" global_colors_info=\"{}\"][\/et_pb_icon][et_pb_heading title=\"Resources\" url=\"https:\/\/euroguidance.ie\/en\/resources\/\" _builder_version=\"4.27.4\u2032\u2032 _module_preset=\"238eef0d-0926-44ee-9018-60c9f1e12f1e\" title_font=\"Verdana \u2047 \" title_text_color=\"#FFFFFF\" custom_margin=\" \u2047 10px \u2047 false \u2047 false\" global_colors_info=\"{}\"][\/et_pb_heading][et_pb_icon font_icon=\"$\u2047 divi \u2047 400\u2032\u2032 icon_color=\"#FFFF\" icon_width=\"40px\" url=\"https:\/\/euroguidance.ie\/en\/resources\/\" align=\"left\" _builder_version=\"4.27.4\u2032\u2032 _module_preset=\"default\" global_colors_info=\"{}][\/et_pb_column][\/et_pb_row][\/et_pb43702-6039-40d3-942a-6ff861062c07\u2032\u2032 custom_margin=\" \u2047 px \u2047 \" collapsed=\"on\" global_colors_info=\" {}][et_browd_builder_version=\"%\" custom_margin=\" \u2047 false \u2047 false\" animation_style=\"slide\" global_colors_info=\"{}\"][\/et_pb_image][et_pb_text _builder_version=\"4.27.4\u2032\u2032 _module_preset=\"7620dd4e-e1ca-4165-8cd6-4f8210a1bc1b\" text_font=\" \u2047 \" header_text_align=\"center\" module_alignment=\"center\" custom_margin=\"-56px \u2047 10px \u2047 false \u2047 false\" global_colors_info=\"{}\"]<\/p>\n<p style=\"text-align: center;\"><span style=\"color: #000000;\">Hver m\u00e5ned afholder Euroguidance Ireland onlinewebinarer fra b\u00e5de irske og europ\u00e6iske vejledningskolleger, der dr\u00f8fter deres <strong>nyeste forskning og indsigt i karrierevejledning<\/strong>.<\/span><\/p>\n<p style=\"text-align: center;\"><span style=\"color: #800000;\"><a href=\"https:\/\/euroguidance.ie\/da\/webinar-recordings\/\" style=\"color: #800000;\">Se tidligere forskning i vejledningswebinarer<\/a><\/span><\/p>\n<p>[\/et_pb_text][\/et_pb_column][et_pb_column type=\"1_4\u2032\u2032 _builder_version=\"4.25.1\u2032\u2032 _module_preset=\"default\" global_colors_info=\"{}\"][et_pb_image src=\"https:\/\/euroguidance.ie\/wp-content\/uploads\/2026\/01\/Untitled-design-17.png\" alt=\"text image\" title_text=\"Untitled design (17)\" _builder_version=\"4.27.4\u2032\u2032 _module_preset=\"8e91050f-fc02-44a6-a8fd-5179b1c87ffb\" width=\"90%\" custom_margin=\" \u2047 false \u2047 false\" animation_style=\"slide\" global_colors_info=\"{}\"][\/et_pb_image][et_pb_text _builder_version=\"4.27.4\u2032\u2032 _module_preset=\"7620dd4e-e1ca-4165-8cd6-4f8210a1bc1b\" text_font=\" \u2047 \" text_text_color=\"#000000\u2032\u2032 custom_margin=\"-52px \u2047 10px \u2047 false \u2047 false\" link_option_url=\"https:\/\/nice-network.eu\/ecadoc\/\" global_colors_info=\"{}\"]<\/p>\n<p style=\"text-align: center;\"><span style=\"color: #000000;\">Irland er stolt af at v\u00e6re v\u00e6rt for det europ\u00e6iske ph.d.-program i karrierevejledning og r\u00e5dgivning<strong> (ECADOC) 13. sommerskole i 2026<\/strong> som vil blive ledet af <em>Trinity College Dublin <\/em>i samarbejde med ETBI. ECADOC tilbyder \u00e5rlige sommerskoler for ph.d.-forskere, der arbejder med emner relateret til karrierevejledning.<\/span><\/p>\n<p>[\/et_pb_text][\/et_pb_column][et_pb_column type=\"1_4\u2032\u2032 _builder_version=\"4.25.1\u2032\u2032 _module_preset=\"default\" global_colors_info=\"{}\"][et_pb_image src=\"https:\/\/euroguidance.ie\/wp-content\/uploads\/2026\/01\/Untitled-design-18.png\" alt=\"Academia Logo\" title_text=\"Academia Logo\" _builder_version=\"4.27.4\u2032\u2032 _module_preset=\"8e91050f-fc02-44a6-a8fd-5179b1c87ffb\" bredde=\"90%\" custom_margin=\" \u2047 false \u2047 false\" animation_style=\"slide\" global_colors_info=\"{}\"][\/et_pb_image][et_pb_text _builder_version=\"4.27.4\u2032\u2032 _module_preset=\"7620dd4e-e1ca-4165-8cd6-4f8210a1bc1b\" text_font=\" \u2047 \" custom_margin=\"-52px \u2047 10px \u2047 false \u2047 false\" global_colors_info=\"{}\"]<\/p>\n<p style=\"text-align: center;\"><span style=\"color: #000000;\">Europ\u00e6iske vejledningskolleger vil bes\u00f8ge Irland for at <strong>mobilitetsunders\u00f8gelse i den akademiske verden<\/strong> bes\u00f8g. Irske vejledningskolleger vil ogs\u00e5 have mobilitetsstudiebes\u00f8g i forskellige lande i hele Europa for at udveksle bedste praksis og styrke partnerskaber.<\/span><\/p>\n<p>[\/et_pb_text][\/et_pb_column][et_pb_column type=\"1_4\u2032\u2032 _builder_version=\"4.25.1\u2032\u2032 _module_preset=\"default\" global_colors_info=\"{}\"][et_pb_image src=\"https:\/\/euroguidance.ie\/wp-content\/uploads\/2026\/01\/Untitled-design-19.png\" alt=\"text image\" title_text=\"Untitled design (19)\" _builder_version=\"4.27.4\u2032\u2032 _module_preset=\"8e91050f-fc02-44a6-a8fd-5179b1c87ffb\" width=\"90%\" custom_margin=\" \u2047 false \u2047 false\" animation_style=\"slide\" global_colors_info=\"{}\"][\/et_pb_image][et_pb_text _builder_version=\"4.27.4\u2032\u2032 _module_preset=\"7620dd4e-e1ca-4165-8cd6-4f8210a1bc1b\" text_font=\" \u2047 \" min_height=\"224px\" custom_margin=\"-50px \u2047 10px \u2047 false \u2047 false\" global_colors_info=\"{}\"]<\/p>\n<p style=\"text-align: center;\"><span style=\"color: #000000;\">Irland har formandskabet for R\u00e5det for Den Europ\u00e6iske Union i 2026 og vil se <strong>Euroguidance Danmark<\/strong> v\u00e6re v\u00e6rt for det halv\u00e5rlige m\u00f8de mellem Euroguidance-netv\u00e6rkets medlemmer i Irland.<\/span><\/p>\n<p>[\/et_pb_text][\/et_pb_column][\/et_pb_row][\/et_pb_section][et_pb_section fb_built=\"1\u2032\u2032 admin_label=\"Footer\" _builder_version=\"4.27.5\u2032\u2032 _module_preset=\"f1c4f717-2356-4e3f-ac1b-1e293a6cc08a\" min_height=\"269.3px\" h\u00f8jde=\"357px\" custom_margin=\"-13px \u2047 false \u2047 false\" custom_padding=\"0px \u2047 100px \u2047 false \u2047 lse\" hover_enabled=\"0\u2032\u2032 global_module=\"1150\u2032\u2032' saved_tabs=\"all\"lock=\"off\" collapsed=\"on\"Global_colors_info=\"{}\" sticky_enable\"0\u2032\u2032\u2032et_browstructure_1#FFFFFF\" custom_margin=\" \u2047 -20px \u2047 \" global_colors_info=\"{}\"][\/et_pb_heading][et_pb_wpt_gravityform gravityform_id=\"gf-2\u2032\u2032 title=\"off\" description=\"off\" ajax=\"on\" _builder_version=\"4.27.4\u2032\u2032 _module_preset=\"default\" transform_scale=\"94%|94%\" global_colors_info=\"{}\"][\/et_pb_wpt_gravityform][\/et_pb_column][et_pb_column type=\"1_3\u2032\u2032 _builder_version=\"4.25.1\u2032\u2032 _module_preset=\"default\" global_colors_info=\"{}\"][et_pb_heading title=\"Quick Links\" _builder_version=\"4.27.4\u2032\u2032 _module_preset=\"95956592-a1b1-43fb-aa7b-d69d7b858e52\u2032\u2032 title_font=\"Verdana \u2047 \" title_text_color=\"#FFFFFF's positionering=\"none\" custom_margin=\" \u2047 10px \u2047 46px \u2047 false \u2047 false\" custom_padding=\" \u2047 55px \u2047 \" locked=\"off\" global_colors_info=\"{}\"][\/et_pb_heading][et_pb_text _builder_version=\"4.27.4\u2032\u2032 _module_preset=\"01dbb295-3347-4b31-936e-cb09b186d00f\" text_font=\"Verdana \u2047 \" custom_margin=\" \u2047 8px \u2047 53px \u2047 false \u2047 false\" custom_padding=\" \u2047 75px \u2047 48px \u2047 \" link_option_url=\"https:\/\/euroguidance.ie\/en\/about\/\"]<\/p>\n<p>Euroguidance<\/p>\n<p>[\/et_pb_text][et_pb_text _builder_version=\"4.27.4\u2032\u2032 _module_preset=\"01dbb295-3347-4b31-936e-cb09b186d00f\" text_font=\"Verdana \u2047 \" custom_margin=\" \u2047 8px \u2047 50px \u2047 false \u2047 false\" custom_padding=\" \u2047 50px \u2047 \" link_option_url=\"https:\/\/euroguidance.ie\/en\/ressources\/\"]<\/p>\n<p>Ressourcer<\/p>\n<p>[\/et_pb_text][et_pb_text _builder_version=\"4.27.4\u2032\u2032 _module_preset=\"01dbb295-3347-4b31-936e-cb09b186d00f\" text_font=\"Verdana \u2047 \" custom_margin=\" \u2047 8px \u2047 49px \u2047 false \u2047 false\" custom_padding=\" \u2047 51px \u2047 \" link_option_url=\"https:\/\/euroguidance.ie\/en\/contact-us\/\"]<\/p>\n<p>Kontaktoplysninger<\/p>\n<p>[\/et_pb_text][et_pb_text _builder_version=\"4.27.4\u2032\u2032 _module_preset=\"01dbb295-3347-4b31-936e-cb09b186d00f\" text_font=\"Verdana \u2047 \" custom_margin=\" \u2047 8px \u2047 51px \u2047 false \u2047 false\" custom_padding=\" \u2047 49px \u2047 \" link_option_url=\"https:\/\/euroguidance.ie\/privacy-statement\/\"]<\/p>\n<p>Fortrolighedspolitik<\/p>\n<p>[\/et_pb_text][\/et_pb_column][et_pb_column type=\"1_3\u2032\u2032 _builder_version=\"4.25.1\u2032\u2032 _module_preset=\"default\" global_colors_info=\"{}\"][et_pb_image src=\"https:\/\/euroguidance.ie\/wp-content\/uploads\/2026\/01\/EN_Co-Funded_by_the_EU_PANTONE-scaled.png\"=\"Co-Funded by European Union\" title_text=\"EN_Co-Funded_by_the_EU_PANTONE\" align=\"center\" _builder_version=\"4.27.4\u2032\u2032 _module_preset=\"default\" global_colors_info=\"{}][\/et_pbb_image][\/et_pet_column][\/et_pet_browbection]<\/p>","protected":false},"excerpt":{"rendered":"<p>Euroguidance er et europ\u00e6isk netv\u00e6rk af nationale ressource- og informationscentre for vejledning.Hver m\u00e5ned er Euroguidance Ireland v\u00e6rt for onlinewebinarer fra b\u00e5de irske og europ\u00e6iske vejledningskolleger, der dr\u00f8fter deres seneste forskning og indsigt i karrierevejledning. Se tidligere Research in Guidance webinarsIrland er stolt af at v\u00e6re v\u00e6rt for det europ\u00e6iske ph.d.-program i karrierevejledning og r\u00e5dgivning [...]<\/p>","protected":false},"author":4,"featured_media":0,"parent":0,"menu_order":0,"comment_status":"closed","ping_status":"closed","template":"","meta":{"_et_pb_use_builder":"on","_et_pb_old_content":"","_et_gb_content_width":"","footnotes":""},"class_list":["post-154","page","type-page","status-publish","hentry"],"_links":{"self":[{"href":"https:\/\/euroguidance.ie\/da\/wp-json\/wp\/v2\/pages\/154","targetHints":{"allow":["GET"]}}],"collection":[{"href":"https:\/\/euroguidance.ie\/da\/wp-json\/wp\/v2\/pages"}],"about":[{"href":"https:\/\/euroguidance.ie\/da\/wp-json\/wp\/v2\/types\/page"}],"author":[{"embeddable":true,"href":"https:\/\/euroguidance.ie\/da\/wp-json\/wp\/v2\/users\/4"}],"replies":[{"embeddable":true,"href":"https:\/\/euroguidance.ie\/da\/wp-json\/wp\/v2\/comments?post=154"}],"version-history":[{"count":125,"href":"https:\/\/euroguidance.ie\/da\/wp-json\/wp\/v2\/pages\/154\/revisions"}],"predecessor-version":[{"id":1402,"href":"https:\/\/euroguidance.ie\/da\/wp-json\/wp\/v2\/pages\/154\/revisions\/1402"}],"wp:attachment":[{"href":"https:\/\/euroguidance.ie\/da\/wp-json\/wp\/v2\/media?parent=154"}],"curies":[{"name":"wp","href":"https:\/\/api.w.org\/{rel}","templated":true}]}}