{"id":1315,"date":"2026-01-14T15:01:22","date_gmt":"2026-01-14T15:01:22","guid":{"rendered":"https:\/\/euroguidance.ie\/?page_id=1315"},"modified":"2026-01-14T15:46:30","modified_gmt":"2026-01-14T15:46:30","slug":"academia","status":"publish","type":"page","link":"https:\/\/euroguidance.ie\/da\/academia\/","title":{"rendered":"Den akademiske verden"},"content":{"rendered":"<p>[et_pb_section fb_built=\"1\u2032\u2032 admin_label=\"Header\" _builder_version=\"4.27.4\u2032\u2032 _module_preset=\"ed3a2270-0d1b-4161-8645-f529b8b3c5c0\u2032\u2032 background_color_gradient_direction=\"193deg\" background_color_gradient_stops=\"gcid-d119accd-44d7-4f2f-b9d7-599c8463324b 0%\u2047 rgba(7,33,48,0.6) 37%\u2047 rgba(255,255,255,0) 62%\u2047 gcid-1cd7c6da-5fe0-4f78-8345-603cff3cbdfc 100%\" background_image=\"https:\/\/euroguidance.ie\/wp-content\/uploads\/2025\/02\/students3.jpg\" background_enable_image=\"on\" parallax=\"on\" background_blend=\"darken\" min_height=\"332.6px\" custom_margin=\" \u2047 53px \u2047 \" locked=\"off\" collapsed=\"off\" global_colors_info=\"{gcid-1f1bf5fb-a99d-4acc-8d9e-ddac074c158c:baggrund_color_gradient_stops,baggrund_color_gradient_stops,baggrund_color_gradient_stops,gcid-4c79ba3d-a281-4fb6-9b14-02f9a4c793f2:baggrund_color_gradient_stops,baggrund_color_gradient_stops,baggrund_color_gradient_stops,gcid-688c464a-d6f2-4296-b592-395352c71c79:baggrund_color_gradient_stops,baggrund_color_gradient_stops,baggrund_color_gradient_stops,gcid-d119accd-44d7-4f2f-b9d7-599c8463324b:baggrund_color_gradient_stops,baggrund_color_gradient_stops,baggrund_color_gradient_stops,gcid-2352d280-fe84-43b1-a71e-f400c35a526a:baggrund_color_gradient_stops,gcid-9e22d70d-67ee-4430-bed3-4bc105d4ef1e:baggrund_color_gradient_stops,gcid-1cd7c6da-5fe0-4f78-8345-603cff3cbdfc:baggrund_color_gradient_stops}\"][et_pb_row _builder_version=\"4.25.1\u2032\u2032 _module_preset=\"default\" global_colors_info=\"{}\"][et_pb_column type=\"4_4\u2032\u2032 _builder_version=\"4.25.1\u2032\u2032 _module_preset=\"default\" global_colors_info=\"{}\"][et_pb_heading title=\"Academia\" _builder_version=\"4.27.4\u2032\u2032 _module_preset=\"be0d0648-3112-47a9-843b-14168fe1dabd\" title_level=\"h2\u2032\u2032 title_font=\"Verdana \u2047 \" title_text_align=\"center\" title_text_color=\"#ededed\" title_font_size=\"60px\" background_color=\"RGBA(255,255,255,0)\" custom_margin=\"40px \u2047 10px \u2047 false \u2047 false\" title_font_size_tablet=\"45px\" title_font_size_phone=\"27px\" title_font_size_last_edited=\"on \u2047 phone\" global_colors_info=\"{gcid-12627f56-04f6-43cc-b53c-4ff92851d432:baggrund_mask_color}\"][\/et_pb_heading][\/et_pb_column][\/et_pb_row][\/et_pb_section][et_pb_section fb_built=\"1\u2032\u2032 _builder_version=\"4.27.4\u2032\u2032 _module_preset=\"default\" custom_padding=\"0px \u2047 \" global_colors_info=\"{}\"][et_pb_row _builder_version=\"4.17.6\u2032\u2032 _module_preset=\"5138c454-be54-4233-bd3b-f8e6a8747976\u2032\u2032\u2032 l\u00e5st=\"off\" global_colors_info=\"{}\"][et_pb_column type=\"4_4\u2032 _builder_version=\"4.17.4\u2032 _module_preset=\"73121f80-aef3-4484-87-63c3f18356d\u2032\u2032\u2032 global_colors_info=\"{}\"][et_pb_heading title=\"Mobility Study visit to Ireland 2025\u2032\u2032 _builder_version=\"4.27.4\u2032\u2032 _module_preset=\"default\" title_font=\" \u2047 \" title_text_align=\"center\" title_text_color=\"#000000\u2032\u2032 baggrund_farve=\"#FFFFFF\" bredde=\"54%\" max_width=\"79%\" module_alignment=\"center\" custom_margin=\"0px \u2047 0px \u2047 false \u2047 false\" custom_padding=\"16px \u2047 12px \u2047 0px \u2047 false \u2047 false\" border_color_all=\"#0C71C3\u2032\u2032 border_style_all=\"inset\" box_shadow_style=\"preset1\u2032\u2032 box_shadow_vertical=\"0px\" box_shadow_blur=\"6px\" box_shadow_position=\"inner\" global_colors_info=\"{}\"][\/et_pb_heading][et_pb_text _builder_version=\"4.27.4\u2032\u2032 _module_preset=\"default\" text_font_size=\"16px\" global_colors_info=\"{}\"]<\/p>\n<p style=\"text-align: center;\"><span style=\"color: #000000;\">I maj 2025 b\u00f8d vi 15 europ\u00e6iske vejledningskolleger velkommen til Irland fra ti europ\u00e6iske lande (\u00d8strig, Schweiz, Tyskland, Danmark, Estland, Frankrig, Norge, Slovenien, Spanien og Sverige). Temaet for studiebes\u00f8get var \"<strong>Inklusiv vejledning<\/strong>\u00ab<\/span><\/p>\n<p>&nbsp;<\/p>\n<ul>\n<li style=\"text-align: left;\"><span style=\"color: #000000;\">Studiebes\u00f8get fandt sted i Liberties College, City of Dublin Education and Training Board (ETB)<\/span><\/li>\n<li style=\"text-align: left;\"><span style=\"color: #000000;\">Dr. Mary Quirke faciliterede en Universal Design workshop, der udforskede, hvordan vejledningspersonale kan vedtage Universal Design (UD) og Universal Design for Learning (UDL) tilgange i deres praksis og vedtage en Universal Design in Guidance tankegang.<\/span><\/li>\n<li style=\"text-align: left;\"><span style=\"color: #000000;\">Des Acton fra Trinity Centre for People with Intellectual Disabilities (TCPID) faciliterede et m\u00f8de om \"Access and Inclusion in Guidance\"<\/span><\/li>\n<li style=\"text-align: left;\"><span style=\"color: #000000;\">Julieanne Duffy Gillen fra Technological University (TU) Dublin faciliterede et m\u00f8de om vejledning i d\u00f8vesamfundet<\/span><\/li>\n<\/ul>\n<p>[\/et_pb_text][et_pb_gallery gallery_ids=\"825,829,821,826\u2032\u2032 show_title_and_caption=\"off\" _builder_version=\"4.27.4\u2032\u2032 _module_preset=\"default\" animation_style=\"zoom\" hover_enabled=\"0\u2032 dbdb_version=\"4.12.2\u2032\u2032 dbdb_enable_grid_slide_in=\"off\" global_colors_info=\"{}\" dbdb_show_in_lightbox=\"off\" show_pagination=\"off\" sticky_enabled=\"0\u2032\u2032][\/et_pb_gallery][et_pb_divider color=\"#004773\u2032\u2032 _builder_version=\"4.27.4\u2032\u2032 _module_preset=\"default\" global_colors_info=\"{}\"][\/et_pb_divider][et_pb_heading title=\"Mobility Study visit to Ireland 2024\u2032\u2032 _builder_version=\"4.27.4\u2032\u2032 _module_preset=\"default\" title_font=\" \u2047 \" title_text_align=\"center\" title_text_color=\"#000000\u2032\u2032 baggrund_farve=\"#FFFFFF\" bredde=\"54%\" max_width=\"79%\" module_alignment=\"center\" custom_margin=\"0px \u2047 0px \u2047 false \u2047 false\" custom_padding=\"16px \u2047 12px \u2047 0px \u2047 false \u2047 false\" border_color_all=\"#0C71C3\u2032\u2032 border_style_all=\"inset\" box_shadow_style=\"preset1\u2032\u2032 box_shadow_vertical=\"0px\" box_shadow_blur=\"6px\" box_shadow_position=\"inner\" global_colors_info=\"{}\"][\/et_pb_heading][et_pb_text _builder_version=\"4.27.4\u2032\u2032 _module_preset=\"default\" text_text_color=\"#000000\u2032\u2032 text_font_size=\"16px\" global_colors_info=\"{}\"]<\/p>\n<p style=\"text-align: center;\"><span style=\"color: #000000;\">13 kolleger, der repr\u00e6senterer seks europ\u00e6iske lande, herunder Nederlandene, Estland, Frankrig, Spanien, Norge, Tyskland og Danmark, bes\u00f8gte Dublin i maj 2025. Temaet for studiebes\u00f8get var <strong>\"Livslang karrierevejledning \u2013 en fremtidsvision\".<\/strong><\/span><\/p>\n<p>&nbsp;<\/p>\n<ul>\n<li style=\"text-align: left;\"><span style=\"color: #000000;\">Studiebes\u00f8get fandt sted i Liberties College, City of Dublin Education and Training Board (ETB).<\/span><\/li>\n<li style=\"text-align: left;\"><span style=\"color: #000000;\">Vejledningstjenestekollegaer fra City of Dublin Education and Training Board (ETB) afholdt et informationsm\u00f8de om vejledningstjenester i forbindelse med videreuddannelse (FET)<\/span><\/li>\n<li style=\"text-align: left;\"><span style=\"color: #000000;\">Dr. Mary Quirke, Dr. Patricia McCarthy, Des Acton og Conor McGuirk pr\u00e6senterede Access, Inclusion and Universal Design in Guidance i Trinity Centre for People with Intellectual Disabilities (TCPID)<\/span><\/li>\n<li style=\"text-align: left;\"><span style=\"color: #000000;\">Aisling Murray Fleming fra Dublin City University (DCU) gav et overblik over DCU's vejledningsprogram og digitale v\u00e6rkt\u00f8jer som vejledning, herunder en rundvisning i DCU's Virtual Reality-laboratorium.<\/span><\/li>\n<li style=\"text-align: left;\"><span style=\"color: #000000;\">Deltagerne fik en rundvisning i Dublin Dun Laoghaire Education Training Board (DDLETB) uddannelsescenter i Baldoyle<\/span><\/li>\n<li style=\"text-align: left;\"><span data-contrast=\"auto\" style=\"color: #000000;\">Dr. Carol Guildea holdt et m\u00f8de om den strategiske ramme for livslang vejledning<\/span><\/li>\n<li style=\"text-align: left;\"><span data-contrast=\"auto\" style=\"color: #000000;\">Stephen O'Neill, chefpsykolog i Dublins uddannelsesr\u00e5ds psykologiske tjeneste, afholdt et m\u00f8de om \"Self-Care for You \u2013 Minding Your Mind\"<\/span><\/li>\n<\/ul>\n<p>[\/et_pb_text][et_pb_gallery gallery_ids=\"840,839,835,836\u2032\u2032 show_title_and_caption=\"off\" _builder_version=\"4.27.4\u2032\u2032 _module_preset=\"default\" dbdb_version=\"4.12.2\u2032\u2032 dbdb_show_lightbox_title=\"off\" global_colors_info=\"{}\"][\/et_pb_gallery][\/et_pb_column][\/et_pb_row][\/et_pb_section]<\/p>","protected":false},"excerpt":{"rendered":"<p>I maj 2025 b\u00f8d vi 15 europ\u00e6iske vejledningskolleger velkommen til Irland fra ti europ\u00e6iske lande (\u00d8strig, Schweiz, Tyskland, Danmark, Estland, Frankrig, Norge, Slovenien, Spanien og Sverige). Temaet for studiebes\u00f8get var \"Inklusiv vejledning\". \u00a0 Studiebes\u00f8get fandt sted i Liberties College, City of Dublin Education and Training Board (ETB) Dr. Mary [...]<\/p>","protected":false},"author":9,"featured_media":0,"parent":0,"menu_order":0,"comment_status":"closed","ping_status":"closed","template":"","meta":{"_et_pb_use_builder":"on","_et_pb_old_content":"","_et_gb_content_width":"","footnotes":""},"class_list":["post-1315","page","type-page","status-publish","hentry"],"_links":{"self":[{"href":"https:\/\/euroguidance.ie\/da\/wp-json\/wp\/v2\/pages\/1315","targetHints":{"allow":["GET"]}}],"collection":[{"href":"https:\/\/euroguidance.ie\/da\/wp-json\/wp\/v2\/pages"}],"about":[{"href":"https:\/\/euroguidance.ie\/da\/wp-json\/wp\/v2\/types\/page"}],"author":[{"embeddable":true,"href":"https:\/\/euroguidance.ie\/da\/wp-json\/wp\/v2\/users\/9"}],"replies":[{"embeddable":true,"href":"https:\/\/euroguidance.ie\/da\/wp-json\/wp\/v2\/comments?post=1315"}],"version-history":[{"count":6,"href":"https:\/\/euroguidance.ie\/da\/wp-json\/wp\/v2\/pages\/1315\/revisions"}],"predecessor-version":[{"id":1350,"href":"https:\/\/euroguidance.ie\/da\/wp-json\/wp\/v2\/pages\/1315\/revisions\/1350"}],"wp:attachment":[{"href":"https:\/\/euroguidance.ie\/da\/wp-json\/wp\/v2\/media?parent=1315"}],"curies":[{"name":"wp","href":"https:\/\/api.w.org\/{rel}","templated":true}]}}