{"id":1207,"date":"2026-01-09T13:58:57","date_gmt":"2026-01-09T13:58:57","guid":{"rendered":"https:\/\/euroguidance.ie\/?page_id=1207"},"modified":"2026-01-15T13:10:33","modified_gmt":"2026-01-15T13:10:33","slug":"euroguidance-ireland-4","status":"publish","type":"page","link":"https:\/\/euroguidance.ie\/da\/euroguidance-ireland-4\/","title":{"rendered":"Euroguidance Danmark"},"content":{"rendered":"<p>[et_pb_section fb_built=\"1\u2032\u2032 admin_label=\"Header\" _builder_version=\"4.27.4\u2032\u2032 _module_preset=\"ed3a2270-0d1b-4161-8645-f529b8b3c5c0\u2032\u2032 background_color_gradient_direction=\"193deg\" background_color_gradient_stops=\"gcid-d119accd-44d7-4f2f-b9d7-599c8463324b 0%\u2047 rgba(7,33,48,0.6) 37%\u2047 rgba(255,255,255,0) 62%\u2047 gcid-1cd7c6da-5fe0-4f78-8345-603cff3cbdfc 100%\" background_image=\"https:\/\/euroguidance.ie\/wp-content\/uploads\/2025\/02\/students3.jpg\" background_enable_image=\"on\" parallax=\"on\" background_blend=\"darken\" min_height=\"332.6px\" custom_margin=\" \u2047 53px \u2047 \" locked=\"off\" collapsed=\"off\" global_colors_info=\"{gcid-1f1bf5fb-a99d-4acc-8d9e-ddac074c158c:baggrund_color_gradient_stops,baggrund_color_gradient_stops,baggrund_color_gradient_stops,gcid-4c79ba3d-a281-4fb6-9b14-02f9a4c793f2:baggrund_color_gradient_stops,baggrund_color_gradient_stops,baggrund_color_gradient_stops,gcid-688c464a-d6f2-4296-b592-395352c71c79:baggrund_color_gradient_stops,baggrund_color_gradient_stops,baggrund_color_gradient_stops,gcid-d119accd-44d7-4f2f-b9d7-599c8463324b:baggrund_color_gradient_stops,baggrund_color_gradient_stops,baggrund_color_gradient_stops,gcid-2352d280-fe84-43b1-a71e-f400c35a526a:baggrund_color_gradient_stops,gcid-9e22d70d-67ee-4430-bed3-4bc105d4ef1e:baggrund_color_gradient_stops,gcid-1cd7c6da-5fe0-4f78-8345-603cff3cbdfc:baggrund_color_gradient_stops}\"][et_pb_row _builder_version=\"4.25.1\u2032\u2032 _module_preset=\"default\" global_colors_info=\"{}\"][et_pb_column type=\"4_4\u2032\u2032 _builder_version=\"4.25.1\u2032\u2032 _module_preset=\"default\" global_colors_info=\"{}\"][et_pb_heading title=\"Euroguidance Ireland Past Events\" _builder_version=\"4.27.4\u2032\u2032 _module_preset=\"be0d0648-3112-47a9-843b-14168fe1dabd\" title_level=\"h2\u2032\u2032 title_font=\"Verdana \u2047 \" title_text_align=\"center\" title_text_color=\"#ededed\" title_font_size=\"60px\" background_color=\"RGBA(255,255,255,0)\" custom_margin=\"40px \u2047 10px \u2047 false \u2047 false\" title_font_size_tablet=\"45px\" title_font_size_phone=\"27px\" title_font_size_last_edited=\"on \u2047 phone\" global_colors_info=\"{gcid-12627f56-04f6-43cc-b53c-4ff92851d432:baggrund_mask_color}\"][\/et_pb_heading][\/et_pb_column][\/et_pb_row][\/et_pb_section][et_pb_section fb_built=\"1\u2032\u2032 _builder_version=\"4.27.4\u2032\u2032 _module_preset=\"default\" min_height=\"119px\" custom_padding=\"0px \u2047 0px \u2047 \" global_colors_info=\"{}\"][et_pbrow _builder_version=\"4.27.4\u2032\u2032 _module_preset=\"default\" global_colors_info=\"{}\"][et_pb_column type=\"4_4\u2032 _builder_version=\"4.27.4\u2032\u2032 _module_preset=\"default\" global_colors_info=\"{}][et_pb_heading title=\"Academiamia Netv\u00e6rk 2025\u2032\u2032 _builder_version=\"4.27.4\u2032\u2032 _module_preset=\"default\" title_font=\" \u2047 \" title_text_align=\"center\" title_text_color=\"#000000\u2032\u2032 baggrund_farve=\"#FFFFFF\" bredde=\"54%\" max_width=\"79%\" module_alignment=\"center\" custom_margin=\"0px \u2047 0px \u2047 false \u2047 false\" custom_padding=\"16px \u2047 12px \u2047 0px \u2047 false \u2047 false\" border_color_all=\"#0C71C3\u2032\u2032 border_style_all=\"inset\" box_shadow_style=\"preset1\u2032\u2032 box_shadow_vertical=\"0px\" box_shadow_blur=\"6px\" box_shadow_position=\"inner\" global_colors_info=\"{}\"][\/et_pb_heading][\/et_pb_column][\/et_pb_row][\/et_pb_section][et_pb_section fb_built=\"1\u2032 admin_label=\"Gallery\" _builder_version=\"4.27.4\u2032\u2032 _module_preset=\"default\" baggrund_color=\"#FFFFFF\" custom_padding=\"0px \u2047 0px \u2047 \" animation_style=\"slide\" locked=\"off\" collapsed=\"on\" global_colors_info=\"{}\"][et_pb_row column_structure=\"1_2,1_2\u2032\u2032 _builder_version=\"4.17.6\u2032\u2032 _module_preset=\"5138c454-be54-4233-bd3b-f8e6a8747976\u2032\u2032 lock=\"off\" global_colors_info=\"{}][et_pb_column type=\"1_2\u2032 _builder_version=\"4.17.4\u2032 _module_preset=\"73121f80-a3ef-4484-8763-cf18e3c56d2\u2032\u2032 global_colors_info=\"{}\"][et_b_text _builder_version=\"4.247.\u2032module_default\"color_text\"#000000\u2032\u2032 text_font_size=\"16px\" header_text_color=\"#000000\u2032\u2032 custom_margin=\"51px \u2047 -2px \u2047 false \u2047 false\" global_colors_info=\"{}\"]<\/p>\n<p style=\"text-align: center;\">I oktober 2025 b\u00f8d Euroguidance Ireland Academia Network velkommen til Irland til det \u00e5rlige m\u00f8de. Det n\u00e6ste m\u00f8de i det akademiske netv\u00e6rk finder sted i Luxembourg 2026.<\/p>\n<p>[\/et_pb_text][\/et_pb_column][et_pb_column type=\"1_2\u2032\u2032 _builder_version=\"4.27.4\u2032\u2032 _module_preset=\"default\" global_colors_info=\"{}\"][et_pb_image src=\"https:\/\/euroguidance.ie\/wp-content\/uploads\/2026\/01\/academia-1.png\" title_text=\"academia network\" _builder_version=\"4.27.4\u2032\u2032 _module_preset=\"default\" global_colors_info=\"{}\"][\/et_pb_image][\/et_pb_column][\/et_pb_row][et_pb_row _builder_version=\"4.27.4\u2032\u2032 _module_preset=\"default\" global_colors_info=\"}][\/et_pb_column_column type=\"4_4\u2032\u2032 _builder_version=\"4.27.4\u2032\u2032 _module_preset=\"default\" global_colors_info=\"{}\"][et_pb_divider color=\"#000000\u2032\u2032 _builder_version=\"4.27.4\u2032\u2032 _module_preset=\"default\" global_colors_info=\"{}\"][\/et_pb_divider][\/et_pb_column][\/et_pb_row][et_pb_row _builder_version=\"4.17.6\u2032 _module_preset=\"5138c454-be54-4233-bd3b-f8e6a8747976\u2032\u2032\u2032 locked=\"off\" global_colors_info=\"{}\"][et_pb_column type=\"4_4\u2032 _builder_version=\"4.17.4\u2032 _module_preset=\"73121f80-a3ef-4484-8763-c3f18e3c56d2\u2032 global_colors_info=\"{}\"][et_bb_heading title=\"Global Careers Month 2025\u2032\u2032 _builder_version=\"4.27.4\u2032\u2032 _module_preset=\"default\" title_font=\" \u2047 \" title_text_align=\"center\" title_text_color=\"#000000\u2032\u2032 baggrund_farve=\"#FFFFFF\" bredde=\"54%\" max_width=\"79%\" module_alignment=\"center\" custom_margin=\"0px \u2047 0px \u2047 false \u2047 false\" custom_padding=\"16px \u2047 12px \u2047 0px \u2047 false \u2047 false\" border_color_all=\"#0C71C3\u2032\u2032 border_style_all=\"inset\" box_shadow_style=\"preset1\u2032\u2032 box_shadow_vertical=\"0px\" box_shadow_blur=\"6px\" box_shadow_position=\"inner\" global_colors_info=\"{}\"][\/et_pb_heading][et_pb_text _builder_version=\"4.27.4\u2032\u2032 _module_preset=\"default\" text_text_color=\"#000000\u2032\u2032 text_font_size=\"16px\" global_colors_info=\"{}\"]<\/p>\n<p><span data-contrast=\"auto\">Den tv\u00e6rinstitutionelle arbejdsgruppe om karrierevejledning (IAG CGWG), der best\u00e5r af Cedefop, Europa-Kommissionen, ETF, ILO, OECD, UNESCO og Verdensbanken, afholdt endnu en global karrierem\u00e5ned i november 2025.<\/span><span data-contrast=\"auto\">\u202f<\/span><span data-contrast=\"auto\">I denne periode opfordrer de internationale agenturer til globale, regionale og nationale arrangementer i samarbejde med International Association for Educational and Vocational Guidance (IAEVG), International Centre for Career Development and Public Policy (ICCDPP) og WorldSkills.<\/span><span data-ccp-props=\"{}\">\u00a0<\/span><span data-contrast=\"auto\">Euroguidance Ireland's Research in Guidance November webinar blev pr\u00e6senteret i Global Careers Month november 2025.<\/span><\/p>\n<p>[\/et_pb_text][et_pb_image src=\"https:\/\/euroguidance.ie\/wp-content\/uploads\/2026\/01\/Untitled-design-23.png\" title_text=\"Untitled design (23)\" _builder_version=\"4.27.4\u2032\u2032 _module_preset=\"default\" width=\"40%\" max_width=\"85%\" module_alignment=\"center\" global_colors_info=\"{}\"][\/et_pb_image][et_pb_divider color=\"#004773\u2032\u2032 _builder_version=\"4.27.4\u2032\u2032 _module_preset=\"default\" global_colors_info=\"{}\"][\/et_pb_divider][\/et_pb_column][\/et_pb_row][et_pb_row _builder_version=\"4.27.4\u2032 _module_preset=\"default\" custom_margin=\"-59px \u2047 auto \u2047 auto \u2047 \" global_colors_info=\"{}\"][et_pb_column type=\"4_4\u2032\u2032 _builder_version=\"4.27.4\u2032\u2032 _module_preset=\"default\" global_colors_info=\"{}\"][et_pb_heading title=\"Euroguidance Ireland Event 2024\u2032\u2032 _builder_version=\"4.27.4\u2032\u2032 _module_preset=\"default title_font=\"title \u2047 \"text_igncenter\"color_text=\"color\"#000000\u2032\u2032 baggrund_farve=\"#FFFFFF\" bredde=\"54%\" max_width=\"79%\" module_alignment=\"center\" custom_margin=\"0px \u2047 0px \u2047 false \u2047 false\" custom_padding=\"16px \u2047 12px \u2047 0px \u2047 false \u2047 false\" border_color_all=\"#0C71C3\u2032\u2032 border_style_all=\"inset\" box_shadow_style=\"preset1\u2032\u2032 box_shadow_vertical=\"0px\" box_shadow_blur=\"6px\" box_shadow_position=\"inner\" global_colors_info=\"{}\"][\/et_pb_heading][\/et_pb_column][\/et_pb_row][\/et_pb_section][et_pb_section fb_built=\"1\u2032 admin_label=\"Gallery\" _builder_version=\"4.27.4\u2032\u2032 _module_preset=\"default\" baggrund_color=\"#FFFFFF\" custom_padding=\"9px \u2047 \" locked=\"off\" collapsed=\"on\" global_colors_info=\"{}\"][et_pb_row column_structure=\"1_2,1_2\u2032\u2032 _builder_version=\"4.17.6\u2032\u2032 _module_preset=\"5138c454-be54-4233-bd3b-f8e6a8747976\u2032\u2032 locked=\"off\" global_colors_info=\"{}\"][et_pb_column type=\"1_2\u2032\u2032 _builder_version=\"4.17.4\u2032 _module_preset=\"73121f80-a3ef-4484-8763-c3f18e3c56d2\u2032\u2032 global_colors_info=\"{}][et_pb_text _builder_version=\"4.27.4\u2032module_preset\"default text_color=color\"#000000\u2032\u2032 text_font_size=\"16px\" header_text_color=\"#000000\u2032\u2032 custom_margin=\"51px \u2047 -2px \u2047 false \u2047 false\" global_colors_info=\"{}\"]<\/p>\n<p style=\"text-align: center;\"><span style=\"color: #000000;\"><span data-contrast=\"auto\" xml:lang=\"EN-IE\" lang=\"EN-IE\" class=\"TextRun SCXW6804536 BCX8\"><span class=\"NormalTextRun SCXW6804536 BCX8\" data-ccp-charstyle=\"normaltextrun\">En meget vellykket<\/span><span class=\"NormalTextRun SCXW6804536 BCX8\" data-ccp-charstyle=\"normaltextrun\"><strong> Euroguidance \u2013 en ny \u00e6ra<\/strong> Arrangementet fandt sted i oktober<\/span><\/span><span data-contrast=\"auto\" xml:lang=\"EN-IE\" lang=\"EN-IE\" class=\"TextRun SCXW6804536 BCX8\"><span class=\"NormalTextRun SCXW6804536 BCX8\" data-ccp-charstyle=\"normaltextrun\">\u00a0Restauranter i n\u00e6rheden af Athlone Spring Hotel<\/span><span class=\"NormalTextRun SCXW6804536 BCX8\" data-ccp-charstyle=\"normaltextrun\">. Med over <\/span><span class=\"NormalTextRun SCXW6804536 BCX8\" data-ccp-charstyle=\"normaltextrun\">90 vejledere<\/span><span class=\"NormalTextRun SCXW6804536 BCX8\" data-ccp-charstyle=\"normaltextrun\"> tilstedev\u00e6rende, dagsordenen <\/span><\/span><span data-contrast=\"auto\" xml:lang=\"EN-IE\" lang=\"EN-IE\" class=\"TextRun SCXW6804536 BCX8\"><span class=\"NormalTextRun SCXW6804536 BCX8\" data-ccp-charstyle=\"normaltextrun\">Tilbyde input fra <\/span><span class=\"NormalTextRun SCXW6804536 BCX8\" data-ccp-charstyle=\"normaltextrun\">Department of Education, Quality Qualifications Ireland (QQI) og <\/span><span class=\"NormalTextRun SpellingErrorV2Themed SCXW6804536 BCX8\" data-ccp-charstyle=\"normaltextrun\">Euroguidance<\/span><\/span><span data-contrast=\"auto\" xml:lang=\"EN-IE\" lang=\"EN-IE\" class=\"TextRun SCXW6804536 BCX8\"><span class=\"NormalTextRun SCXW6804536 BCX8\" data-ccp-charstyle=\"normaltextrun\"> Netv\u00e6rksrepr\u00e6sentanter fra Lativa <\/span><\/span><span data-contrast=\"auto\" xml:lang=\"EN-IE\" lang=\"EN-IE\" class=\"TextRun SCXW6804536 BCX8\"><span class=\"NormalTextRun SCXW6804536 BCX8\" data-ccp-charstyle=\"normaltextrun\">Estland<\/span><span class=\"NormalTextRun SCXW6804536 BCX8\" data-ccp-charstyle=\"normaltextrun\"> og S<\/span><span class=\"NormalTextRun SCXW6804536 BCX8\" data-ccp-charstyle=\"normaltextrun\">weden.\u00a0<\/span><\/span><\/span><\/p>\n<p>[\/et_pb_text][\/et_pb_column][et_pb_column type=\u201d1_2\u2033 _builder_version=\u201d4.17.4\u2033 _module_preset=\u201d73121f80-a3ef-4484-8763-c3f18e3c56d2\u2033 global_colors_info=\u201d{}\u201d][et_pb_image src=\u201dhttps:\/\/euroguidance.ie\/wp-content\/uploads\/2025\/04\/Screenshot-495.png\u201d alt=\u201ddecoration\u201d title_text=\u201dScreenshot (495)\u201d _builder_version=\u201d4.27.4\u2033 _module_preset=\u201ddefault\u201d hover_enabled=\u201d0\u2033 global_colors_info=\u201d{}\u201d sticky_enabled=\u201d0\u2033][\/et_pb_image][\/et_pb_column][\/et_pb_row][et_pb_row _builder_version=\u201d4.27.4\u2033 _module_preset=\u201ddefault\u201d global_colors_info=\u201d{}\u201d][et_pb_column type=\u201d4_4\u2033 _builder_version=\u201d4.27.4\u2033 _module_preset=\u201ddefault\u201d global_colors_info=\u201d{}\u201d][et_pb_gallery gallery_ids=\u201d543,541,537,522\u2033 show_title_and_caption=\u201doff\u201d show_pagination=\u201doff\u201d _builder_version=\u201d4.27.4\u2033 _module_preset=\u201ddefault\u201d dbdb_version=\u201d4.12.2\u2033 dbdb_show_lightbox_title=\u201doff\u201d dbdb_show_lightbox_image_count=\u201doff\u201d global_colors_info=\u201d{}\u201d][\/et_pb_gallery][et_pb_gallery gallery_ids=\u201d529,527,536,533\u2033 show_title_and_caption=\u201doff\u201d _builder_version=\u201d4.27.4\u2033 _module_preset=\u201ddefault\u201d dbdb_version=\u201d4.12.2\u2033 dbdb_show_lightbox_image_count=\u201doff\u201d global_colors_info=\u201d{}\u201d][\/et_pb_gallery][\/et_pb_column][\/et_pb_row][et_pb_row _builder_version=\u201d4.27.4\u2033 _module_preset=\u201ddefault\u201d global_colors_info=\u201d{}\u201d][et_pb_column type=\u201d4_4\u2033 _builder_version=\u201d4.27.4\u2033 _module_preset=\u201ddefault\u201d global_colors_info=\u201d{}\u201d][et_pb_divider color=\u201d#0C71C3\u2032\u2032 _builder_version=\"4.27.4\u2032\u2032 _module_preset=\"default\" global_colors_info=\"{}\"][\/et_pb_divider][\/et_pb_column][\/et_pb_row][\/et_pb_section][et_pb_section fb_built=\"1\u2032\u2032 admin_label=\"Footer\" _builder_version=\"4.27.4\u2032\u2032 _module_preset=\"f1c4f717-2356-4e3f-ac1b-1e293a6cc08a\" min_height=\"269.3px\" height=\"357px\" custom_margin=\"-13px \u2047 0px \u2047 false \u2047 false\" custom_padding=\"0px \u2047 xfalse\" global_module=\"1150\u2032\u2032\u2032' gemt_tabs\"all=\"defset=\"#FFFFFF\" custom_margin=\" \u2047 -20px \u2047 \" global_colors_info=\"{}\"][\/et_pb_heading][et_pb_wpt_gravityform gravityform_id=\"gf-2\u2032\u2032 title=\"off\" description=\"off\" ajax=\"on\" _builder_version=\"4.27.4\u2032\u2032 _module_preset=\"default\" transform_scale=\"94%|94%\" global_colors_info=\"{}\"][\/et_pb_wpt_gravityform][\/et_pb_column][et_pb_column type=\"1_3\u2032\u2032 _builder_version=\"4.25.1\u2032\u2032 _module_preset=\"default\" global_colors_info=\"{}\"][et_pb_heading title=\"Quick Links\" _builder_version=\"4.27.4\u2032\u2032 _module_preset=\"95956592-a1b1-43fb-aa7b-d69d7b858e52\u2032\u2032 title_font=\"Verdana \u2047 \" title_text_color=\"#FFFFFF's positionering=\"none\" custom_margin=\" \u2047 10px \u2047 46px \u2047 false \u2047 false\" custom_padding=\" \u2047 55px \u2047 \" locked=\"off\" global_colors_info=\"{}\"][\/et_pb_heading][et_pb_text _builder_version=\"4.27.4\u2032\u2032 _module_preset=\"01dbb295-3347-4b31-936e-cb09b186d00f\" text_font=\"Verdana \u2047 \" custom_margin=\" \u2047 8px \u2047 53px \u2047 false \u2047 false\" custom_padding=\" \u2047 75px \u2047 48px \u2047 \" link_option_url=\"https:\/\/euroguidance.ie\/en\/about\/\"]<\/p>\n<p>Euroguidance<\/p>\n<p>[\/et_pb_text][et_pb_text _builder_version=\"4.27.4\u2032\u2032 _module_preset=\"01dbb295-3347-4b31-936e-cb09b186d00f\" text_font=\"Verdana \u2047 \" custom_margin=\" \u2047 8px \u2047 50px \u2047 false \u2047 false\" custom_padding=\" \u2047 50px \u2047 \" link_option_url=\"https:\/\/euroguidance.ie\/en\/ressources\/\"]<\/p>\n<p>Ressourcer<\/p>\n<p>[\/et_pb_text][et_pb_text _builder_version=\"4.27.4\u2032\u2032 _module_preset=\"01dbb295-3347-4b31-936e-cb09b186d00f\" text_font=\"Verdana \u2047 \" custom_margin=\" \u2047 8px \u2047 49px \u2047 false \u2047 false\" custom_padding=\" \u2047 51px \u2047 \" link_option_url=\"https:\/\/euroguidance.ie\/en\/contact-us\/\"]<\/p>\n<p>Kontaktoplysninger<\/p>\n<p>[\/et_pb_text][et_pb_text _builder_version=\"4.27.4\u2032\u2032 _module_preset=\"01dbb295-3347-4b31-936e-cb09b186d00f\" text_font=\"Verdana \u2047 \" custom_margin=\" \u2047 8px \u2047 51px \u2047 false \u2047 false\" custom_padding=\" \u2047 49px \u2047 \" link_option_url=\"https:\/\/euroguidance.ie\/privacy-statement\/\"]<\/p>\n<p>Fortrolighedspolitik<\/p>\n<p>[\/et_pb_text][\/et_pb_column][et_pb_column type=\"1_3\u2032\u2032 _builder_version=\"4.25.1\u2032\u2032 _module_preset=\"default\" global_colors_info=\"{}\"][et_pb_image src=\"https:\/\/euroguidance.ie\/wp-content\/uploads\/2026\/01\/EN_Co-Funded_by_the_EU_PANTONE-scaled.png\"=\"Co-Funded by European Union\" title_text=\"EN_Co-Funded_by_the_EU_PANTONE\" align=\"center\" _builder_version=\"4.27.4\u2032\u2032 _module_preset=\"default\" global_colors_info=\"{}][\/et_pbb_image][\/et_pet_column][\/et_pet_browbection]<\/p>","protected":false},"excerpt":{"rendered":"<p>I oktober 2025 b\u00f8d Euroguidance Ireland Academia Network velkommen til Irland til det \u00e5rlige m\u00f8de. Det n\u00e6ste m\u00f8de i det akademiske netv\u00e6rk finder sted i Luxembourg 2026. Den tv\u00e6rfaglige arbejdsgruppe om karrierevejledning (IAG CGWG), der best\u00e5r af Cedefop, Europa-Kommissionen, ETF, ILO, OECD, UNESCO og Verdensbanken, afholdt endnu en global karrierem\u00e5ned i november 2025.\u202fI l\u00f8bet af denne periode har de internationale agenturer [...]<\/p>","protected":false},"author":9,"featured_media":0,"parent":0,"menu_order":0,"comment_status":"closed","ping_status":"closed","template":"","meta":{"_et_pb_use_builder":"on","_et_pb_old_content":"<!-- wp:divi\/placeholder \/-->","_et_gb_content_width":"","footnotes":""},"class_list":["post-1207","page","type-page","status-publish","hentry"],"_links":{"self":[{"href":"https:\/\/euroguidance.ie\/da\/wp-json\/wp\/v2\/pages\/1207","targetHints":{"allow":["GET"]}}],"collection":[{"href":"https:\/\/euroguidance.ie\/da\/wp-json\/wp\/v2\/pages"}],"about":[{"href":"https:\/\/euroguidance.ie\/da\/wp-json\/wp\/v2\/types\/page"}],"author":[{"embeddable":true,"href":"https:\/\/euroguidance.ie\/da\/wp-json\/wp\/v2\/users\/9"}],"replies":[{"embeddable":true,"href":"https:\/\/euroguidance.ie\/da\/wp-json\/wp\/v2\/comments?post=1207"}],"version-history":[{"count":13,"href":"https:\/\/euroguidance.ie\/da\/wp-json\/wp\/v2\/pages\/1207\/revisions"}],"predecessor-version":[{"id":1378,"href":"https:\/\/euroguidance.ie\/da\/wp-json\/wp\/v2\/pages\/1207\/revisions\/1378"}],"wp:attachment":[{"href":"https:\/\/euroguidance.ie\/da\/wp-json\/wp\/v2\/media?parent=1207"}],"curies":[{"name":"wp","href":"https:\/\/api.w.org\/{rel}","templated":true}]}}