{"id":1205,"date":"2026-01-09T13:58:34","date_gmt":"2026-01-09T13:58:34","guid":{"rendered":"https:\/\/euroguidance.ie\/?page_id=1205"},"modified":"2026-01-15T13:00:34","modified_gmt":"2026-01-15T13:00:34","slug":"euroguidance-network","status":"publish","type":"page","link":"https:\/\/euroguidance.ie\/da\/euroguidance-network\/","title":{"rendered":"Euroguidance-netv\u00e6rket"},"content":{"rendered":"<p>[et_pb_section fb_built=\"1\u2032\u2032 admin_label=\"Header\" _builder_version=\"4.27.4\u2032\u2032 _module_preset=\"ed3a2270-0d1b-4161-8645-f529b8b3c5c0\u2032\u2032 background_color_gradient_direction=\"193deg\" background_color_gradient_stops=\"gcid-d119accd-44d7-4f2f-b9d7-599c8463324b 0%\u2047 rgba(7,33,48,0.6) 37%\u2047 rgba(255,255,255,0) 62%\u2047 gcid-1cd7c6da-5fe0-4f78-8345-603cff3cbdfc 100%\" background_image=\"https:\/\/euroguidance.ie\/wp-content\/uploads\/2025\/02\/students3.jpg\" background_enable_image=\"on\" parallax=\"on\" background_blend=\"darken\" min_height=\"332.6px\" custom_margin=\" \u2047 53px \u2047 \" locked=\"off\" collapsed=\"off\" global_colors_info=\"{gcid-1f1bf5fb-a99d-4acc-8d9e-ddac074c158c:baggrund_color_gradient_stops,baggrund_color_gradient_stops,baggrund_color_gradient_stops,gcid-4c79ba3d-a281-4fb6-9b14-02f9a4c793f2:baggrund_color_gradient_stops,baggrund_color_gradient_stops,baggrund_color_gradient_stops,gcid-688c464a-d6f2-4296-b592-395352c71c79:baggrund_color_gradient_stops,baggrund_color_gradient_stops,baggrund_color_gradient_stops,gcid-d119accd-44d7-4f2f-b9d7-599c8463324b:baggrund_color_gradient_stops,baggrund_color_gradient_stops,baggrund_color_gradient_stops,gcid-2352d280-fe84-43b1-a71e-f400c35a526a:baggrund_color_gradient_stops,gcid-9e22d70d-67ee-4430-bed3-4bc105d4ef1e:baggrund_color_gradient_stops,gcid-1cd7c6da-5fe0-4f78-8345-603cff3cbdfc:baggrund_color_gradient_stops}\"][et_pb_row _builder_version=\"4.25.1\u2032\u2032 _module_preset=\"default\" global_colors_info=\"{}\"][et_pb_column type=\"4_4\u2032\u2032 _builder_version=\"4.25.1\u2032\u2032 _module_preset=\"default\" global_colors_info=\"{}\"][et_pb_heading title=\"Euroguidance Network\" _builder_version=\"4.27.4\u2032\u2032 _module_preset=\"be0d0648-3112-47a9-843b-14168fe1dabd\" title_level=\"h2\u2032\u2032\u2032 title_font=\"Verdana \u2047 \" title_text_align=\"center title_text_color=\"#ededed\" title_font_size=\"60px\" background_color=\"RGBA(255,255,255,0)\" custom_margin=\"40px \u2047 10px \u2047 false \u2047 false\" title_font_size_tablet=\"45px\" title_font_size_phone=\"27px\" title_font_size_last_edited=\"on \u2047 phone\" global_colors_info=\"{gcid-12627f56-04f6-43cc-b53c-4ff92851d432:baggrund_mask_color}\"][\/et_pb_heading][\/et_pb_column][\/et_pb_row][\/et_pb_section][et_pb_section fb_built=\"1\u2032\u2032 admin_label=\"Galleri\" _builder_version=\"4.27.4\u2032\u2032 _module_preset=\"default\" background_color=\"#FFFFFF\" custom_padding=\"0px \u2047 0px \u2047 \" animation_style=\"slide\" locked=\"off\" collapsed=\"on\" global_colors_info=\"{}\"][et_pb_row _builder_version=\"4.17.6\u2032\u2032 _module_preset=\"5138c454-be54-4233-bd3b-f8e6a8747976\u2032\u2032 locked=\"off\" global_colors_info=\"{}\"][et_pb_column type=\"4_4\u2032\u2032 _builder_version=\"4.17.4\u2032 _module_preset=\"73121f80-a3ef-4484-8763-c3f18e3c56d2\u2032\u2032 global_colors_info=\"{}][et_pb_heading title=\"Euroguidance-netv\u00e6rksm\u00f8der\" _builder_version=4.24\u20327. _module_preset=\"default\" title_font=\" \u2047 \" title_text_align=\"center\" title_text_color=\"#000000\u2032\u2032 baggrund_farve=\"#FFFFFF\" bredde=\"54%\" max_width=\"79%\" module_alignment=\"center\" custom_margin=\"0px \u2047 0px \u2047 false \u2047 false\" custom_padding=\"16px \u2047 12px \u2047 0px \u2047 false \u2047 false\" border_color_all=\"#0C71C3\u2032\u2032 border_style_all=\"inset\" box_shadow_style=\"preset1\u2032\u2032 box_shadow_vertical=\"0px\" box_shadow_blur=\"6px\" box_shadow_position=\"inner\" global_colors_info=\"{}\"][\/et_pb_heading][et_pb_text _builder_version=\"4.27.4\u2032\u2032 _module_preset=\"default\" text_text_color=\"#000000\u2032\u2032 text_font_size=\"16px\" global_colors_info=\"{}\"]<\/p>\n<p><span>Euroguidance-netv\u00e6rksm\u00f8der samler vejledningskolleger fra forskellige europ\u00e6iske lande. M\u00f8derne giver folk mulighed for at udveksle id\u00e9er, erfaringer og god praksis inden for vejledning, uddannelse og karriereudvikling. M\u00f8derne hj\u00e6lper landene med at l\u00e6re af hinanden og arbejde sammen om f\u00e6lles udfordringer, f.eks. st\u00f8tte til l\u00e6rende, forbedring af vejledningstjenester og fremme af mobilitet i hele Europa. <\/span><span>Disse m\u00f8der holder ogs\u00e5 medlemmerne ajour om europ\u00e6iske politikker og projekter vedr\u00f8rende uddannelse og livslang vejledning.<\/span><\/p>\n<ul><\/ul>\n<p>[\/et_pb_text][et_pb_gallery gallery_ids=\"1238,1239,1240,1241\u2032\u2032 _builder_version=\"4.27.4\u2032\u2032 _module_preset=\"default\" caption_text_color=\"#000000\u2032\u2032 pagination_text_color=\"#000000\u2032\u2032 dbdb_image_count_text_color=\"#000000\u2032\u2032 animation_style=\"zoom\" dbdb_version=\"4.12.2\u2032\u2032 dbdb_show_lightbox_title=\"off\" dbdb_show_lightbox_image_count=\"off\" dbdb_lightbox_background_color=\"#FFFFFF\" global_colors_info=\"{}\"][\/et_pb_gallery][et_pb_divider color=\"#004773\u2032\u2032 _builder_version=\"4.27.4\u2032\u2032 _module_preset=\"default\" global_colors_info=\"{}\"][\/et_pb_divider][\/et_pb_column][\/et_pb_row][et_pb_row _builder_version=\"4.27.4\u2032 _module_preset=\"default\" custom_margin=\"-59px \u2047 auto \u2047 auto \u2047 \" global_colors_info=\"{}\"][et_pb_column type=\"4_4\u2032\u2032 _builder_version=\"4.27.4\u2032\u2032 _module_preset=\"default\" global_colors_info=\"{}\"][et_pb_heading title=\"Euroguidance Events\" _builder_version=\"4.27.4\u2032\u2032 _module_preset=\"default\" title_font\"=\" \u2047 _text_igncenter\"color_text=\"color_color\"#000000\u2032\u2032 baggrund_farve=\"#FFFFFF\" bredde=\"54%\" max_width=\"79%\" module_alignment=\"center\" custom_margin=\"0px \u2047 0px \u2047 false \u2047 false\" custom_padding=\"16px \u2047 12px \u2047 0px \u2047 false \u2047 false\" border_color_all=\"#0C71C3\u2032\u2032 border_style_all=\"inset\" box_shadow_style=\"preset1\u2032\u2032 box_shadow_vertical=\"0px\" box_shadow_blur=\"6px\" box_shadow_position=\"inner\" global_colors_info=\"{}\"][\/et_pb_heading][\/et_pb_column][\/et_pb_row][\/et_pb_section][et_pb_section fb_built=\"1\u2032 _builder_version=\"4.27.4\u2032 _module_preset=\"default\" custom_padding=\"6px \u2047 \" locked=\"off\" global_colors_info=\"{}][et_pb_row column_structure=\"1_2,1_2\u2032 _builder_version=\"4.27.4\u2032 _module_preset=\"default\"default\" global_colors_colors_info=\"{}]][et_blum_#000000\u2032\u2032 global_colors_info=\"{}\"][\/et_pb_heading][et_pb_text _builder_version=\"4.27.4\u2032\u2032 _module_preset=\"default\" text_text_color=\"#000000\u2032\u2032 text_font_size=\"16px\" global_colors_info=\"{}\"]<\/p>\n<p><span data-contrast=\"auto\">NICE arrangerer \u00e5rlige akademier. NICE Academies er strukturerede l\u00e6rings- og netv\u00e6rksarrangementer for fagfolk og akademiske undervisere inden for karrierevejledning og r\u00e5dgivning.\u00a0<\/span><span data-ccp-props=\"{}\">\u00a0<\/span><span data-ccp-props=\"{}\"><\/span><span data-contrast=\"auto\">NICE Academy 2025 fandt sted i Valetta, Malta, i september 2025. Det havde titlen Karrierevejledning for b\u00e6redygtige fremtider-samfund, gr\u00e6nser og overgange.\u00a0<\/span><span data-ccp-props=\"{}\">\u00a0<\/span><span data-contrast=\"auto\">Et program for arrangementet kan findes\u00a0<\/span><a href=\"https:\/\/nice-network.eu\/.cm4all\/uproc.php\/0\/Malta2025\/Programme%20with%20abstracts%20V3-%20NICE%20Academy%202025_09_04.pdf?cdp=a&amp;_=19913ec7e50\"><span data-contrast=\"none\">her<\/span><\/a><span data-contrast=\"auto\">\u00a0<\/span><span data-ccp-props=\"{}\">\u00a0<\/span><\/p>\n<p>[\/et_pb_text][\/et_pb_column][et_pb_column type=\"1_2\u2032\u2032 _builder_version=\"4.27.4\u2032\u2032 _module_preset=\"default\" global_colors_info=\"{}\"][et_pb_image src=\"https:\/\/euroguidance.ie\/wp-content\/uploads\/2026\/01\/Untitled-design-20-1.png\" title_text=\"Untitled design (20)\" align=\"center\" _builder_version=\"4.27.4\u2032\u2032 _module_preset=\"default\" width=\"56%\" animation_style=\"zoom\" global_colors_info=\"{}\"][\/et_pb_image][\/et_pb_column][\/et_pb_row][et_pb_row _builder_version=\"4.27.4\u2032\u2032 _module_preset=\"default\" global_colors_info=\"{}\"][et_pb_column type=\"4_4\u2032\u2032 _builder_version=\"4.27.4\u2032\u2032 _module_preset=\"default\" global_colors_info=\"{}\"][et_pb_divider color=\"#000000\u2032\u2032 _builder_version=\"4.27.4\u2032\u2032 _module_preset=\"default\" global_colors_info=\"{}\"][\/et_pb_divider][\/et_pb_column][\/et_pb_row][et_pb_row column_structure=\"1_2,1_2\u2032 _builder_version=\"4.27.4\u2032\u2032 _module_preset=\"default\" global_colors_info=\"{}\"][et_pb_column type=\"1_2\u2032\u2032 _builder_version=\"4.27.4\u2032\u2032 _module_preset=\"default\" global_colors_info=\"{}\"][et_pb_heading title=\"IAEVG Conference 2024\u2032\u2032 _builder_version=\"4.27.4\u2032 _module_preset=\"default\" title_text_color=\"color\"#000000\u2032\u2032 global_colors_info=\"{}\"][\/et_pb_heading][et_pb_text _builder_version=\"4.27.4\u2032\u2032 _module_preset=\"default\" text_text_color=\"#000000\u2032\u2032 text_font_size=\"16px\" global_colors_info=\"{}\"]<\/p>\n<p>IAVEG-konferencen 2024 <span data-contrast=\"auto\">blev organiseret af det finske institut for uddannelsesforskning ved universitetet i Jyv\u00e4skyl\u00e4 sammen med det finske undervisnings- og kulturministerium og det finske \u00f8konomi- og besk\u00e6ftigelsesministerium og <\/span>fandt sted i Jyv\u00e4skyl\u00e4, Finland. Temaet var \"<strong>Ridning af forandringens b\u00f8lge<\/strong>&#8216;.<\/p>\n<p><span data-contrast=\"auto\">Euroguidance Ireland var glad for at samarbejde med den finske kollega Dr. Miika Kekki, der stod for en workshop p\u00e5 konferencen om \"Culturally Aware Career Counselling Model\".\u00a0<\/span><span data-ccp-props=\"{}\">\u00a0<\/span><\/p>\n<p>[\/et_pb_text][\/et_pb_column][et_pb_column type=\"1_2\u2032\u2032 _builder_version=\"4.27.4\u2032\u2032 _module_preset=\"default\" global_colors_info=\"{}\"][et_pb_image src=\"https:\/\/euroguidance.ie\/wp-content\/uploads\/2026\/01\/Untitled-design-22.png\" title_text=\"Untitled design (22)\" align=\"center\" _builder_version=\"4.27.4\u2032\u2032 _module_preset=\"default\" width=\"56%\" custom_margin=\"61px \u2047 false \u2047 false\" animation_style=\"zoom\" global_colors_info=\"{}\"][\/et_pb_image][\/et_pb_column][\/et_pb_row][et_pb_row _builder_version=\"4.27.4\u2032\u2032 _module_preset=\"default\" global_colors_info=\"{}\"][et_pb_column type=\"4_4\u2032\u2032 _builder_version=\"4.27.4\u2032\u2032 _module_preset=\"default\" global_colors_info=\"{}\"][et_pb_divider color=\"#003556\u2032\u2032 _builder_version=\"4.27.4\u2032\u2032 _module_preset=\"default\" global_colors_info=\"{}\"][\/et_pb_divider][\/et_pb_column][\/et_pb_row][et_pb_row column_structure=\"1_2,1_2\u2032 _builder_version=\"4.27.4\u2032\u2032 _module_preset=\"default\" global_colors_info=\"{}\"][et_pb_column type=\"1_2\u2032\u2032 _builder_version=\"4.27.4\u2032\u2032 _module_preset=\"default\" global_colors_info=\"{}\"][et_pb_heading title=\"Euroguidance European Conference\" _builder_version=\"4.27.4\u2032 _module_preset=\"default\" title_text_color\"=\"color\"#000000\u2032\u2032 custom_margin=\"77px \u2047 false \u2047 false\" global_colors_info=\"{}\"][\/et_pb_heading][et_pb_text _builder_version=\"4.27.4\u2032\u2032 _module_preset=\"default\" text_text_color=\"#000000\u2032\u2032 text_font_size=\"16px\" global_colors_info=\"{}\"]<\/p>\n<p><b><span data-contrast=\"auto\">Opretholdelse af vejledningen inden for Unionen af f\u00e6rdigheder<\/span><\/b><span data-contrast=\"auto\">\u00a0fandt sted i Riga, Letland, i november 2025.\u00a0<\/span><span data-ccp-props=\"{}\">\u00a0<\/span><\/p>\n<p>[\/et_pb_text][\/et_pb_column][et_pb_column type=\"1_2\u2032\u2032 _builder_version=\"4.27.4\u2032\u2032 _module_preset=\"default\" global_colors_info=\"{}\"][et_pb_image src=\"https:\/\/euroguidance.ie\/wp-content\/uploads\/2026\/01\/Untitled-design-21-1.png\" title_text=\"Untitled design (21)\" align=\"center\" _builder_version=\"4.27.4\u2032\u2032 _module_preset=\"default\" width=\"56%\" custom_margin=\"49px \u2047 false \u2047 false\" animation_style=\"zoom\" global_colors_info=\"{}\"][\/et_pb_image][\/et_pb_column][\/et_pb_row][et_pb_row _builder_version=\"4.27.4\u2032\u2032 _module_preset=\"default\" global_colors_info=\"{}\"][et_pb_column type=\"4_4\u2032\u2032 _builder_version=\"4.27.4\u2032\u2032 _module_preset=\"default\" global_colors_info=\"{}\"][et_pb_divider color=\"#003556\u2032\u2032 _builder_version=\"4.27.4\u2032\u2032 _module_preset=\"default\" global_colors_info=\"{}\"][\/et_pb_divider][\/et_pb_column][\/et_pb_row][\/et_pb_section][et_pb_section fb_built=\"1\u2032 admin_label=\"Footer\" _builder_version=\"4.27.4\u2032\u2032 _module_preset=\"f1c4f717-2356-4e3f-ac1b-1e293a6cc08a\" min_height=\"269.3px\" height=\"357px\" custom_tabs=all\"-13px \u2047 0px \u2047 lse \u2047 false\" custom_padding=\"0px \u2047 false \u2047 false\" global_#FFFFFF\" custom_margin=\" \u2047 -20px \u2047 \" global_colors_info=\"{}\"][\/et_pb_heading][et_pb_wpt_gravityform gravityform_id=\"gf-2\u2032\u2032 title=\"off\" description=\"off\" ajax=\"on\" _builder_version=\"4.27.4\u2032\u2032 _module_preset=\"default\" transform_scale=\"94%|94%\" global_colors_info=\"{}\"][\/et_pb_wpt_gravityform][\/et_pb_column][et_pb_column type=\"1_3\u2032\u2032 _builder_version=\"4.25.1\u2032\u2032 _module_preset=\"default\" global_colors_info=\"{}\"][et_pb_heading title=\"Quick Links\" _builder_version=\"4.27.4\u2032\u2032 _module_preset=\"95956592-a1b1-43fb-aa7b-d69d7b858e52\u2032\u2032 title_font=\"Verdana \u2047 \" title_text_color=\"#FFFFFF's positionering=\"none\" custom_margin=\" \u2047 10px \u2047 46px \u2047 false \u2047 false\" custom_padding=\" \u2047 55px \u2047 \" locked=\"off\" global_colors_info=\"{}\"][\/et_pb_heading][et_pb_text _builder_version=\"4.27.4\u2032\u2032 _module_preset=\"01dbb295-3347-4b31-936e-cb09b186d00f\" text_font=\"Verdana \u2047 \" custom_margin=\" \u2047 8px \u2047 53px \u2047 false \u2047 false\" custom_padding=\" \u2047 75px \u2047 48px \u2047 \" link_option_url=\"https:\/\/euroguidance.ie\/en\/about\/\"]<\/p>\n<p>Euroguidance<\/p>\n<p>[\/et_pb_text][et_pb_text _builder_version=\"4.27.4\u2032\u2032 _module_preset=\"01dbb295-3347-4b31-936e-cb09b186d00f\" text_font=\"Verdana \u2047 \" custom_margin=\" \u2047 8px \u2047 50px \u2047 false \u2047 false\" custom_padding=\" \u2047 50px \u2047 \" link_option_url=\"https:\/\/euroguidance.ie\/en\/ressources\/\"]<\/p>\n<p>Ressourcer<\/p>\n<p>[\/et_pb_text][et_pb_text _builder_version=\"4.27.4\u2032\u2032 _module_preset=\"01dbb295-3347-4b31-936e-cb09b186d00f\" text_font=\"Verdana \u2047 \" custom_margin=\" \u2047 8px \u2047 49px \u2047 false \u2047 false\" custom_padding=\" \u2047 51px \u2047 \" link_option_url=\"https:\/\/euroguidance.ie\/en\/contact-us\/\"]<\/p>\n<p>Kontaktoplysninger<\/p>\n<p>[\/et_pb_text][et_pb_text _builder_version=\"4.27.4\u2032\u2032 _module_preset=\"01dbb295-3347-4b31-936e-cb09b186d00f\" text_font=\"Verdana \u2047 \" custom_margin=\" \u2047 8px \u2047 51px \u2047 false \u2047 false\" custom_padding=\" \u2047 49px \u2047 \" link_option_url=\"https:\/\/euroguidance.ie\/privacy-statement\/\"]<\/p>\n<p>Fortrolighedspolitik<\/p>\n<p>[\/et_pb_text][\/et_pb_column][et_pb_column type=\"1_3\u2032\u2032 _builder_version=\"4.25.1\u2032\u2032 _module_preset=\"default\" global_colors_info=\"{}\"][et_pb_image src=\"https:\/\/euroguidance.ie\/wp-content\/uploads\/2026\/01\/EN_Co-Funded_by_the_EU_PANTONE-scaled.png\"=\"Co-Funded by European Union\" title_text=\"EN_Co-Funded_by_the_EU_PANTONE\" align=\"center\" _builder_version=\"4.27.4\u2032\u2032 _module_preset=\"default\" global_colors_info=\"{}][\/et_pbb_image][\/et_pet_column][\/et_pet_browbection]<\/p>","protected":false},"excerpt":{"rendered":"<p>Euroguidance-netv\u00e6rksm\u00f8der samler vejledningskolleger fra forskellige europ\u00e6iske lande. M\u00f8derne giver folk mulighed for at udveksle id\u00e9er, erfaringer og god praksis inden for vejledning, uddannelse og karriereudvikling. M\u00f8derne hj\u00e6lper landene med at l\u00e6re af hinanden og arbejde sammen om f\u00e6lles udfordringer, s\u00e5som st\u00f8tte til l\u00e6rende, forbedring af vejledningstjenester og fremme af mobilitet p\u00e5 tv\u00e6rs af [...]<\/p>","protected":false},"author":9,"featured_media":0,"parent":0,"menu_order":0,"comment_status":"closed","ping_status":"closed","template":"","meta":{"_et_pb_use_builder":"on","_et_pb_old_content":"<!-- wp:divi\/placeholder \/-->","_et_gb_content_width":"","footnotes":""},"class_list":["post-1205","page","type-page","status-publish","hentry"],"_links":{"self":[{"href":"https:\/\/euroguidance.ie\/da\/wp-json\/wp\/v2\/pages\/1205","targetHints":{"allow":["GET"]}}],"collection":[{"href":"https:\/\/euroguidance.ie\/da\/wp-json\/wp\/v2\/pages"}],"about":[{"href":"https:\/\/euroguidance.ie\/da\/wp-json\/wp\/v2\/types\/page"}],"author":[{"embeddable":true,"href":"https:\/\/euroguidance.ie\/da\/wp-json\/wp\/v2\/users\/9"}],"replies":[{"embeddable":true,"href":"https:\/\/euroguidance.ie\/da\/wp-json\/wp\/v2\/comments?post=1205"}],"version-history":[{"count":10,"href":"https:\/\/euroguidance.ie\/da\/wp-json\/wp\/v2\/pages\/1205\/revisions"}],"predecessor-version":[{"id":1374,"href":"https:\/\/euroguidance.ie\/da\/wp-json\/wp\/v2\/pages\/1205\/revisions\/1374"}],"wp:attachment":[{"href":"https:\/\/euroguidance.ie\/da\/wp-json\/wp\/v2\/media?parent=1205"}],"curies":[{"name":"wp","href":"https:\/\/api.w.org\/{rel}","templated":true}]}}